{"id":9237,"date":"2021-10-21T08:28:03","date_gmt":"2021-10-21T08:28:03","guid":{"rendered":"https:\/\/interpolavukati.com\/about-us\/"},"modified":"2025-06-24T12:42:07","modified_gmt":"2025-06-24T12:42:07","slug":"about-us","status":"publish","type":"page","link":"https:\/\/interpolavukati.com\/en\/about-us\/","title":{"rendered":"About Us"},"content":{"rendered":"\t\t<div data-elementor-type=\"wp-page\" data-elementor-id=\"9237\" class=\"elementor elementor-9237 elementor-1255\" data-elementor-post-type=\"page\">\n\t\t\t\t        <section class=\"elementor-section elementor-top-section elementor-element elementor-element-f717544 elementor-section-boxed elementor-section-height-default elementor-section-height-default kng-section-overflow-hidden-no kng-boxed-bg-false kng-section-boxed-divider-false\" data-id=\"f717544\" data-element_type=\"section\">\n                                             \n            <div class=\"elementor-container elementor-column-gap-default \">\n                    <div class=\"elementor-column elementor-col-50 elementor-top-column elementor-element elementor-element-05a840d kng-column-element-default\" data-id=\"05a840d\" data-element_type=\"column\">\n                        <div class=\"elementor-widget-wrap elementor-element-populated\">\n                     \n            \n         \n        \t\t<div class=\"elementor-element elementor-element-dedce05 animated-slow elementor-invisible elementor-widget elementor-widget-image\" data-id=\"dedce05\" data-element_type=\"widget\" data-settings=\"{&quot;_animation&quot;:&quot;fadeInLeft&quot;}\" data-widget_type=\"image.default\">\n\t\t\t\t<div class=\"elementor-widget-container\">\n\t\t\t\t\t\t\t\t\t\t\t\t\t\t\t<img fetchpriority=\"high\" decoding=\"async\" width=\"2560\" height=\"1707\" src=\"https:\/\/interpolavukati.com\/wp-content\/uploads\/2025\/05\/hakkimizda-img-1-scaled.jpg\" class=\"attachment-full size-full wp-image-9143\" alt=\"\" srcset=\"https:\/\/interpolavukati.com\/wp-content\/uploads\/2025\/05\/hakkimizda-img-1-scaled.jpg 2560w, https:\/\/interpolavukati.com\/wp-content\/uploads\/2025\/05\/hakkimizda-img-1-1536x1024.jpg 1536w, https:\/\/interpolavukati.com\/wp-content\/uploads\/2025\/05\/hakkimizda-img-1-2048x1365.jpg 2048w, https:\/\/interpolavukati.com\/wp-content\/uploads\/2025\/05\/hakkimizda-img-1-1065x710.jpg 1065w\" sizes=\"(max-width: 2560px) 100vw, 2560px\" \/>\t\t\t\t\t\t\t\t\t\t\t\t\t\t\t<\/div>\n\t\t\t\t<\/div>\n\t\t\t\t\t<\/div>\n\t\t<\/div>\n\t\t        <div class=\"elementor-column elementor-col-50 elementor-top-column elementor-element elementor-element-5c4b5b0 kng-column-element-default\" data-id=\"5c4b5b0\" data-element_type=\"column\">\n                        <div class=\"elementor-widget-wrap elementor-element-populated\">\n                     \n            \n         \n        \t\t<div class=\"elementor-element elementor-element-b19bc86 kng-heading-layout-2 elementor-widget elementor-widget-kng_heading\" data-id=\"b19bc86\" data-element_type=\"widget\" data-widget_type=\"kng_heading.default\">\n\t\t\t\t<div class=\"elementor-widget-container\">\n\t\t\t\t\t<div class=\"kng-heading-wrap \">\n        <h2 class=\"item-title\">\n        <span>Hakk\u0131m\u0131zda<\/span>    <\/h2>\n<\/div>\n\n\t\t\t\t<\/div>\n\t\t\t\t<\/div>\n\t\t\t\t<div class=\"elementor-element elementor-element-012553d elementor-widget elementor-widget-text-editor\" data-id=\"012553d\" data-element_type=\"widget\" data-widget_type=\"text-editor.default\">\n\t\t\t\t<div class=\"elementor-widget-container\">\n\t\t\t\t\t\t\t\t\t<p class=\"\" data-start=\"162\" data-end=\"488\"><strong data-start=\"162\" data-end=\"223\">As a law firm specialized in Interpol proceedings<\/strong>, we offer our clients effective and reliable legal support at the international level. We have in-depth experience in Interpol notifications, including red notices, cross-border extradition requests, international arrest warrants and criminal investigations. <\/p><p class=\"\" data-start=\"490\" data-end=\"819\">With our approach based on universal principles of law, <strong data-start=\"566\" data-end=\"631\">we work to defend your rights<\/strong> not only locally but also <strong data-start=\"566\" data-end=\"631\">internationally.<\/strong> We understand the legal, social and personal challenges faced by individuals facing an Interpol notification and develop a comprehensive strategy to manage the process in the most effective way.<\/p>\t\t\t\t\t\t\t\t<\/div>\n\t\t\t\t<\/div>\n\t\t\t\t<div class=\"elementor-element elementor-element-7d978a2 elementor-widget-divider--view-line elementor-widget elementor-widget-divider\" data-id=\"7d978a2\" data-element_type=\"widget\" data-widget_type=\"divider.default\">\n\t\t\t\t<div class=\"elementor-widget-container\">\n\t\t\t\t\t\t\t<div class=\"elementor-divider\">\n\t\t\t<span class=\"elementor-divider-separator\">\n\t\t\t\t\t\t<\/span>\n\t\t<\/div>\n\t\t\t\t\t\t<\/div>\n\t\t\t\t<\/div>\n\t\t\t\t\t<\/div>\n\t\t<\/div>\n\t\t            <\/div>\n        <\/section>\n                <section class=\"elementor-section elementor-top-section elementor-element elementor-element-0ac8ef0 elementor-section-boxed elementor-section-height-default elementor-section-height-default kng-section-overflow-hidden-no kng-boxed-bg-false kng-section-boxed-divider-false\" data-id=\"0ac8ef0\" data-element_type=\"section\">\n                                             \n            <div class=\"elementor-container elementor-column-gap-default \">\n                    <div class=\"elementor-column elementor-col-50 elementor-top-column elementor-element elementor-element-74d1dc7 kng-column-element-default\" data-id=\"74d1dc7\" data-element_type=\"column\">\n                        <div class=\"elementor-widget-wrap elementor-element-populated\">\n                     \n            \n         \n        \t\t<div class=\"elementor-element elementor-element-d9736ed elementor-widget elementor-widget-text-editor\" data-id=\"d9736ed\" data-element_type=\"widget\" data-widget_type=\"text-editor.default\">\n\t\t\t\t<div class=\"elementor-widget-container\">\n\t\t\t\t\t\t\t\t\t<p class=\"\" data-start=\"821\" data-end=\"1182\">Our legal services are guided by the principles of client confidentiality and professionalism. We examine each file meticulously and <strong data-start=\"952\" data-end=\"1032\">offer the most appropriate solutions within the framework of international legal norms.<\/strong> We pursue the legal struggle at the highest level within the framework of the European Convention on Human Rights, United Nations regulations and domestic legislation. <\/p><p class=\"\" data-start=\"1184\" data-end=\"1452\">As <strong data-start=\"1184\" data-end=\"1204\">an Interpol Lawyer<\/strong>, we are not only a legal advisor, but also a partner in this challenging process. Our goal is to protect our clients&#8217; right to a fair trial and to secure their reputation internationally. <\/p>\t\t\t\t\t\t\t\t<\/div>\n\t\t\t\t<\/div>\n\t\t\t\t<div class=\"elementor-element elementor-element-58c9c03 elementor-widget-divider--view-line elementor-widget elementor-widget-divider\" data-id=\"58c9c03\" data-element_type=\"widget\" data-widget_type=\"divider.default\">\n\t\t\t\t<div class=\"elementor-widget-container\">\n\t\t\t\t\t\t\t<div class=\"elementor-divider\">\n\t\t\t<span class=\"elementor-divider-separator\">\n\t\t\t\t\t\t<\/span>\n\t\t<\/div>\n\t\t\t\t\t\t<\/div>\n\t\t\t\t<\/div>\n\t\t\t\t\t<\/div>\n\t\t<\/div>\n\t\t        <div class=\"elementor-column elementor-col-50 elementor-top-column elementor-element elementor-element-609da93 kng-column-element-default\" data-id=\"609da93\" data-element_type=\"column\">\n                        <div class=\"elementor-widget-wrap elementor-element-populated\">\n                     \n            \n         \n        \t\t<div class=\"elementor-element elementor-element-6d1347d animated-slow elementor-invisible elementor-widget elementor-widget-image\" data-id=\"6d1347d\" data-element_type=\"widget\" data-settings=\"{&quot;_animation&quot;:&quot;fadeInLeft&quot;}\" data-widget_type=\"image.default\">\n\t\t\t\t<div class=\"elementor-widget-container\">\n\t\t\t\t\t\t\t\t\t\t\t\t\t\t\t<img decoding=\"async\" width=\"1100\" height=\"700\" src=\"https:\/\/interpolavukati.com\/wp-content\/uploads\/2025\/05\/oner-hukuk-bakirkoy-avukat-icra.png\" class=\"attachment-full size-full wp-image-9133\" alt=\"\" \/>\t\t\t\t\t\t\t\t\t\t\t\t\t\t\t<\/div>\n\t\t\t\t<\/div>\n\t\t\t\t\t<\/div>\n\t\t<\/div>\n\t\t            <\/div>\n        <\/section>\n        \t\t<\/div>\n\t\t","protected":false},"excerpt":{"rendered":"<p>Hakk\u0131m\u0131zda As a law firm specialized in Interpol proceedings, we offer our clients effective and reliable legal support at the international level. We have in-depth experience in Interpol notifications, including red notices, cross-border extradition requests, international arrest warrants and criminal investigations. With our approach based on universal principles of law, we work to defend your [&hellip;]<\/p>\n","protected":false},"author":1,"featured_media":0,"parent":0,"menu_order":0,"comment_status":"closed","ping_status":"closed","template":"","meta":{"footnotes":""},"class_list":["post-9237","page","type-page","status-publish","hentry","kng-no-post-thumbnail"],"yoast_head":"<!-- This site is optimized with the Yoast SEO plugin v25.1 - https:\/\/yoast.com\/wordpress\/plugins\/seo\/ -->\n<title>About Us - \u0130nterpol Avukat\u0131<\/title>\n<meta name=\"robots\" content=\"index, follow, max-snippet:-1, max-image-preview:large, max-video-preview:-1\" \/>\n<link rel=\"canonical\" href=\"https:\/\/interpolavukati.com\/en\/about-us\/\" \/>\n<meta property=\"og:locale\" content=\"en_US\" \/>\n<meta property=\"og:type\" content=\"article\" \/>\n<meta property=\"og:title\" content=\"About Us - \u0130nterpol Avukat\u0131\" \/>\n<meta property=\"og:description\" content=\"Hakk\u0131m\u0131zda As a law firm specialized in Interpol proceedings, we offer our clients effective and reliable legal support at the international level. We have in-depth experience in Interpol notifications, including red notices, cross-border extradition requests, international arrest warrants and criminal investigations. With our approach based on universal principles of law, we work to defend your [&hellip;]\" \/>\n<meta property=\"og:url\" content=\"https:\/\/interpolavukati.com\/en\/about-us\/\" \/>\n<meta property=\"og:site_name\" content=\"\u0130nterpol Avukat\u0131\" \/>\n<meta property=\"article:modified_time\" content=\"2025-06-24T12:42:07+00:00\" \/>\n<meta property=\"og:image\" content=\"https:\/\/interpolavukati.com\/wp-content\/uploads\/2025\/05\/hakkimizda-img-1-scaled.jpg\" \/>\n<meta name=\"twitter:card\" content=\"summary_large_image\" \/>\n<meta name=\"twitter:label1\" content=\"Est. reading time\" \/>\n\t<meta name=\"twitter:data1\" content=\"2 minutes\" \/>\n<script type=\"application\/ld+json\" class=\"yoast-schema-graph\">{\"@context\":\"https:\/\/schema.org\",\"@graph\":[{\"@type\":\"WebPage\",\"@id\":\"https:\/\/interpolavukati.com\/en\/about-us\/\",\"url\":\"https:\/\/interpolavukati.com\/en\/about-us\/\",\"name\":\"About Us - \u0130nterpol Avukat\u0131\",\"isPartOf\":{\"@id\":\"https:\/\/interpolavukati.com\/#website\"},\"primaryImageOfPage\":{\"@id\":\"https:\/\/interpolavukati.com\/en\/about-us\/#primaryimage\"},\"image\":{\"@id\":\"https:\/\/interpolavukati.com\/en\/about-us\/#primaryimage\"},\"thumbnailUrl\":\"https:\/\/interpolavukati.com\/wp-content\/uploads\/2025\/05\/hakkimizda-img-1-scaled.jpg\",\"datePublished\":\"2021-10-21T08:28:03+00:00\",\"dateModified\":\"2025-06-24T12:42:07+00:00\",\"breadcrumb\":{\"@id\":\"https:\/\/interpolavukati.com\/en\/about-us\/#breadcrumb\"},\"inLanguage\":\"en-US\",\"potentialAction\":[{\"@type\":\"ReadAction\",\"target\":[\"https:\/\/interpolavukati.com\/en\/about-us\/\"]}]},{\"@type\":\"ImageObject\",\"inLanguage\":\"en-US\",\"@id\":\"https:\/\/interpolavukati.com\/en\/about-us\/#primaryimage\",\"url\":\"https:\/\/interpolavukati.com\/wp-content\/uploads\/2025\/05\/hakkimizda-img-1-scaled.jpg\",\"contentUrl\":\"https:\/\/interpolavukati.com\/wp-content\/uploads\/2025\/05\/hakkimizda-img-1-scaled.jpg\"},{\"@type\":\"BreadcrumbList\",\"@id\":\"https:\/\/interpolavukati.com\/en\/about-us\/#breadcrumb\",\"itemListElement\":[{\"@type\":\"ListItem\",\"position\":1,\"name\":\"Anasayfa\",\"item\":\"https:\/\/interpolavukati.com\/en\/\"},{\"@type\":\"ListItem\",\"position\":2,\"name\":\"About Us\"}]},{\"@type\":\"WebSite\",\"@id\":\"https:\/\/interpolavukati.com\/#website\",\"url\":\"https:\/\/interpolavukati.com\/\",\"name\":\"\u0130nterpol Avukat\u0131\",\"description\":\"\",\"publisher\":{\"@id\":\"https:\/\/interpolavukati.com\/#organization\"},\"potentialAction\":[{\"@type\":\"SearchAction\",\"target\":{\"@type\":\"EntryPoint\",\"urlTemplate\":\"https:\/\/interpolavukati.com\/?s={search_term_string}\"},\"query-input\":{\"@type\":\"PropertyValueSpecification\",\"valueRequired\":true,\"valueName\":\"search_term_string\"}}],\"inLanguage\":\"en-US\"},{\"@type\":\"Organization\",\"@id\":\"https:\/\/interpolavukati.com\/#organization\",\"name\":\"\u0130nterpol Avukat\u0131\",\"url\":\"https:\/\/interpolavukati.com\/\",\"logo\":{\"@type\":\"ImageObject\",\"inLanguage\":\"en-US\",\"@id\":\"https:\/\/interpolavukati.com\/#\/schema\/logo\/image\/\",\"url\":\"https:\/\/interpolavukati.com\/wp-content\/uploads\/2021\/11\/interpol-avukati-logo-renkli-scaled.png\",\"contentUrl\":\"https:\/\/interpolavukati.com\/wp-content\/uploads\/2021\/11\/interpol-avukati-logo-renkli-scaled.png\",\"width\":2560,\"height\":852,\"caption\":\"\u0130nterpol Avukat\u0131\"},\"image\":{\"@id\":\"https:\/\/interpolavukati.com\/#\/schema\/logo\/image\/\"}}]}<\/script>\n<!-- \/ Yoast SEO plugin. -->","yoast_head_json":{"title":"About Us - \u0130nterpol Avukat\u0131","robots":{"index":"index","follow":"follow","max-snippet":"max-snippet:-1","max-image-preview":"max-image-preview:large","max-video-preview":"max-video-preview:-1"},"canonical":"https:\/\/interpolavukati.com\/en\/about-us\/","og_locale":"en_US","og_type":"article","og_title":"About Us - \u0130nterpol Avukat\u0131","og_description":"Hakk\u0131m\u0131zda As a law firm specialized in Interpol proceedings, we offer our clients effective and reliable legal support at the international level. We have in-depth experience in Interpol notifications, including red notices, cross-border extradition requests, international arrest warrants and criminal investigations. With our approach based on universal principles of law, we work to defend your [&hellip;]","og_url":"https:\/\/interpolavukati.com\/en\/about-us\/","og_site_name":"\u0130nterpol Avukat\u0131","article_modified_time":"2025-06-24T12:42:07+00:00","og_image":[{"url":"https:\/\/interpolavukati.com\/wp-content\/uploads\/2025\/05\/hakkimizda-img-1-scaled.jpg","type":"","width":"","height":""}],"twitter_card":"summary_large_image","twitter_misc":{"Est. reading time":"2 minutes"},"schema":{"@context":"https:\/\/schema.org","@graph":[{"@type":"WebPage","@id":"https:\/\/interpolavukati.com\/en\/about-us\/","url":"https:\/\/interpolavukati.com\/en\/about-us\/","name":"About Us - \u0130nterpol Avukat\u0131","isPartOf":{"@id":"https:\/\/interpolavukati.com\/#website"},"primaryImageOfPage":{"@id":"https:\/\/interpolavukati.com\/en\/about-us\/#primaryimage"},"image":{"@id":"https:\/\/interpolavukati.com\/en\/about-us\/#primaryimage"},"thumbnailUrl":"https:\/\/interpolavukati.com\/wp-content\/uploads\/2025\/05\/hakkimizda-img-1-scaled.jpg","datePublished":"2021-10-21T08:28:03+00:00","dateModified":"2025-06-24T12:42:07+00:00","breadcrumb":{"@id":"https:\/\/interpolavukati.com\/en\/about-us\/#breadcrumb"},"inLanguage":"en-US","potentialAction":[{"@type":"ReadAction","target":["https:\/\/interpolavukati.com\/en\/about-us\/"]}]},{"@type":"ImageObject","inLanguage":"en-US","@id":"https:\/\/interpolavukati.com\/en\/about-us\/#primaryimage","url":"https:\/\/interpolavukati.com\/wp-content\/uploads\/2025\/05\/hakkimizda-img-1-scaled.jpg","contentUrl":"https:\/\/interpolavukati.com\/wp-content\/uploads\/2025\/05\/hakkimizda-img-1-scaled.jpg"},{"@type":"BreadcrumbList","@id":"https:\/\/interpolavukati.com\/en\/about-us\/#breadcrumb","itemListElement":[{"@type":"ListItem","position":1,"name":"Anasayfa","item":"https:\/\/interpolavukati.com\/en\/"},{"@type":"ListItem","position":2,"name":"About Us"}]},{"@type":"WebSite","@id":"https:\/\/interpolavukati.com\/#website","url":"https:\/\/interpolavukati.com\/","name":"\u0130nterpol Avukat\u0131","description":"","publisher":{"@id":"https:\/\/interpolavukati.com\/#organization"},"potentialAction":[{"@type":"SearchAction","target":{"@type":"EntryPoint","urlTemplate":"https:\/\/interpolavukati.com\/?s={search_term_string}"},"query-input":{"@type":"PropertyValueSpecification","valueRequired":true,"valueName":"search_term_string"}}],"inLanguage":"en-US"},{"@type":"Organization","@id":"https:\/\/interpolavukati.com\/#organization","name":"\u0130nterpol Avukat\u0131","url":"https:\/\/interpolavukati.com\/","logo":{"@type":"ImageObject","inLanguage":"en-US","@id":"https:\/\/interpolavukati.com\/#\/schema\/logo\/image\/","url":"https:\/\/interpolavukati.com\/wp-content\/uploads\/2021\/11\/interpol-avukati-logo-renkli-scaled.png","contentUrl":"https:\/\/interpolavukati.com\/wp-content\/uploads\/2021\/11\/interpol-avukati-logo-renkli-scaled.png","width":2560,"height":852,"caption":"\u0130nterpol Avukat\u0131"},"image":{"@id":"https:\/\/interpolavukati.com\/#\/schema\/logo\/image\/"}}]}},"_links":{"self":[{"href":"https:\/\/interpolavukati.com\/en\/wp-json\/wp\/v2\/pages\/9237","targetHints":{"allow":["GET"]}}],"collection":[{"href":"https:\/\/interpolavukati.com\/en\/wp-json\/wp\/v2\/pages"}],"about":[{"href":"https:\/\/interpolavukati.com\/en\/wp-json\/wp\/v2\/types\/page"}],"author":[{"embeddable":true,"href":"https:\/\/interpolavukati.com\/en\/wp-json\/wp\/v2\/users\/1"}],"replies":[{"embeddable":true,"href":"https:\/\/interpolavukati.com\/en\/wp-json\/wp\/v2\/comments?post=9237"}],"version-history":[{"count":5,"href":"https:\/\/interpolavukati.com\/en\/wp-json\/wp\/v2\/pages\/9237\/revisions"}],"predecessor-version":[{"id":10009,"href":"https:\/\/interpolavukati.com\/en\/wp-json\/wp\/v2\/pages\/9237\/revisions\/10009"}],"wp:attachment":[{"href":"https:\/\/interpolavukati.com\/en\/wp-json\/wp\/v2\/media?parent=9237"}],"curies":[{"name":"wp","href":"https:\/\/api.w.org\/{rel}","templated":true}]}}