{"id":9592,"date":"2025-05-16T11:09:05","date_gmt":"2025-05-16T11:09:05","guid":{"rendered":"https:\/\/interpolavukati.com\/green-notification\/"},"modified":"2025-06-24T12:52:16","modified_gmt":"2025-06-24T12:52:16","slug":"green-notification","status":"publish","type":"page","link":"https:\/\/interpolavukati.com\/en\/green-notification\/","title":{"rendered":"Green Notification"},"content":{"rendered":"\t\t<div data-elementor-type=\"wp-page\" data-elementor-id=\"9592\" class=\"elementor elementor-9592 elementor-7783\" data-elementor-post-type=\"page\">\n\t\t\t\t        <section class=\"elementor-section elementor-top-section elementor-element elementor-element-5455c7f elementor-section-boxed elementor-section-height-default elementor-section-height-default kng-section-overflow-hidden-no kng-boxed-bg-false kng-section-boxed-divider-false\" data-id=\"5455c7f\" data-element_type=\"section\">\n                                             \n            <div class=\"elementor-container elementor-column-gap-default \">\n                    <div class=\"elementor-column elementor-col-50 elementor-top-column elementor-element elementor-element-187e5e9 kng-column-element-default\" data-id=\"187e5e9\" data-element_type=\"column\">\n                        <div class=\"elementor-widget-wrap elementor-element-populated\">\n                     \n            \n         \n        \t\t<div class=\"elementor-element elementor-element-6c9e08a elementor-widget elementor-widget-text-editor\" data-id=\"6c9e08a\" data-element_type=\"widget\" data-widget_type=\"text-editor.default\">\n\t\t\t\t<div class=\"elementor-widget-container\">\n\t\t\t\t\t\t\t\t\t<p><\/p>\n<p>A Green Notice is a special type of notice issued by Interpol and used to collect information on crime. Interpol, in cooperation with police agencies around the world, aims to monitor and collect information on the activities of criminals or persons linked to crime. Green Notifications are often used to track persons linked to crime. However, these notifications do not constitute a direct request for an arrest; instead, they encourage the sharing of information between the police in order to gather information on crime and to ensure that criminals are apprehended.   <\/p>\n<p><\/p>\n<h2 class=\"wp-block-heading\"><strong>What is Green Notification?<br><br><\/strong><\/h2>\n<p><\/p>\n<p>A Green Notice is a call issued by Interpol to gather information about a crime. It is used to initiate an investigation into whether a person is linked to a crime. The Green Notice is commonly used when there is no certainty about the identity of the offender, but there are suspicions about the person. This notification calls on security forces around the world to gather more information on criminals or suspects.   <\/p>\n<p><\/p>\n<p>The Green Notice is issued to persons who have not been convicted of a criminal offense or who are not directly implicated in the offense, but who are considered to be linked to the offense. It is often used to pursue suspects or criminals and to collect crime-related information. The main purpose of the Green Notice is to enable the sharing of information between countries in order to catch criminals and people linked to crime and to obtain more information on crime.  <\/p>\n<p><\/p>\n<h2 class=\"wp-block-heading\"><strong>Situations where the Green Declaration is used<\/strong><\/h2>\n<p><\/p>\n<p>The Green Notice is used in certain circumstances. This notice is usually issued for the purpose of gathering crime-related information. The main situations in which the Green Notice is used are:  <\/p>\n<p><\/p>\n<ul class=\"wp-block-list\">\n<li><strong>Collecting Criminals&#8217; Identity Information:<\/strong><br>The Green Notice is used when there is no certainty about a person&#8217;s identity but there are suspicions that they are linked to a crime. This notice is issued in order to find out the identity of the offender and to investigate whether they are linked to the crime. For example, if a person is linked to a group or organization that is thought to be associated with crime, the Green Notice can be used to gather further information.  <\/li>\n\n<li><strong>TrackingCriminals:<\/strong><br>The Green Notice can be used to enable the tracking of criminals. A Green Notice can be issued to track criminals internationally, to locate persons suspected of being linked to a specific crime. This notification aims to establish whether the offender is present abroad.  <\/li>\n\n<li><strong>Investigating Suspects:<\/strong><br>The Green Notice can also be used to investigate suspects&#8217; links to crime. A person may not be charged with a crime, but if there are suspicions and the person is linked to the crime, this can be used to start the process of gathering more information. This can be an effective way to contribute to solving crimes.  <\/li>\n\n<li><strong>Collecting Information on International Crimes<\/strong>:<br>The Green Notice is an important tool, especially for transnational crimes. In the case of international crimes such as human trafficking, drug trafficking, terrorism and organized crime, this notice can be issued to gather more information on suspects linked to the crime. <\/li>\n<\/ul>\n<p><\/p>\n<h2 class=\"wp-block-heading\"><strong>The Role of the Green Declaration in the Legal Process<\/strong><\/h2>\n<p><\/p>\n<p>The Green Notice does not directly call for an arrest. It is only used to gather information about the crime. The Green Notice aims to enable the sharing of information between Interpol member states worldwide. The main purpose of this notification is to investigate whether a person is linked to a crime and to gather further information. The arrest or detention of a person depends on the national legal system and the country&#8217;s legal procedures.    <\/p>\n<p><\/p>\n<p>The publication of the Green Notice can facilitate the prosecution of offenders at the national level. However, this notification is for information gathering purposes only and does not directly lead to arrest warrants. National law enforcement authorities will evaluate the information obtained through this notification in accordance with their own legal systems. The Green Notice is important to ensure cooperation between Interpol member states. However, each country evaluates the Green Notice within the framework of its own legal system and acts accordingly.    <\/p>\n<p><\/p>\n<h2 class=\"wp-block-heading\"><strong>Defense Methods Against Green Notification<\/strong><\/h2>\n<p><\/p>\n<p>A Green Notice is issued for the purpose of gathering information about a crime, but can sometimes be wrongly issued against a person. In defending against a Green Notice, a person may have recourse to various legal remedies. Defenses to a Green Notice may include:  <\/p>\n<p><\/p>\n<ul class=\"wp-block-list\">\n<li><strong>Inaccuracy and Error Defense:<\/strong><br>The Green Notice may sometimes have been published based on inaccurate information. A person can request that the Green Notice be invalidated by proving that they are not connected to the offense or that the suspicions are invalid. Lack of evidence or erroneous information can provide a strong basis for a defense.  <\/li>\n\n<li><strong>Su\u00e7suzluk \u0130ddias\u0131:<\/strong><br>Ye\u015fil Bildirim, su\u00e7la ba\u011flant\u0131s\u0131 olan \u015f\u00fcpheliler i\u00e7in yay\u0131mlan\u0131r, ancak ki\u015fi su\u00e7suzsa, bu durumu kan\u0131tlamakpossible. Evidence can be presented to show that the person had no involvement in the crime and was only falsely associated with the crime. <\/li>\n\n<li><strong> Violation of the Right toa Fair Trial Defense<\/strong>:<br>A person may claim that their right to a fair trial has been violated in cases where they are considered to be connected to a crime but the charges are invalid. If a person has experienced unfairness during the proceedings, this can be raised as a defense. <\/li>\n<\/ul>\n<p><\/p>\n<p>The Green Notice is a tool issued by Interpol for the tracking of persons linked to crime and for the collection of information. This notification is of great importance to ensure the apprehension of criminals and to learn more about the crime. However, Green Notices made in error may violate the rights of individuals. In this case, it is possible to mount a defense and prove invalidity. Defenses such as a person&#8217;s innocence, the right to a fair trial and human rights violations can help to get a Green Notice lifted. If a Green Notice has been issued against a person and they are innocent, legal rights can be defended by taking the right legal steps.     <\/p>\n<p><\/p>\n<p><\/p>\t\t\t\t\t\t\t\t<\/div>\n\t\t\t\t<\/div>\n\t\t\t\t\t<\/div>\n\t\t<\/div>\n\t\t        <div class=\"elementor-column elementor-col-50 elementor-top-column elementor-element elementor-element-d92cb1b kng-column-element-default\" data-id=\"d92cb1b\" data-element_type=\"column\">\n                        <div class=\"elementor-widget-wrap elementor-element-populated\">\n                     \n            \n         \n        \t\t<div class=\"elementor-element elementor-element-9cb176a elementor-nav-menu--dropdown-none elementor-widget elementor-widget-nav-menu\" data-id=\"9cb176a\" data-element_type=\"widget\" data-settings=\"{&quot;layout&quot;:&quot;vertical&quot;,&quot;sticky&quot;:&quot;top&quot;,&quot;sticky_on&quot;:[&quot;widescreen&quot;,&quot;desktop&quot;,&quot;laptop&quot;],&quot;sticky_offset&quot;:80,&quot;sticky_parent&quot;:&quot;yes&quot;,&quot;submenu_icon&quot;:{&quot;value&quot;:&quot;&lt;svg class=\\&quot;e-font-icon-svg e-fas-caret-down\\&quot; viewBox=\\&quot;0 0 320 512\\&quot; xmlns=\\&quot;http:\\\/\\\/www.w3.org\\\/2000\\\/svg\\&quot;&gt;&lt;path d=\\&quot;M31.3 192h257.3c17.8 0 26.7 21.5 14.1 34.1L174.1 354.8c-7.8 7.8-20.5 7.8-28.3 0L17.2 226.1C4.6 213.5 13.5 192 31.3 192z\\&quot;&gt;&lt;\\\/path&gt;&lt;\\\/svg&gt;&quot;,&quot;library&quot;:&quot;fa-solid&quot;},&quot;sticky_effects_offset&quot;:0,&quot;sticky_anchor_link_offset&quot;:0}\" data-widget_type=\"nav-menu.default\">\n\t\t\t\t<div class=\"elementor-widget-container\">\n\t\t\t\t\t\t\t\t<nav aria-label=\"Menu\" class=\"elementor-nav-menu--main elementor-nav-menu__container elementor-nav-menu--layout-vertical e--pointer-underline e--animation-fade\">\n\t\t\t\t<ul id=\"menu-1-9cb176a\" class=\"elementor-nav-menu sm-vertical\"><li class=\"menu-item menu-item-type-post_type menu-item-object-page menu-item-9911\"><a href=\"https:\/\/interpolavukati.com\/en\/interpol-red-notice-lifting-lawyer\/\" class=\"elementor-item\">Interpol Red Notice Lifting Lawyer<\/a><\/li>\n<li class=\"menu-item menu-item-type-post_type menu-item-object-page menu-item-9912\"><a href=\"https:\/\/interpolavukati.com\/en\/europol-defense\/\" class=\"elementor-item\">Europol Defense<\/a><\/li>\n<li class=\"menu-item menu-item-type-post_type menu-item-object-page menu-item-9913\"><a href=\"https:\/\/interpolavukati.com\/en\/interpol-notifications\/\" class=\"elementor-item\">Interpol Notifications<\/a><\/li>\n<li class=\"menu-item menu-item-type-post_type menu-item-object-page menu-item-9932\"><a href=\"https:\/\/interpolavukati.com\/en\/silver-notification\/\" class=\"elementor-item\">Silver Notification<\/a><\/li>\n<li class=\"menu-item menu-item-type-post_type menu-item-object-page menu-item-9933\"><a href=\"https:\/\/interpolavukati.com\/en\/interpol-un-special-notification\/\" class=\"elementor-item\">Interpol UN Special Notification<\/a><\/li>\n<li class=\"menu-item menu-item-type-post_type menu-item-object-page menu-item-9934\"><a href=\"https:\/\/interpolavukati.com\/en\/red-notification\/\" class=\"elementor-item\">Red Notification<\/a><\/li>\n<li class=\"menu-item menu-item-type-post_type menu-item-object-page menu-item-9935\"><a href=\"https:\/\/interpolavukati.com\/en\/blue-notification\/\" class=\"elementor-item\">Blue Notification<\/a><\/li>\n<li class=\"menu-item menu-item-type-post_type menu-item-object-page menu-item-9936\"><a href=\"https:\/\/interpolavukati.com\/en\/%d8%a5%d8%b4%d8%b9%d8%a7%d8%b1%d8%a8%d9%86%d9%81%d8%b3%d8%ac%d9%8a\/\" class=\"elementor-item\">Purple Notice<br><br><\/a><\/li>\n<li class=\"menu-item menu-item-type-post_type menu-item-object-page menu-item-9937\"><a href=\"https:\/\/interpolavukati.com\/en\/yellow-notice\/\" class=\"elementor-item\">Yellow Notice<\/a><\/li>\n<li class=\"menu-item menu-item-type-post_type menu-item-object-page menu-item-9938\"><a href=\"https:\/\/interpolavukati.com\/en\/black-notification\/\" class=\"elementor-item\">Black Notification<\/a><\/li>\n<li class=\"menu-item menu-item-type-post_type menu-item-object-page menu-item-9939\"><a href=\"https:\/\/interpolavukati.com\/en\/orange-notification\/\" class=\"elementor-item\">Orange Notification<\/a><\/li>\n<li class=\"menu-item menu-item-type-post_type menu-item-object-page menu-item-9940\"><a href=\"https:\/\/interpolavukati.com\/en\/green-notification\/\" class=\"elementor-item\">Green Notification<\/a><\/li>\n<\/ul>\t\t\t<\/nav>\n\t\t\t\t\t\t<nav class=\"elementor-nav-menu--dropdown elementor-nav-menu__container\" aria-hidden=\"true\">\n\t\t\t\t<ul id=\"menu-2-9cb176a\" class=\"elementor-nav-menu sm-vertical\"><li class=\"menu-item menu-item-type-post_type menu-item-object-page menu-item-9911\"><a href=\"https:\/\/interpolavukati.com\/en\/interpol-red-notice-lifting-lawyer\/\" class=\"elementor-item\" tabindex=\"-1\">Interpol Red Notice Lifting Lawyer<\/a><\/li>\n<li class=\"menu-item menu-item-type-post_type menu-item-object-page menu-item-9912\"><a href=\"https:\/\/interpolavukati.com\/en\/europol-defense\/\" class=\"elementor-item\" tabindex=\"-1\">Europol Defense<\/a><\/li>\n<li class=\"menu-item menu-item-type-post_type menu-item-object-page menu-item-9913\"><a href=\"https:\/\/interpolavukati.com\/en\/interpol-notifications\/\" class=\"elementor-item\" tabindex=\"-1\">Interpol Notifications<\/a><\/li>\n<li class=\"menu-item menu-item-type-post_type menu-item-object-page menu-item-9932\"><a href=\"https:\/\/interpolavukati.com\/en\/silver-notification\/\" class=\"elementor-item\" tabindex=\"-1\">Silver Notification<\/a><\/li>\n<li class=\"menu-item menu-item-type-post_type menu-item-object-page menu-item-9933\"><a href=\"https:\/\/interpolavukati.com\/en\/interpol-un-special-notification\/\" class=\"elementor-item\" tabindex=\"-1\">Interpol UN Special Notification<\/a><\/li>\n<li class=\"menu-item menu-item-type-post_type menu-item-object-page menu-item-9934\"><a href=\"https:\/\/interpolavukati.com\/en\/red-notification\/\" class=\"elementor-item\" tabindex=\"-1\">Red Notification<\/a><\/li>\n<li class=\"menu-item menu-item-type-post_type menu-item-object-page menu-item-9935\"><a href=\"https:\/\/interpolavukati.com\/en\/blue-notification\/\" class=\"elementor-item\" tabindex=\"-1\">Blue Notification<\/a><\/li>\n<li class=\"menu-item menu-item-type-post_type menu-item-object-page menu-item-9936\"><a href=\"https:\/\/interpolavukati.com\/en\/%d8%a5%d8%b4%d8%b9%d8%a7%d8%b1%d8%a8%d9%86%d9%81%d8%b3%d8%ac%d9%8a\/\" class=\"elementor-item\" tabindex=\"-1\">Purple Notice<br><br><\/a><\/li>\n<li class=\"menu-item menu-item-type-post_type menu-item-object-page menu-item-9937\"><a href=\"https:\/\/interpolavukati.com\/en\/yellow-notice\/\" class=\"elementor-item\" tabindex=\"-1\">Yellow Notice<\/a><\/li>\n<li class=\"menu-item menu-item-type-post_type menu-item-object-page menu-item-9938\"><a href=\"https:\/\/interpolavukati.com\/en\/black-notification\/\" class=\"elementor-item\" tabindex=\"-1\">Black Notification<\/a><\/li>\n<li class=\"menu-item menu-item-type-post_type menu-item-object-page menu-item-9939\"><a href=\"https:\/\/interpolavukati.com\/en\/orange-notification\/\" class=\"elementor-item\" tabindex=\"-1\">Orange Notification<\/a><\/li>\n<li class=\"menu-item menu-item-type-post_type menu-item-object-page menu-item-9940\"><a href=\"https:\/\/interpolavukati.com\/en\/green-notification\/\" class=\"elementor-item\" tabindex=\"-1\">Green Notification<\/a><\/li>\n<\/ul>\t\t\t<\/nav>\n\t\t\t\t\t\t<\/div>\n\t\t\t\t<\/div>\n\t\t\t\t\t<\/div>\n\t\t<\/div>\n\t\t            <\/div>\n        <\/section>\n        \t\t<\/div>\n\t\t","protected":false},"excerpt":{"rendered":"<p>A Green Notice is a special type of notice issued by Interpol and used to collect information on crime. Interpol, in cooperation with police agencies around the world, aims to monitor and collect information on the activities of criminals or persons linked to crime. Green Notifications are often used to track persons linked to crime. [&hellip;]<\/p>\n","protected":false},"author":1,"featured_media":0,"parent":0,"menu_order":0,"comment_status":"closed","ping_status":"closed","template":"","meta":{"footnotes":""},"class_list":["post-9592","page","type-page","status-publish","hentry","kng-no-post-thumbnail"],"yoast_head":"<!-- This site is optimized with the Yoast SEO plugin v25.1 - https:\/\/yoast.com\/wordpress\/plugins\/seo\/ -->\n<title>Green Notification - \u0130nterpol Avukat\u0131<\/title>\n<meta name=\"robots\" content=\"index, follow, max-snippet:-1, max-image-preview:large, max-video-preview:-1\" \/>\n<link rel=\"canonical\" href=\"https:\/\/interpolavukati.com\/en\/green-notification\/\" \/>\n<meta property=\"og:locale\" content=\"en_US\" \/>\n<meta property=\"og:type\" content=\"article\" \/>\n<meta property=\"og:title\" content=\"Green Notification - \u0130nterpol Avukat\u0131\" \/>\n<meta property=\"og:description\" content=\"A Green Notice is a special type of notice issued by Interpol and used to collect information on crime. Interpol, in cooperation with police agencies around the world, aims to monitor and collect information on the activities of criminals or persons linked to crime. Green Notifications are often used to track persons linked to crime. [&hellip;]\" \/>\n<meta property=\"og:url\" content=\"https:\/\/interpolavukati.com\/en\/green-notification\/\" \/>\n<meta property=\"og:site_name\" content=\"\u0130nterpol Avukat\u0131\" \/>\n<meta property=\"article:modified_time\" content=\"2025-06-24T12:52:16+00:00\" \/>\n<meta name=\"twitter:card\" content=\"summary_large_image\" \/>\n<meta name=\"twitter:label1\" content=\"Est. reading time\" \/>\n\t<meta name=\"twitter:data1\" content=\"5 minutes\" \/>\n<script type=\"application\/ld+json\" class=\"yoast-schema-graph\">{\"@context\":\"https:\/\/schema.org\",\"@graph\":[{\"@type\":\"WebPage\",\"@id\":\"https:\/\/interpolavukati.com\/en\/green-notification\/\",\"url\":\"https:\/\/interpolavukati.com\/en\/green-notification\/\",\"name\":\"Green Notification - \u0130nterpol Avukat\u0131\",\"isPartOf\":{\"@id\":\"https:\/\/interpolavukati.com\/#website\"},\"datePublished\":\"2025-05-16T11:09:05+00:00\",\"dateModified\":\"2025-06-24T12:52:16+00:00\",\"breadcrumb\":{\"@id\":\"https:\/\/interpolavukati.com\/en\/green-notification\/#breadcrumb\"},\"inLanguage\":\"en-US\",\"potentialAction\":[{\"@type\":\"ReadAction\",\"target\":[\"https:\/\/interpolavukati.com\/en\/green-notification\/\"]}]},{\"@type\":\"BreadcrumbList\",\"@id\":\"https:\/\/interpolavukati.com\/en\/green-notification\/#breadcrumb\",\"itemListElement\":[{\"@type\":\"ListItem\",\"position\":1,\"name\":\"Anasayfa\",\"item\":\"https:\/\/interpolavukati.com\/en\/\"},{\"@type\":\"ListItem\",\"position\":2,\"name\":\"Green Notification\"}]},{\"@type\":\"WebSite\",\"@id\":\"https:\/\/interpolavukati.com\/#website\",\"url\":\"https:\/\/interpolavukati.com\/\",\"name\":\"\u0130nterpol Avukat\u0131\",\"description\":\"\",\"publisher\":{\"@id\":\"https:\/\/interpolavukati.com\/#organization\"},\"potentialAction\":[{\"@type\":\"SearchAction\",\"target\":{\"@type\":\"EntryPoint\",\"urlTemplate\":\"https:\/\/interpolavukati.com\/?s={search_term_string}\"},\"query-input\":{\"@type\":\"PropertyValueSpecification\",\"valueRequired\":true,\"valueName\":\"search_term_string\"}}],\"inLanguage\":\"en-US\"},{\"@type\":\"Organization\",\"@id\":\"https:\/\/interpolavukati.com\/#organization\",\"name\":\"\u0130nterpol Avukat\u0131\",\"url\":\"https:\/\/interpolavukati.com\/\",\"logo\":{\"@type\":\"ImageObject\",\"inLanguage\":\"en-US\",\"@id\":\"https:\/\/interpolavukati.com\/#\/schema\/logo\/image\/\",\"url\":\"https:\/\/interpolavukati.com\/wp-content\/uploads\/2021\/11\/interpol-avukati-logo-renkli-scaled.png\",\"contentUrl\":\"https:\/\/interpolavukati.com\/wp-content\/uploads\/2021\/11\/interpol-avukati-logo-renkli-scaled.png\",\"width\":2560,\"height\":852,\"caption\":\"\u0130nterpol Avukat\u0131\"},\"image\":{\"@id\":\"https:\/\/interpolavukati.com\/#\/schema\/logo\/image\/\"}}]}<\/script>\n<!-- \/ Yoast SEO plugin. -->","yoast_head_json":{"title":"Green Notification - \u0130nterpol Avukat\u0131","robots":{"index":"index","follow":"follow","max-snippet":"max-snippet:-1","max-image-preview":"max-image-preview:large","max-video-preview":"max-video-preview:-1"},"canonical":"https:\/\/interpolavukati.com\/en\/green-notification\/","og_locale":"en_US","og_type":"article","og_title":"Green Notification - \u0130nterpol Avukat\u0131","og_description":"A Green Notice is a special type of notice issued by Interpol and used to collect information on crime. Interpol, in cooperation with police agencies around the world, aims to monitor and collect information on the activities of criminals or persons linked to crime. Green Notifications are often used to track persons linked to crime. [&hellip;]","og_url":"https:\/\/interpolavukati.com\/en\/green-notification\/","og_site_name":"\u0130nterpol Avukat\u0131","article_modified_time":"2025-06-24T12:52:16+00:00","twitter_card":"summary_large_image","twitter_misc":{"Est. reading time":"5 minutes"},"schema":{"@context":"https:\/\/schema.org","@graph":[{"@type":"WebPage","@id":"https:\/\/interpolavukati.com\/en\/green-notification\/","url":"https:\/\/interpolavukati.com\/en\/green-notification\/","name":"Green Notification - \u0130nterpol Avukat\u0131","isPartOf":{"@id":"https:\/\/interpolavukati.com\/#website"},"datePublished":"2025-05-16T11:09:05+00:00","dateModified":"2025-06-24T12:52:16+00:00","breadcrumb":{"@id":"https:\/\/interpolavukati.com\/en\/green-notification\/#breadcrumb"},"inLanguage":"en-US","potentialAction":[{"@type":"ReadAction","target":["https:\/\/interpolavukati.com\/en\/green-notification\/"]}]},{"@type":"BreadcrumbList","@id":"https:\/\/interpolavukati.com\/en\/green-notification\/#breadcrumb","itemListElement":[{"@type":"ListItem","position":1,"name":"Anasayfa","item":"https:\/\/interpolavukati.com\/en\/"},{"@type":"ListItem","position":2,"name":"Green Notification"}]},{"@type":"WebSite","@id":"https:\/\/interpolavukati.com\/#website","url":"https:\/\/interpolavukati.com\/","name":"\u0130nterpol Avukat\u0131","description":"","publisher":{"@id":"https:\/\/interpolavukati.com\/#organization"},"potentialAction":[{"@type":"SearchAction","target":{"@type":"EntryPoint","urlTemplate":"https:\/\/interpolavukati.com\/?s={search_term_string}"},"query-input":{"@type":"PropertyValueSpecification","valueRequired":true,"valueName":"search_term_string"}}],"inLanguage":"en-US"},{"@type":"Organization","@id":"https:\/\/interpolavukati.com\/#organization","name":"\u0130nterpol Avukat\u0131","url":"https:\/\/interpolavukati.com\/","logo":{"@type":"ImageObject","inLanguage":"en-US","@id":"https:\/\/interpolavukati.com\/#\/schema\/logo\/image\/","url":"https:\/\/interpolavukati.com\/wp-content\/uploads\/2021\/11\/interpol-avukati-logo-renkli-scaled.png","contentUrl":"https:\/\/interpolavukati.com\/wp-content\/uploads\/2021\/11\/interpol-avukati-logo-renkli-scaled.png","width":2560,"height":852,"caption":"\u0130nterpol Avukat\u0131"},"image":{"@id":"https:\/\/interpolavukati.com\/#\/schema\/logo\/image\/"}}]}},"_links":{"self":[{"href":"https:\/\/interpolavukati.com\/en\/wp-json\/wp\/v2\/pages\/9592","targetHints":{"allow":["GET"]}}],"collection":[{"href":"https:\/\/interpolavukati.com\/en\/wp-json\/wp\/v2\/pages"}],"about":[{"href":"https:\/\/interpolavukati.com\/en\/wp-json\/wp\/v2\/types\/page"}],"author":[{"embeddable":true,"href":"https:\/\/interpolavukati.com\/en\/wp-json\/wp\/v2\/users\/1"}],"replies":[{"embeddable":true,"href":"https:\/\/interpolavukati.com\/en\/wp-json\/wp\/v2\/comments?post=9592"}],"version-history":[{"count":9,"href":"https:\/\/interpolavukati.com\/en\/wp-json\/wp\/v2\/pages\/9592\/revisions"}],"predecessor-version":[{"id":10451,"href":"https:\/\/interpolavukati.com\/en\/wp-json\/wp\/v2\/pages\/9592\/revisions\/10451"}],"wp:attachment":[{"href":"https:\/\/interpolavukati.com\/en\/wp-json\/wp\/v2\/media?parent=9592"}],"curies":[{"name":"wp","href":"https:\/\/api.w.org\/{rel}","templated":true}]}}