{"id":9245,"date":"2021-10-21T08:28:03","date_gmt":"2021-10-21T08:28:03","guid":{"rendered":"https:\/\/interpolavukati.com\/quienes-somos\/"},"modified":"2025-06-24T12:10:42","modified_gmt":"2025-06-24T12:10:42","slug":"quienes-somos","status":"publish","type":"page","link":"https:\/\/interpolavukati.com\/es\/quienes-somos\/","title":{"rendered":"Qui\u00e9nes somos"},"content":{"rendered":"\t\t<div data-elementor-type=\"wp-page\" data-elementor-id=\"9245\" class=\"elementor elementor-9245 elementor-1255\" data-elementor-post-type=\"page\">\n\t\t\t\t        <section class=\"elementor-section elementor-top-section elementor-element elementor-element-f717544 elementor-section-boxed elementor-section-height-default elementor-section-height-default kng-section-overflow-hidden-no kng-boxed-bg-false kng-section-boxed-divider-false\" data-id=\"f717544\" data-element_type=\"section\">\n                                             \n            <div class=\"elementor-container elementor-column-gap-default \">\n                    <div class=\"elementor-column elementor-col-50 elementor-top-column elementor-element elementor-element-05a840d kng-column-element-default\" data-id=\"05a840d\" data-element_type=\"column\">\n                        <div class=\"elementor-widget-wrap elementor-element-populated\">\n                     \n            \n         \n        \t\t<div class=\"elementor-element elementor-element-dedce05 animated-slow elementor-invisible elementor-widget elementor-widget-image\" data-id=\"dedce05\" data-element_type=\"widget\" data-settings=\"{&quot;_animation&quot;:&quot;fadeInLeft&quot;}\" data-widget_type=\"image.default\">\n\t\t\t\t<div class=\"elementor-widget-container\">\n\t\t\t\t\t\t\t\t\t\t\t\t\t\t\t<img fetchpriority=\"high\" decoding=\"async\" width=\"2560\" height=\"1707\" src=\"https:\/\/interpolavukati.com\/wp-content\/uploads\/2025\/05\/hakkimizda-img-1-scaled.jpg\" class=\"attachment-full size-full wp-image-9146\" alt=\"\" srcset=\"https:\/\/interpolavukati.com\/wp-content\/uploads\/2025\/05\/hakkimizda-img-1-scaled.jpg 2560w, https:\/\/interpolavukati.com\/wp-content\/uploads\/2025\/05\/hakkimizda-img-1-1536x1024.jpg 1536w, https:\/\/interpolavukati.com\/wp-content\/uploads\/2025\/05\/hakkimizda-img-1-2048x1365.jpg 2048w, https:\/\/interpolavukati.com\/wp-content\/uploads\/2025\/05\/hakkimizda-img-1-1065x710.jpg 1065w\" sizes=\"(max-width: 2560px) 100vw, 2560px\" \/>\t\t\t\t\t\t\t\t\t\t\t\t\t\t\t<\/div>\n\t\t\t\t<\/div>\n\t\t\t\t\t<\/div>\n\t\t<\/div>\n\t\t        <div class=\"elementor-column elementor-col-50 elementor-top-column elementor-element elementor-element-5c4b5b0 kng-column-element-default\" data-id=\"5c4b5b0\" data-element_type=\"column\">\n                        <div class=\"elementor-widget-wrap elementor-element-populated\">\n                     \n            \n         \n        \t\t<div class=\"elementor-element elementor-element-b19bc86 kng-heading-layout-2 elementor-widget elementor-widget-kng_heading\" data-id=\"b19bc86\" data-element_type=\"widget\" data-widget_type=\"kng_heading.default\">\n\t\t\t\t<div class=\"elementor-widget-container\">\n\t\t\t\t\t<div class=\"kng-heading-wrap \">\n        <h2 class=\"item-title\">\n        <span>Hakk\u0131m\u0131zda<\/span>    <\/h2>\n<\/div>\n\n\t\t\t\t<\/div>\n\t\t\t\t<\/div>\n\t\t\t\t<div class=\"elementor-element elementor-element-012553d elementor-widget elementor-widget-text-editor\" data-id=\"012553d\" data-element_type=\"widget\" data-widget_type=\"text-editor.default\">\n\t\t\t\t<div class=\"elementor-widget-container\">\n\t\t\t\t\t\t\t\t\t<p class=\"\" data-start=\"162\" data-end=\"488\"><strong data-start=\"162\" data-end=\"223\">Como bu<\/strong>fete <strong data-start=\"162\" data-end=\"223\">especializado en procedimientos de Interpol<\/strong>, ofrecemos a nuestros clientes un apoyo jur\u00eddico eficaz y fiable a escala internacional. Tenemos una profunda experiencia en los \u00e1mbitos de las notificaciones de Interpol, especialmente las difusiones rojas, las solicitudes transfronterizas de extradici\u00f3n, las \u00f3rdenes internacionales de detenci\u00f3n y las investigaciones penales. <\/p><p class=\"\" data-start=\"490\" data-end=\"819\">Con nuestro enfoque basado en los principios universales del derecho, <strong data-start=\"566\" data-end=\"631\">trabajamos para defender tus derechos<\/strong> no s\u00f3lo a nivel local, sino tambi\u00e9n <strong data-start=\"566\" data-end=\"631\">internacional.<\/strong> Somos conscientes de los retos jur\u00eddicos, sociales y personales a los que se enfrentan las personas que se enfrentan a notificaciones de Interpol, y desarrollamos una estrategia integral para gestionar el proceso de la forma m\u00e1s eficaz.<\/p>\t\t\t\t\t\t\t\t<\/div>\n\t\t\t\t<\/div>\n\t\t\t\t<div class=\"elementor-element elementor-element-7d978a2 elementor-widget-divider--view-line elementor-widget elementor-widget-divider\" data-id=\"7d978a2\" data-element_type=\"widget\" data-widget_type=\"divider.default\">\n\t\t\t\t<div class=\"elementor-widget-container\">\n\t\t\t\t\t\t\t<div class=\"elementor-divider\">\n\t\t\t<span class=\"elementor-divider-separator\">\n\t\t\t\t\t\t<\/span>\n\t\t<\/div>\n\t\t\t\t\t\t<\/div>\n\t\t\t\t<\/div>\n\t\t\t\t\t<\/div>\n\t\t<\/div>\n\t\t            <\/div>\n        <\/section>\n                <section class=\"elementor-section elementor-top-section elementor-element elementor-element-0ac8ef0 elementor-section-boxed elementor-section-height-default elementor-section-height-default kng-section-overflow-hidden-no kng-boxed-bg-false kng-section-boxed-divider-false\" data-id=\"0ac8ef0\" data-element_type=\"section\">\n                                             \n            <div class=\"elementor-container elementor-column-gap-default \">\n                    <div class=\"elementor-column elementor-col-50 elementor-top-column elementor-element elementor-element-74d1dc7 kng-column-element-default\" data-id=\"74d1dc7\" data-element_type=\"column\">\n                        <div class=\"elementor-widget-wrap elementor-element-populated\">\n                     \n            \n         \n        \t\t<div class=\"elementor-element elementor-element-d9736ed elementor-widget elementor-widget-text-editor\" data-id=\"d9736ed\" data-element_type=\"widget\" data-widget_type=\"text-editor.default\">\n\t\t\t\t<div class=\"elementor-widget-container\">\n\t\t\t\t\t\t\t\t\t<p class=\"\" data-start=\"821\" data-end=\"1182\">Nuestros servicios jur\u00eddicos se llevan a cabo de acuerdo con los principios de confidencialidad y profesionalidad del cliente. Examinamos meticulosamente cada expediente y <strong data-start=\"952\" data-end=\"1032\">ofrecemos las soluciones m\u00e1s adecuadas en el marco de las normas jur\u00eddicas internacionales.<\/strong> Continuamos la lucha jur\u00eddica al m\u00e1s alto nivel en el marco del Convenio Europeo de Derechos Humanos, la normativa de las Naciones Unidas y la legislaci\u00f3n nacional. <\/p><p class=\"\" data-start=\"1184\" data-end=\"1452\">Como <strong data-start=\"1184\" data-end=\"1204\">abogado de Interpol<\/strong>, no s\u00f3lo somos un asesor jur\u00eddico, sino tambi\u00e9n un socio en este dif\u00edcil proceso. Nuestro objetivo es proteger el derecho de nuestros clientes a un juicio justo y asegurar su reputaci\u00f3n internacionalmente. <\/p>\t\t\t\t\t\t\t\t<\/div>\n\t\t\t\t<\/div>\n\t\t\t\t<div class=\"elementor-element elementor-element-58c9c03 elementor-widget-divider--view-line elementor-widget elementor-widget-divider\" data-id=\"58c9c03\" data-element_type=\"widget\" data-widget_type=\"divider.default\">\n\t\t\t\t<div class=\"elementor-widget-container\">\n\t\t\t\t\t\t\t<div class=\"elementor-divider\">\n\t\t\t<span class=\"elementor-divider-separator\">\n\t\t\t\t\t\t<\/span>\n\t\t<\/div>\n\t\t\t\t\t\t<\/div>\n\t\t\t\t<\/div>\n\t\t\t\t\t<\/div>\n\t\t<\/div>\n\t\t        <div class=\"elementor-column elementor-col-50 elementor-top-column elementor-element elementor-element-609da93 kng-column-element-default\" data-id=\"609da93\" data-element_type=\"column\">\n                        <div class=\"elementor-widget-wrap elementor-element-populated\">\n                     \n            \n         \n        \t\t<div class=\"elementor-element elementor-element-6d1347d animated-slow elementor-invisible elementor-widget elementor-widget-image\" data-id=\"6d1347d\" data-element_type=\"widget\" data-settings=\"{&quot;_animation&quot;:&quot;fadeInLeft&quot;}\" data-widget_type=\"image.default\">\n\t\t\t\t<div class=\"elementor-widget-container\">\n\t\t\t\t\t\t\t\t\t\t\t\t\t\t\t<img decoding=\"async\" width=\"1100\" height=\"700\" src=\"https:\/\/interpolavukati.com\/wp-content\/uploads\/2025\/05\/oner-hukuk-bakirkoy-avukat-icra.png\" class=\"attachment-full size-full wp-image-9136\" alt=\"\" \/>\t\t\t\t\t\t\t\t\t\t\t\t\t\t\t<\/div>\n\t\t\t\t<\/div>\n\t\t\t\t\t<\/div>\n\t\t<\/div>\n\t\t            <\/div>\n        <\/section>\n        \t\t<\/div>\n\t\t","protected":false},"excerpt":{"rendered":"<p>Hakk\u0131m\u0131zda Como bufete especializado en procedimientos de Interpol, ofrecemos a nuestros clientes un apoyo jur\u00eddico eficaz y fiable a escala internacional. Tenemos una profunda experiencia en los \u00e1mbitos de las notificaciones de Interpol, especialmente las difusiones rojas, las solicitudes transfronterizas de extradici\u00f3n, las \u00f3rdenes internacionales de detenci\u00f3n y las investigaciones penales. Con nuestro enfoque basado [&hellip;]<\/p>\n","protected":false},"author":1,"featured_media":0,"parent":0,"menu_order":0,"comment_status":"closed","ping_status":"closed","template":"","meta":{"footnotes":""},"class_list":["post-9245","page","type-page","status-publish","hentry","kng-no-post-thumbnail"],"yoast_head":"<!-- This site is optimized with the Yoast SEO plugin v25.1 - https:\/\/yoast.com\/wordpress\/plugins\/seo\/ -->\n<title>Qui\u00e9nes somos - \u0130nterpol Avukat\u0131<\/title>\n<meta name=\"robots\" content=\"index, follow, max-snippet:-1, max-image-preview:large, max-video-preview:-1\" \/>\n<link rel=\"canonical\" href=\"https:\/\/interpolavukati.com\/es\/quienes-somos\/\" \/>\n<meta property=\"og:locale\" content=\"es_ES\" \/>\n<meta property=\"og:type\" content=\"article\" \/>\n<meta property=\"og:title\" content=\"Qui\u00e9nes somos - \u0130nterpol Avukat\u0131\" \/>\n<meta property=\"og:description\" content=\"Hakk\u0131m\u0131zda Como bufete especializado en procedimientos de Interpol, ofrecemos a nuestros clientes un apoyo jur\u00eddico eficaz y fiable a escala internacional. Tenemos una profunda experiencia en los \u00e1mbitos de las notificaciones de Interpol, especialmente las difusiones rojas, las solicitudes transfronterizas de extradici\u00f3n, las \u00f3rdenes internacionales de detenci\u00f3n y las investigaciones penales. Con nuestro enfoque basado [&hellip;]\" \/>\n<meta property=\"og:url\" content=\"https:\/\/interpolavukati.com\/es\/quienes-somos\/\" \/>\n<meta property=\"og:site_name\" content=\"\u0130nterpol Avukat\u0131\" \/>\n<meta property=\"article:modified_time\" content=\"2025-06-24T12:10:42+00:00\" \/>\n<meta property=\"og:image\" content=\"https:\/\/interpolavukati.com\/wp-content\/uploads\/2025\/05\/hakkimizda-img-1-scaled.jpg\" \/>\n<meta name=\"twitter:card\" content=\"summary_large_image\" \/>\n<meta name=\"twitter:label1\" content=\"Tiempo de lectura\" \/>\n\t<meta name=\"twitter:data1\" content=\"1 minuto\" \/>\n<script type=\"application\/ld+json\" class=\"yoast-schema-graph\">{\"@context\":\"https:\/\/schema.org\",\"@graph\":[{\"@type\":\"WebPage\",\"@id\":\"https:\/\/interpolavukati.com\/es\/quienes-somos\/\",\"url\":\"https:\/\/interpolavukati.com\/es\/quienes-somos\/\",\"name\":\"Qui\u00e9nes somos - \u0130nterpol Avukat\u0131\",\"isPartOf\":{\"@id\":\"https:\/\/interpolavukati.com\/#website\"},\"primaryImageOfPage\":{\"@id\":\"https:\/\/interpolavukati.com\/es\/quienes-somos\/#primaryimage\"},\"image\":{\"@id\":\"https:\/\/interpolavukati.com\/es\/quienes-somos\/#primaryimage\"},\"thumbnailUrl\":\"https:\/\/interpolavukati.com\/wp-content\/uploads\/2025\/05\/hakkimizda-img-1-scaled.jpg\",\"datePublished\":\"2021-10-21T08:28:03+00:00\",\"dateModified\":\"2025-06-24T12:10:42+00:00\",\"breadcrumb\":{\"@id\":\"https:\/\/interpolavukati.com\/es\/quienes-somos\/#breadcrumb\"},\"inLanguage\":\"es\",\"potentialAction\":[{\"@type\":\"ReadAction\",\"target\":[\"https:\/\/interpolavukati.com\/es\/quienes-somos\/\"]}]},{\"@type\":\"ImageObject\",\"inLanguage\":\"es\",\"@id\":\"https:\/\/interpolavukati.com\/es\/quienes-somos\/#primaryimage\",\"url\":\"https:\/\/interpolavukati.com\/wp-content\/uploads\/2025\/05\/hakkimizda-img-1-scaled.jpg\",\"contentUrl\":\"https:\/\/interpolavukati.com\/wp-content\/uploads\/2025\/05\/hakkimizda-img-1-scaled.jpg\"},{\"@type\":\"BreadcrumbList\",\"@id\":\"https:\/\/interpolavukati.com\/es\/quienes-somos\/#breadcrumb\",\"itemListElement\":[{\"@type\":\"ListItem\",\"position\":1,\"name\":\"Anasayfa\",\"item\":\"https:\/\/interpolavukati.com\/es\/\"},{\"@type\":\"ListItem\",\"position\":2,\"name\":\"Qui\u00e9nes somos\"}]},{\"@type\":\"WebSite\",\"@id\":\"https:\/\/interpolavukati.com\/#website\",\"url\":\"https:\/\/interpolavukati.com\/\",\"name\":\"\u0130nterpol Avukat\u0131\",\"description\":\"\",\"publisher\":{\"@id\":\"https:\/\/interpolavukati.com\/#organization\"},\"potentialAction\":[{\"@type\":\"SearchAction\",\"target\":{\"@type\":\"EntryPoint\",\"urlTemplate\":\"https:\/\/interpolavukati.com\/?s={search_term_string}\"},\"query-input\":{\"@type\":\"PropertyValueSpecification\",\"valueRequired\":true,\"valueName\":\"search_term_string\"}}],\"inLanguage\":\"es\"},{\"@type\":\"Organization\",\"@id\":\"https:\/\/interpolavukati.com\/#organization\",\"name\":\"\u0130nterpol Avukat\u0131\",\"url\":\"https:\/\/interpolavukati.com\/\",\"logo\":{\"@type\":\"ImageObject\",\"inLanguage\":\"es\",\"@id\":\"https:\/\/interpolavukati.com\/#\/schema\/logo\/image\/\",\"url\":\"https:\/\/interpolavukati.com\/wp-content\/uploads\/2021\/11\/interpol-avukati-logo-renkli-scaled.png\",\"contentUrl\":\"https:\/\/interpolavukati.com\/wp-content\/uploads\/2021\/11\/interpol-avukati-logo-renkli-scaled.png\",\"width\":2560,\"height\":852,\"caption\":\"\u0130nterpol Avukat\u0131\"},\"image\":{\"@id\":\"https:\/\/interpolavukati.com\/#\/schema\/logo\/image\/\"}}]}<\/script>\n<!-- \/ Yoast SEO plugin. -->","yoast_head_json":{"title":"Qui\u00e9nes somos - \u0130nterpol Avukat\u0131","robots":{"index":"index","follow":"follow","max-snippet":"max-snippet:-1","max-image-preview":"max-image-preview:large","max-video-preview":"max-video-preview:-1"},"canonical":"https:\/\/interpolavukati.com\/es\/quienes-somos\/","og_locale":"es_ES","og_type":"article","og_title":"Qui\u00e9nes somos - \u0130nterpol Avukat\u0131","og_description":"Hakk\u0131m\u0131zda Como bufete especializado en procedimientos de Interpol, ofrecemos a nuestros clientes un apoyo jur\u00eddico eficaz y fiable a escala internacional. Tenemos una profunda experiencia en los \u00e1mbitos de las notificaciones de Interpol, especialmente las difusiones rojas, las solicitudes transfronterizas de extradici\u00f3n, las \u00f3rdenes internacionales de detenci\u00f3n y las investigaciones penales. Con nuestro enfoque basado [&hellip;]","og_url":"https:\/\/interpolavukati.com\/es\/quienes-somos\/","og_site_name":"\u0130nterpol Avukat\u0131","article_modified_time":"2025-06-24T12:10:42+00:00","og_image":[{"url":"https:\/\/interpolavukati.com\/wp-content\/uploads\/2025\/05\/hakkimizda-img-1-scaled.jpg","type":"","width":"","height":""}],"twitter_card":"summary_large_image","twitter_misc":{"Tiempo de lectura":"1 minuto"},"schema":{"@context":"https:\/\/schema.org","@graph":[{"@type":"WebPage","@id":"https:\/\/interpolavukati.com\/es\/quienes-somos\/","url":"https:\/\/interpolavukati.com\/es\/quienes-somos\/","name":"Qui\u00e9nes somos - \u0130nterpol Avukat\u0131","isPartOf":{"@id":"https:\/\/interpolavukati.com\/#website"},"primaryImageOfPage":{"@id":"https:\/\/interpolavukati.com\/es\/quienes-somos\/#primaryimage"},"image":{"@id":"https:\/\/interpolavukati.com\/es\/quienes-somos\/#primaryimage"},"thumbnailUrl":"https:\/\/interpolavukati.com\/wp-content\/uploads\/2025\/05\/hakkimizda-img-1-scaled.jpg","datePublished":"2021-10-21T08:28:03+00:00","dateModified":"2025-06-24T12:10:42+00:00","breadcrumb":{"@id":"https:\/\/interpolavukati.com\/es\/quienes-somos\/#breadcrumb"},"inLanguage":"es","potentialAction":[{"@type":"ReadAction","target":["https:\/\/interpolavukati.com\/es\/quienes-somos\/"]}]},{"@type":"ImageObject","inLanguage":"es","@id":"https:\/\/interpolavukati.com\/es\/quienes-somos\/#primaryimage","url":"https:\/\/interpolavukati.com\/wp-content\/uploads\/2025\/05\/hakkimizda-img-1-scaled.jpg","contentUrl":"https:\/\/interpolavukati.com\/wp-content\/uploads\/2025\/05\/hakkimizda-img-1-scaled.jpg"},{"@type":"BreadcrumbList","@id":"https:\/\/interpolavukati.com\/es\/quienes-somos\/#breadcrumb","itemListElement":[{"@type":"ListItem","position":1,"name":"Anasayfa","item":"https:\/\/interpolavukati.com\/es\/"},{"@type":"ListItem","position":2,"name":"Qui\u00e9nes somos"}]},{"@type":"WebSite","@id":"https:\/\/interpolavukati.com\/#website","url":"https:\/\/interpolavukati.com\/","name":"\u0130nterpol Avukat\u0131","description":"","publisher":{"@id":"https:\/\/interpolavukati.com\/#organization"},"potentialAction":[{"@type":"SearchAction","target":{"@type":"EntryPoint","urlTemplate":"https:\/\/interpolavukati.com\/?s={search_term_string}"},"query-input":{"@type":"PropertyValueSpecification","valueRequired":true,"valueName":"search_term_string"}}],"inLanguage":"es"},{"@type":"Organization","@id":"https:\/\/interpolavukati.com\/#organization","name":"\u0130nterpol Avukat\u0131","url":"https:\/\/interpolavukati.com\/","logo":{"@type":"ImageObject","inLanguage":"es","@id":"https:\/\/interpolavukati.com\/#\/schema\/logo\/image\/","url":"https:\/\/interpolavukati.com\/wp-content\/uploads\/2021\/11\/interpol-avukati-logo-renkli-scaled.png","contentUrl":"https:\/\/interpolavukati.com\/wp-content\/uploads\/2021\/11\/interpol-avukati-logo-renkli-scaled.png","width":2560,"height":852,"caption":"\u0130nterpol Avukat\u0131"},"image":{"@id":"https:\/\/interpolavukati.com\/#\/schema\/logo\/image\/"}}]}},"_links":{"self":[{"href":"https:\/\/interpolavukati.com\/es\/wp-json\/wp\/v2\/pages\/9245","targetHints":{"allow":["GET"]}}],"collection":[{"href":"https:\/\/interpolavukati.com\/es\/wp-json\/wp\/v2\/pages"}],"about":[{"href":"https:\/\/interpolavukati.com\/es\/wp-json\/wp\/v2\/types\/page"}],"author":[{"embeddable":true,"href":"https:\/\/interpolavukati.com\/es\/wp-json\/wp\/v2\/users\/1"}],"replies":[{"embeddable":true,"href":"https:\/\/interpolavukati.com\/es\/wp-json\/wp\/v2\/comments?post=9245"}],"version-history":[{"count":1,"href":"https:\/\/interpolavukati.com\/es\/wp-json\/wp\/v2\/pages\/9245\/revisions"}],"predecessor-version":[{"id":9247,"href":"https:\/\/interpolavukati.com\/es\/wp-json\/wp\/v2\/pages\/9245\/revisions\/9247"}],"wp:attachment":[{"href":"https:\/\/interpolavukati.com\/es\/wp-json\/wp\/v2\/media?parent=9245"}],"curies":[{"name":"wp","href":"https:\/\/api.w.org\/{rel}","templated":true}]}}