{"id":9278,"date":"2025-05-16T11:17:27","date_gmt":"2025-05-16T11:17:27","guid":{"rendered":"https:\/\/interpolavukati.com\/notificacion-de-plata\/"},"modified":"2025-06-24T13:18:52","modified_gmt":"2025-06-24T13:18:52","slug":"notificacion-de-plata","status":"publish","type":"page","link":"https:\/\/interpolavukati.com\/es\/notificacion-de-plata\/","title":{"rendered":"Notificaci\u00f3n de plata"},"content":{"rendered":"\t\t<div data-elementor-type=\"wp-page\" data-elementor-id=\"9278\" class=\"elementor elementor-9278 elementor-7820\" data-elementor-post-type=\"page\">\n\t\t\t\t        <section class=\"elementor-section elementor-top-section elementor-element elementor-element-5455c7f elementor-section-boxed elementor-section-height-default elementor-section-height-default kng-section-overflow-hidden-no kng-boxed-bg-false kng-section-boxed-divider-false\" data-id=\"5455c7f\" data-element_type=\"section\">\n                                             \n            <div class=\"elementor-container elementor-column-gap-default \">\n                    <div class=\"elementor-column elementor-col-50 elementor-top-column elementor-element elementor-element-187e5e9 kng-column-element-default\" data-id=\"187e5e9\" data-element_type=\"column\">\n                        <div class=\"elementor-widget-wrap elementor-element-populated\">\n                     \n            \n         \n        \t\t<div class=\"elementor-element elementor-element-6c9e08a elementor-widget elementor-widget-text-editor\" data-id=\"6c9e08a\" data-element_type=\"widget\" data-widget_type=\"text-editor.default\">\n\t\t\t\t<div class=\"elementor-widget-container\">\n\t\t\t\t\t\t\t\t\t<p><\/p>\n<p>La difusi\u00f3n Silver es un tipo especial de difusi\u00f3n emitida por Interpol y utilizada para recopilar informaci\u00f3n relacionada con la delincuencia. Se publica para facilitar informaci\u00f3n a los organismos encargados de la aplicaci\u00f3n de la ley de todo el mundo cuando se necesita informaci\u00f3n importante sobre una persona u organizaci\u00f3n delictiva. La difusi\u00f3n plata suele utilizarse cuando se requiere un seguimiento m\u00e1s estrecho de delincuentes, sospechosos o personas relacionadas con delitos. Sin embargo, la Notificaci\u00f3n Silver no conduce directamente a una orden de detenci\u00f3n, sino que es una petici\u00f3n de m\u00e1s informaci\u00f3n sobre delincuentes u organizaciones delictivas.   <\/p>\n<p><\/p>\n<h2 class=\"wp-block-heading\"><strong>\u00bfQu\u00e9 es la Notificaci\u00f3n Plata?<\/strong><\/h2>\n<p><\/p>\n<p>Una difusi\u00f3n Silver es una petici\u00f3n de informaci\u00f3n sobre una persona u organizaci\u00f3n delictiva emitida por Interpol. Esta notificaci\u00f3n tiene por objeto reunir informaci\u00f3n importante sobre delitos penales. Una difusi\u00f3n Silver suele publicarse para recabar informaci\u00f3n sobre las actividades de delincuentes, sospechosos o redes delictivas. Es un llamamiento a los organismos encargados de la aplicaci\u00f3n de la ley de todo el mundo para obtener m\u00e1s informaci\u00f3n sobre personas relacionadas con la delincuencia.   <\/p>\n<p><\/p>\n<p>La notificaci\u00f3n Silver no es una petici\u00f3n directa de detenci\u00f3n, sino que se emite \u00fanicamente con el fin de recabar informaci\u00f3n sobre el delito. Se utiliza para conocer mejor la identidad de los delincuentes, sus actividades o sus v\u00ednculos con los delitos, y fomenta el intercambio de informaci\u00f3n a nivel internacional. La notificaci\u00f3n Silver se utiliza sobre todo cuando es necesario vigilar a organizaciones delictivas a gran escala, grupos terroristas o delincuentes internacionales y recabar m\u00e1s informaci\u00f3n.  <\/p>\n<p><\/p>\n<h2 class=\"wp-block-heading\"><strong>Situaciones en las que se utiliza el Aviso Silver<\/strong><\/h2>\n<p><\/p>\n<p>La Notificaci\u00f3n Silver se utiliza habitualmente para el seguimiento de personas vinculadas a delitos penales y con fines de recopilaci\u00f3n de informaci\u00f3n. Esta notificaci\u00f3n se utiliza habitualmente en las siguientes situaciones: <\/p>\n<p><\/p>\n<ul class=\"wp-block-list\">\n<li>Seguimiento <strong>de<\/strong> delincuentes <strong>y sospechosos:<\/strong><br>El Aviso Silver se utiliza cuando es necesario seguir m\u00e1s de cerca a personas sospechosas de estar implicadas en delitos penales. Este aviso se emite con el fin de localizar a delincuentes y sospechosos. El Aviso Silver es una herramienta especialmente eficaz para localizar a personas sospechosas de delitos penales, pero cuyos delitos no han quedado plenamente probados.  <\/li>\n\n<li><strong>Seguimiento de las actividades de las redes delictivas<\/strong>:<br>Las organizaciones delictivas suelen cometer delitos a gran escala y es importante comprender c\u00f3mo se cometen. La Notificaci\u00f3n Silver se utiliza para supervisar las actividades de las redes delictivas. Estas notificaciones proporcionan informaci\u00f3n para identificar los m\u00e9todos delictivos y el funcionamiento de las estructuras de la delincuencia organizada.  <\/li>\n\n<li><strong>Recopilaci\u00f3n de informaci\u00f3n sobre delitos internacionales<\/strong>:<br>La notificaci\u00f3n de plata es una herramienta importante para resolver delitos internacionales. Los delincuentes pueden cometer delitos cruzando fronteras y la informaci\u00f3n se comparte entre las fuerzas de seguridad de todo el mundo para recopilar informaci\u00f3n sobre dichos delitos, atrapar a los delincuentes y resolver delitos. Esta notificaci\u00f3n se utiliza para seguir a los delincuentes a nivel internacional y obtener m\u00e1s informaci\u00f3n.  <\/li>\n\n<li><strong>Grupos terroristas y amenazas:<\/strong><br>La Notificaci\u00f3n Silver tambi\u00e9n se utiliza para vigilar las actividades terroristas y los grupos peligrosos. Las actividades de los grupos terroristas suponen una gran amenaza para la seguridad internacional. La Notificaci\u00f3n Silver se emite para recabar informaci\u00f3n sobre los miembros de estos grupos y sus afiliaciones.  <\/li>\n<\/ul>\n<p><\/p>\n<h2 class=\"wp-block-heading\"><strong>El papel de la notificaci\u00f3n plateada en el proceso judicial<\/strong><\/h2>\n<p><\/p>\n<p>La notificaci\u00f3n Silver no exige directamente una detenci\u00f3n, sino que se emite para obtener m\u00e1s informaci\u00f3n sobre el delito. Permite el intercambio de informaci\u00f3n entre organizaciones policiales y fuerzas de seguridad de todo el mundo. La notificaci\u00f3n Silver es una herramienta importante para seguir la pista de delincuentes o sospechosos y desarticular organizaciones delictivas.  <\/p>\n<p><\/p>\n<p>La notificaci\u00f3n Silver suele emitirse con el fin de obtener informaci\u00f3n sobre el delincuente. Puede utilizarse para establecer la identidad, las actividades y las relaciones de personas vinculadas a delitos penales. La Notificaci\u00f3n Silver no conduce directamente a una orden de detenci\u00f3n, pero sirve como llamamiento mundial para recabar informaci\u00f3n y localizar a los delincuentes. Tras la publicaci\u00f3n de la notificaci\u00f3n, las fuerzas de seguridad y las organizaciones policiales pueden seguir vigilando a la persona e iniciar los procedimientos judiciales necesarios.   <\/p>\n<p><\/p>\n<h2 class=\"wp-block-heading\"><strong>M\u00e9todos de defensa contra la notificaci\u00f3n de plata<\/strong><\/h2>\n<p><\/p>\n<p>La Notificaci\u00f3n Silver suele emitirse con fines de seguimiento y recogida de informaci\u00f3n sobre personas vinculadas a delitos penales. Sin embargo, a veces estas notificaciones pueden haberse hecho incorrectamente o puede haberse recogido informaci\u00f3n sobre una persona que no es culpable de un delito. En tales casos, la Notificaci\u00f3n Silver puede defenderse. Los m\u00e9todos de defensa pueden incluir:   <\/p>\n<p><\/p>\n<ul class=\"wp-block-list\">\n<li><strong>Defensa de denuncia falsa:<\/strong><br>A veces se publica una Notificaci\u00f3n Plata por error o bas\u00e1ndose en informaci\u00f3n incorrecta. Si una persona ha sido implicada en un delito penal cuando no es culpable, puede disponer de una defensa. En este caso, se pueden presentar pruebas para demostrar que los cargos no son v\u00e1lidos.  <\/li>\n\n<li><strong>Declaraci\u00f3n de inocencia<\/strong>:<br>Si una persona es sospechosa de estar relacionada con un delito penal pero es inocente, es posible demostrarlo. Se puede presentar una defensa s\u00f3lida para demostrar que las sospechas que llevaron a la publicaci\u00f3n del Aviso de Plata no son v\u00e1lidas. <\/li>\n\n<li><strong>Defensa por violaci\u00f3n del derecho a<\/strong> un juicio justo:<br>Si el Aviso de Plata se public\u00f3 con el fin de investigar la implicaci\u00f3n de una persona en un delito penal y la persona no tuvo un juicio justo, esto puede plantearse como defensa. Si se ha violado el derecho de la persona a un juicio justo, esto puede constituir un obst\u00e1culo para la notificaci\u00f3n. <\/li>\n<\/ul>\n<p><\/p>\n<p>La difusi\u00f3n Silver es una herramienta eficaz de Interpol que se utiliza para localizar a personas relacionadas con delitos y para vigilar las actividades de las redes delictivas. Desempe\u00f1a un papel importante en la lucha contra la delincuencia internacional y promueve el intercambio de informaci\u00f3n entre los organismos encargados de la aplicaci\u00f3n de la ley de todo el mundo. Sin embargo, a veces la difusi\u00f3n Silver puede publicarse sobre la base de informaci\u00f3n err\u00f3nea, o puede haberse recogido informaci\u00f3n sobre una persona inocente. En este caso, es posible presentar una defensa y demostrar la invalidez de la notificaci\u00f3n. La Notificaci\u00f3n Silver puede retirarse por motivos como inexactitud, alegaciones de inocencia y violaci\u00f3n del derecho a un juicio justo. Si a una persona se le ha expedido una Notificaci\u00f3n Silver y se ha hecho por error, puedes ponerte en contacto con un abogado con experiencia para defender tus derechos legales.     <\/p>\n<p><\/p>\n<p><\/p>\n<p><\/p>\n<p><\/p>\n<p><\/p>\n<p><\/p>\n<p><\/p>\t\t\t\t\t\t\t\t<\/div>\n\t\t\t\t<\/div>\n\t\t\t\t\t<\/div>\n\t\t<\/div>\n\t\t        <div class=\"elementor-column elementor-col-50 elementor-top-column elementor-element elementor-element-d92cb1b kng-column-element-default\" data-id=\"d92cb1b\" data-element_type=\"column\">\n                        <div class=\"elementor-widget-wrap elementor-element-populated\">\n                     \n            \n         \n        \t\t<div class=\"elementor-element elementor-element-35e2fa8 elementor-nav-menu--dropdown-none elementor-widget elementor-widget-nav-menu\" data-id=\"35e2fa8\" data-element_type=\"widget\" data-settings=\"{&quot;layout&quot;:&quot;vertical&quot;,&quot;sticky&quot;:&quot;top&quot;,&quot;sticky_on&quot;:[&quot;widescreen&quot;,&quot;desktop&quot;,&quot;laptop&quot;],&quot;sticky_offset&quot;:80,&quot;sticky_parent&quot;:&quot;yes&quot;,&quot;submenu_icon&quot;:{&quot;value&quot;:&quot;&lt;svg class=\\&quot;e-font-icon-svg e-fas-caret-down\\&quot; viewBox=\\&quot;0 0 320 512\\&quot; xmlns=\\&quot;http:\\\/\\\/www.w3.org\\\/2000\\\/svg\\&quot;&gt;&lt;path d=\\&quot;M31.3 192h257.3c17.8 0 26.7 21.5 14.1 34.1L174.1 354.8c-7.8 7.8-20.5 7.8-28.3 0L17.2 226.1C4.6 213.5 13.5 192 31.3 192z\\&quot;&gt;&lt;\\\/path&gt;&lt;\\\/svg&gt;&quot;,&quot;library&quot;:&quot;fa-solid&quot;},&quot;sticky_effects_offset&quot;:0,&quot;sticky_anchor_link_offset&quot;:0}\" data-widget_type=\"nav-menu.default\">\n\t\t\t\t<div class=\"elementor-widget-container\">\n\t\t\t\t\t\t\t\t<nav aria-label=\"Menu\" class=\"elementor-nav-menu--main elementor-nav-menu__container elementor-nav-menu--layout-vertical e--pointer-underline e--animation-fade\">\n\t\t\t\t<ul id=\"menu-1-35e2fa8\" class=\"elementor-nav-menu sm-vertical\"><li class=\"menu-item menu-item-type-post_type menu-item-object-page menu-item-9920\"><a href=\"https:\/\/interpolavukati.com\/es\/abogado-especializado-en-la-eliminacion-de-notificaciones-rojas-de-interpol\/\" class=\"elementor-item\">Abogado especializado en la eliminaci\u00f3n de notificaciones rojas de Interpol<\/a><\/li>\n<li class=\"menu-item menu-item-type-post_type menu-item-object-page menu-item-9921\"><a href=\"https:\/\/interpolavukati.com\/es\/europol-defensa\/\" class=\"elementor-item\">Europol Defensa<\/a><\/li>\n<li class=\"menu-item menu-item-type-post_type menu-item-object-page menu-item-9922\"><a href=\"https:\/\/interpolavukati.com\/es\/notificaciones-de-interpol\/\" class=\"elementor-item\">Notificaciones de Interpol<\/a><\/li>\n<li class=\"menu-item menu-item-type-post_type menu-item-object-page menu-item-9959\"><a href=\"https:\/\/interpolavukati.com\/es\/notificacion-de-plata\/\" class=\"elementor-item\">Notificaci\u00f3n de plata<\/a><\/li>\n<li class=\"menu-item menu-item-type-post_type menu-item-object-page menu-item-9960\"><a href=\"https:\/\/interpolavukati.com\/es\/notificacion-especial-de-interpol-a-la-onu\/\" class=\"elementor-item\">Notificaci\u00f3n especial de Interpol a la ONU<\/a><\/li>\n<li class=\"menu-item menu-item-type-post_type menu-item-object-page menu-item-9961\"><a href=\"https:\/\/interpolavukati.com\/es\/aviso-rojo\/\" class=\"elementor-item\">Aviso rojo<\/a><\/li>\n<li class=\"menu-item menu-item-type-post_type menu-item-object-page menu-item-9962\"><a href=\"https:\/\/interpolavukati.com\/es\/notificacionazul\/\" class=\"elementor-item\">Notificaci\u00f3nazul<\/a><\/li>\n<li class=\"menu-item menu-item-type-post_type menu-item-object-page menu-item-9963\"><a href=\"https:\/\/interpolavukati.com\/es\/notificacion-morada\/\" class=\"elementor-item\">Notificaci\u00f3n morada<\/a><\/li>\n<li class=\"menu-item menu-item-type-post_type menu-item-object-page menu-item-9964\"><a href=\"https:\/\/interpolavukati.com\/es\/aviso-amarillo\/\" class=\"elementor-item\">Aviso amarillo<\/a><\/li>\n<li class=\"menu-item menu-item-type-post_type menu-item-object-page menu-item-9965\"><a href=\"https:\/\/interpolavukati.com\/es\/notificacion-negra\/\" class=\"elementor-item\">Notificaci\u00f3n negra<\/a><\/li>\n<li class=\"menu-item menu-item-type-post_type menu-item-object-page menu-item-9966\"><a href=\"https:\/\/interpolavukati.com\/es\/notificacion-naranja\/\" class=\"elementor-item\">Notificaci\u00f3n naranja<\/a><\/li>\n<li class=\"menu-item menu-item-type-post_type menu-item-object-page menu-item-9967\"><a href=\"https:\/\/interpolavukati.com\/es\/notificacion-verde\/\" class=\"elementor-item\">Notificaci\u00f3n verde<\/a><\/li>\n<\/ul>\t\t\t<\/nav>\n\t\t\t\t\t\t<nav class=\"elementor-nav-menu--dropdown elementor-nav-menu__container\" aria-hidden=\"true\">\n\t\t\t\t<ul id=\"menu-2-35e2fa8\" class=\"elementor-nav-menu sm-vertical\"><li class=\"menu-item menu-item-type-post_type menu-item-object-page menu-item-9920\"><a href=\"https:\/\/interpolavukati.com\/es\/abogado-especializado-en-la-eliminacion-de-notificaciones-rojas-de-interpol\/\" class=\"elementor-item\" tabindex=\"-1\">Abogado especializado en la eliminaci\u00f3n de notificaciones rojas de Interpol<\/a><\/li>\n<li class=\"menu-item menu-item-type-post_type menu-item-object-page menu-item-9921\"><a href=\"https:\/\/interpolavukati.com\/es\/europol-defensa\/\" class=\"elementor-item\" tabindex=\"-1\">Europol Defensa<\/a><\/li>\n<li class=\"menu-item menu-item-type-post_type menu-item-object-page menu-item-9922\"><a href=\"https:\/\/interpolavukati.com\/es\/notificaciones-de-interpol\/\" class=\"elementor-item\" tabindex=\"-1\">Notificaciones de Interpol<\/a><\/li>\n<li class=\"menu-item menu-item-type-post_type menu-item-object-page menu-item-9959\"><a href=\"https:\/\/interpolavukati.com\/es\/notificacion-de-plata\/\" class=\"elementor-item\" tabindex=\"-1\">Notificaci\u00f3n de plata<\/a><\/li>\n<li class=\"menu-item menu-item-type-post_type menu-item-object-page menu-item-9960\"><a href=\"https:\/\/interpolavukati.com\/es\/notificacion-especial-de-interpol-a-la-onu\/\" class=\"elementor-item\" tabindex=\"-1\">Notificaci\u00f3n especial de Interpol a la ONU<\/a><\/li>\n<li class=\"menu-item menu-item-type-post_type menu-item-object-page menu-item-9961\"><a href=\"https:\/\/interpolavukati.com\/es\/aviso-rojo\/\" class=\"elementor-item\" tabindex=\"-1\">Aviso rojo<\/a><\/li>\n<li class=\"menu-item menu-item-type-post_type menu-item-object-page menu-item-9962\"><a href=\"https:\/\/interpolavukati.com\/es\/notificacionazul\/\" class=\"elementor-item\" tabindex=\"-1\">Notificaci\u00f3nazul<\/a><\/li>\n<li class=\"menu-item menu-item-type-post_type menu-item-object-page menu-item-9963\"><a href=\"https:\/\/interpolavukati.com\/es\/notificacion-morada\/\" class=\"elementor-item\" tabindex=\"-1\">Notificaci\u00f3n morada<\/a><\/li>\n<li class=\"menu-item menu-item-type-post_type menu-item-object-page menu-item-9964\"><a href=\"https:\/\/interpolavukati.com\/es\/aviso-amarillo\/\" class=\"elementor-item\" tabindex=\"-1\">Aviso amarillo<\/a><\/li>\n<li class=\"menu-item menu-item-type-post_type menu-item-object-page menu-item-9965\"><a href=\"https:\/\/interpolavukati.com\/es\/notificacion-negra\/\" class=\"elementor-item\" tabindex=\"-1\">Notificaci\u00f3n negra<\/a><\/li>\n<li class=\"menu-item menu-item-type-post_type menu-item-object-page menu-item-9966\"><a href=\"https:\/\/interpolavukati.com\/es\/notificacion-naranja\/\" class=\"elementor-item\" tabindex=\"-1\">Notificaci\u00f3n naranja<\/a><\/li>\n<li class=\"menu-item menu-item-type-post_type menu-item-object-page menu-item-9967\"><a href=\"https:\/\/interpolavukati.com\/es\/notificacion-verde\/\" class=\"elementor-item\" tabindex=\"-1\">Notificaci\u00f3n verde<\/a><\/li>\n<\/ul>\t\t\t<\/nav>\n\t\t\t\t\t\t<\/div>\n\t\t\t\t<\/div>\n\t\t\t\t\t<\/div>\n\t\t<\/div>\n\t\t            <\/div>\n        <\/section>\n        \t\t<\/div>\n\t\t","protected":false},"excerpt":{"rendered":"<p>La difusi\u00f3n Silver es un tipo especial de difusi\u00f3n emitida por Interpol y utilizada para recopilar informaci\u00f3n relacionada con la delincuencia. Se publica para facilitar informaci\u00f3n a los organismos encargados de la aplicaci\u00f3n de la ley de todo el mundo cuando se necesita informaci\u00f3n importante sobre una persona u organizaci\u00f3n delictiva. La difusi\u00f3n plata suele [&hellip;]<\/p>\n","protected":false},"author":1,"featured_media":0,"parent":0,"menu_order":0,"comment_status":"closed","ping_status":"closed","template":"","meta":{"footnotes":""},"class_list":["post-9278","page","type-page","status-publish","hentry","kng-no-post-thumbnail"],"yoast_head":"<!-- This site is optimized with the Yoast SEO plugin v25.1 - https:\/\/yoast.com\/wordpress\/plugins\/seo\/ -->\n<title>Notificaci\u00f3n de plata - \u0130nterpol Avukat\u0131<\/title>\n<meta name=\"robots\" content=\"index, follow, max-snippet:-1, max-image-preview:large, max-video-preview:-1\" \/>\n<link rel=\"canonical\" href=\"https:\/\/interpolavukati.com\/es\/notificacion-de-plata\/\" \/>\n<meta property=\"og:locale\" content=\"es_ES\" \/>\n<meta property=\"og:type\" content=\"article\" \/>\n<meta property=\"og:title\" content=\"Notificaci\u00f3n de plata - \u0130nterpol Avukat\u0131\" \/>\n<meta property=\"og:description\" content=\"La difusi\u00f3n Silver es un tipo especial de difusi\u00f3n emitida por Interpol y utilizada para recopilar informaci\u00f3n relacionada con la delincuencia. Se publica para facilitar informaci\u00f3n a los organismos encargados de la aplicaci\u00f3n de la ley de todo el mundo cuando se necesita informaci\u00f3n importante sobre una persona u organizaci\u00f3n delictiva. La difusi\u00f3n plata suele [&hellip;]\" \/>\n<meta property=\"og:url\" content=\"https:\/\/interpolavukati.com\/es\/notificacion-de-plata\/\" \/>\n<meta property=\"og:site_name\" content=\"\u0130nterpol Avukat\u0131\" \/>\n<meta property=\"article:modified_time\" content=\"2025-06-24T13:18:52+00:00\" \/>\n<meta name=\"twitter:card\" content=\"summary_large_image\" \/>\n<meta name=\"twitter:label1\" content=\"Tiempo de lectura\" \/>\n\t<meta name=\"twitter:data1\" content=\"7 minutos\" \/>\n<script type=\"application\/ld+json\" class=\"yoast-schema-graph\">{\"@context\":\"https:\/\/schema.org\",\"@graph\":[{\"@type\":\"WebPage\",\"@id\":\"https:\/\/interpolavukati.com\/es\/notificacion-de-plata\/\",\"url\":\"https:\/\/interpolavukati.com\/es\/notificacion-de-plata\/\",\"name\":\"Notificaci\u00f3n de plata - \u0130nterpol Avukat\u0131\",\"isPartOf\":{\"@id\":\"https:\/\/interpolavukati.com\/#website\"},\"datePublished\":\"2025-05-16T11:17:27+00:00\",\"dateModified\":\"2025-06-24T13:18:52+00:00\",\"breadcrumb\":{\"@id\":\"https:\/\/interpolavukati.com\/es\/notificacion-de-plata\/#breadcrumb\"},\"inLanguage\":\"es\",\"potentialAction\":[{\"@type\":\"ReadAction\",\"target\":[\"https:\/\/interpolavukati.com\/es\/notificacion-de-plata\/\"]}]},{\"@type\":\"BreadcrumbList\",\"@id\":\"https:\/\/interpolavukati.com\/es\/notificacion-de-plata\/#breadcrumb\",\"itemListElement\":[{\"@type\":\"ListItem\",\"position\":1,\"name\":\"Anasayfa\",\"item\":\"https:\/\/interpolavukati.com\/es\/\"},{\"@type\":\"ListItem\",\"position\":2,\"name\":\"Notificaci\u00f3n de plata\"}]},{\"@type\":\"WebSite\",\"@id\":\"https:\/\/interpolavukati.com\/#website\",\"url\":\"https:\/\/interpolavukati.com\/\",\"name\":\"\u0130nterpol Avukat\u0131\",\"description\":\"\",\"publisher\":{\"@id\":\"https:\/\/interpolavukati.com\/#organization\"},\"potentialAction\":[{\"@type\":\"SearchAction\",\"target\":{\"@type\":\"EntryPoint\",\"urlTemplate\":\"https:\/\/interpolavukati.com\/?s={search_term_string}\"},\"query-input\":{\"@type\":\"PropertyValueSpecification\",\"valueRequired\":true,\"valueName\":\"search_term_string\"}}],\"inLanguage\":\"es\"},{\"@type\":\"Organization\",\"@id\":\"https:\/\/interpolavukati.com\/#organization\",\"name\":\"\u0130nterpol Avukat\u0131\",\"url\":\"https:\/\/interpolavukati.com\/\",\"logo\":{\"@type\":\"ImageObject\",\"inLanguage\":\"es\",\"@id\":\"https:\/\/interpolavukati.com\/#\/schema\/logo\/image\/\",\"url\":\"https:\/\/interpolavukati.com\/wp-content\/uploads\/2021\/11\/interpol-avukati-logo-renkli-scaled.png\",\"contentUrl\":\"https:\/\/interpolavukati.com\/wp-content\/uploads\/2021\/11\/interpol-avukati-logo-renkli-scaled.png\",\"width\":2560,\"height\":852,\"caption\":\"\u0130nterpol Avukat\u0131\"},\"image\":{\"@id\":\"https:\/\/interpolavukati.com\/#\/schema\/logo\/image\/\"}}]}<\/script>\n<!-- \/ Yoast SEO plugin. -->","yoast_head_json":{"title":"Notificaci\u00f3n de plata - \u0130nterpol Avukat\u0131","robots":{"index":"index","follow":"follow","max-snippet":"max-snippet:-1","max-image-preview":"max-image-preview:large","max-video-preview":"max-video-preview:-1"},"canonical":"https:\/\/interpolavukati.com\/es\/notificacion-de-plata\/","og_locale":"es_ES","og_type":"article","og_title":"Notificaci\u00f3n de plata - \u0130nterpol Avukat\u0131","og_description":"La difusi\u00f3n Silver es un tipo especial de difusi\u00f3n emitida por Interpol y utilizada para recopilar informaci\u00f3n relacionada con la delincuencia. Se publica para facilitar informaci\u00f3n a los organismos encargados de la aplicaci\u00f3n de la ley de todo el mundo cuando se necesita informaci\u00f3n importante sobre una persona u organizaci\u00f3n delictiva. La difusi\u00f3n plata suele [&hellip;]","og_url":"https:\/\/interpolavukati.com\/es\/notificacion-de-plata\/","og_site_name":"\u0130nterpol Avukat\u0131","article_modified_time":"2025-06-24T13:18:52+00:00","twitter_card":"summary_large_image","twitter_misc":{"Tiempo de lectura":"7 minutos"},"schema":{"@context":"https:\/\/schema.org","@graph":[{"@type":"WebPage","@id":"https:\/\/interpolavukati.com\/es\/notificacion-de-plata\/","url":"https:\/\/interpolavukati.com\/es\/notificacion-de-plata\/","name":"Notificaci\u00f3n de plata - \u0130nterpol Avukat\u0131","isPartOf":{"@id":"https:\/\/interpolavukati.com\/#website"},"datePublished":"2025-05-16T11:17:27+00:00","dateModified":"2025-06-24T13:18:52+00:00","breadcrumb":{"@id":"https:\/\/interpolavukati.com\/es\/notificacion-de-plata\/#breadcrumb"},"inLanguage":"es","potentialAction":[{"@type":"ReadAction","target":["https:\/\/interpolavukati.com\/es\/notificacion-de-plata\/"]}]},{"@type":"BreadcrumbList","@id":"https:\/\/interpolavukati.com\/es\/notificacion-de-plata\/#breadcrumb","itemListElement":[{"@type":"ListItem","position":1,"name":"Anasayfa","item":"https:\/\/interpolavukati.com\/es\/"},{"@type":"ListItem","position":2,"name":"Notificaci\u00f3n de plata"}]},{"@type":"WebSite","@id":"https:\/\/interpolavukati.com\/#website","url":"https:\/\/interpolavukati.com\/","name":"\u0130nterpol Avukat\u0131","description":"","publisher":{"@id":"https:\/\/interpolavukati.com\/#organization"},"potentialAction":[{"@type":"SearchAction","target":{"@type":"EntryPoint","urlTemplate":"https:\/\/interpolavukati.com\/?s={search_term_string}"},"query-input":{"@type":"PropertyValueSpecification","valueRequired":true,"valueName":"search_term_string"}}],"inLanguage":"es"},{"@type":"Organization","@id":"https:\/\/interpolavukati.com\/#organization","name":"\u0130nterpol Avukat\u0131","url":"https:\/\/interpolavukati.com\/","logo":{"@type":"ImageObject","inLanguage":"es","@id":"https:\/\/interpolavukati.com\/#\/schema\/logo\/image\/","url":"https:\/\/interpolavukati.com\/wp-content\/uploads\/2021\/11\/interpol-avukati-logo-renkli-scaled.png","contentUrl":"https:\/\/interpolavukati.com\/wp-content\/uploads\/2021\/11\/interpol-avukati-logo-renkli-scaled.png","width":2560,"height":852,"caption":"\u0130nterpol Avukat\u0131"},"image":{"@id":"https:\/\/interpolavukati.com\/#\/schema\/logo\/image\/"}}]}},"_links":{"self":[{"href":"https:\/\/interpolavukati.com\/es\/wp-json\/wp\/v2\/pages\/9278","targetHints":{"allow":["GET"]}}],"collection":[{"href":"https:\/\/interpolavukati.com\/es\/wp-json\/wp\/v2\/pages"}],"about":[{"href":"https:\/\/interpolavukati.com\/es\/wp-json\/wp\/v2\/types\/page"}],"author":[{"embeddable":true,"href":"https:\/\/interpolavukati.com\/es\/wp-json\/wp\/v2\/users\/1"}],"replies":[{"embeddable":true,"href":"https:\/\/interpolavukati.com\/es\/wp-json\/wp\/v2\/comments?post=9278"}],"version-history":[{"count":11,"href":"https:\/\/interpolavukati.com\/es\/wp-json\/wp\/v2\/pages\/9278\/revisions"}],"predecessor-version":[{"id":10506,"href":"https:\/\/interpolavukati.com\/es\/wp-json\/wp\/v2\/pages\/9278\/revisions\/10506"}],"wp:attachment":[{"href":"https:\/\/interpolavukati.com\/es\/wp-json\/wp\/v2\/media?parent=9278"}],"curies":[{"name":"wp","href":"https:\/\/api.w.org\/{rel}","templated":true}]}}