{"id":9284,"date":"2025-05-16T11:01:30","date_gmt":"2025-05-16T11:01:30","guid":{"rendered":"https:\/\/interpolavukati.com\/europol-defensa\/"},"modified":"2025-06-24T12:18:41","modified_gmt":"2025-06-24T12:18:41","slug":"europol-defensa","status":"publish","type":"page","link":"https:\/\/interpolavukati.com\/es\/europol-defensa\/","title":{"rendered":"Europol Defensa"},"content":{"rendered":"\t\t<div data-elementor-type=\"wp-page\" data-elementor-id=\"9284\" class=\"elementor elementor-9284 elementor-7757\" data-elementor-post-type=\"page\">\n\t\t\t\t        <section class=\"elementor-section elementor-top-section elementor-element elementor-element-5455c7f elementor-section-boxed elementor-section-height-default elementor-section-height-default kng-section-overflow-hidden-no kng-boxed-bg-false kng-section-boxed-divider-false\" data-id=\"5455c7f\" data-element_type=\"section\">\n                                             \n            <div class=\"elementor-container elementor-column-gap-default \">\n                    <div class=\"elementor-column elementor-col-50 elementor-top-column elementor-element elementor-element-187e5e9 kng-column-element-default\" data-id=\"187e5e9\" data-element_type=\"column\">\n                        <div class=\"elementor-widget-wrap elementor-element-populated\">\n                     \n            \n         \n        \t\t<div class=\"elementor-element elementor-element-6c9e08a elementor-widget elementor-widget-text-editor\" data-id=\"6c9e08a\" data-element_type=\"widget\" data-widget_type=\"text-editor.default\">\n\t\t\t\t<div class=\"elementor-widget-container\">\n\t\t\t\t\t\t\t\t\t<p><\/p>\n<p>Europol es una organizaci\u00f3n de la Uni\u00f3n Europea (UE) que lucha contra la delincuencia internacional. Europol desempe\u00f1a un papel importante en la investigaci\u00f3n de delitos y la detenci\u00f3n de delincuentes en Europa. Las \u00f3rdenes de detenci\u00f3n internacionales y las notificaciones emitidas por Europol para perseguir a delincuentes suelen ser v\u00e1lidas entre los Estados miembros de la UE. Sin embargo, en algunos casos, una orden de detenci\u00f3n o una notificaci\u00f3n de investigaci\u00f3n emitida por Europol contra una persona puede ser incorrecta. En tal caso, es de suma importancia defenderse de Europol y hacer valer las alegaciones de inocencia.    <\/p>\n<p><\/p>\n<h2 class=\"wp-block-heading\"><strong>\u00bfQu\u00e9 es Europol y qu\u00e9 hace?<\/strong><\/h2>\n<p><\/p>\n<p>Europol, la Oficina Europea de Polic\u00eda, es una organizaci\u00f3n creada para investigar y combatir la delincuencia en Europa. Europol se cre\u00f3 en 1999 y hoy coopera con todos los Estados miembros de la UE en Europa para perseguir a los delincuentes, desmantelar las organizaciones delictivas y hacer frente al tr\u00e1fico de drogas, el terrorismo, la trata de seres humanos, la ciberdelincuencia y otros delitos graves. Europol garantiza el intercambio de informaci\u00f3n entre los Estados miembros, pero no tiene competencias directas en materia de detenciones. Los Estados miembros tienen en cuenta las notificaciones y peticiones de detenci\u00f3n emitidas por Europol y adoptan las medidas necesarias.   <\/p>\n<p><\/p>\n<p>Europol no s\u00f3lo proporciona informaci\u00f3n a las organizaciones policiales nacionales, sino que tambi\u00e9n localiza a los delincuentes y ayuda en la investigaci\u00f3n de delitos a escala internacional. Esto es especialmente importante para la persecuci\u00f3n de delitos transfronterizos. Sin embargo, a veces esas notificaciones pueden ser inexactas o acusar falsamente a una persona de un delito. En tal caso, es necesario emprender acciones legales para protegerse de las falsas acusaciones y defenderse de Europol.   <\/p>\n<p><\/p>\n<h2 class=\"wp-block-heading\"><strong>Defensa Europol: Proceso y pasos legales<\/strong><\/h2>\n<p><\/p>\n<p>Llevar a cabo una defensa ante Europol es un proceso muy complejo y requiere experiencia. En este proceso, una persona inocente puede enfrentarse a una notificaci\u00f3n de detenci\u00f3n falsa o a una denuncia penal formulada por Europol. Los pasos que hay que dar para evitar la intervenci\u00f3n de Europol o para corregir las inexactitudes son los siguientes:  <\/p>\n<p><\/p>\n<ul class=\"wp-block-list\">\n<li>Asesoramiento <strong>jur\u00eddico y preparaci\u00f3n de la solicitud:<\/strong><br>En los casos en que las acusaciones o las solicitudes de detenci\u00f3n formuladas por Europol no sean v\u00e1lidas, es importante buscar asesoramiento jur\u00eddico como primer paso. Un abogado especializado examinar\u00e1 la situaci\u00f3n y reunir\u00e1 pruebas para demostrar la inocencia del cliente. Estas pruebas constituyen la base de una solicitud a Europol. El abogado eval\u00faa la situaci\u00f3n del cliente y determina la estrategia m\u00e1s eficaz para la defensa.   <\/li>\n\n<li><strong>Reunir pruebas que demuestren la inocencia:<\/strong><br>Una orden de detenci\u00f3n o una denuncia penal emitida por Europol suele basarse en una prueba concreta y una acusaci\u00f3n. El abogado debe reunir pruebas concretas de que esas pruebas son incompletas, err\u00f3neas o falsas. Estas pruebas deben ser de tal naturaleza que demuestren la inocencia del cliente e invaliden las acusaciones de Europol. La falta de pruebas y los errores pueden ser uno de los argumentos m\u00e1s s\u00f3lidos en la defensa contra Europol.   <\/li>\n\n<li><strong>Presuntas violaciones de los<\/strong> derechos humanos:<br>Las notificaciones de Europol pueden a veces violar los derechos humanos de las personas. En particular, el derecho a un juicio justo, el riesgo de tortura o de detenci\u00f3n ilegal pueden constituir motivos de peso para la defensa. Si la notificaci\u00f3n de Europol viola los derechos humanos del cliente, se pueden emprender acciones legales para demostrar la violaci\u00f3n y hacer que Europol la repare. El Tribunal Europeo de Derechos Humanos y otras organizaciones internacionales pertinentes desempe\u00f1an un papel activo en el tratamiento de las violaciones de los derechos humanos.   <\/li>\n\n<li><strong>Presentaci\u00f3n de una solicitud y debido proceso:<\/strong><br>Para defenderse de Europol, es necesario presentar una solicitud. Esta solicitud contiene argumentos s\u00f3lidos de que las notificaciones y acusaciones hechas a Europol no son v\u00e1lidas. La solicitud presenta pruebas de la inocencia del cliente y pide a Europol que levante la denuncia penal falsa. En este proceso, es importante que el abogado presente la solicitud de acuerdo con las normas y procedimientos de Europol.   <\/li>\n\n<li><strong>Derecho Internacional y Derecho de la Uni\u00f3n Europea:<\/strong><br>Dado que Europol opera dentro de la Uni\u00f3n Europea, el Derecho de la UE tambi\u00e9n debe tenerse en cuenta durante el proceso de solicitud. Las leyes de los estados miembros de la Uni\u00f3n Europea controlan las actividades y notificaciones de Europol. La defensa contra Europol debe hacerse de acuerdo con el sistema judicial de la UE. Esto garantiza que la solicitud sea v\u00e1lida y eficaz. Adem\u00e1s, el Convenio Europeo de Derechos Humanos y otras normas de derecho internacional pueden ser una base importante para la defensa.    <\/li>\n<\/ul>\n<p><\/p>\n<h2 class=\"wp-block-heading\"><strong>Selecci\u00f3n de abogados defensores de Europol<\/strong><\/h2>\n<p><\/p>\n<p>El abogado elegido para la defensa contra Europol debe tener conocimientos y experiencia en derecho internacional y estar familiarizado con el derecho de la Uni\u00f3n Europea. Demostrar que las decisiones y las notificaciones de detenci\u00f3n de Europol son incorrectas es un proceso complejo y especializado. La familiaridad del abogado con los reglamentos y procedimientos de Europol le permite defender mejor los derechos de su cliente. Adem\u00e1s, el abogado debe desarrollar las estrategias adecuadas para demostrar la inocencia y ser eficaz en la obtenci\u00f3n de pruebas.   <\/p>\n<p><\/p>\n<p>El abogado defensor de Europol debe gestionar el proceso judicial con la mejor comprensi\u00f3n de la situaci\u00f3n del cliente y presentar todas las alegaciones necesarias a su debido tiempo. Tambi\u00e9n es importante formular una estrategia para proteger los derechos humanos del cliente y gestionar el proceso judicial de la forma m\u00e1s eficaz. <\/p>\n<p><\/p>\n<p>La defensa ante Europol es un proceso jur\u00eddico complejo y requiere experiencia. El apoyo de un abogado adecuado es crucial para defenderse de las notificaciones de Europol. Es posible demostrar la inocencia de la persona y corregir las notificaciones err\u00f3neas de Europol para que se retiren los cargos contra ella. Proteger los derechos del cliente, reunir las pruebas adecuadas y seguir correctamente los procedimientos legales son cruciales en este proceso. Si necesitas defenderte de la intervenci\u00f3n de Europol, puedes ponerte en contacto con un abogado con experiencia para defender tus derechos legales.    <\/p>\n<p><\/p>\t\t\t\t\t\t\t\t<\/div>\n\t\t\t\t<\/div>\n\t\t\t\t\t<\/div>\n\t\t<\/div>\n\t\t        <div class=\"elementor-column elementor-col-50 elementor-top-column elementor-element elementor-element-d92cb1b kng-column-element-default\" data-id=\"d92cb1b\" data-element_type=\"column\">\n                        <div class=\"elementor-widget-wrap elementor-element-populated\">\n                     \n            \n         \n        \t\t<div class=\"elementor-element elementor-element-54a1367 elementor-nav-menu--dropdown-none elementor-widget elementor-widget-nav-menu\" data-id=\"54a1367\" data-element_type=\"widget\" data-settings=\"{&quot;layout&quot;:&quot;vertical&quot;,&quot;sticky&quot;:&quot;top&quot;,&quot;sticky_on&quot;:[&quot;widescreen&quot;,&quot;desktop&quot;,&quot;laptop&quot;],&quot;sticky_offset&quot;:80,&quot;sticky_parent&quot;:&quot;yes&quot;,&quot;submenu_icon&quot;:{&quot;value&quot;:&quot;&lt;svg class=\\&quot;e-font-icon-svg e-fas-caret-down\\&quot; viewBox=\\&quot;0 0 320 512\\&quot; xmlns=\\&quot;http:\\\/\\\/www.w3.org\\\/2000\\\/svg\\&quot;&gt;&lt;path d=\\&quot;M31.3 192h257.3c17.8 0 26.7 21.5 14.1 34.1L174.1 354.8c-7.8 7.8-20.5 7.8-28.3 0L17.2 226.1C4.6 213.5 13.5 192 31.3 192z\\&quot;&gt;&lt;\\\/path&gt;&lt;\\\/svg&gt;&quot;,&quot;library&quot;:&quot;fa-solid&quot;},&quot;sticky_effects_offset&quot;:0,&quot;sticky_anchor_link_offset&quot;:0}\" data-widget_type=\"nav-menu.default\">\n\t\t\t\t<div class=\"elementor-widget-container\">\n\t\t\t\t\t\t\t\t<nav aria-label=\"Menu\" class=\"elementor-nav-menu--main elementor-nav-menu__container elementor-nav-menu--layout-vertical e--pointer-underline e--animation-fade\">\n\t\t\t\t<ul id=\"menu-1-54a1367\" class=\"elementor-nav-menu sm-vertical\"><li class=\"menu-item menu-item-type-post_type menu-item-object-page menu-item-9920\"><a href=\"https:\/\/interpolavukati.com\/es\/abogado-especializado-en-la-eliminacion-de-notificaciones-rojas-de-interpol\/\" class=\"elementor-item\">Abogado especializado en la eliminaci\u00f3n de notificaciones rojas de Interpol<\/a><\/li>\n<li class=\"menu-item menu-item-type-post_type menu-item-object-page menu-item-9921\"><a href=\"https:\/\/interpolavukati.com\/es\/europol-defensa\/\" class=\"elementor-item\">Europol Defensa<\/a><\/li>\n<li class=\"menu-item menu-item-type-post_type menu-item-object-page menu-item-9922\"><a href=\"https:\/\/interpolavukati.com\/es\/notificaciones-de-interpol\/\" class=\"elementor-item\">Notificaciones de Interpol<\/a><\/li>\n<li class=\"menu-item menu-item-type-post_type menu-item-object-page menu-item-9959\"><a href=\"https:\/\/interpolavukati.com\/es\/notificacion-de-plata\/\" class=\"elementor-item\">Notificaci\u00f3n de plata<\/a><\/li>\n<li class=\"menu-item menu-item-type-post_type menu-item-object-page menu-item-9960\"><a href=\"https:\/\/interpolavukati.com\/es\/notificacion-especial-de-interpol-a-la-onu\/\" class=\"elementor-item\">Notificaci\u00f3n especial de Interpol a la ONU<\/a><\/li>\n<li class=\"menu-item menu-item-type-post_type menu-item-object-page menu-item-9961\"><a href=\"https:\/\/interpolavukati.com\/es\/aviso-rojo\/\" class=\"elementor-item\">Aviso rojo<\/a><\/li>\n<li class=\"menu-item menu-item-type-post_type menu-item-object-page menu-item-9962\"><a href=\"https:\/\/interpolavukati.com\/es\/notificacionazul\/\" class=\"elementor-item\">Notificaci\u00f3nazul<\/a><\/li>\n<li class=\"menu-item menu-item-type-post_type menu-item-object-page menu-item-9963\"><a href=\"https:\/\/interpolavukati.com\/es\/notificacion-morada\/\" class=\"elementor-item\">Notificaci\u00f3n morada<\/a><\/li>\n<li class=\"menu-item menu-item-type-post_type menu-item-object-page menu-item-9964\"><a href=\"https:\/\/interpolavukati.com\/es\/aviso-amarillo\/\" class=\"elementor-item\">Aviso amarillo<\/a><\/li>\n<li class=\"menu-item menu-item-type-post_type menu-item-object-page menu-item-9965\"><a href=\"https:\/\/interpolavukati.com\/es\/notificacion-negra\/\" class=\"elementor-item\">Notificaci\u00f3n negra<\/a><\/li>\n<li class=\"menu-item menu-item-type-post_type menu-item-object-page menu-item-9966\"><a href=\"https:\/\/interpolavukati.com\/es\/notificacion-naranja\/\" class=\"elementor-item\">Notificaci\u00f3n naranja<\/a><\/li>\n<li class=\"menu-item menu-item-type-post_type menu-item-object-page menu-item-9967\"><a href=\"https:\/\/interpolavukati.com\/es\/notificacion-verde\/\" class=\"elementor-item\">Notificaci\u00f3n verde<\/a><\/li>\n<\/ul>\t\t\t<\/nav>\n\t\t\t\t\t\t<nav class=\"elementor-nav-menu--dropdown elementor-nav-menu__container\" aria-hidden=\"true\">\n\t\t\t\t<ul id=\"menu-2-54a1367\" class=\"elementor-nav-menu sm-vertical\"><li class=\"menu-item menu-item-type-post_type menu-item-object-page menu-item-9920\"><a href=\"https:\/\/interpolavukati.com\/es\/abogado-especializado-en-la-eliminacion-de-notificaciones-rojas-de-interpol\/\" class=\"elementor-item\" tabindex=\"-1\">Abogado especializado en la eliminaci\u00f3n de notificaciones rojas de Interpol<\/a><\/li>\n<li class=\"menu-item menu-item-type-post_type menu-item-object-page menu-item-9921\"><a href=\"https:\/\/interpolavukati.com\/es\/europol-defensa\/\" class=\"elementor-item\" tabindex=\"-1\">Europol Defensa<\/a><\/li>\n<li class=\"menu-item menu-item-type-post_type menu-item-object-page menu-item-9922\"><a href=\"https:\/\/interpolavukati.com\/es\/notificaciones-de-interpol\/\" class=\"elementor-item\" tabindex=\"-1\">Notificaciones de Interpol<\/a><\/li>\n<li class=\"menu-item menu-item-type-post_type menu-item-object-page menu-item-9959\"><a href=\"https:\/\/interpolavukati.com\/es\/notificacion-de-plata\/\" class=\"elementor-item\" tabindex=\"-1\">Notificaci\u00f3n de plata<\/a><\/li>\n<li class=\"menu-item menu-item-type-post_type menu-item-object-page menu-item-9960\"><a href=\"https:\/\/interpolavukati.com\/es\/notificacion-especial-de-interpol-a-la-onu\/\" class=\"elementor-item\" tabindex=\"-1\">Notificaci\u00f3n especial de Interpol a la ONU<\/a><\/li>\n<li class=\"menu-item menu-item-type-post_type menu-item-object-page menu-item-9961\"><a href=\"https:\/\/interpolavukati.com\/es\/aviso-rojo\/\" class=\"elementor-item\" tabindex=\"-1\">Aviso rojo<\/a><\/li>\n<li class=\"menu-item menu-item-type-post_type menu-item-object-page menu-item-9962\"><a href=\"https:\/\/interpolavukati.com\/es\/notificacionazul\/\" class=\"elementor-item\" tabindex=\"-1\">Notificaci\u00f3nazul<\/a><\/li>\n<li class=\"menu-item menu-item-type-post_type menu-item-object-page menu-item-9963\"><a href=\"https:\/\/interpolavukati.com\/es\/notificacion-morada\/\" class=\"elementor-item\" tabindex=\"-1\">Notificaci\u00f3n morada<\/a><\/li>\n<li class=\"menu-item menu-item-type-post_type menu-item-object-page menu-item-9964\"><a href=\"https:\/\/interpolavukati.com\/es\/aviso-amarillo\/\" class=\"elementor-item\" tabindex=\"-1\">Aviso amarillo<\/a><\/li>\n<li class=\"menu-item menu-item-type-post_type menu-item-object-page menu-item-9965\"><a href=\"https:\/\/interpolavukati.com\/es\/notificacion-negra\/\" class=\"elementor-item\" tabindex=\"-1\">Notificaci\u00f3n negra<\/a><\/li>\n<li class=\"menu-item menu-item-type-post_type menu-item-object-page menu-item-9966\"><a href=\"https:\/\/interpolavukati.com\/es\/notificacion-naranja\/\" class=\"elementor-item\" tabindex=\"-1\">Notificaci\u00f3n naranja<\/a><\/li>\n<li class=\"menu-item menu-item-type-post_type menu-item-object-page menu-item-9967\"><a href=\"https:\/\/interpolavukati.com\/es\/notificacion-verde\/\" class=\"elementor-item\" tabindex=\"-1\">Notificaci\u00f3n verde<\/a><\/li>\n<\/ul>\t\t\t<\/nav>\n\t\t\t\t\t\t<\/div>\n\t\t\t\t<\/div>\n\t\t\t\t\t<\/div>\n\t\t<\/div>\n\t\t            <\/div>\n        <\/section>\n        \t\t<\/div>\n\t\t","protected":false},"excerpt":{"rendered":"<p>Europol es una organizaci\u00f3n de la Uni\u00f3n Europea (UE) que lucha contra la delincuencia internacional. Europol desempe\u00f1a un papel importante en la investigaci\u00f3n de delitos y la detenci\u00f3n de delincuentes en Europa. Las \u00f3rdenes de detenci\u00f3n internacionales y las notificaciones emitidas por Europol para perseguir a delincuentes suelen ser v\u00e1lidas entre los Estados miembros de [&hellip;]<\/p>\n","protected":false},"author":1,"featured_media":0,"parent":0,"menu_order":0,"comment_status":"closed","ping_status":"closed","template":"","meta":{"footnotes":""},"class_list":["post-9284","page","type-page","status-publish","hentry","kng-no-post-thumbnail"],"yoast_head":"<!-- This site is optimized with the Yoast SEO plugin v25.1 - https:\/\/yoast.com\/wordpress\/plugins\/seo\/ -->\n<title>Europol Defensa - \u0130nterpol Avukat\u0131<\/title>\n<meta name=\"robots\" content=\"index, follow, max-snippet:-1, max-image-preview:large, max-video-preview:-1\" \/>\n<link rel=\"canonical\" href=\"https:\/\/interpolavukati.com\/es\/europol-defensa\/\" \/>\n<meta property=\"og:locale\" content=\"es_ES\" \/>\n<meta property=\"og:type\" content=\"article\" \/>\n<meta property=\"og:title\" content=\"Europol Defensa - \u0130nterpol Avukat\u0131\" \/>\n<meta property=\"og:description\" content=\"Europol es una organizaci\u00f3n de la Uni\u00f3n Europea (UE) que lucha contra la delincuencia internacional. Europol desempe\u00f1a un papel importante en la investigaci\u00f3n de delitos y la detenci\u00f3n de delincuentes en Europa. Las \u00f3rdenes de detenci\u00f3n internacionales y las notificaciones emitidas por Europol para perseguir a delincuentes suelen ser v\u00e1lidas entre los Estados miembros de [&hellip;]\" \/>\n<meta property=\"og:url\" content=\"https:\/\/interpolavukati.com\/es\/europol-defensa\/\" \/>\n<meta property=\"og:site_name\" content=\"\u0130nterpol Avukat\u0131\" \/>\n<meta property=\"article:modified_time\" content=\"2025-06-24T12:18:41+00:00\" \/>\n<meta name=\"twitter:card\" content=\"summary_large_image\" \/>\n<meta name=\"twitter:label1\" content=\"Tiempo de lectura\" \/>\n\t<meta name=\"twitter:data1\" content=\"5 minutos\" \/>\n<script type=\"application\/ld+json\" class=\"yoast-schema-graph\">{\"@context\":\"https:\/\/schema.org\",\"@graph\":[{\"@type\":\"WebPage\",\"@id\":\"https:\/\/interpolavukati.com\/es\/europol-defensa\/\",\"url\":\"https:\/\/interpolavukati.com\/es\/europol-defensa\/\",\"name\":\"Europol Defensa - \u0130nterpol Avukat\u0131\",\"isPartOf\":{\"@id\":\"https:\/\/interpolavukati.com\/#website\"},\"datePublished\":\"2025-05-16T11:01:30+00:00\",\"dateModified\":\"2025-06-24T12:18:41+00:00\",\"breadcrumb\":{\"@id\":\"https:\/\/interpolavukati.com\/es\/europol-defensa\/#breadcrumb\"},\"inLanguage\":\"es\",\"potentialAction\":[{\"@type\":\"ReadAction\",\"target\":[\"https:\/\/interpolavukati.com\/es\/europol-defensa\/\"]}]},{\"@type\":\"BreadcrumbList\",\"@id\":\"https:\/\/interpolavukati.com\/es\/europol-defensa\/#breadcrumb\",\"itemListElement\":[{\"@type\":\"ListItem\",\"position\":1,\"name\":\"Anasayfa\",\"item\":\"https:\/\/interpolavukati.com\/es\/\"},{\"@type\":\"ListItem\",\"position\":2,\"name\":\"Europol Defensa\"}]},{\"@type\":\"WebSite\",\"@id\":\"https:\/\/interpolavukati.com\/#website\",\"url\":\"https:\/\/interpolavukati.com\/\",\"name\":\"\u0130nterpol Avukat\u0131\",\"description\":\"\",\"publisher\":{\"@id\":\"https:\/\/interpolavukati.com\/#organization\"},\"potentialAction\":[{\"@type\":\"SearchAction\",\"target\":{\"@type\":\"EntryPoint\",\"urlTemplate\":\"https:\/\/interpolavukati.com\/?s={search_term_string}\"},\"query-input\":{\"@type\":\"PropertyValueSpecification\",\"valueRequired\":true,\"valueName\":\"search_term_string\"}}],\"inLanguage\":\"es\"},{\"@type\":\"Organization\",\"@id\":\"https:\/\/interpolavukati.com\/#organization\",\"name\":\"\u0130nterpol Avukat\u0131\",\"url\":\"https:\/\/interpolavukati.com\/\",\"logo\":{\"@type\":\"ImageObject\",\"inLanguage\":\"es\",\"@id\":\"https:\/\/interpolavukati.com\/#\/schema\/logo\/image\/\",\"url\":\"https:\/\/interpolavukati.com\/wp-content\/uploads\/2021\/11\/interpol-avukati-logo-renkli-scaled.png\",\"contentUrl\":\"https:\/\/interpolavukati.com\/wp-content\/uploads\/2021\/11\/interpol-avukati-logo-renkli-scaled.png\",\"width\":2560,\"height\":852,\"caption\":\"\u0130nterpol Avukat\u0131\"},\"image\":{\"@id\":\"https:\/\/interpolavukati.com\/#\/schema\/logo\/image\/\"}}]}<\/script>\n<!-- \/ Yoast SEO plugin. -->","yoast_head_json":{"title":"Europol Defensa - \u0130nterpol Avukat\u0131","robots":{"index":"index","follow":"follow","max-snippet":"max-snippet:-1","max-image-preview":"max-image-preview:large","max-video-preview":"max-video-preview:-1"},"canonical":"https:\/\/interpolavukati.com\/es\/europol-defensa\/","og_locale":"es_ES","og_type":"article","og_title":"Europol Defensa - \u0130nterpol Avukat\u0131","og_description":"Europol es una organizaci\u00f3n de la Uni\u00f3n Europea (UE) que lucha contra la delincuencia internacional. Europol desempe\u00f1a un papel importante en la investigaci\u00f3n de delitos y la detenci\u00f3n de delincuentes en Europa. Las \u00f3rdenes de detenci\u00f3n internacionales y las notificaciones emitidas por Europol para perseguir a delincuentes suelen ser v\u00e1lidas entre los Estados miembros de [&hellip;]","og_url":"https:\/\/interpolavukati.com\/es\/europol-defensa\/","og_site_name":"\u0130nterpol Avukat\u0131","article_modified_time":"2025-06-24T12:18:41+00:00","twitter_card":"summary_large_image","twitter_misc":{"Tiempo de lectura":"5 minutos"},"schema":{"@context":"https:\/\/schema.org","@graph":[{"@type":"WebPage","@id":"https:\/\/interpolavukati.com\/es\/europol-defensa\/","url":"https:\/\/interpolavukati.com\/es\/europol-defensa\/","name":"Europol Defensa - \u0130nterpol Avukat\u0131","isPartOf":{"@id":"https:\/\/interpolavukati.com\/#website"},"datePublished":"2025-05-16T11:01:30+00:00","dateModified":"2025-06-24T12:18:41+00:00","breadcrumb":{"@id":"https:\/\/interpolavukati.com\/es\/europol-defensa\/#breadcrumb"},"inLanguage":"es","potentialAction":[{"@type":"ReadAction","target":["https:\/\/interpolavukati.com\/es\/europol-defensa\/"]}]},{"@type":"BreadcrumbList","@id":"https:\/\/interpolavukati.com\/es\/europol-defensa\/#breadcrumb","itemListElement":[{"@type":"ListItem","position":1,"name":"Anasayfa","item":"https:\/\/interpolavukati.com\/es\/"},{"@type":"ListItem","position":2,"name":"Europol Defensa"}]},{"@type":"WebSite","@id":"https:\/\/interpolavukati.com\/#website","url":"https:\/\/interpolavukati.com\/","name":"\u0130nterpol Avukat\u0131","description":"","publisher":{"@id":"https:\/\/interpolavukati.com\/#organization"},"potentialAction":[{"@type":"SearchAction","target":{"@type":"EntryPoint","urlTemplate":"https:\/\/interpolavukati.com\/?s={search_term_string}"},"query-input":{"@type":"PropertyValueSpecification","valueRequired":true,"valueName":"search_term_string"}}],"inLanguage":"es"},{"@type":"Organization","@id":"https:\/\/interpolavukati.com\/#organization","name":"\u0130nterpol Avukat\u0131","url":"https:\/\/interpolavukati.com\/","logo":{"@type":"ImageObject","inLanguage":"es","@id":"https:\/\/interpolavukati.com\/#\/schema\/logo\/image\/","url":"https:\/\/interpolavukati.com\/wp-content\/uploads\/2021\/11\/interpol-avukati-logo-renkli-scaled.png","contentUrl":"https:\/\/interpolavukati.com\/wp-content\/uploads\/2021\/11\/interpol-avukati-logo-renkli-scaled.png","width":2560,"height":852,"caption":"\u0130nterpol Avukat\u0131"},"image":{"@id":"https:\/\/interpolavukati.com\/#\/schema\/logo\/image\/"}}]}},"_links":{"self":[{"href":"https:\/\/interpolavukati.com\/es\/wp-json\/wp\/v2\/pages\/9284","targetHints":{"allow":["GET"]}}],"collection":[{"href":"https:\/\/interpolavukati.com\/es\/wp-json\/wp\/v2\/pages"}],"about":[{"href":"https:\/\/interpolavukati.com\/es\/wp-json\/wp\/v2\/types\/page"}],"author":[{"embeddable":true,"href":"https:\/\/interpolavukati.com\/es\/wp-json\/wp\/v2\/users\/1"}],"replies":[{"embeddable":true,"href":"https:\/\/interpolavukati.com\/es\/wp-json\/wp\/v2\/comments?post=9284"}],"version-history":[{"count":9,"href":"https:\/\/interpolavukati.com\/es\/wp-json\/wp\/v2\/pages\/9284\/revisions"}],"predecessor-version":[{"id":10215,"href":"https:\/\/interpolavukati.com\/es\/wp-json\/wp\/v2\/pages\/9284\/revisions\/10215"}],"wp:attachment":[{"href":"https:\/\/interpolavukati.com\/es\/wp-json\/wp\/v2\/media?parent=9284"}],"curies":[{"name":"wp","href":"https:\/\/api.w.org\/{rel}","templated":true}]}}