{"id":9346,"date":"2025-05-16T11:03:08","date_gmt":"2025-05-16T11:03:08","guid":{"rendered":"https:\/\/interpolavukati.com\/notificaciones-de-interpol\/"},"modified":"2025-06-24T12:20:11","modified_gmt":"2025-06-24T12:20:11","slug":"notificaciones-de-interpol","status":"publish","type":"page","link":"https:\/\/interpolavukati.com\/es\/notificaciones-de-interpol\/","title":{"rendered":"Notificaciones de Interpol"},"content":{"rendered":"\t\t<div data-elementor-type=\"wp-page\" data-elementor-id=\"9346\" class=\"elementor elementor-9346 elementor-7766\" data-elementor-post-type=\"page\">\n\t\t\t\t        <section class=\"elementor-section elementor-top-section elementor-element elementor-element-5455c7f elementor-section-boxed elementor-section-height-default elementor-section-height-default kng-section-overflow-hidden-no kng-boxed-bg-false kng-section-boxed-divider-false\" data-id=\"5455c7f\" data-element_type=\"section\">\n                                             \n            <div class=\"elementor-container elementor-column-gap-default \">\n                    <div class=\"elementor-column elementor-col-50 elementor-top-column elementor-element elementor-element-187e5e9 kng-column-element-default\" data-id=\"187e5e9\" data-element_type=\"column\">\n                        <div class=\"elementor-widget-wrap elementor-element-populated\">\n                     \n            \n         \n        \t\t<div class=\"elementor-element elementor-element-6c9e08a elementor-widget elementor-widget-text-editor\" data-id=\"6c9e08a\" data-element_type=\"widget\" data-widget_type=\"text-editor.default\">\n\t\t\t\t<div class=\"elementor-widget-container\">\n\t\t\t\t\t\t\t\t\t<p><\/p>\n<p>Las notificaciones de Interpol son herramientas importantes para localizar a los delincuentes y garantizar que se haga justicia. Interpol, la Organizaci\u00f3n Internacional de Polic\u00eda Criminal, desempe\u00f1a un papel activo en la resoluci\u00f3n de delitos en todo el mundo. Estas notificaciones se utilizan no s\u00f3lo para detener a delincuentes, sino tambi\u00e9n para encontrar a personas desaparecidas, prevenir la delincuencia transnacional y garantizar la seguridad internacional. Sin embargo, en caso de falsas notificaciones de Interpol, es necesario montar una defensa y eliminar las falsas acusaciones.   <\/p>\n<p><\/p>\n<h2 class=\"wp-block-heading\"><strong>\u00bfQu\u00e9 es una Notificaci\u00f3n de Interpol?<\/strong><\/h2>\n<p><\/p>\n<p>Las notificaciones de Interpol son avisos oficiales emitidos por organizaciones policiales internacionales para permitir el seguimiento de delincuentes o sospechosos. Estas notificaciones se utilizan en los casos en que se han presentado cargos contra una persona concreta y se la busca internacionalmente. Interpol utiliza estas notificaciones para garantizar la detenci\u00f3n de delincuentes entre los pa\u00edses miembros. Sin embargo, estas notificaciones pueden no ser siempre exactas o pueden formularse acusaciones falsas contra una persona. Aunque las notificaciones de Interpol pueden ser una herramienta importante para permitir la localizaci\u00f3n de una persona, puede ser necesario corregir las notificaciones falsas y exigir una defensa.   <\/p>\n<p><\/p>\n<h2 class=\"wp-block-heading\"><strong>Tipos de notificaci\u00f3n de Interpol<\/strong><\/h2>\n<p><\/p>\n<p>Las notificaciones de Interpol pueden ser de varios tipos y cada notificaci\u00f3n tiene una finalidad espec\u00edfica. Cada una de estas notificaciones se utiliza para hacer un seguimiento de diferentes delitos y situaciones. Los principales tipos de notificaciones de Interpol son:  <\/p>\n<p><\/p>\n<ul class=\"wp-block-list\">\n<li><strong>Difusi\u00f3n roja:<\/strong><br>La difusi\u00f3n roja es una de las notificaciones de Interpol m\u00e1s utilizadas. Una difusi\u00f3n roja solicita la detenci\u00f3n internacional de una persona por haber cometido un delito. Una notificaci\u00f3n roja se utiliza normalmente para personas acusadas de delitos graves y pide a los organismos policiales de todo el mundo que busquen a la persona. Esta notificaci\u00f3n solicita la detenci\u00f3n entre pa\u00edses, pero no es jur\u00eddicamente vinculante.   <\/li>\n\n<li><strong>Notificaci\u00f3n Azul:<\/strong><br>La Notificaci\u00f3n Azul se publica para ayudar a encontrar a personas desaparecidas. Esta notificaci\u00f3n se utiliza cuando no hay ninguna acusaci\u00f3n de que la persona haya desaparecido. La notificaci\u00f3n azul proporciona informaci\u00f3n a las organizaciones policiales para localizar a personas desaparecidas. Este tipo de notificaci\u00f3n es especialmente importante para los ni\u00f1os desaparecidos y las personas con discapacidad.   <\/li>\n\n<li><strong>Notificaci\u00f3n Verde:<\/strong><br>La Notificaci\u00f3n Verde se publica con el fin de obtener informaci\u00f3n sobre una persona relacionada con un delito. Se utiliza para recopilar y compartir informaci\u00f3n sobre delincuentes. Se publica cuando se cree que una persona est\u00e1 relacionada con un delito, aunque no haya pruebas concretas de que sea culpable. El bolet\u00edn verde se utiliza a menudo para seguir la pista de sospechosos.   <\/li>\n\n<li><strong>Aviso Naranja:<\/strong><br>El Aviso Naranja se emite para informar de sucesos o emergencias que suponen un gran peligro. Suele utilizarse para avisos urgentes sobre atentados terroristas, delitos a gran escala o actividades peligrosas. Este aviso informa a las fuerzas de seguridad de todo el mundo sobre situaciones amenazadoras y ayuda a tomar precauciones.  <\/li>\n\n<li><strong>Notificaci\u00f3n P\u00farpura:<\/strong><br>La Notificaci\u00f3n P\u00farpura se publica para identificar los m\u00e9todos utilizados por los delincuentes y las actividades de las organizaciones delictivas. Contiene informaci\u00f3n para identificar las t\u00e9cnicas, m\u00e9todos e instrumentos utilizados por los delincuentes. La Notificaci\u00f3n P\u00farpura se utiliza para comprender mejor el modus operandi de las organizaciones delictivas y de los individuos.  <\/li>\n\n<li><strong>Notificaci\u00f3n Amarilla:<\/strong><br>La Notificaci\u00f3n Amarilla se emite para encontrar a personas desaparecidas o desaparecidas por la fuerza. Se utiliza a menudo en el caso de ni\u00f1os y personas con discapacidad intelectual, y se notifica en todo el mundo para localizar a personas desaparecidas. El Aviso Amarillo es una herramienta importante para garantizar que se encuentra a las personas desaparecidas.  <\/li>\n\n<li><strong>Notificaci\u00f3n Silver:<\/strong><br>La Notificaci\u00f3n Silver se emite cuando se sospecha que una persona representa una amenaza o ha cometido un delito. Este aviso se utiliza para localizar a la persona y pide a las fuerzas de seguridad de todo el mundo que la busquen. La notificaci\u00f3n Silver se utiliza en casos especiales relacionados con delitos graves.  <\/li>\n\n<li><strong>Difusi\u00f3n especial azul de la ONU:<\/strong><br>Este tipo de difusi\u00f3n la publican conjuntamente las Naciones Unidas (ONU) e Interpol. Emitida en consonancia con determinadas medidas de seguridad de la ONU, esta notificaci\u00f3n es una herramienta para rastrear delitos internacionales y cr\u00edmenes de guerra. La notificaci\u00f3n especial de la ONU es de gran importancia para la prevenci\u00f3n de delitos que amenazan la paz internacional.  <\/li>\n<\/ul>\n<p><\/p>\n<h2 class=\"wp-block-heading\"><strong>El papel de las notificaciones de Interpol en el proceso judicial<\/strong><\/h2>\n<p><\/p>\n<p>Las notificaciones de Interpol son herramientas eficaces para ayudar a resolver delitos en todo el mundo. Sin embargo, el efecto legal de estas notificaciones var\u00eda seg\u00fan el ordenamiento jur\u00eddico de cada pa\u00eds y los procedimientos internos de Interpol. Cuando se emiten notificaciones de Interpol contra una persona, los cargos contra ella pueden ser v\u00e1lidos y la persona puede ser detenida entre pa\u00edses. Sin embargo, una notificaci\u00f3n de Interpol no es jur\u00eddicamente vinculante y est\u00e1 sujeta al marco jur\u00eddico de cada pa\u00eds.   <\/p>\n<p><\/p>\n<p>Cuando se realiza una notificaci\u00f3n de Interpol sobre una persona, es posible detenerla. Sin embargo, en algunos casos puede alegarse que estas notificaciones son falsas o inexactas. Se puede iniciar un procedimiento judicial para demostrar que la persona es inocente. En los casos en que se alegue que las notificaciones de Interpol son falsas, una persona puede solicitar la invalidaci\u00f3n de estas notificaciones con la ayuda de un abogado.   <\/p>\n<p><\/p>\n<h2 class=\"wp-block-heading\"><strong>M\u00e9todos de defensa contra las notificaciones de Interpol<\/strong><\/h2>\n<p><\/p>\n<p>Defenderse de las notificaciones de Interpol es un proceso complejo y minucioso. Una persona puede defender sus derechos legales alegando que las notificaciones sobre ella son falsas. Los m\u00e9todos a seguir en este proceso son los siguientes:  <\/p>\n<p><\/p>\n<ul class=\"wp-block-list\">\n<li><strong>La defensa de falsedad y error:<\/strong><br>Uno de los argumentos m\u00e1s s\u00f3lidos de la defensa es que las notificaciones de Interpol se hicieron por error. Se pueden presentar pruebas concretas para demostrar que las acusaciones de la notificaci\u00f3n emitida contra una persona son falsas. Tambi\u00e9n puede argumentarse que las acusaciones son incompletas o enga\u00f1osas.  <\/li>\n\n<li><strong>Violaci\u00f3n del<\/strong> derecho a un juicio justo:<br>Una persona puede alegar que se ha violado su derecho a un juicio justo. Se trata de una base s\u00f3lida para la defensa si una persona ha sido detenida o no ha recibido un trato justo en el proceso judicial. Las violaciones de los derechos humanos pueden defenderse en virtud del derecho internacional.  <\/li>\n\n<li><strong>Defensa por violaci\u00f3n de los derechos humanos:<\/strong><br>La violaci\u00f3n de los derechos humanos es otro motivo importante de defensa contra las notificaciones de Interpol. Si la detenci\u00f3n de una persona diera lugar a un trato inhumano, puede ser una estrategia eficaz para la defensa. <\/li>\n<\/ul>\n<p><\/p>\n<p>Las notificaciones de Interpol son de gran importancia para el seguimiento de delitos en todo el mundo. Sin embargo, las notificaciones falsas o las acusaciones injustificadas pueden acarrear graves problemas legales. Los tipos de notificaciones de Interpol, sus efectos jur\u00eddicos y los m\u00e9todos de defensa var\u00edan seg\u00fan el ordenamiento jur\u00eddico de cada pa\u00eds y los procedimientos internos de Interpol. Si te enfrentas a una notificaci\u00f3n de Interpol, puedes defenderte de acusaciones falsas y proteger tus derechos con asistencia jur\u00eddica.   <\/p>\n<p><\/p>\t\t\t\t\t\t\t\t<\/div>\n\t\t\t\t<\/div>\n\t\t\t\t\t<\/div>\n\t\t<\/div>\n\t\t        <div class=\"elementor-column elementor-col-50 elementor-top-column elementor-element elementor-element-d92cb1b kng-column-element-default\" data-id=\"d92cb1b\" data-element_type=\"column\">\n                        <div class=\"elementor-widget-wrap elementor-element-populated\">\n                     \n            \n         \n        \t\t<div class=\"elementor-element elementor-element-512432e elementor-nav-menu--dropdown-none elementor-widget elementor-widget-nav-menu\" data-id=\"512432e\" data-element_type=\"widget\" data-settings=\"{&quot;layout&quot;:&quot;vertical&quot;,&quot;sticky&quot;:&quot;top&quot;,&quot;sticky_on&quot;:[&quot;widescreen&quot;,&quot;desktop&quot;,&quot;laptop&quot;],&quot;sticky_offset&quot;:80,&quot;sticky_parent&quot;:&quot;yes&quot;,&quot;submenu_icon&quot;:{&quot;value&quot;:&quot;&lt;svg class=\\&quot;e-font-icon-svg e-fas-caret-down\\&quot; viewBox=\\&quot;0 0 320 512\\&quot; xmlns=\\&quot;http:\\\/\\\/www.w3.org\\\/2000\\\/svg\\&quot;&gt;&lt;path d=\\&quot;M31.3 192h257.3c17.8 0 26.7 21.5 14.1 34.1L174.1 354.8c-7.8 7.8-20.5 7.8-28.3 0L17.2 226.1C4.6 213.5 13.5 192 31.3 192z\\&quot;&gt;&lt;\\\/path&gt;&lt;\\\/svg&gt;&quot;,&quot;library&quot;:&quot;fa-solid&quot;},&quot;sticky_effects_offset&quot;:0,&quot;sticky_anchor_link_offset&quot;:0}\" data-widget_type=\"nav-menu.default\">\n\t\t\t\t<div class=\"elementor-widget-container\">\n\t\t\t\t\t\t\t\t<nav aria-label=\"Menu\" class=\"elementor-nav-menu--main elementor-nav-menu__container elementor-nav-menu--layout-vertical e--pointer-underline e--animation-fade\">\n\t\t\t\t<ul id=\"menu-1-512432e\" class=\"elementor-nav-menu sm-vertical\"><li class=\"menu-item menu-item-type-post_type menu-item-object-page menu-item-9920\"><a href=\"https:\/\/interpolavukati.com\/es\/abogado-especializado-en-la-eliminacion-de-notificaciones-rojas-de-interpol\/\" class=\"elementor-item\">Abogado especializado en la eliminaci\u00f3n de notificaciones rojas de Interpol<\/a><\/li>\n<li class=\"menu-item menu-item-type-post_type menu-item-object-page menu-item-9921\"><a href=\"https:\/\/interpolavukati.com\/es\/europol-defensa\/\" class=\"elementor-item\">Europol Defensa<\/a><\/li>\n<li class=\"menu-item menu-item-type-post_type menu-item-object-page menu-item-9922\"><a href=\"https:\/\/interpolavukati.com\/es\/notificaciones-de-interpol\/\" class=\"elementor-item\">Notificaciones de Interpol<\/a><\/li>\n<li class=\"menu-item menu-item-type-post_type menu-item-object-page menu-item-9959\"><a href=\"https:\/\/interpolavukati.com\/es\/notificacion-de-plata\/\" class=\"elementor-item\">Notificaci\u00f3n de plata<\/a><\/li>\n<li class=\"menu-item menu-item-type-post_type menu-item-object-page menu-item-9960\"><a href=\"https:\/\/interpolavukati.com\/es\/notificacion-especial-de-interpol-a-la-onu\/\" class=\"elementor-item\">Notificaci\u00f3n especial de Interpol a la ONU<\/a><\/li>\n<li class=\"menu-item menu-item-type-post_type menu-item-object-page menu-item-9961\"><a href=\"https:\/\/interpolavukati.com\/es\/aviso-rojo\/\" class=\"elementor-item\">Aviso rojo<\/a><\/li>\n<li class=\"menu-item menu-item-type-post_type menu-item-object-page menu-item-9962\"><a href=\"https:\/\/interpolavukati.com\/es\/notificacionazul\/\" class=\"elementor-item\">Notificaci\u00f3nazul<\/a><\/li>\n<li class=\"menu-item menu-item-type-post_type menu-item-object-page menu-item-9963\"><a href=\"https:\/\/interpolavukati.com\/es\/notificacion-morada\/\" class=\"elementor-item\">Notificaci\u00f3n morada<\/a><\/li>\n<li class=\"menu-item menu-item-type-post_type menu-item-object-page menu-item-9964\"><a href=\"https:\/\/interpolavukati.com\/es\/aviso-amarillo\/\" class=\"elementor-item\">Aviso amarillo<\/a><\/li>\n<li class=\"menu-item menu-item-type-post_type menu-item-object-page menu-item-9965\"><a href=\"https:\/\/interpolavukati.com\/es\/notificacion-negra\/\" class=\"elementor-item\">Notificaci\u00f3n negra<\/a><\/li>\n<li class=\"menu-item menu-item-type-post_type menu-item-object-page menu-item-9966\"><a href=\"https:\/\/interpolavukati.com\/es\/notificacion-naranja\/\" class=\"elementor-item\">Notificaci\u00f3n naranja<\/a><\/li>\n<li class=\"menu-item menu-item-type-post_type menu-item-object-page menu-item-9967\"><a href=\"https:\/\/interpolavukati.com\/es\/notificacion-verde\/\" class=\"elementor-item\">Notificaci\u00f3n verde<\/a><\/li>\n<\/ul>\t\t\t<\/nav>\n\t\t\t\t\t\t<nav class=\"elementor-nav-menu--dropdown elementor-nav-menu__container\" aria-hidden=\"true\">\n\t\t\t\t<ul id=\"menu-2-512432e\" class=\"elementor-nav-menu sm-vertical\"><li class=\"menu-item menu-item-type-post_type menu-item-object-page menu-item-9920\"><a href=\"https:\/\/interpolavukati.com\/es\/abogado-especializado-en-la-eliminacion-de-notificaciones-rojas-de-interpol\/\" class=\"elementor-item\" tabindex=\"-1\">Abogado especializado en la eliminaci\u00f3n de notificaciones rojas de Interpol<\/a><\/li>\n<li class=\"menu-item menu-item-type-post_type menu-item-object-page menu-item-9921\"><a href=\"https:\/\/interpolavukati.com\/es\/europol-defensa\/\" class=\"elementor-item\" tabindex=\"-1\">Europol Defensa<\/a><\/li>\n<li class=\"menu-item menu-item-type-post_type menu-item-object-page menu-item-9922\"><a href=\"https:\/\/interpolavukati.com\/es\/notificaciones-de-interpol\/\" class=\"elementor-item\" tabindex=\"-1\">Notificaciones de Interpol<\/a><\/li>\n<li class=\"menu-item menu-item-type-post_type menu-item-object-page menu-item-9959\"><a href=\"https:\/\/interpolavukati.com\/es\/notificacion-de-plata\/\" class=\"elementor-item\" tabindex=\"-1\">Notificaci\u00f3n de plata<\/a><\/li>\n<li class=\"menu-item menu-item-type-post_type menu-item-object-page menu-item-9960\"><a href=\"https:\/\/interpolavukati.com\/es\/notificacion-especial-de-interpol-a-la-onu\/\" class=\"elementor-item\" tabindex=\"-1\">Notificaci\u00f3n especial de Interpol a la ONU<\/a><\/li>\n<li class=\"menu-item menu-item-type-post_type menu-item-object-page menu-item-9961\"><a href=\"https:\/\/interpolavukati.com\/es\/aviso-rojo\/\" class=\"elementor-item\" tabindex=\"-1\">Aviso rojo<\/a><\/li>\n<li class=\"menu-item menu-item-type-post_type menu-item-object-page menu-item-9962\"><a href=\"https:\/\/interpolavukati.com\/es\/notificacionazul\/\" class=\"elementor-item\" tabindex=\"-1\">Notificaci\u00f3nazul<\/a><\/li>\n<li class=\"menu-item menu-item-type-post_type menu-item-object-page menu-item-9963\"><a href=\"https:\/\/interpolavukati.com\/es\/notificacion-morada\/\" class=\"elementor-item\" tabindex=\"-1\">Notificaci\u00f3n morada<\/a><\/li>\n<li class=\"menu-item menu-item-type-post_type menu-item-object-page menu-item-9964\"><a href=\"https:\/\/interpolavukati.com\/es\/aviso-amarillo\/\" class=\"elementor-item\" tabindex=\"-1\">Aviso amarillo<\/a><\/li>\n<li class=\"menu-item menu-item-type-post_type menu-item-object-page menu-item-9965\"><a href=\"https:\/\/interpolavukati.com\/es\/notificacion-negra\/\" class=\"elementor-item\" tabindex=\"-1\">Notificaci\u00f3n negra<\/a><\/li>\n<li class=\"menu-item menu-item-type-post_type menu-item-object-page menu-item-9966\"><a href=\"https:\/\/interpolavukati.com\/es\/notificacion-naranja\/\" class=\"elementor-item\" tabindex=\"-1\">Notificaci\u00f3n naranja<\/a><\/li>\n<li class=\"menu-item menu-item-type-post_type menu-item-object-page menu-item-9967\"><a href=\"https:\/\/interpolavukati.com\/es\/notificacion-verde\/\" class=\"elementor-item\" tabindex=\"-1\">Notificaci\u00f3n verde<\/a><\/li>\n<\/ul>\t\t\t<\/nav>\n\t\t\t\t\t\t<\/div>\n\t\t\t\t<\/div>\n\t\t\t\t\t<\/div>\n\t\t<\/div>\n\t\t            <\/div>\n        <\/section>\n        \t\t<\/div>\n\t\t","protected":false},"excerpt":{"rendered":"<p>Las notificaciones de Interpol son herramientas importantes para localizar a los delincuentes y garantizar que se haga justicia. Interpol, la Organizaci\u00f3n Internacional de Polic\u00eda Criminal, desempe\u00f1a un papel activo en la resoluci\u00f3n de delitos en todo el mundo. Estas notificaciones se utilizan no s\u00f3lo para detener a delincuentes, sino tambi\u00e9n para encontrar a personas desaparecidas, [&hellip;]<\/p>\n","protected":false},"author":1,"featured_media":0,"parent":0,"menu_order":0,"comment_status":"closed","ping_status":"closed","template":"","meta":{"footnotes":""},"class_list":["post-9346","page","type-page","status-publish","hentry","kng-no-post-thumbnail"],"yoast_head":"<!-- This site is optimized with the Yoast SEO plugin v25.1 - https:\/\/yoast.com\/wordpress\/plugins\/seo\/ -->\n<title>Notificaciones de Interpol - \u0130nterpol Avukat\u0131<\/title>\n<meta name=\"robots\" content=\"index, follow, max-snippet:-1, max-image-preview:large, max-video-preview:-1\" \/>\n<link rel=\"canonical\" href=\"https:\/\/interpolavukati.com\/es\/notificaciones-de-interpol\/\" \/>\n<meta property=\"og:locale\" content=\"es_ES\" \/>\n<meta property=\"og:type\" content=\"article\" \/>\n<meta property=\"og:title\" content=\"Notificaciones de Interpol - \u0130nterpol Avukat\u0131\" \/>\n<meta property=\"og:description\" content=\"Las notificaciones de Interpol son herramientas importantes para localizar a los delincuentes y garantizar que se haga justicia. Interpol, la Organizaci\u00f3n Internacional de Polic\u00eda Criminal, desempe\u00f1a un papel activo en la resoluci\u00f3n de delitos en todo el mundo. Estas notificaciones se utilizan no s\u00f3lo para detener a delincuentes, sino tambi\u00e9n para encontrar a personas desaparecidas, [&hellip;]\" \/>\n<meta property=\"og:url\" content=\"https:\/\/interpolavukati.com\/es\/notificaciones-de-interpol\/\" \/>\n<meta property=\"og:site_name\" content=\"\u0130nterpol Avukat\u0131\" \/>\n<meta property=\"article:modified_time\" content=\"2025-06-24T12:20:11+00:00\" \/>\n<meta name=\"twitter:card\" content=\"summary_large_image\" \/>\n<meta name=\"twitter:label1\" content=\"Tiempo de lectura\" \/>\n\t<meta name=\"twitter:data1\" content=\"6 minutos\" \/>\n<script type=\"application\/ld+json\" class=\"yoast-schema-graph\">{\"@context\":\"https:\/\/schema.org\",\"@graph\":[{\"@type\":\"WebPage\",\"@id\":\"https:\/\/interpolavukati.com\/es\/notificaciones-de-interpol\/\",\"url\":\"https:\/\/interpolavukati.com\/es\/notificaciones-de-interpol\/\",\"name\":\"Notificaciones de Interpol - \u0130nterpol Avukat\u0131\",\"isPartOf\":{\"@id\":\"https:\/\/interpolavukati.com\/#website\"},\"datePublished\":\"2025-05-16T11:03:08+00:00\",\"dateModified\":\"2025-06-24T12:20:11+00:00\",\"breadcrumb\":{\"@id\":\"https:\/\/interpolavukati.com\/es\/notificaciones-de-interpol\/#breadcrumb\"},\"inLanguage\":\"es\",\"potentialAction\":[{\"@type\":\"ReadAction\",\"target\":[\"https:\/\/interpolavukati.com\/es\/notificaciones-de-interpol\/\"]}]},{\"@type\":\"BreadcrumbList\",\"@id\":\"https:\/\/interpolavukati.com\/es\/notificaciones-de-interpol\/#breadcrumb\",\"itemListElement\":[{\"@type\":\"ListItem\",\"position\":1,\"name\":\"Anasayfa\",\"item\":\"https:\/\/interpolavukati.com\/es\/\"},{\"@type\":\"ListItem\",\"position\":2,\"name\":\"Notificaciones de Interpol\"}]},{\"@type\":\"WebSite\",\"@id\":\"https:\/\/interpolavukati.com\/#website\",\"url\":\"https:\/\/interpolavukati.com\/\",\"name\":\"\u0130nterpol Avukat\u0131\",\"description\":\"\",\"publisher\":{\"@id\":\"https:\/\/interpolavukati.com\/#organization\"},\"potentialAction\":[{\"@type\":\"SearchAction\",\"target\":{\"@type\":\"EntryPoint\",\"urlTemplate\":\"https:\/\/interpolavukati.com\/?s={search_term_string}\"},\"query-input\":{\"@type\":\"PropertyValueSpecification\",\"valueRequired\":true,\"valueName\":\"search_term_string\"}}],\"inLanguage\":\"es\"},{\"@type\":\"Organization\",\"@id\":\"https:\/\/interpolavukati.com\/#organization\",\"name\":\"\u0130nterpol Avukat\u0131\",\"url\":\"https:\/\/interpolavukati.com\/\",\"logo\":{\"@type\":\"ImageObject\",\"inLanguage\":\"es\",\"@id\":\"https:\/\/interpolavukati.com\/#\/schema\/logo\/image\/\",\"url\":\"https:\/\/interpolavukati.com\/wp-content\/uploads\/2021\/11\/interpol-avukati-logo-renkli-scaled.png\",\"contentUrl\":\"https:\/\/interpolavukati.com\/wp-content\/uploads\/2021\/11\/interpol-avukati-logo-renkli-scaled.png\",\"width\":2560,\"height\":852,\"caption\":\"\u0130nterpol Avukat\u0131\"},\"image\":{\"@id\":\"https:\/\/interpolavukati.com\/#\/schema\/logo\/image\/\"}}]}<\/script>\n<!-- \/ Yoast SEO plugin. -->","yoast_head_json":{"title":"Notificaciones de Interpol - \u0130nterpol Avukat\u0131","robots":{"index":"index","follow":"follow","max-snippet":"max-snippet:-1","max-image-preview":"max-image-preview:large","max-video-preview":"max-video-preview:-1"},"canonical":"https:\/\/interpolavukati.com\/es\/notificaciones-de-interpol\/","og_locale":"es_ES","og_type":"article","og_title":"Notificaciones de Interpol - \u0130nterpol Avukat\u0131","og_description":"Las notificaciones de Interpol son herramientas importantes para localizar a los delincuentes y garantizar que se haga justicia. Interpol, la Organizaci\u00f3n Internacional de Polic\u00eda Criminal, desempe\u00f1a un papel activo en la resoluci\u00f3n de delitos en todo el mundo. Estas notificaciones se utilizan no s\u00f3lo para detener a delincuentes, sino tambi\u00e9n para encontrar a personas desaparecidas, [&hellip;]","og_url":"https:\/\/interpolavukati.com\/es\/notificaciones-de-interpol\/","og_site_name":"\u0130nterpol Avukat\u0131","article_modified_time":"2025-06-24T12:20:11+00:00","twitter_card":"summary_large_image","twitter_misc":{"Tiempo de lectura":"6 minutos"},"schema":{"@context":"https:\/\/schema.org","@graph":[{"@type":"WebPage","@id":"https:\/\/interpolavukati.com\/es\/notificaciones-de-interpol\/","url":"https:\/\/interpolavukati.com\/es\/notificaciones-de-interpol\/","name":"Notificaciones de Interpol - \u0130nterpol Avukat\u0131","isPartOf":{"@id":"https:\/\/interpolavukati.com\/#website"},"datePublished":"2025-05-16T11:03:08+00:00","dateModified":"2025-06-24T12:20:11+00:00","breadcrumb":{"@id":"https:\/\/interpolavukati.com\/es\/notificaciones-de-interpol\/#breadcrumb"},"inLanguage":"es","potentialAction":[{"@type":"ReadAction","target":["https:\/\/interpolavukati.com\/es\/notificaciones-de-interpol\/"]}]},{"@type":"BreadcrumbList","@id":"https:\/\/interpolavukati.com\/es\/notificaciones-de-interpol\/#breadcrumb","itemListElement":[{"@type":"ListItem","position":1,"name":"Anasayfa","item":"https:\/\/interpolavukati.com\/es\/"},{"@type":"ListItem","position":2,"name":"Notificaciones de Interpol"}]},{"@type":"WebSite","@id":"https:\/\/interpolavukati.com\/#website","url":"https:\/\/interpolavukati.com\/","name":"\u0130nterpol Avukat\u0131","description":"","publisher":{"@id":"https:\/\/interpolavukati.com\/#organization"},"potentialAction":[{"@type":"SearchAction","target":{"@type":"EntryPoint","urlTemplate":"https:\/\/interpolavukati.com\/?s={search_term_string}"},"query-input":{"@type":"PropertyValueSpecification","valueRequired":true,"valueName":"search_term_string"}}],"inLanguage":"es"},{"@type":"Organization","@id":"https:\/\/interpolavukati.com\/#organization","name":"\u0130nterpol Avukat\u0131","url":"https:\/\/interpolavukati.com\/","logo":{"@type":"ImageObject","inLanguage":"es","@id":"https:\/\/interpolavukati.com\/#\/schema\/logo\/image\/","url":"https:\/\/interpolavukati.com\/wp-content\/uploads\/2021\/11\/interpol-avukati-logo-renkli-scaled.png","contentUrl":"https:\/\/interpolavukati.com\/wp-content\/uploads\/2021\/11\/interpol-avukati-logo-renkli-scaled.png","width":2560,"height":852,"caption":"\u0130nterpol Avukat\u0131"},"image":{"@id":"https:\/\/interpolavukati.com\/#\/schema\/logo\/image\/"}}]}},"_links":{"self":[{"href":"https:\/\/interpolavukati.com\/es\/wp-json\/wp\/v2\/pages\/9346","targetHints":{"allow":["GET"]}}],"collection":[{"href":"https:\/\/interpolavukati.com\/es\/wp-json\/wp\/v2\/pages"}],"about":[{"href":"https:\/\/interpolavukati.com\/es\/wp-json\/wp\/v2\/types\/page"}],"author":[{"embeddable":true,"href":"https:\/\/interpolavukati.com\/es\/wp-json\/wp\/v2\/users\/1"}],"replies":[{"embeddable":true,"href":"https:\/\/interpolavukati.com\/es\/wp-json\/wp\/v2\/comments?post=9346"}],"version-history":[{"count":11,"href":"https:\/\/interpolavukati.com\/es\/wp-json\/wp\/v2\/pages\/9346\/revisions"}],"predecessor-version":[{"id":10236,"href":"https:\/\/interpolavukati.com\/es\/wp-json\/wp\/v2\/pages\/9346\/revisions\/10236"}],"wp:attachment":[{"href":"https:\/\/interpolavukati.com\/es\/wp-json\/wp\/v2\/media?parent=9346"}],"curies":[{"name":"wp","href":"https:\/\/api.w.org\/{rel}","templated":true}]}}