{"id":9396,"date":"2025-05-16T11:04:51","date_gmt":"2025-05-16T11:04:51","guid":{"rendered":"https:\/\/interpolavukati.com\/aviso-rojo\/"},"modified":"2025-06-24T12:21:57","modified_gmt":"2025-06-24T12:21:57","slug":"aviso-rojo","status":"publish","type":"page","link":"https:\/\/interpolavukati.com\/es\/aviso-rojo\/","title":{"rendered":"Aviso rojo"},"content":{"rendered":"\t\t<div data-elementor-type=\"wp-page\" data-elementor-id=\"9396\" class=\"elementor elementor-9396 elementor-7771\" data-elementor-post-type=\"page\">\n\t\t\t\t        <section class=\"elementor-section elementor-top-section elementor-element elementor-element-5455c7f elementor-section-boxed elementor-section-height-default elementor-section-height-default kng-section-overflow-hidden-no kng-boxed-bg-false kng-section-boxed-divider-false\" data-id=\"5455c7f\" data-element_type=\"section\">\n                                             \n            <div class=\"elementor-container elementor-column-gap-default \">\n                    <div class=\"elementor-column elementor-col-50 elementor-top-column elementor-element elementor-element-187e5e9 kng-column-element-default\" data-id=\"187e5e9\" data-element_type=\"column\">\n                        <div class=\"elementor-widget-wrap elementor-element-populated\">\n                     \n            \n         \n        \t\t<div class=\"elementor-element elementor-element-6c9e08a elementor-widget elementor-widget-text-editor\" data-id=\"6c9e08a\" data-element_type=\"widget\" data-widget_type=\"text-editor.default\">\n\t\t\t\t<div class=\"elementor-widget-container\">\n\t\t\t\t\t\t\t\t\t<p><\/p>\n<p>La difusi\u00f3n roja es la notificaci\u00f3n m\u00e1s com\u00fan publicada por Interpol para solicitar la b\u00fasqueda internacional de una persona. Esta difusi\u00f3n se utiliza en todo el mundo para detener a personas sospechosas de delitos. Una difusi\u00f3n roja suele publicarse sobre personas acusadas de delitos graves y fomenta el intercambio de informaci\u00f3n entre organismos policiales internacionales para permitir la detenci\u00f3n de la persona relacionada con un delito concreto. Sin embargo, cuando se emite una notificaci\u00f3n roja contra una persona, hay varios factores importantes que debes conocer en relaci\u00f3n con los derechos legales y el funcionamiento del proceso. En este art\u00edculo, hablaremos de qu\u00e9 es una notificaci\u00f3n roja, cu\u00e1ndo se utiliza y c\u00f3mo es posible defenderse de ellas.    <\/p>\n<p><\/p>\n<h2 class=\"wp-block-heading\"><strong>\u00bfQu\u00e9 es una notificaci\u00f3n roja?<\/strong><\/h2>\n<p><\/p>\n<p>Una difusi\u00f3n roja es una notificaci\u00f3n emitida por Interpol en la que se solicita la detenci\u00f3n internacional de una persona concreta. Se utiliza cuando una persona es sospechosa o culpable de un delito grave y debe ser detenida. Una difusi\u00f3n roja se publica para permitir el seguimiento y la detenci\u00f3n de delincuentes entre los 195 Estados miembros de Interpol. Sin embargo, es importante se\u00f1alar que una notificaci\u00f3n roja no constituye una orden de detenci\u00f3n en un pa\u00eds. La notificaci\u00f3n s\u00f3lo incluye una solicitud de detenci\u00f3n y de b\u00fasqueda del presunto delincuente. Un pa\u00eds determina si cumple o no una notificaci\u00f3n roja seg\u00fan su ordenamiento jur\u00eddico nacional.     <\/p>\n<p><\/p>\n<p>Las notificaciones rojas se utilizan a menudo para impedir que delincuentes sospechosos o presuntos crucen las fronteras, evitar su desaparici\u00f3n y garantizar la seguridad en el \u00e1mbito internacional. Desempe\u00f1an un papel importante en la resoluci\u00f3n de delitos internacionales. Interpol publica este tipo de notificaciones s\u00f3lo en relaci\u00f3n con delitos graves. Entre ellos figuran el terrorismo, el tr\u00e1fico de drogas, la trata de seres humanos, el asesinato y otros delitos graves.   <\/p>\n<p><\/p>\n<h2 class=\"wp-block-heading\"><strong>\u00bfEn qu\u00e9 situaciones se utiliza la notificaci\u00f3n roja?<\/strong><\/h2>\n<p><\/p>\n<p>Se emite una notificaci\u00f3n roja para las personas acusadas de determinados delitos y que est\u00e1n legalmente obligadas a ser buscadas. Esta notificaci\u00f3n suele tener por objeto impedir que los sospechosos huyan a trav\u00e9s de las fronteras. Las situaciones en las que puede emitirse una notificaci\u00f3n roja son las siguientes:  <\/p>\n<p><\/p>\n<ul class=\"wp-block-list\">\n<li><strong>Delitos graves:<\/strong><br>Las notificaciones rojas suelen emitirse para personas acusadas de delitos graves como asesinato, tr\u00e1fico de drogas, terrorismo, agresi\u00f3n sexual, trata de seres humanos, tr\u00e1fico de \u00f3rganos. Estos delitos plantean graves amenazas no s\u00f3lo a nivel local, sino tambi\u00e9n internacional. Interpol utiliza las difusiones rojas para detener a delincuentes huidos implicados en tales delitos.  <\/li>\n\n<li><strong>Prevenci\u00f3n del cruce de fronteras:<\/strong><br>Una notificaci\u00f3n roja se publica para impedir que una persona huya a trav\u00e9s de fronteras internacionales. Cuando una persona de la que se piensa que es un delincuente corre el riesgo de huir cruzando a otro pa\u00eds, puede utilizarse una notificaci\u00f3n roja emitida por Interpol para expulsarla del lugar donde se encuentra. <\/li>\n\n<li><strong>Seguimiento de personas delincuentes o sospechosas:<\/strong><br>La notificaci\u00f3n roja tambi\u00e9n se utiliza para seguir a personas sospechosas o sospechosas de delitos. Contribuye a las investigaciones mundiales para determinar si la persona est\u00e1 relacionada con delitos. Estas notificaciones se utilizan para localizar y castigar a los delincuentes.  <\/li>\n<\/ul>\n<p><\/p>\n<h2 class=\"wp-block-heading\"><strong>M\u00e9todos de defensa contra la notificaci\u00f3n roja<\/strong><\/h2>\n<p><\/p>\n<p>Una notificaci\u00f3n roja es una herramienta que permite buscar a una persona a nivel internacional. Sin embargo, a veces esta notificaci\u00f3n puede hacerse por error o se puede acusar falsamente a una persona. La difusi\u00f3n de una Notificaci\u00f3n Roja puede tener graves consecuencias jur\u00eddicas. Por tanto, una persona que considere que una Notificaci\u00f3n Roja no es v\u00e1lida puede interponer diversos recursos legales para remediar la situaci\u00f3n. Las defensas ante una notificaci\u00f3n roja suelen incluir los siguientes pasos:    <\/p>\n<p><\/p>\n<ul class=\"wp-block-list\">\n<li><strong>Defensa de falsedad:<\/strong><br>A veces se emite una notificaci\u00f3n roja sobre la base de pruebas falsas o informaci\u00f3n err\u00f3nea. La persona puede solicitar asistencia jur\u00eddica para demostrar que las alegaciones son falsas o que las pruebas son incompletas. Cuando las pruebas son incompletas o inexactas, puede haber una base s\u00f3lida para levantar la notificaci\u00f3n roja.  <\/li>\n\n<li><strong>Defensa por violaci\u00f3n del derecho a<\/strong> un juicio justo:<br>Cuando se emite una notificaci\u00f3n roja, una persona puede alegar que se violar\u00e1 su derecho a un juicio justo si es detenida. \u00c9sta es una base importante para una defensa si una persona cree que no ha recibido un juicio justo o que ha sido objeto de una persecuci\u00f3n por motivos pol\u00edticos. El Tribunal Internacional de Derechos Humanos puede intervenir en presuntas violaciones del derecho a un juicio justo.  <\/li>\n\n<li><strong>Defensa contra<\/strong> violaciones de los derechos <strong>humanos:<\/strong><br>Cuando se emite una notificaci\u00f3n roja con el fin de detener a una persona, \u00e9sta puede enfrentarse a violaciones de los derechos humanos. La tortura, los malos tratos o el encarcelamiento forzoso son motivos que pueden alegarse en defensa contra una notificaci\u00f3n roja. Las violaciones de derechos humanos pueden defenderse en virtud del derecho internacional y la notificaci\u00f3n puede levantarse.  <\/li>\n\n<li><strong>Defensa contra acusaciones pol\u00edticas:<\/strong><br>Una persona puede alegar que la notificaci\u00f3n roja se emiti\u00f3 por motivos pol\u00edticos. Si una persona cree que se le acusa \u00fanicamente por motivos pol\u00edticos y no por ning\u00fan delito, puede librarse de la notificaci\u00f3n demostr\u00e1ndolo. Las acusaciones pol\u00edticas pueden ser a menudo un obst\u00e1culo para un juicio justo.  <\/li>\n<\/ul>\n<p><\/p>\n<h2 class=\"wp-block-heading\"><strong>Proceso de retirada de la notificaci\u00f3n roja<\/strong><\/h2>\n<p><\/p>\n<p>El levantamiento de una notificaci\u00f3n roja puede ser un proceso complejo y largo. La persona debe solicitar a Interpol el levantamiento de la notificaci\u00f3n roja. El proceso de solicitud suele implicar los siguientes pasos:  <\/p>\n<p><\/p>\n<ul class=\"wp-block-list\">\n<li><strong>Preparaci\u00f3n de la petici\u00f3n:<\/strong><br>La persona prepara una petici\u00f3n para el levantamiento de la notificaci\u00f3n roja. En la petici\u00f3n se afirma que las acusaciones son falsas, que faltan pruebas o que las acusaciones no son v\u00e1lidas. Se intenta demostrar que la persona es inocente.  <\/li>\n\n<li><strong>Defensa basada en el Derecho Internacional:<\/strong><br>Durante el proceso de solicitud, se esgrimen argumentos como el derecho a un juicio justo y la violaci\u00f3n de los derechos humanos. Estas defensas permiten a la persona defender sus derechos bas\u00e1ndose en el derecho internacional y en el Convenio de Derechos Humanos. <\/li>\n\n<li><strong>Cooperaci\u00f3n con Europol y otras organizaciones internacionales<\/strong>:<br>Las solicitudes se realizan en cooperaci\u00f3n con Europol y otras organizaciones internacionales pertinentes. Esto puede ayudar a completar r\u00e1pidamente el procedimiento legal para el levantamiento de la notificaci\u00f3n roja. <\/li>\n<\/ul>\n<p><\/p>\n<p>La difusi\u00f3n roja es una herramienta importante utilizada por Interpol para garantizar el seguimiento internacional de los delincuentes. Sin embargo, a veces estas notificaciones pueden emitirse por error y una persona inocente puede ser acusada falsamente. Deben darse los pasos legales correctos para defenderse de una Difusi\u00f3n Roja. Motivos como la inexactitud, la violaci\u00f3n del derecho a un juicio justo y la violaci\u00f3n de los derechos humanos pueden ser motivos para levantar una notificaci\u00f3n roja. Si te enfrentas a una notificaci\u00f3n roja, puedes defender tus derechos legales poni\u00e9ndote en contacto con un abogado experimentado    <\/p>\n<p><\/p>\t\t\t\t\t\t\t\t<\/div>\n\t\t\t\t<\/div>\n\t\t\t\t\t<\/div>\n\t\t<\/div>\n\t\t        <div class=\"elementor-column elementor-col-50 elementor-top-column elementor-element elementor-element-d92cb1b kng-column-element-default\" data-id=\"d92cb1b\" data-element_type=\"column\">\n                        <div class=\"elementor-widget-wrap elementor-element-populated\">\n                     \n            \n         \n        \t\t<div class=\"elementor-element elementor-element-d7ae277 elementor-nav-menu--dropdown-none elementor-widget elementor-widget-nav-menu\" data-id=\"d7ae277\" data-element_type=\"widget\" data-settings=\"{&quot;layout&quot;:&quot;vertical&quot;,&quot;sticky&quot;:&quot;top&quot;,&quot;sticky_on&quot;:[&quot;widescreen&quot;,&quot;desktop&quot;,&quot;laptop&quot;],&quot;sticky_offset&quot;:80,&quot;sticky_parent&quot;:&quot;yes&quot;,&quot;submenu_icon&quot;:{&quot;value&quot;:&quot;&lt;svg class=\\&quot;e-font-icon-svg e-fas-caret-down\\&quot; viewBox=\\&quot;0 0 320 512\\&quot; xmlns=\\&quot;http:\\\/\\\/www.w3.org\\\/2000\\\/svg\\&quot;&gt;&lt;path d=\\&quot;M31.3 192h257.3c17.8 0 26.7 21.5 14.1 34.1L174.1 354.8c-7.8 7.8-20.5 7.8-28.3 0L17.2 226.1C4.6 213.5 13.5 192 31.3 192z\\&quot;&gt;&lt;\\\/path&gt;&lt;\\\/svg&gt;&quot;,&quot;library&quot;:&quot;fa-solid&quot;},&quot;sticky_effects_offset&quot;:0,&quot;sticky_anchor_link_offset&quot;:0}\" data-widget_type=\"nav-menu.default\">\n\t\t\t\t<div class=\"elementor-widget-container\">\n\t\t\t\t\t\t\t\t<nav aria-label=\"Menu\" class=\"elementor-nav-menu--main elementor-nav-menu__container elementor-nav-menu--layout-vertical e--pointer-underline e--animation-fade\">\n\t\t\t\t<ul id=\"menu-1-d7ae277\" class=\"elementor-nav-menu sm-vertical\"><li class=\"menu-item menu-item-type-post_type menu-item-object-page menu-item-9920\"><a href=\"https:\/\/interpolavukati.com\/es\/abogado-especializado-en-la-eliminacion-de-notificaciones-rojas-de-interpol\/\" class=\"elementor-item\">Abogado especializado en la eliminaci\u00f3n de notificaciones rojas de Interpol<\/a><\/li>\n<li class=\"menu-item menu-item-type-post_type menu-item-object-page menu-item-9921\"><a href=\"https:\/\/interpolavukati.com\/es\/europol-defensa\/\" class=\"elementor-item\">Europol Defensa<\/a><\/li>\n<li class=\"menu-item menu-item-type-post_type menu-item-object-page menu-item-9922\"><a href=\"https:\/\/interpolavukati.com\/es\/notificaciones-de-interpol\/\" class=\"elementor-item\">Notificaciones de Interpol<\/a><\/li>\n<li class=\"menu-item menu-item-type-post_type menu-item-object-page menu-item-9959\"><a href=\"https:\/\/interpolavukati.com\/es\/notificacion-de-plata\/\" class=\"elementor-item\">Notificaci\u00f3n de plata<\/a><\/li>\n<li class=\"menu-item menu-item-type-post_type menu-item-object-page menu-item-9960\"><a href=\"https:\/\/interpolavukati.com\/es\/notificacion-especial-de-interpol-a-la-onu\/\" class=\"elementor-item\">Notificaci\u00f3n especial de Interpol a la ONU<\/a><\/li>\n<li class=\"menu-item menu-item-type-post_type menu-item-object-page menu-item-9961\"><a href=\"https:\/\/interpolavukati.com\/es\/aviso-rojo\/\" class=\"elementor-item\">Aviso rojo<\/a><\/li>\n<li class=\"menu-item menu-item-type-post_type menu-item-object-page menu-item-9962\"><a href=\"https:\/\/interpolavukati.com\/es\/notificacionazul\/\" class=\"elementor-item\">Notificaci\u00f3nazul<\/a><\/li>\n<li class=\"menu-item menu-item-type-post_type menu-item-object-page menu-item-9963\"><a href=\"https:\/\/interpolavukati.com\/es\/notificacion-morada\/\" class=\"elementor-item\">Notificaci\u00f3n morada<\/a><\/li>\n<li class=\"menu-item menu-item-type-post_type menu-item-object-page menu-item-9964\"><a href=\"https:\/\/interpolavukati.com\/es\/aviso-amarillo\/\" class=\"elementor-item\">Aviso amarillo<\/a><\/li>\n<li class=\"menu-item menu-item-type-post_type menu-item-object-page menu-item-9965\"><a href=\"https:\/\/interpolavukati.com\/es\/notificacion-negra\/\" class=\"elementor-item\">Notificaci\u00f3n negra<\/a><\/li>\n<li class=\"menu-item menu-item-type-post_type menu-item-object-page menu-item-9966\"><a href=\"https:\/\/interpolavukati.com\/es\/notificacion-naranja\/\" class=\"elementor-item\">Notificaci\u00f3n naranja<\/a><\/li>\n<li class=\"menu-item menu-item-type-post_type menu-item-object-page menu-item-9967\"><a href=\"https:\/\/interpolavukati.com\/es\/notificacion-verde\/\" class=\"elementor-item\">Notificaci\u00f3n verde<\/a><\/li>\n<\/ul>\t\t\t<\/nav>\n\t\t\t\t\t\t<nav class=\"elementor-nav-menu--dropdown elementor-nav-menu__container\" aria-hidden=\"true\">\n\t\t\t\t<ul id=\"menu-2-d7ae277\" class=\"elementor-nav-menu sm-vertical\"><li class=\"menu-item menu-item-type-post_type menu-item-object-page menu-item-9920\"><a href=\"https:\/\/interpolavukati.com\/es\/abogado-especializado-en-la-eliminacion-de-notificaciones-rojas-de-interpol\/\" class=\"elementor-item\" tabindex=\"-1\">Abogado especializado en la eliminaci\u00f3n de notificaciones rojas de Interpol<\/a><\/li>\n<li class=\"menu-item menu-item-type-post_type menu-item-object-page menu-item-9921\"><a href=\"https:\/\/interpolavukati.com\/es\/europol-defensa\/\" class=\"elementor-item\" tabindex=\"-1\">Europol Defensa<\/a><\/li>\n<li class=\"menu-item menu-item-type-post_type menu-item-object-page menu-item-9922\"><a href=\"https:\/\/interpolavukati.com\/es\/notificaciones-de-interpol\/\" class=\"elementor-item\" tabindex=\"-1\">Notificaciones de Interpol<\/a><\/li>\n<li class=\"menu-item menu-item-type-post_type menu-item-object-page menu-item-9959\"><a href=\"https:\/\/interpolavukati.com\/es\/notificacion-de-plata\/\" class=\"elementor-item\" tabindex=\"-1\">Notificaci\u00f3n de plata<\/a><\/li>\n<li class=\"menu-item menu-item-type-post_type menu-item-object-page menu-item-9960\"><a href=\"https:\/\/interpolavukati.com\/es\/notificacion-especial-de-interpol-a-la-onu\/\" class=\"elementor-item\" tabindex=\"-1\">Notificaci\u00f3n especial de Interpol a la ONU<\/a><\/li>\n<li class=\"menu-item menu-item-type-post_type menu-item-object-page menu-item-9961\"><a href=\"https:\/\/interpolavukati.com\/es\/aviso-rojo\/\" class=\"elementor-item\" tabindex=\"-1\">Aviso rojo<\/a><\/li>\n<li class=\"menu-item menu-item-type-post_type menu-item-object-page menu-item-9962\"><a href=\"https:\/\/interpolavukati.com\/es\/notificacionazul\/\" class=\"elementor-item\" tabindex=\"-1\">Notificaci\u00f3nazul<\/a><\/li>\n<li class=\"menu-item menu-item-type-post_type menu-item-object-page menu-item-9963\"><a href=\"https:\/\/interpolavukati.com\/es\/notificacion-morada\/\" class=\"elementor-item\" tabindex=\"-1\">Notificaci\u00f3n morada<\/a><\/li>\n<li class=\"menu-item menu-item-type-post_type menu-item-object-page menu-item-9964\"><a href=\"https:\/\/interpolavukati.com\/es\/aviso-amarillo\/\" class=\"elementor-item\" tabindex=\"-1\">Aviso amarillo<\/a><\/li>\n<li class=\"menu-item menu-item-type-post_type menu-item-object-page menu-item-9965\"><a href=\"https:\/\/interpolavukati.com\/es\/notificacion-negra\/\" class=\"elementor-item\" tabindex=\"-1\">Notificaci\u00f3n negra<\/a><\/li>\n<li class=\"menu-item menu-item-type-post_type menu-item-object-page menu-item-9966\"><a href=\"https:\/\/interpolavukati.com\/es\/notificacion-naranja\/\" class=\"elementor-item\" tabindex=\"-1\">Notificaci\u00f3n naranja<\/a><\/li>\n<li class=\"menu-item menu-item-type-post_type menu-item-object-page menu-item-9967\"><a href=\"https:\/\/interpolavukati.com\/es\/notificacion-verde\/\" class=\"elementor-item\" tabindex=\"-1\">Notificaci\u00f3n verde<\/a><\/li>\n<\/ul>\t\t\t<\/nav>\n\t\t\t\t\t\t<\/div>\n\t\t\t\t<\/div>\n\t\t\t\t\t<\/div>\n\t\t<\/div>\n\t\t            <\/div>\n        <\/section>\n        \t\t<\/div>\n\t\t","protected":false},"excerpt":{"rendered":"<p>La difusi\u00f3n roja es la notificaci\u00f3n m\u00e1s com\u00fan publicada por Interpol para solicitar la b\u00fasqueda internacional de una persona. Esta difusi\u00f3n se utiliza en todo el mundo para detener a personas sospechosas de delitos. Una difusi\u00f3n roja suele publicarse sobre personas acusadas de delitos graves y fomenta el intercambio de informaci\u00f3n entre organismos policiales internacionales [&hellip;]<\/p>\n","protected":false},"author":1,"featured_media":0,"parent":0,"menu_order":0,"comment_status":"closed","ping_status":"closed","template":"","meta":{"footnotes":""},"class_list":["post-9396","page","type-page","status-publish","hentry","kng-no-post-thumbnail"],"yoast_head":"<!-- This site is optimized with the Yoast SEO plugin v25.1 - https:\/\/yoast.com\/wordpress\/plugins\/seo\/ -->\n<title>Aviso rojo - \u0130nterpol Avukat\u0131<\/title>\n<meta name=\"robots\" content=\"index, follow, max-snippet:-1, max-image-preview:large, max-video-preview:-1\" \/>\n<link rel=\"canonical\" href=\"https:\/\/interpolavukati.com\/es\/aviso-rojo\/\" \/>\n<meta property=\"og:locale\" content=\"es_ES\" \/>\n<meta property=\"og:type\" content=\"article\" \/>\n<meta property=\"og:title\" content=\"Aviso rojo - \u0130nterpol Avukat\u0131\" \/>\n<meta property=\"og:description\" content=\"La difusi\u00f3n roja es la notificaci\u00f3n m\u00e1s com\u00fan publicada por Interpol para solicitar la b\u00fasqueda internacional de una persona. Esta difusi\u00f3n se utiliza en todo el mundo para detener a personas sospechosas de delitos. Una difusi\u00f3n roja suele publicarse sobre personas acusadas de delitos graves y fomenta el intercambio de informaci\u00f3n entre organismos policiales internacionales [&hellip;]\" \/>\n<meta property=\"og:url\" content=\"https:\/\/interpolavukati.com\/es\/aviso-rojo\/\" \/>\n<meta property=\"og:site_name\" content=\"\u0130nterpol Avukat\u0131\" \/>\n<meta property=\"article:modified_time\" content=\"2025-06-24T12:21:57+00:00\" \/>\n<meta name=\"twitter:card\" content=\"summary_large_image\" \/>\n<meta name=\"twitter:label1\" content=\"Tiempo de lectura\" \/>\n\t<meta name=\"twitter:data1\" content=\"6 minutos\" \/>\n<script type=\"application\/ld+json\" class=\"yoast-schema-graph\">{\"@context\":\"https:\/\/schema.org\",\"@graph\":[{\"@type\":\"WebPage\",\"@id\":\"https:\/\/interpolavukati.com\/es\/aviso-rojo\/\",\"url\":\"https:\/\/interpolavukati.com\/es\/aviso-rojo\/\",\"name\":\"Aviso rojo - \u0130nterpol Avukat\u0131\",\"isPartOf\":{\"@id\":\"https:\/\/interpolavukati.com\/#website\"},\"datePublished\":\"2025-05-16T11:04:51+00:00\",\"dateModified\":\"2025-06-24T12:21:57+00:00\",\"breadcrumb\":{\"@id\":\"https:\/\/interpolavukati.com\/es\/aviso-rojo\/#breadcrumb\"},\"inLanguage\":\"es\",\"potentialAction\":[{\"@type\":\"ReadAction\",\"target\":[\"https:\/\/interpolavukati.com\/es\/aviso-rojo\/\"]}]},{\"@type\":\"BreadcrumbList\",\"@id\":\"https:\/\/interpolavukati.com\/es\/aviso-rojo\/#breadcrumb\",\"itemListElement\":[{\"@type\":\"ListItem\",\"position\":1,\"name\":\"Anasayfa\",\"item\":\"https:\/\/interpolavukati.com\/es\/\"},{\"@type\":\"ListItem\",\"position\":2,\"name\":\"Aviso rojo\"}]},{\"@type\":\"WebSite\",\"@id\":\"https:\/\/interpolavukati.com\/#website\",\"url\":\"https:\/\/interpolavukati.com\/\",\"name\":\"\u0130nterpol Avukat\u0131\",\"description\":\"\",\"publisher\":{\"@id\":\"https:\/\/interpolavukati.com\/#organization\"},\"potentialAction\":[{\"@type\":\"SearchAction\",\"target\":{\"@type\":\"EntryPoint\",\"urlTemplate\":\"https:\/\/interpolavukati.com\/?s={search_term_string}\"},\"query-input\":{\"@type\":\"PropertyValueSpecification\",\"valueRequired\":true,\"valueName\":\"search_term_string\"}}],\"inLanguage\":\"es\"},{\"@type\":\"Organization\",\"@id\":\"https:\/\/interpolavukati.com\/#organization\",\"name\":\"\u0130nterpol Avukat\u0131\",\"url\":\"https:\/\/interpolavukati.com\/\",\"logo\":{\"@type\":\"ImageObject\",\"inLanguage\":\"es\",\"@id\":\"https:\/\/interpolavukati.com\/#\/schema\/logo\/image\/\",\"url\":\"https:\/\/interpolavukati.com\/wp-content\/uploads\/2021\/11\/interpol-avukati-logo-renkli-scaled.png\",\"contentUrl\":\"https:\/\/interpolavukati.com\/wp-content\/uploads\/2021\/11\/interpol-avukati-logo-renkli-scaled.png\",\"width\":2560,\"height\":852,\"caption\":\"\u0130nterpol Avukat\u0131\"},\"image\":{\"@id\":\"https:\/\/interpolavukati.com\/#\/schema\/logo\/image\/\"}}]}<\/script>\n<!-- \/ Yoast SEO plugin. -->","yoast_head_json":{"title":"Aviso rojo - \u0130nterpol Avukat\u0131","robots":{"index":"index","follow":"follow","max-snippet":"max-snippet:-1","max-image-preview":"max-image-preview:large","max-video-preview":"max-video-preview:-1"},"canonical":"https:\/\/interpolavukati.com\/es\/aviso-rojo\/","og_locale":"es_ES","og_type":"article","og_title":"Aviso rojo - \u0130nterpol Avukat\u0131","og_description":"La difusi\u00f3n roja es la notificaci\u00f3n m\u00e1s com\u00fan publicada por Interpol para solicitar la b\u00fasqueda internacional de una persona. Esta difusi\u00f3n se utiliza en todo el mundo para detener a personas sospechosas de delitos. Una difusi\u00f3n roja suele publicarse sobre personas acusadas de delitos graves y fomenta el intercambio de informaci\u00f3n entre organismos policiales internacionales [&hellip;]","og_url":"https:\/\/interpolavukati.com\/es\/aviso-rojo\/","og_site_name":"\u0130nterpol Avukat\u0131","article_modified_time":"2025-06-24T12:21:57+00:00","twitter_card":"summary_large_image","twitter_misc":{"Tiempo de lectura":"6 minutos"},"schema":{"@context":"https:\/\/schema.org","@graph":[{"@type":"WebPage","@id":"https:\/\/interpolavukati.com\/es\/aviso-rojo\/","url":"https:\/\/interpolavukati.com\/es\/aviso-rojo\/","name":"Aviso rojo - \u0130nterpol Avukat\u0131","isPartOf":{"@id":"https:\/\/interpolavukati.com\/#website"},"datePublished":"2025-05-16T11:04:51+00:00","dateModified":"2025-06-24T12:21:57+00:00","breadcrumb":{"@id":"https:\/\/interpolavukati.com\/es\/aviso-rojo\/#breadcrumb"},"inLanguage":"es","potentialAction":[{"@type":"ReadAction","target":["https:\/\/interpolavukati.com\/es\/aviso-rojo\/"]}]},{"@type":"BreadcrumbList","@id":"https:\/\/interpolavukati.com\/es\/aviso-rojo\/#breadcrumb","itemListElement":[{"@type":"ListItem","position":1,"name":"Anasayfa","item":"https:\/\/interpolavukati.com\/es\/"},{"@type":"ListItem","position":2,"name":"Aviso rojo"}]},{"@type":"WebSite","@id":"https:\/\/interpolavukati.com\/#website","url":"https:\/\/interpolavukati.com\/","name":"\u0130nterpol Avukat\u0131","description":"","publisher":{"@id":"https:\/\/interpolavukati.com\/#organization"},"potentialAction":[{"@type":"SearchAction","target":{"@type":"EntryPoint","urlTemplate":"https:\/\/interpolavukati.com\/?s={search_term_string}"},"query-input":{"@type":"PropertyValueSpecification","valueRequired":true,"valueName":"search_term_string"}}],"inLanguage":"es"},{"@type":"Organization","@id":"https:\/\/interpolavukati.com\/#organization","name":"\u0130nterpol Avukat\u0131","url":"https:\/\/interpolavukati.com\/","logo":{"@type":"ImageObject","inLanguage":"es","@id":"https:\/\/interpolavukati.com\/#\/schema\/logo\/image\/","url":"https:\/\/interpolavukati.com\/wp-content\/uploads\/2021\/11\/interpol-avukati-logo-renkli-scaled.png","contentUrl":"https:\/\/interpolavukati.com\/wp-content\/uploads\/2021\/11\/interpol-avukati-logo-renkli-scaled.png","width":2560,"height":852,"caption":"\u0130nterpol Avukat\u0131"},"image":{"@id":"https:\/\/interpolavukati.com\/#\/schema\/logo\/image\/"}}]}},"_links":{"self":[{"href":"https:\/\/interpolavukati.com\/es\/wp-json\/wp\/v2\/pages\/9396","targetHints":{"allow":["GET"]}}],"collection":[{"href":"https:\/\/interpolavukati.com\/es\/wp-json\/wp\/v2\/pages"}],"about":[{"href":"https:\/\/interpolavukati.com\/es\/wp-json\/wp\/v2\/types\/page"}],"author":[{"embeddable":true,"href":"https:\/\/interpolavukati.com\/es\/wp-json\/wp\/v2\/users\/1"}],"replies":[{"embeddable":true,"href":"https:\/\/interpolavukati.com\/es\/wp-json\/wp\/v2\/comments?post=9396"}],"version-history":[{"count":11,"href":"https:\/\/interpolavukati.com\/es\/wp-json\/wp\/v2\/pages\/9396\/revisions"}],"predecessor-version":[{"id":10248,"href":"https:\/\/interpolavukati.com\/es\/wp-json\/wp\/v2\/pages\/9396\/revisions\/10248"}],"wp:attachment":[{"href":"https:\/\/interpolavukati.com\/es\/wp-json\/wp\/v2\/media?parent=9396"}],"curies":[{"name":"wp","href":"https:\/\/api.w.org\/{rel}","templated":true}]}}