{"id":9436,"date":"2025-05-16T11:19:12","date_gmt":"2025-05-16T11:19:12","guid":{"rendered":"https:\/\/interpolavukati.com\/notificacion-especial-de-interpol-a-la-onu\/"},"modified":"2025-06-24T13:19:17","modified_gmt":"2025-06-24T13:19:17","slug":"notificacion-especial-de-interpol-a-la-onu","status":"publish","type":"page","link":"https:\/\/interpolavukati.com\/es\/notificacion-especial-de-interpol-a-la-onu\/","title":{"rendered":"Notificaci\u00f3n especial de Interpol a la ONU"},"content":{"rendered":"\t\t<div data-elementor-type=\"wp-page\" data-elementor-id=\"9436\" class=\"elementor elementor-9436 elementor-7826\" data-elementor-post-type=\"page\">\n\t\t\t\t        <section class=\"elementor-section elementor-top-section elementor-element elementor-element-5455c7f elementor-section-boxed elementor-section-height-default elementor-section-height-default kng-section-overflow-hidden-no kng-boxed-bg-false kng-section-boxed-divider-false\" data-id=\"5455c7f\" data-element_type=\"section\">\n                                             \n            <div class=\"elementor-container elementor-column-gap-default \">\n                    <div class=\"elementor-column elementor-col-50 elementor-top-column elementor-element elementor-element-187e5e9 kng-column-element-default\" data-id=\"187e5e9\" data-element_type=\"column\">\n                        <div class=\"elementor-widget-wrap elementor-element-populated\">\n                     \n            \n         \n        \t\t<div class=\"elementor-element elementor-element-6c9e08a elementor-widget elementor-widget-text-editor\" data-id=\"6c9e08a\" data-element_type=\"widget\" data-widget_type=\"text-editor.default\">\n\t\t\t\t<div class=\"elementor-widget-container\">\n\t\t\t\t\t\t\t\t\t<p><\/p>\n<p>The Interpol UN Special Notice represents a special notice issued jointly by the United Nations (UN) and Interpol to combat international crime. It is often used to trace individuals linked to war crimes, human rights violations and mass crimes. Cooperation between the UN and Interpol plays a critical role in ensuring global security and ensuring that criminals are brought to justice.  <\/p>\n<p><\/p>\n<h2 class=\"wp-block-heading\"><strong>\u00bfQu\u00e9 es la Notificaci\u00f3n Especial de Interpol de las Naciones Unidas?<\/strong><\/h2>\n<p><\/p>\n<p>La difusi\u00f3n especial de Interpol sobre la ONU es una difusi\u00f3n conjunta publicada por Interpol y las Naciones Unidas para permitir el seguimiento internacional de personas relacionadas con amenazas mundiales como cr\u00edmenes de guerra, genocidio, trata de seres humanos y terrorismo. En inter\u00e9s de la seguridad mundial y de la justicia internacional, la ONU, en cooperaci\u00f3n con Interpol, publica esta notificaci\u00f3n especial para seguir la pista de delincuentes y redes delictivas y, en caso necesario, llevarlos ante la justicia. <\/p>\n<p><\/p>\n<p>Esta notificaci\u00f3n se utiliza para el seguimiento internacional y la detenci\u00f3n de personas y grupos implicados en delitos internacionales, en particular los designados por las Naciones Unidas. La notificaci\u00f3n especial de Interpol para las Naciones Unidas puede utilizarse para detener a personas que hayan cometido delitos graves como cr\u00edmenes de guerra, genocidio, violaciones de los derechos humanos , etc., y pide a los organismos policiales de todo el mundo que procedan a su detenci\u00f3n. Sin embargo, estas notificaciones no son directamente vinculantes para los ordenamientos jur\u00eddicos nacionales; no obstante, se garantiza la cooperaci\u00f3n y el intercambio de informaci\u00f3n entre pa\u00edses.  <\/p>\n<p><\/p>\n<h2 class=\"wp-block-heading\"><strong>Situaciones en las que se utiliza la Notificaci\u00f3n Especial de Interpol a la ONU<\/strong><\/h2>\n<p><\/p>\n<p><br>La Notificaci\u00f3n Especial de Interpol a las Naciones Unidas se utiliza normalmente en las siguientes situaciones:<\/p>\n<p><\/p>\n<ul class=\"wp-block-list\">\n<li><strong> Cr\u00edmenes de guerra y genocidio:<\/strong><br>La notificaci\u00f3n especial deInterpol para la ONU se utiliza para el procesamiento de personas relacionadas con cr\u00edmenes de guerra y genocidio. Estos delitos son considerados graves por el derecho internacional y por las Naciones Unidas. Las personas implicadas en genocidio o cr\u00edmenes de guerra pueden ser buscadas y detenidas en todo el mundo por la ONU e Interpol.  <\/li>\n\n<li><strong>Violaciones de los derechoshumanos<\/strong>:<br>La ONU e Interpol emiten este tipo de notificaci\u00f3n para permitir la persecuci\u00f3n de delitos espec\u00edficamente relacionados con violaciones de los derechos humanos. Las violaciones de los derechos humanos pueden incluir persecuciones masivas, torturas, desapariciones for zadas, etc. El seguimiento de los delincuentes que cometen violaciones de los derechos humanos forma parte del trabajo conjunto de la ONU e Interpol.  <\/li>\n\n<li><strong>Terrorismo:<\/strong><br>El terrorismo es un delito que amenaza la seguridad mundial y la Notificaci\u00f3n Especial de la ONU de Interpol puede utilizarse para vigilar a individuos y grupos implicados en actividades terroristas. La detenci\u00f3n deterroristas es especialmente importante para garantizar la seguridad a escala internacional. Interpol y la ONU, mediante el seguimiento de estos individuos, luchan eficazmente contra el terrorismo en todo el mundo.  <\/li>\n\n<li>Redes delictivas <strong>internacionales:<\/strong><br>Las redes delictivas son grupos que operan a trav\u00e9s de las fronteras y cometen delitos a gran escala. La notificaci\u00f3n especial de Interpol para la ONU se publica para vigilar las redes delictivas y detener a los delincuentes asociados a estos grupos. Estos grupos suelen cometer delitos como la trata de seres humanos, el tr\u00e1fico de drogas y el tr\u00e1fico de armas. Las fuerzas de seguridad de todo el mundo utilizan estos informes para rastrear las redes delictivas.   <\/li>\n<\/ul>\n<p><\/p>\n<h2 class=\"wp-block-heading\"><strong>El papel de la comunicaci\u00f3n especial de la ONU sobre Interpol en el proceso judicial<\/strong><\/h2>\n<p><\/p>\n<p>La Notificaci\u00f3n Especial de la ONU de Interpol se utiliza a menudo con fines de vigilancia mundial de delincuentes y redes delictivas. Sin embargo, es importante se\u00f1alar que estas notificaciones no conducen directamente a una orden de detenci\u00f3n. La notificaci\u00f3n especial de Interpol de la ONU prev\u00e9 la b\u00fasqueda de una persona a nivel internacional , sin embargo , depende de la cooperaci\u00f3n entre pa\u00edses y de los procesos legales. Tras la publicaci\u00f3n de la notificaci\u00f3n, los pa\u00edses afectados act\u00faan de acuerdo con sus propios procedimientos legales y pueden iniciar el proceso de detenci\u00f3n o arresto de la persona.   <\/p>\n<p><\/p>\n<p>La notificaci\u00f3n especial de Interpol a la ONU es importante para garantizar la justicia internacional. Cuandolos delincuentes cometen delitos internacionales designados por la ONU, esta notificaci\u00f3n permite compartir informaci\u00f3n entre pa\u00edses. Esta notificaci\u00f3n ayuda a las fuerzas de seguridad a cooperar entre s\u00ed para detener y castigar a los delincuentes a escala internacional.  <\/p>\n<p><\/p>\n<h2 class=\"wp-block-heading\"><strong>M\u00e9todos de defensa contra la notificaci\u00f3n especial de Interpol ONU<\/strong><\/h2>\n<p><\/p>\n<p>Las difusiones especiales deInterpol para la ONU suelen publicarse contra personas relacionadas con delitos como cr\u00edmenes de guerra, genocidio, violaciones de los derechos humanos y terrorismo. Sin embargo, a veces estas difusiones pueden publicarse por error o la persona puede ser inocente. En tales casos, puede existir un medio de defensa contra una difusi\u00f3n especial de Interpol. Estas defensas pueden incluir lo siguiente:   <\/p>\n<p><\/p>\n<ul class=\"wp-block-list\">\n<li><strong>Defensa deinexactitud y error:<\/strong><br>En ocasiones, la difusi\u00f3n especialde Interpol para la ONU puede haberse publicado bas\u00e1ndose en informaci\u00f3n inexacta. Puede demostrarseque la persona no es culpable y que no tiene ninguna relaci\u00f3n con el delito. En este caso, se pueden presentar las pruebas necesarias para demostrar que las acusaciones contra la persona no son v\u00e1lidas.  <\/li>\n\n<li><br><strong>Violaci\u00f3n del derecho a un juicio justo<\/strong>:<br>Cuandouna persona es objeto de acusaciones a trav\u00e9s de una Comunicaci\u00f3n Especial de la ONU, puede cuestionarse si se ha violado su derecho a un juicio justo. Si la persona alega que los cargos tienen una motivaci\u00f3n pol\u00edtica y que no ha recibido un juicio justo , puede plantearlo como defensa. <\/li>\n\n<li><strong>Defensa por violaci\u00f3n de los derechoshumanos<\/strong>:<br>Puede haber situaciones en las queuna persona crea que sufrir\u00e1 violaciones de los derechos humanos en relaci\u00f3n con los cargos que se le imputan. Esto puede constituir una s\u00f3lida justificaci\u00f3n para la defensa , especialmente cuando es probable que la persona sea detenida arbitrariamente o sometida a tortura. Las violaciones de los derechos humanos son objeto de escrutinio por parte de la ONU e Interpol.  <\/li>\n<\/ul>\n<p><\/p>\n<p>La comunicaci\u00f3n especial de Interpol sobre la ONU es una herramienta esencial publicada en cooperaci\u00f3n entre Interpol y las Naciones Unidas para resolver delitos internacionales y llevar a los delincuentes ante la justicia. Se utiliza, en particular, para localizar a personas relacionadas con amenazas mundiales como cr\u00edmenes de guerra, genocidio, violaciones de los derechos humanos y terrorismo. Sin embargo, a veces estas notificaciones pueden realizarse por error o dirigirse contra una persona inocente. Entales casos, es posible defenderse de una Notificaci\u00f3n Especial de la ONU de Interpol utilizando los m\u00e9todos de defensa jur\u00eddica adecuados. Si una persona se enfrenta a una notificaci\u00f3n de este tipo, es posible deshacerse de ella tomando las medidas legales adecuadas.    <\/p>\n<p><\/p>\n<p><\/p>\n<p><\/p>\n<p><\/p>\n<p><\/p>\n<p><\/p>\n<p><\/p>\n<p><\/p>\t\t\t\t\t\t\t\t<\/div>\n\t\t\t\t<\/div>\n\t\t\t\t\t<\/div>\n\t\t<\/div>\n\t\t        <div class=\"elementor-column elementor-col-50 elementor-top-column elementor-element elementor-element-d92cb1b kng-column-element-default\" data-id=\"d92cb1b\" data-element_type=\"column\">\n                        <div class=\"elementor-widget-wrap elementor-element-populated\">\n                     \n            \n         \n        \t\t<div class=\"elementor-element elementor-element-26aad7a elementor-nav-menu--dropdown-none elementor-widget elementor-widget-nav-menu\" data-id=\"26aad7a\" data-element_type=\"widget\" data-settings=\"{&quot;layout&quot;:&quot;vertical&quot;,&quot;sticky&quot;:&quot;top&quot;,&quot;sticky_on&quot;:[&quot;widescreen&quot;,&quot;desktop&quot;,&quot;laptop&quot;],&quot;sticky_offset&quot;:80,&quot;sticky_parent&quot;:&quot;yes&quot;,&quot;submenu_icon&quot;:{&quot;value&quot;:&quot;&lt;svg class=\\&quot;e-font-icon-svg e-fas-caret-down\\&quot; viewBox=\\&quot;0 0 320 512\\&quot; xmlns=\\&quot;http:\\\/\\\/www.w3.org\\\/2000\\\/svg\\&quot;&gt;&lt;path d=\\&quot;M31.3 192h257.3c17.8 0 26.7 21.5 14.1 34.1L174.1 354.8c-7.8 7.8-20.5 7.8-28.3 0L17.2 226.1C4.6 213.5 13.5 192 31.3 192z\\&quot;&gt;&lt;\\\/path&gt;&lt;\\\/svg&gt;&quot;,&quot;library&quot;:&quot;fa-solid&quot;},&quot;sticky_effects_offset&quot;:0,&quot;sticky_anchor_link_offset&quot;:0}\" data-widget_type=\"nav-menu.default\">\n\t\t\t\t<div class=\"elementor-widget-container\">\n\t\t\t\t\t\t\t\t<nav aria-label=\"Menu\" class=\"elementor-nav-menu--main elementor-nav-menu__container elementor-nav-menu--layout-vertical e--pointer-underline e--animation-fade\">\n\t\t\t\t<ul id=\"menu-1-26aad7a\" class=\"elementor-nav-menu sm-vertical\"><li class=\"menu-item menu-item-type-post_type menu-item-object-page menu-item-9920\"><a href=\"https:\/\/interpolavukati.com\/es\/abogado-especializado-en-la-eliminacion-de-notificaciones-rojas-de-interpol\/\" class=\"elementor-item\">Abogado especializado en la eliminaci\u00f3n de notificaciones rojas de Interpol<\/a><\/li>\n<li class=\"menu-item menu-item-type-post_type menu-item-object-page menu-item-9921\"><a href=\"https:\/\/interpolavukati.com\/es\/europol-defensa\/\" class=\"elementor-item\">Europol Defensa<\/a><\/li>\n<li class=\"menu-item menu-item-type-post_type menu-item-object-page menu-item-9922\"><a href=\"https:\/\/interpolavukati.com\/es\/notificaciones-de-interpol\/\" class=\"elementor-item\">Notificaciones de Interpol<\/a><\/li>\n<li class=\"menu-item menu-item-type-post_type menu-item-object-page menu-item-9959\"><a href=\"https:\/\/interpolavukati.com\/es\/notificacion-de-plata\/\" class=\"elementor-item\">Notificaci\u00f3n de plata<\/a><\/li>\n<li class=\"menu-item menu-item-type-post_type menu-item-object-page menu-item-9960\"><a href=\"https:\/\/interpolavukati.com\/es\/notificacion-especial-de-interpol-a-la-onu\/\" class=\"elementor-item\">Notificaci\u00f3n especial de Interpol a la ONU<\/a><\/li>\n<li class=\"menu-item menu-item-type-post_type menu-item-object-page menu-item-9961\"><a href=\"https:\/\/interpolavukati.com\/es\/aviso-rojo\/\" class=\"elementor-item\">Aviso rojo<\/a><\/li>\n<li class=\"menu-item menu-item-type-post_type menu-item-object-page menu-item-9962\"><a href=\"https:\/\/interpolavukati.com\/es\/notificacionazul\/\" class=\"elementor-item\">Notificaci\u00f3nazul<\/a><\/li>\n<li class=\"menu-item menu-item-type-post_type menu-item-object-page menu-item-9963\"><a href=\"https:\/\/interpolavukati.com\/es\/notificacion-morada\/\" class=\"elementor-item\">Notificaci\u00f3n morada<\/a><\/li>\n<li class=\"menu-item menu-item-type-post_type menu-item-object-page menu-item-9964\"><a href=\"https:\/\/interpolavukati.com\/es\/aviso-amarillo\/\" class=\"elementor-item\">Aviso amarillo<\/a><\/li>\n<li class=\"menu-item menu-item-type-post_type menu-item-object-page menu-item-9965\"><a href=\"https:\/\/interpolavukati.com\/es\/notificacion-negra\/\" class=\"elementor-item\">Notificaci\u00f3n negra<\/a><\/li>\n<li class=\"menu-item menu-item-type-post_type menu-item-object-page menu-item-9966\"><a href=\"https:\/\/interpolavukati.com\/es\/notificacion-naranja\/\" class=\"elementor-item\">Notificaci\u00f3n naranja<\/a><\/li>\n<li class=\"menu-item menu-item-type-post_type menu-item-object-page menu-item-9967\"><a href=\"https:\/\/interpolavukati.com\/es\/notificacion-verde\/\" class=\"elementor-item\">Notificaci\u00f3n verde<\/a><\/li>\n<\/ul>\t\t\t<\/nav>\n\t\t\t\t\t\t<nav class=\"elementor-nav-menu--dropdown elementor-nav-menu__container\" aria-hidden=\"true\">\n\t\t\t\t<ul id=\"menu-2-26aad7a\" class=\"elementor-nav-menu sm-vertical\"><li class=\"menu-item menu-item-type-post_type menu-item-object-page menu-item-9920\"><a href=\"https:\/\/interpolavukati.com\/es\/abogado-especializado-en-la-eliminacion-de-notificaciones-rojas-de-interpol\/\" class=\"elementor-item\" tabindex=\"-1\">Abogado especializado en la eliminaci\u00f3n de notificaciones rojas de Interpol<\/a><\/li>\n<li class=\"menu-item menu-item-type-post_type menu-item-object-page menu-item-9921\"><a href=\"https:\/\/interpolavukati.com\/es\/europol-defensa\/\" class=\"elementor-item\" tabindex=\"-1\">Europol Defensa<\/a><\/li>\n<li class=\"menu-item menu-item-type-post_type menu-item-object-page menu-item-9922\"><a href=\"https:\/\/interpolavukati.com\/es\/notificaciones-de-interpol\/\" class=\"elementor-item\" tabindex=\"-1\">Notificaciones de Interpol<\/a><\/li>\n<li class=\"menu-item menu-item-type-post_type menu-item-object-page menu-item-9959\"><a href=\"https:\/\/interpolavukati.com\/es\/notificacion-de-plata\/\" class=\"elementor-item\" tabindex=\"-1\">Notificaci\u00f3n de plata<\/a><\/li>\n<li class=\"menu-item menu-item-type-post_type menu-item-object-page menu-item-9960\"><a href=\"https:\/\/interpolavukati.com\/es\/notificacion-especial-de-interpol-a-la-onu\/\" class=\"elementor-item\" tabindex=\"-1\">Notificaci\u00f3n especial de Interpol a la ONU<\/a><\/li>\n<li class=\"menu-item menu-item-type-post_type menu-item-object-page menu-item-9961\"><a href=\"https:\/\/interpolavukati.com\/es\/aviso-rojo\/\" class=\"elementor-item\" tabindex=\"-1\">Aviso rojo<\/a><\/li>\n<li class=\"menu-item menu-item-type-post_type menu-item-object-page menu-item-9962\"><a href=\"https:\/\/interpolavukati.com\/es\/notificacionazul\/\" class=\"elementor-item\" tabindex=\"-1\">Notificaci\u00f3nazul<\/a><\/li>\n<li class=\"menu-item menu-item-type-post_type menu-item-object-page menu-item-9963\"><a href=\"https:\/\/interpolavukati.com\/es\/notificacion-morada\/\" class=\"elementor-item\" tabindex=\"-1\">Notificaci\u00f3n morada<\/a><\/li>\n<li class=\"menu-item menu-item-type-post_type menu-item-object-page menu-item-9964\"><a href=\"https:\/\/interpolavukati.com\/es\/aviso-amarillo\/\" class=\"elementor-item\" tabindex=\"-1\">Aviso amarillo<\/a><\/li>\n<li class=\"menu-item menu-item-type-post_type menu-item-object-page menu-item-9965\"><a href=\"https:\/\/interpolavukati.com\/es\/notificacion-negra\/\" class=\"elementor-item\" tabindex=\"-1\">Notificaci\u00f3n negra<\/a><\/li>\n<li class=\"menu-item menu-item-type-post_type menu-item-object-page menu-item-9966\"><a href=\"https:\/\/interpolavukati.com\/es\/notificacion-naranja\/\" class=\"elementor-item\" tabindex=\"-1\">Notificaci\u00f3n naranja<\/a><\/li>\n<li class=\"menu-item menu-item-type-post_type menu-item-object-page menu-item-9967\"><a href=\"https:\/\/interpolavukati.com\/es\/notificacion-verde\/\" class=\"elementor-item\" tabindex=\"-1\">Notificaci\u00f3n verde<\/a><\/li>\n<\/ul>\t\t\t<\/nav>\n\t\t\t\t\t\t<\/div>\n\t\t\t\t<\/div>\n\t\t\t\t\t<\/div>\n\t\t<\/div>\n\t\t            <\/div>\n        <\/section>\n        \t\t<\/div>\n\t\t","protected":false},"excerpt":{"rendered":"<p>The Interpol UN Special Notice represents a special notice issued jointly by the United Nations (UN) and Interpol to combat international crime. It is often used to trace individuals linked to war crimes, human rights violations and mass crimes. Cooperation between the UN and Interpol plays a critical role in ensuring global security and ensuring [&hellip;]<\/p>\n","protected":false},"author":1,"featured_media":0,"parent":0,"menu_order":0,"comment_status":"closed","ping_status":"closed","template":"","meta":{"footnotes":""},"class_list":["post-9436","page","type-page","status-publish","hentry","kng-no-post-thumbnail"],"yoast_head":"<!-- This site is optimized with the Yoast SEO plugin v25.1 - https:\/\/yoast.com\/wordpress\/plugins\/seo\/ -->\n<title>Notificaci\u00f3n especial de Interpol a la ONU - \u0130nterpol Avukat\u0131<\/title>\n<meta name=\"robots\" content=\"index, follow, max-snippet:-1, max-image-preview:large, max-video-preview:-1\" \/>\n<link rel=\"canonical\" href=\"https:\/\/interpolavukati.com\/es\/notificacion-especial-de-interpol-a-la-onu\/\" \/>\n<meta property=\"og:locale\" content=\"es_ES\" \/>\n<meta property=\"og:type\" content=\"article\" \/>\n<meta property=\"og:title\" content=\"Notificaci\u00f3n especial de Interpol a la ONU - \u0130nterpol Avukat\u0131\" \/>\n<meta property=\"og:description\" content=\"The Interpol UN Special Notice represents a special notice issued jointly by the United Nations (UN) and Interpol to combat international crime. It is often used to trace individuals linked to war crimes, human rights violations and mass crimes. Cooperation between the UN and Interpol plays a critical role in ensuring global security and ensuring [&hellip;]\" \/>\n<meta property=\"og:url\" content=\"https:\/\/interpolavukati.com\/es\/notificacion-especial-de-interpol-a-la-onu\/\" \/>\n<meta property=\"og:site_name\" content=\"\u0130nterpol Avukat\u0131\" \/>\n<meta property=\"article:modified_time\" content=\"2025-06-24T13:19:17+00:00\" \/>\n<meta name=\"twitter:card\" content=\"summary_large_image\" \/>\n<meta name=\"twitter:label1\" content=\"Tiempo de lectura\" \/>\n\t<meta name=\"twitter:data1\" content=\"7 minutos\" \/>\n<script type=\"application\/ld+json\" class=\"yoast-schema-graph\">{\"@context\":\"https:\/\/schema.org\",\"@graph\":[{\"@type\":\"WebPage\",\"@id\":\"https:\/\/interpolavukati.com\/es\/notificacion-especial-de-interpol-a-la-onu\/\",\"url\":\"https:\/\/interpolavukati.com\/es\/notificacion-especial-de-interpol-a-la-onu\/\",\"name\":\"Notificaci\u00f3n especial de Interpol a la ONU - \u0130nterpol Avukat\u0131\",\"isPartOf\":{\"@id\":\"https:\/\/interpolavukati.com\/#website\"},\"datePublished\":\"2025-05-16T11:19:12+00:00\",\"dateModified\":\"2025-06-24T13:19:17+00:00\",\"breadcrumb\":{\"@id\":\"https:\/\/interpolavukati.com\/es\/notificacion-especial-de-interpol-a-la-onu\/#breadcrumb\"},\"inLanguage\":\"es\",\"potentialAction\":[{\"@type\":\"ReadAction\",\"target\":[\"https:\/\/interpolavukati.com\/es\/notificacion-especial-de-interpol-a-la-onu\/\"]}]},{\"@type\":\"BreadcrumbList\",\"@id\":\"https:\/\/interpolavukati.com\/es\/notificacion-especial-de-interpol-a-la-onu\/#breadcrumb\",\"itemListElement\":[{\"@type\":\"ListItem\",\"position\":1,\"name\":\"Anasayfa\",\"item\":\"https:\/\/interpolavukati.com\/es\/\"},{\"@type\":\"ListItem\",\"position\":2,\"name\":\"Notificaci\u00f3n especial de Interpol a la ONU\"}]},{\"@type\":\"WebSite\",\"@id\":\"https:\/\/interpolavukati.com\/#website\",\"url\":\"https:\/\/interpolavukati.com\/\",\"name\":\"\u0130nterpol Avukat\u0131\",\"description\":\"\",\"publisher\":{\"@id\":\"https:\/\/interpolavukati.com\/#organization\"},\"potentialAction\":[{\"@type\":\"SearchAction\",\"target\":{\"@type\":\"EntryPoint\",\"urlTemplate\":\"https:\/\/interpolavukati.com\/?s={search_term_string}\"},\"query-input\":{\"@type\":\"PropertyValueSpecification\",\"valueRequired\":true,\"valueName\":\"search_term_string\"}}],\"inLanguage\":\"es\"},{\"@type\":\"Organization\",\"@id\":\"https:\/\/interpolavukati.com\/#organization\",\"name\":\"\u0130nterpol Avukat\u0131\",\"url\":\"https:\/\/interpolavukati.com\/\",\"logo\":{\"@type\":\"ImageObject\",\"inLanguage\":\"es\",\"@id\":\"https:\/\/interpolavukati.com\/#\/schema\/logo\/image\/\",\"url\":\"https:\/\/interpolavukati.com\/wp-content\/uploads\/2021\/11\/interpol-avukati-logo-renkli-scaled.png\",\"contentUrl\":\"https:\/\/interpolavukati.com\/wp-content\/uploads\/2021\/11\/interpol-avukati-logo-renkli-scaled.png\",\"width\":2560,\"height\":852,\"caption\":\"\u0130nterpol Avukat\u0131\"},\"image\":{\"@id\":\"https:\/\/interpolavukati.com\/#\/schema\/logo\/image\/\"}}]}<\/script>\n<!-- \/ Yoast SEO plugin. -->","yoast_head_json":{"title":"Notificaci\u00f3n especial de Interpol a la ONU - \u0130nterpol Avukat\u0131","robots":{"index":"index","follow":"follow","max-snippet":"max-snippet:-1","max-image-preview":"max-image-preview:large","max-video-preview":"max-video-preview:-1"},"canonical":"https:\/\/interpolavukati.com\/es\/notificacion-especial-de-interpol-a-la-onu\/","og_locale":"es_ES","og_type":"article","og_title":"Notificaci\u00f3n especial de Interpol a la ONU - \u0130nterpol Avukat\u0131","og_description":"The Interpol UN Special Notice represents a special notice issued jointly by the United Nations (UN) and Interpol to combat international crime. It is often used to trace individuals linked to war crimes, human rights violations and mass crimes. Cooperation between the UN and Interpol plays a critical role in ensuring global security and ensuring [&hellip;]","og_url":"https:\/\/interpolavukati.com\/es\/notificacion-especial-de-interpol-a-la-onu\/","og_site_name":"\u0130nterpol Avukat\u0131","article_modified_time":"2025-06-24T13:19:17+00:00","twitter_card":"summary_large_image","twitter_misc":{"Tiempo de lectura":"7 minutos"},"schema":{"@context":"https:\/\/schema.org","@graph":[{"@type":"WebPage","@id":"https:\/\/interpolavukati.com\/es\/notificacion-especial-de-interpol-a-la-onu\/","url":"https:\/\/interpolavukati.com\/es\/notificacion-especial-de-interpol-a-la-onu\/","name":"Notificaci\u00f3n especial de Interpol a la ONU - \u0130nterpol Avukat\u0131","isPartOf":{"@id":"https:\/\/interpolavukati.com\/#website"},"datePublished":"2025-05-16T11:19:12+00:00","dateModified":"2025-06-24T13:19:17+00:00","breadcrumb":{"@id":"https:\/\/interpolavukati.com\/es\/notificacion-especial-de-interpol-a-la-onu\/#breadcrumb"},"inLanguage":"es","potentialAction":[{"@type":"ReadAction","target":["https:\/\/interpolavukati.com\/es\/notificacion-especial-de-interpol-a-la-onu\/"]}]},{"@type":"BreadcrumbList","@id":"https:\/\/interpolavukati.com\/es\/notificacion-especial-de-interpol-a-la-onu\/#breadcrumb","itemListElement":[{"@type":"ListItem","position":1,"name":"Anasayfa","item":"https:\/\/interpolavukati.com\/es\/"},{"@type":"ListItem","position":2,"name":"Notificaci\u00f3n especial de Interpol a la ONU"}]},{"@type":"WebSite","@id":"https:\/\/interpolavukati.com\/#website","url":"https:\/\/interpolavukati.com\/","name":"\u0130nterpol Avukat\u0131","description":"","publisher":{"@id":"https:\/\/interpolavukati.com\/#organization"},"potentialAction":[{"@type":"SearchAction","target":{"@type":"EntryPoint","urlTemplate":"https:\/\/interpolavukati.com\/?s={search_term_string}"},"query-input":{"@type":"PropertyValueSpecification","valueRequired":true,"valueName":"search_term_string"}}],"inLanguage":"es"},{"@type":"Organization","@id":"https:\/\/interpolavukati.com\/#organization","name":"\u0130nterpol Avukat\u0131","url":"https:\/\/interpolavukati.com\/","logo":{"@type":"ImageObject","inLanguage":"es","@id":"https:\/\/interpolavukati.com\/#\/schema\/logo\/image\/","url":"https:\/\/interpolavukati.com\/wp-content\/uploads\/2021\/11\/interpol-avukati-logo-renkli-scaled.png","contentUrl":"https:\/\/interpolavukati.com\/wp-content\/uploads\/2021\/11\/interpol-avukati-logo-renkli-scaled.png","width":2560,"height":852,"caption":"\u0130nterpol Avukat\u0131"},"image":{"@id":"https:\/\/interpolavukati.com\/#\/schema\/logo\/image\/"}}]}},"_links":{"self":[{"href":"https:\/\/interpolavukati.com\/es\/wp-json\/wp\/v2\/pages\/9436","targetHints":{"allow":["GET"]}}],"collection":[{"href":"https:\/\/interpolavukati.com\/es\/wp-json\/wp\/v2\/pages"}],"about":[{"href":"https:\/\/interpolavukati.com\/es\/wp-json\/wp\/v2\/types\/page"}],"author":[{"embeddable":true,"href":"https:\/\/interpolavukati.com\/es\/wp-json\/wp\/v2\/users\/1"}],"replies":[{"embeddable":true,"href":"https:\/\/interpolavukati.com\/es\/wp-json\/wp\/v2\/comments?post=9436"}],"version-history":[{"count":11,"href":"https:\/\/interpolavukati.com\/es\/wp-json\/wp\/v2\/pages\/9436\/revisions"}],"predecessor-version":[{"id":10507,"href":"https:\/\/interpolavukati.com\/es\/wp-json\/wp\/v2\/pages\/9436\/revisions\/10507"}],"wp:attachment":[{"href":"https:\/\/interpolavukati.com\/es\/wp-json\/wp\/v2\/media?parent=9436"}],"curies":[{"name":"wp","href":"https:\/\/api.w.org\/{rel}","templated":true}]}}