{"id":9448,"date":"2025-05-15T12:21:04","date_gmt":"2025-05-15T12:21:04","guid":{"rendered":"https:\/\/interpolavukati.com\/abogado-especializado-en-la-eliminacion-de-notificaciones-rojas-de-interpol\/"},"modified":"2025-06-24T13:17:21","modified_gmt":"2025-06-24T13:17:21","slug":"abogado-especializado-en-la-eliminacion-de-notificaciones-rojas-de-interpol","status":"publish","type":"page","link":"https:\/\/interpolavukati.com\/es\/abogado-especializado-en-la-eliminacion-de-notificaciones-rojas-de-interpol\/","title":{"rendered":"Abogado especializado en la eliminaci\u00f3n de notificaciones rojas de Interpol"},"content":{"rendered":"\t\t<div data-elementor-type=\"wp-page\" data-elementor-id=\"9448\" class=\"elementor elementor-9448 elementor-7603\" data-elementor-post-type=\"page\">\n\t\t\t\t        <section class=\"elementor-section elementor-top-section elementor-element elementor-element-5455c7f elementor-section-boxed elementor-section-height-default elementor-section-height-default kng-section-overflow-hidden-no kng-boxed-bg-false kng-section-boxed-divider-false\" data-id=\"5455c7f\" data-element_type=\"section\">\n                                             \n            <div class=\"elementor-container elementor-column-gap-default \">\n                    <div class=\"elementor-column elementor-col-50 elementor-top-column elementor-element elementor-element-187e5e9 kng-column-element-default\" data-id=\"187e5e9\" data-element_type=\"column\">\n                        <div class=\"elementor-widget-wrap elementor-element-populated\">\n                     \n            \n         \n        \t\t<div class=\"elementor-element elementor-element-6c9e08a elementor-widget elementor-widget-text-editor\" data-id=\"6c9e08a\" data-element_type=\"widget\" data-widget_type=\"text-editor.default\">\n\t\t\t\t<div class=\"elementor-widget-container\">\n\t\t\t\t\t\t\t\t\t<p>Una difusi\u00f3n roja de Interpol es una herramienta importante para el seguimiento de delincuentes en todo el mundo. Un bolet\u00ednrojo es una orden de b\u00fasqueda y captura internacional de una persona. Sin embargo, a veces puede emitirse por error o la persona puede ser inocente. En tal caso, puede ser necesario iniciar un proceso judicial para retirar la publicaci\u00f3n.   <\/p><p><\/p><h2 class=\"wp-block-heading\"><strong>\u00bfQu\u00e9 es una Notificaci\u00f3n Roja de Interpol?<\/strong><\/h2><p><\/p><p>Interpol es una organizaci\u00f3n que act\u00faa para combatir la delincuencia internacional y garantizar el seguimiento de los delincuentes. Un bolet\u00edn rojo publicado por Interpol es una orden de detenci\u00f3n internacional por la que se solicita la detenci\u00f3n internacional de una persona por haber cometido un delito. Se publica una difusi\u00f3nroja cuando existen pruebas suficientes contra una persona determinada y es necesario perseguir el delito a escala internacional. Sin embargo, no siempre es correcto emitir una notificaci\u00f3n roja. Si una persona es inocente o los cargos son falsos, se puede solicitar el levantamiento de la difusi\u00f3n roja. Aunque una notificaci\u00f3n roja de Interpol convierte a la persona en buscada internacionalmente, tambi\u00e9n puede levantarse.    <\/p><p><\/p><h2 class=\"wp-block-heading\"><strong>Proceso de eliminaci\u00f3n de notificaciones rojas de Interpol<\/strong><\/h2><p><\/p><p>El proceso de levantamiento de una difusi\u00f3n roja de Interpol forma parte de una lucha jur\u00eddica muy compleja y dif\u00edcil. El proceso de solicitud implica importantes pasos legales y debe gestionarse con el apoyo de un abogado experto. En primer lugar, se eval\u00faa detalladamente la situaci\u00f3n del cliente. Se re\u00fanen pruebas de que las acusaciones son falsas y se determinan los recursos legales que deben interponerse. A continuaci\u00f3n se inicia el proceso de solicitud a Interpol. Este proceso debe considerarse no s\u00f3lo en el contexto de los procedimientos legales, sino tambi\u00e9n en el contexto del derecho internacional y las violaciones de los derechos humanos.     <\/p><p><\/p><p>En la primera fase de la solicitud se re\u00fanen todas las pruebas necesarias para levantar el bolet\u00edn. Si no hay pruebas concretas de los cargos, esta es la base para levantar la notificaci\u00f3n roja. La solicitud de levantamiento de la notificaci\u00f3n roja se hace en una petici\u00f3n. La petici\u00f3n presenta argumentos de que las acusaciones son falsas y que los delitos contra la persona son infundados. Este es el primer paso hacia el levantamiento de la notificaci\u00f3n. A continuaci\u00f3n, Interpol examina la solicitud y se presenta una defensa s\u00f3lida en nombre del cliente.     <\/p><p><\/p><h2 class=\"wp-block-heading\"><strong>Base jur\u00eddica para el levantamiento de la notificaci\u00f3n roja de Interpol<\/strong><\/h2><p><\/p><p>Los motivos legales para levantar una difusi\u00f3n roja de Interpol pueden ser varios. Pueden invocarse en los casos en que los cargos no son v\u00e1lidos, las pruebas son incompletas y los delitos contra la persona se han dirigido err\u00f3neamente. Pueden invocarse los siguientes motivos para levantar una notificaci\u00f3n roja  <\/p><p><\/p><p>Inexactitud o error: Si las pruebas utilizadas para emitir la notificaci\u00f3n roja son insuficientes o inexactas, los cargos contra la persona pueden ser invalidados. Si las acusaciones son falsas y no hay pruebas suficientes, la notificaci\u00f3n roja puede anularse. Adem\u00e1s, una persona que haya sido acusada falsamente de un delito cuando es inocente puede solicitar a trav\u00e9s de su abogado que se anule la notificaci\u00f3n roja.  <\/p><p><\/p><p>Violaci\u00f3n del derecho a un juicio justo: La notificaci\u00f3n roja puede levantarse si una persona no ha tenido un juicio justo. Si los cargos est\u00e1n motivados pol\u00edticamente, si el proceso judicial es parcial o si la persona va a ser sometida a tortura durante su detenci\u00f3n, pueden ser motivos para levantar la notificaci\u00f3n roja. Cuando se ha violado el derecho a un juicio justo, esto puede ser una base legal para recurrir.  <\/p><p><\/p><p>Violaciones de los derechos humanos: Las violaciones de los derechos humanos son tambi\u00e9n un motivo importante para solicitar el levantamiento de una notificaci\u00f3n roja. Es posible solicitar el levantamiento de una notificaci\u00f3n roja por temor a que la persona sea sometida a tratos inhumanos o tortura cuando sea detenida y encarcelada. En el contexto de violaciones de derechos humanos, la solicitud se presenta con argumentos s\u00f3lidos de que la persona es inocente.  <\/p><p><\/p><h2 class=\"wp-block-heading\"><strong>C\u00f3mo elegir un abogado especializado en la eliminaci\u00f3n de notificaciones rojas de Interpol<\/strong><\/h2><p><\/p><p>El proceso de expulsi\u00f3n de la notificaci\u00f3n roja de Interpol es un \u00e1mbito que requiere experiencia y conocimientos jur\u00eddicos. Se necesita un abogado experto para gestionar este proceso correctamente. En el proceso de levantamiento de una notificaci\u00f3n roja, el abogado debe tener un profundo conocimiento del Derecho internacional. Tambi\u00e9n es crucial que sea capaz de desarrollar defensas de acuerdo con las pr\u00e1cticas de Interpol y las normas de derechos humanos. El abogado al que se encargue el levantamiento de la notificaci\u00f3n roja no s\u00f3lo debe estar familiarizado con la legislaci\u00f3n local, sino tambi\u00e9n con el Derecho internacional.    <\/p><p><\/p><p>Un abogado debe tener experiencia para poder gestionar el proceso al tiempo que protege los intereses del cliente. Los casos de expulsi\u00f3n por notificaci\u00f3n roja de Interpol suelen ser procesos complejos y largos, por lo que es importante que el abogado haya tenido \u00e9xito en casos similares con anterioridad y haya desarrollado una estrategia s\u00f3lida. Adem\u00e1s, el abogado debe analizar claramente la situaci\u00f3n y comunicarse eficazmente con el cliente, explic\u00e1ndole cada fase del proceso. Como las estrategias pueden variar con cada solicitud, el abogado debe analizar r\u00e1pidamente la situaci\u00f3n y determinar los m\u00e9todos de defensa adecuados.   <\/p><p><\/p><p>El proceso de levantamiento de la notificaci\u00f3n roja de Interpol es un camino complejo en t\u00e9rminos jur\u00eddicos. Sin embargo, con el abogado adecuado, este proceso puede gestionarse con \u00e9xito. El levantamiento de una notificaci\u00f3n roja puede lograrse no s\u00f3lo mediante procedimientos legales, sino tambi\u00e9n defendiendo las violaciones de los derechos humanos y el derecho internacional. Si se ha emitido una notificaci\u00f3n roja contra una persona y esta es inocente, puede asegurarse de que se haga justicia defendiendo sus derechos legales con el apoyo de un abogado especializado.   <\/p>\t\t\t\t\t\t\t\t<\/div>\n\t\t\t\t<\/div>\n\t\t\t\t\t<\/div>\n\t\t<\/div>\n\t\t        <div class=\"elementor-column elementor-col-50 elementor-top-column elementor-element elementor-element-d92cb1b kng-column-element-default\" data-id=\"d92cb1b\" data-element_type=\"column\">\n                        <div class=\"elementor-widget-wrap elementor-element-populated\">\n                     \n            \n         \n        \t\t<div class=\"elementor-element elementor-element-54a1367 elementor-nav-menu--dropdown-none elementor-widget elementor-widget-nav-menu\" data-id=\"54a1367\" data-element_type=\"widget\" data-settings=\"{&quot;layout&quot;:&quot;vertical&quot;,&quot;sticky&quot;:&quot;top&quot;,&quot;sticky_on&quot;:[&quot;widescreen&quot;,&quot;desktop&quot;,&quot;laptop&quot;],&quot;sticky_offset&quot;:80,&quot;sticky_parent&quot;:&quot;yes&quot;,&quot;submenu_icon&quot;:{&quot;value&quot;:&quot;&lt;svg class=\\&quot;e-font-icon-svg e-fas-caret-down\\&quot; viewBox=\\&quot;0 0 320 512\\&quot; xmlns=\\&quot;http:\\\/\\\/www.w3.org\\\/2000\\\/svg\\&quot;&gt;&lt;path d=\\&quot;M31.3 192h257.3c17.8 0 26.7 21.5 14.1 34.1L174.1 354.8c-7.8 7.8-20.5 7.8-28.3 0L17.2 226.1C4.6 213.5 13.5 192 31.3 192z\\&quot;&gt;&lt;\\\/path&gt;&lt;\\\/svg&gt;&quot;,&quot;library&quot;:&quot;fa-solid&quot;},&quot;sticky_effects_offset&quot;:0,&quot;sticky_anchor_link_offset&quot;:0}\" data-widget_type=\"nav-menu.default\">\n\t\t\t\t<div class=\"elementor-widget-container\">\n\t\t\t\t\t\t\t\t<nav aria-label=\"Menu\" class=\"elementor-nav-menu--main elementor-nav-menu__container elementor-nav-menu--layout-vertical e--pointer-underline e--animation-fade\">\n\t\t\t\t<ul id=\"menu-1-54a1367\" class=\"elementor-nav-menu sm-vertical\"><li class=\"menu-item menu-item-type-post_type menu-item-object-page menu-item-9920\"><a href=\"https:\/\/interpolavukati.com\/es\/abogado-especializado-en-la-eliminacion-de-notificaciones-rojas-de-interpol\/\" class=\"elementor-item\">Abogado especializado en la eliminaci\u00f3n de notificaciones rojas de Interpol<\/a><\/li>\n<li class=\"menu-item menu-item-type-post_type menu-item-object-page menu-item-9921\"><a href=\"https:\/\/interpolavukati.com\/es\/europol-defensa\/\" class=\"elementor-item\">Europol Defensa<\/a><\/li>\n<li class=\"menu-item menu-item-type-post_type menu-item-object-page menu-item-9922\"><a href=\"https:\/\/interpolavukati.com\/es\/notificaciones-de-interpol\/\" class=\"elementor-item\">Notificaciones de Interpol<\/a><\/li>\n<li class=\"menu-item menu-item-type-post_type menu-item-object-page menu-item-9959\"><a href=\"https:\/\/interpolavukati.com\/es\/notificacion-de-plata\/\" class=\"elementor-item\">Notificaci\u00f3n de plata<\/a><\/li>\n<li class=\"menu-item menu-item-type-post_type menu-item-object-page menu-item-9960\"><a href=\"https:\/\/interpolavukati.com\/es\/notificacion-especial-de-interpol-a-la-onu\/\" class=\"elementor-item\">Notificaci\u00f3n especial de Interpol a la ONU<\/a><\/li>\n<li class=\"menu-item menu-item-type-post_type menu-item-object-page menu-item-9961\"><a href=\"https:\/\/interpolavukati.com\/es\/aviso-rojo\/\" class=\"elementor-item\">Aviso rojo<\/a><\/li>\n<li class=\"menu-item menu-item-type-post_type menu-item-object-page menu-item-9962\"><a href=\"https:\/\/interpolavukati.com\/es\/notificacionazul\/\" class=\"elementor-item\">Notificaci\u00f3nazul<\/a><\/li>\n<li class=\"menu-item menu-item-type-post_type menu-item-object-page menu-item-9963\"><a href=\"https:\/\/interpolavukati.com\/es\/notificacion-morada\/\" class=\"elementor-item\">Notificaci\u00f3n morada<\/a><\/li>\n<li class=\"menu-item menu-item-type-post_type menu-item-object-page menu-item-9964\"><a href=\"https:\/\/interpolavukati.com\/es\/aviso-amarillo\/\" class=\"elementor-item\">Aviso amarillo<\/a><\/li>\n<li class=\"menu-item menu-item-type-post_type menu-item-object-page menu-item-9965\"><a href=\"https:\/\/interpolavukati.com\/es\/notificacion-negra\/\" class=\"elementor-item\">Notificaci\u00f3n negra<\/a><\/li>\n<li class=\"menu-item menu-item-type-post_type menu-item-object-page menu-item-9966\"><a href=\"https:\/\/interpolavukati.com\/es\/notificacion-naranja\/\" class=\"elementor-item\">Notificaci\u00f3n naranja<\/a><\/li>\n<li class=\"menu-item menu-item-type-post_type menu-item-object-page menu-item-9967\"><a href=\"https:\/\/interpolavukati.com\/es\/notificacion-verde\/\" class=\"elementor-item\">Notificaci\u00f3n verde<\/a><\/li>\n<\/ul>\t\t\t<\/nav>\n\t\t\t\t\t\t<nav class=\"elementor-nav-menu--dropdown elementor-nav-menu__container\" aria-hidden=\"true\">\n\t\t\t\t<ul id=\"menu-2-54a1367\" class=\"elementor-nav-menu sm-vertical\"><li class=\"menu-item menu-item-type-post_type menu-item-object-page menu-item-9920\"><a href=\"https:\/\/interpolavukati.com\/es\/abogado-especializado-en-la-eliminacion-de-notificaciones-rojas-de-interpol\/\" class=\"elementor-item\" tabindex=\"-1\">Abogado especializado en la eliminaci\u00f3n de notificaciones rojas de Interpol<\/a><\/li>\n<li class=\"menu-item menu-item-type-post_type menu-item-object-page menu-item-9921\"><a href=\"https:\/\/interpolavukati.com\/es\/europol-defensa\/\" class=\"elementor-item\" tabindex=\"-1\">Europol Defensa<\/a><\/li>\n<li class=\"menu-item menu-item-type-post_type menu-item-object-page menu-item-9922\"><a href=\"https:\/\/interpolavukati.com\/es\/notificaciones-de-interpol\/\" class=\"elementor-item\" tabindex=\"-1\">Notificaciones de Interpol<\/a><\/li>\n<li class=\"menu-item menu-item-type-post_type menu-item-object-page menu-item-9959\"><a href=\"https:\/\/interpolavukati.com\/es\/notificacion-de-plata\/\" class=\"elementor-item\" tabindex=\"-1\">Notificaci\u00f3n de plata<\/a><\/li>\n<li class=\"menu-item menu-item-type-post_type menu-item-object-page menu-item-9960\"><a href=\"https:\/\/interpolavukati.com\/es\/notificacion-especial-de-interpol-a-la-onu\/\" class=\"elementor-item\" tabindex=\"-1\">Notificaci\u00f3n especial de Interpol a la ONU<\/a><\/li>\n<li class=\"menu-item menu-item-type-post_type menu-item-object-page menu-item-9961\"><a href=\"https:\/\/interpolavukati.com\/es\/aviso-rojo\/\" class=\"elementor-item\" tabindex=\"-1\">Aviso rojo<\/a><\/li>\n<li class=\"menu-item menu-item-type-post_type menu-item-object-page menu-item-9962\"><a href=\"https:\/\/interpolavukati.com\/es\/notificacionazul\/\" class=\"elementor-item\" tabindex=\"-1\">Notificaci\u00f3nazul<\/a><\/li>\n<li class=\"menu-item menu-item-type-post_type menu-item-object-page menu-item-9963\"><a href=\"https:\/\/interpolavukati.com\/es\/notificacion-morada\/\" class=\"elementor-item\" tabindex=\"-1\">Notificaci\u00f3n morada<\/a><\/li>\n<li class=\"menu-item menu-item-type-post_type menu-item-object-page menu-item-9964\"><a href=\"https:\/\/interpolavukati.com\/es\/aviso-amarillo\/\" class=\"elementor-item\" tabindex=\"-1\">Aviso amarillo<\/a><\/li>\n<li class=\"menu-item menu-item-type-post_type menu-item-object-page menu-item-9965\"><a href=\"https:\/\/interpolavukati.com\/es\/notificacion-negra\/\" class=\"elementor-item\" tabindex=\"-1\">Notificaci\u00f3n negra<\/a><\/li>\n<li class=\"menu-item menu-item-type-post_type menu-item-object-page menu-item-9966\"><a href=\"https:\/\/interpolavukati.com\/es\/notificacion-naranja\/\" class=\"elementor-item\" tabindex=\"-1\">Notificaci\u00f3n naranja<\/a><\/li>\n<li class=\"menu-item menu-item-type-post_type menu-item-object-page menu-item-9967\"><a href=\"https:\/\/interpolavukati.com\/es\/notificacion-verde\/\" class=\"elementor-item\" tabindex=\"-1\">Notificaci\u00f3n verde<\/a><\/li>\n<\/ul>\t\t\t<\/nav>\n\t\t\t\t\t\t<\/div>\n\t\t\t\t<\/div>\n\t\t\t\t\t<\/div>\n\t\t<\/div>\n\t\t            <\/div>\n        <\/section>\n        \t\t<\/div>\n\t\t","protected":false},"excerpt":{"rendered":"<p>Una difusi\u00f3n roja de Interpol es una herramienta importante para el seguimiento de delincuentes en todo el mundo. Un bolet\u00ednrojo es una orden de b\u00fasqueda y captura internacional de una persona. Sin embargo, a veces puede emitirse por error o la persona puede ser inocente. En tal caso, puede ser necesario iniciar un proceso judicial [&hellip;]<\/p>\n","protected":false},"author":1,"featured_media":0,"parent":0,"menu_order":0,"comment_status":"closed","ping_status":"closed","template":"","meta":{"footnotes":""},"class_list":["post-9448","page","type-page","status-publish","hentry","kng-no-post-thumbnail"],"yoast_head":"<!-- This site is optimized with the Yoast SEO plugin v25.1 - https:\/\/yoast.com\/wordpress\/plugins\/seo\/ -->\n<title>Abogado especializado en la eliminaci\u00f3n de notificaciones rojas de Interpol - \u0130nterpol Avukat\u0131<\/title>\n<meta name=\"robots\" content=\"index, follow, max-snippet:-1, max-image-preview:large, max-video-preview:-1\" \/>\n<link rel=\"canonical\" href=\"https:\/\/interpolavukati.com\/es\/abogado-especializado-en-la-eliminacion-de-notificaciones-rojas-de-interpol\/\" \/>\n<meta property=\"og:locale\" content=\"es_ES\" \/>\n<meta property=\"og:type\" content=\"article\" \/>\n<meta property=\"og:title\" content=\"Abogado especializado en la eliminaci\u00f3n de notificaciones rojas de Interpol - \u0130nterpol Avukat\u0131\" \/>\n<meta property=\"og:description\" content=\"Una difusi\u00f3n roja de Interpol es una herramienta importante para el seguimiento de delincuentes en todo el mundo. Un bolet\u00ednrojo es una orden de b\u00fasqueda y captura internacional de una persona. Sin embargo, a veces puede emitirse por error o la persona puede ser inocente. En tal caso, puede ser necesario iniciar un proceso judicial [&hellip;]\" \/>\n<meta property=\"og:url\" content=\"https:\/\/interpolavukati.com\/es\/abogado-especializado-en-la-eliminacion-de-notificaciones-rojas-de-interpol\/\" \/>\n<meta property=\"og:site_name\" content=\"\u0130nterpol Avukat\u0131\" \/>\n<meta property=\"article:modified_time\" content=\"2025-06-24T13:17:21+00:00\" \/>\n<meta name=\"twitter:card\" content=\"summary_large_image\" \/>\n<meta name=\"twitter:label1\" content=\"Tiempo de lectura\" \/>\n\t<meta name=\"twitter:data1\" content=\"6 minutos\" \/>\n<script type=\"application\/ld+json\" class=\"yoast-schema-graph\">{\"@context\":\"https:\/\/schema.org\",\"@graph\":[{\"@type\":\"WebPage\",\"@id\":\"https:\/\/interpolavukati.com\/es\/abogado-especializado-en-la-eliminacion-de-notificaciones-rojas-de-interpol\/\",\"url\":\"https:\/\/interpolavukati.com\/es\/abogado-especializado-en-la-eliminacion-de-notificaciones-rojas-de-interpol\/\",\"name\":\"Abogado especializado en la eliminaci\u00f3n de notificaciones rojas de Interpol - \u0130nterpol Avukat\u0131\",\"isPartOf\":{\"@id\":\"https:\/\/interpolavukati.com\/#website\"},\"datePublished\":\"2025-05-15T12:21:04+00:00\",\"dateModified\":\"2025-06-24T13:17:21+00:00\",\"breadcrumb\":{\"@id\":\"https:\/\/interpolavukati.com\/es\/abogado-especializado-en-la-eliminacion-de-notificaciones-rojas-de-interpol\/#breadcrumb\"},\"inLanguage\":\"es\",\"potentialAction\":[{\"@type\":\"ReadAction\",\"target\":[\"https:\/\/interpolavukati.com\/es\/abogado-especializado-en-la-eliminacion-de-notificaciones-rojas-de-interpol\/\"]}]},{\"@type\":\"BreadcrumbList\",\"@id\":\"https:\/\/interpolavukati.com\/es\/abogado-especializado-en-la-eliminacion-de-notificaciones-rojas-de-interpol\/#breadcrumb\",\"itemListElement\":[{\"@type\":\"ListItem\",\"position\":1,\"name\":\"Anasayfa\",\"item\":\"https:\/\/interpolavukati.com\/es\/\"},{\"@type\":\"ListItem\",\"position\":2,\"name\":\"Abogado especializado en la eliminaci\u00f3n de notificaciones rojas de Interpol\"}]},{\"@type\":\"WebSite\",\"@id\":\"https:\/\/interpolavukati.com\/#website\",\"url\":\"https:\/\/interpolavukati.com\/\",\"name\":\"\u0130nterpol Avukat\u0131\",\"description\":\"\",\"publisher\":{\"@id\":\"https:\/\/interpolavukati.com\/#organization\"},\"potentialAction\":[{\"@type\":\"SearchAction\",\"target\":{\"@type\":\"EntryPoint\",\"urlTemplate\":\"https:\/\/interpolavukati.com\/?s={search_term_string}\"},\"query-input\":{\"@type\":\"PropertyValueSpecification\",\"valueRequired\":true,\"valueName\":\"search_term_string\"}}],\"inLanguage\":\"es\"},{\"@type\":\"Organization\",\"@id\":\"https:\/\/interpolavukati.com\/#organization\",\"name\":\"\u0130nterpol Avukat\u0131\",\"url\":\"https:\/\/interpolavukati.com\/\",\"logo\":{\"@type\":\"ImageObject\",\"inLanguage\":\"es\",\"@id\":\"https:\/\/interpolavukati.com\/#\/schema\/logo\/image\/\",\"url\":\"https:\/\/interpolavukati.com\/wp-content\/uploads\/2021\/11\/interpol-avukati-logo-renkli-scaled.png\",\"contentUrl\":\"https:\/\/interpolavukati.com\/wp-content\/uploads\/2021\/11\/interpol-avukati-logo-renkli-scaled.png\",\"width\":2560,\"height\":852,\"caption\":\"\u0130nterpol Avukat\u0131\"},\"image\":{\"@id\":\"https:\/\/interpolavukati.com\/#\/schema\/logo\/image\/\"}}]}<\/script>\n<!-- \/ Yoast SEO plugin. -->","yoast_head_json":{"title":"Abogado especializado en la eliminaci\u00f3n de notificaciones rojas de Interpol - \u0130nterpol Avukat\u0131","robots":{"index":"index","follow":"follow","max-snippet":"max-snippet:-1","max-image-preview":"max-image-preview:large","max-video-preview":"max-video-preview:-1"},"canonical":"https:\/\/interpolavukati.com\/es\/abogado-especializado-en-la-eliminacion-de-notificaciones-rojas-de-interpol\/","og_locale":"es_ES","og_type":"article","og_title":"Abogado especializado en la eliminaci\u00f3n de notificaciones rojas de Interpol - \u0130nterpol Avukat\u0131","og_description":"Una difusi\u00f3n roja de Interpol es una herramienta importante para el seguimiento de delincuentes en todo el mundo. Un bolet\u00ednrojo es una orden de b\u00fasqueda y captura internacional de una persona. Sin embargo, a veces puede emitirse por error o la persona puede ser inocente. En tal caso, puede ser necesario iniciar un proceso judicial [&hellip;]","og_url":"https:\/\/interpolavukati.com\/es\/abogado-especializado-en-la-eliminacion-de-notificaciones-rojas-de-interpol\/","og_site_name":"\u0130nterpol Avukat\u0131","article_modified_time":"2025-06-24T13:17:21+00:00","twitter_card":"summary_large_image","twitter_misc":{"Tiempo de lectura":"6 minutos"},"schema":{"@context":"https:\/\/schema.org","@graph":[{"@type":"WebPage","@id":"https:\/\/interpolavukati.com\/es\/abogado-especializado-en-la-eliminacion-de-notificaciones-rojas-de-interpol\/","url":"https:\/\/interpolavukati.com\/es\/abogado-especializado-en-la-eliminacion-de-notificaciones-rojas-de-interpol\/","name":"Abogado especializado en la eliminaci\u00f3n de notificaciones rojas de Interpol - \u0130nterpol Avukat\u0131","isPartOf":{"@id":"https:\/\/interpolavukati.com\/#website"},"datePublished":"2025-05-15T12:21:04+00:00","dateModified":"2025-06-24T13:17:21+00:00","breadcrumb":{"@id":"https:\/\/interpolavukati.com\/es\/abogado-especializado-en-la-eliminacion-de-notificaciones-rojas-de-interpol\/#breadcrumb"},"inLanguage":"es","potentialAction":[{"@type":"ReadAction","target":["https:\/\/interpolavukati.com\/es\/abogado-especializado-en-la-eliminacion-de-notificaciones-rojas-de-interpol\/"]}]},{"@type":"BreadcrumbList","@id":"https:\/\/interpolavukati.com\/es\/abogado-especializado-en-la-eliminacion-de-notificaciones-rojas-de-interpol\/#breadcrumb","itemListElement":[{"@type":"ListItem","position":1,"name":"Anasayfa","item":"https:\/\/interpolavukati.com\/es\/"},{"@type":"ListItem","position":2,"name":"Abogado especializado en la eliminaci\u00f3n de notificaciones rojas de Interpol"}]},{"@type":"WebSite","@id":"https:\/\/interpolavukati.com\/#website","url":"https:\/\/interpolavukati.com\/","name":"\u0130nterpol Avukat\u0131","description":"","publisher":{"@id":"https:\/\/interpolavukati.com\/#organization"},"potentialAction":[{"@type":"SearchAction","target":{"@type":"EntryPoint","urlTemplate":"https:\/\/interpolavukati.com\/?s={search_term_string}"},"query-input":{"@type":"PropertyValueSpecification","valueRequired":true,"valueName":"search_term_string"}}],"inLanguage":"es"},{"@type":"Organization","@id":"https:\/\/interpolavukati.com\/#organization","name":"\u0130nterpol Avukat\u0131","url":"https:\/\/interpolavukati.com\/","logo":{"@type":"ImageObject","inLanguage":"es","@id":"https:\/\/interpolavukati.com\/#\/schema\/logo\/image\/","url":"https:\/\/interpolavukati.com\/wp-content\/uploads\/2021\/11\/interpol-avukati-logo-renkli-scaled.png","contentUrl":"https:\/\/interpolavukati.com\/wp-content\/uploads\/2021\/11\/interpol-avukati-logo-renkli-scaled.png","width":2560,"height":852,"caption":"\u0130nterpol Avukat\u0131"},"image":{"@id":"https:\/\/interpolavukati.com\/#\/schema\/logo\/image\/"}}]}},"_links":{"self":[{"href":"https:\/\/interpolavukati.com\/es\/wp-json\/wp\/v2\/pages\/9448","targetHints":{"allow":["GET"]}}],"collection":[{"href":"https:\/\/interpolavukati.com\/es\/wp-json\/wp\/v2\/pages"}],"about":[{"href":"https:\/\/interpolavukati.com\/es\/wp-json\/wp\/v2\/types\/page"}],"author":[{"embeddable":true,"href":"https:\/\/interpolavukati.com\/es\/wp-json\/wp\/v2\/users\/1"}],"replies":[{"embeddable":true,"href":"https:\/\/interpolavukati.com\/es\/wp-json\/wp\/v2\/comments?post=9448"}],"version-history":[{"count":8,"href":"https:\/\/interpolavukati.com\/es\/wp-json\/wp\/v2\/pages\/9448\/revisions"}],"predecessor-version":[{"id":10504,"href":"https:\/\/interpolavukati.com\/es\/wp-json\/wp\/v2\/pages\/9448\/revisions\/10504"}],"wp:attachment":[{"href":"https:\/\/interpolavukati.com\/es\/wp-json\/wp\/v2\/media?parent=9448"}],"curies":[{"name":"wp","href":"https:\/\/api.w.org\/{rel}","templated":true}]}}