{"id":9484,"date":"2025-05-16T11:05:15","date_gmt":"2025-05-16T11:05:15","guid":{"rendered":"https:\/\/interpolavukati.com\/notificacionazul\/"},"modified":"2025-06-24T13:15:47","modified_gmt":"2025-06-24T13:15:47","slug":"notificacionazul","status":"publish","type":"page","link":"https:\/\/interpolavukati.com\/es\/notificacionazul\/","title":{"rendered":"Notificaci\u00f3nazul"},"content":{"rendered":"\t\t<div data-elementor-type=\"wp-page\" data-elementor-id=\"9484\" class=\"elementor elementor-9484 elementor-7777\" data-elementor-post-type=\"page\">\n\t\t\t\t        <section class=\"elementor-section elementor-top-section elementor-element elementor-element-5455c7f elementor-section-boxed elementor-section-height-default elementor-section-height-default kng-section-overflow-hidden-no kng-boxed-bg-false kng-section-boxed-divider-false\" data-id=\"5455c7f\" data-element_type=\"section\">\n                                             \n            <div class=\"elementor-container elementor-column-gap-default \">\n                    <div class=\"elementor-column elementor-col-50 elementor-top-column elementor-element elementor-element-187e5e9 kng-column-element-default\" data-id=\"187e5e9\" data-element_type=\"column\">\n                        <div class=\"elementor-widget-wrap elementor-element-populated\">\n                     \n            \n         \n        \t\t<div class=\"elementor-element elementor-element-6c9e08a elementor-widget elementor-widget-text-editor\" data-id=\"6c9e08a\" data-element_type=\"widget\" data-widget_type=\"text-editor.default\">\n\t\t\t\t<div class=\"elementor-widget-container\">\n\t\t\t\t\t\t\t\t\t<p><\/p>\n<p>Una difusi\u00f3nazul es un tipo especial de notificaci\u00f3n publicada por Interpol y utilizada para ayudar a localizar a personas desaparecidas. Esta notificaci\u00f3n, que suele utilizarse para localizar a personas desaparecidas o desaparecidas por la fuerza, significa que Interpol, en cooperaci\u00f3n con organizaciones policiales internacionales, est\u00e1 buscando a la persona desaparecida en todo el mundo. La difusi\u00f3nazul es una herramienta importante para encontrar a personas desaparecidas y obtener informaci\u00f3n precisa. Sin embargo, el proceso de localizaci\u00f3n de una persona desaparecida puede ser a veces complejo y requerir diversas defensas jur\u00eddicas.   <\/p>\n<p><\/p>\n<h2 class=\"wp-block-heading\"><strong>\u00bfQu\u00e9 es la notificaci\u00f3n azul?<\/strong><\/h2>\n<p><\/p>\n<p>La difusi\u00f3nazul es un instrumento publicado por Interpol y utilizado para notificar a las organizaciones policiales de todo el mundo que una persona ha desaparecido. Cuando se denuncia la desaparici\u00f3n de una persona, normalmente por parte de familiares o allegados, Interpol transmite esta informaci\u00f3n a los organismos policiales de todo el mundo para ayudar a localizar a la persona desaparecida. La Notificaci\u00f3nAzul permite el intercambio de informaci\u00f3n entre organizaciones policiales con el fin de obtener datos sobre el paradero de las personas desaparecidas, llevar a cabo nuevas investigaciones y verificar la identidad de la persona desaparecida.  <\/p>\n<p><\/p>\n<p>El objetivo principal de la utilizaci\u00f3n de la notificaci\u00f3n azul es determinar si una persona desaparecida o huida ha cruzado a otro pa\u00eds. No se presentan cargos contra la persona desaparecida, es simplemente una notificaci\u00f3n de que la persona est\u00e1 desaparecida o ha desaparecido. Esta notificaci\u00f3n se hace con el \u00fanico fin de encontrar a la persona desaparecida, es decir, no se le imputan cargos penales.  <\/p>\n<p><\/p>\n<h2 class=\"wp-block-heading\"><strong>Situaciones en las que se utiliza la notificaci\u00f3n azul<\/strong><\/h2>\n<p><\/p>\n<p>La Notificaci\u00f3n Azul puede utilizarse en diversas situaciones. Las principales situaciones en las que se utiliza la Notificaci\u00f3n Azul son las siguientes: <\/p>\n<p><\/p>\n<ul class=\"wp-block-list\">\n<li><strong>Menores desaparecidos<\/strong><br>La notificaci\u00f3n azul se utiliza con frecuencia, especialmente en la b\u00fasqueda de menores desaparecidos. Los ni\u00f1os pueden desaparecer, a menudo sin autorizaci\u00f3n de sus padres, o pueden ser v\u00edctimas de una desaparici\u00f3n forzada. En estos casos, Interpol publica una difusi\u00f3n azul para localizar al menor desaparecido y las organizaciones policiales de todo el mundo inician una b\u00fasqueda.  <\/li>\n\n<li><strong>Personas con discapacidad intelectual:<\/strong><br>Las personas con discapacidad intelectual tambi\u00e9n pueden desaparecer. Interpol tambi\u00e9n publica notificaciones azules sobre la desaparici\u00f3n de personas con discapacidad intelectual. Estos casos pueden ser m\u00e1s sensibles al estado mental de la persona desaparecida, ya que a las personas con discapacidad puede resultarles dif\u00edcil acceder a ayuda por s\u00ed mismas cuando est\u00e1n desaparecidas.  <\/li>\n\n<li>Adultos desaparecidos<strong>:<\/strong><br>En ocasiones, los adultos desaparecidos pueden haber desaparecido voluntariamente o haber desaparecido por la fuerza. Blue Notification tambi\u00e9n puede utilizarse para encontrar a adultos desaparecidos. En este caso, se recoge informaci\u00f3n sobre la desaparici\u00f3n o desaparici\u00f3n forzada de la persona y se transmite a organizaciones policiales de todo el mundo.  <\/li>\n\n<li><strong>Personas no relacionadas con delitos:<\/strong><br>La Notificaci\u00f3nAzul tambi\u00e9n puede utilizarse para localizar a personas desaparecidas que no est\u00e9n relacionadas con un delito. Cuando existe la preocupaci\u00f3n de que una persona ha desaparecido, se puede realizar una Notificaci\u00f3n Azul para iniciar una b\u00fasqueda en todo el mundo. <\/li>\n<\/ul>\n<p><\/p>\n<h2 class=\"wp-block-heading\"><strong>El papel de la notificaci\u00f3n azul en el proceso judicial<\/strong><\/h2>\n<p><\/p>\n<p>La notificaci\u00f3n azul es una herramienta importante para comunicar a las fuerzas de seguridad de todo el mundo la informaci\u00f3n de que una persona ha desaparecido. Aunque esta notificaci\u00f3n puede utilizarse para buscar a la persona desaparecida, no autoriza legalmente una orden de detenci\u00f3n. La notificaci\u00f3n azul no es vinculante en los ordenamientos jur\u00eddicos nacionales como solicitud directa de detenci\u00f3n. Sin embargo, puede utilizarse para localizar y, en caso necesario, detener a la persona desaparecida.   <\/p>\n<p><\/p>\n<p>Tras la publicaci\u00f3n de la notificaci\u00f3n azul, las organizaciones policiales de los distintos pa\u00edses comparten informaci\u00f3n para encontrar a la persona desaparecida. Sin embargo, el ordenamiento jur\u00eddico de cada pa\u00eds puede dictar c\u00f3mo aborda el contenido de la notificaci\u00f3n azul. Por ejemplo, si una persona ha desaparecido en otro pa\u00eds, la polic\u00eda de ese pa\u00eds puede actuar de acuerdo con sus leyes locales. Cabe se\u00f1alar que una notificaci\u00f3n azul no constituye una orden de detenci\u00f3n o prisi\u00f3n en un pa\u00eds.   <\/p>\n<p><\/p>\n<h2 class=\"wp-block-heading\"><strong>M\u00e9todos de defensa contra la notificaci\u00f3n azul<\/strong><\/h2>\n<p><\/p>\n<p>La notificaci\u00f3nazul es una herramienta utilizada para localizar a personas desaparecidas, pero a veces una persona desaparecida puede ser denunciada por error , o cuando la persona desaparecida regresa, pueden iniciarse procedimientos judiciales en relaci\u00f3n con la denuncia. En este caso, puede ser necesario presentar una defensa contra la notificaci\u00f3n azul. Los m\u00e9todos de defensa contra una notificaci\u00f3nazul son los siguientes:  <\/p>\n<p><\/p>\n<ul class=\"wp-block-list\">\n<li><strong>Defensa ante una denunciafalsa:<\/strong><br>Cuando se denuncia la desaparici\u00f3n de una persona, a veces se hace por error o con informaci\u00f3n incompleta. La persona puede defenderse presentando pruebas de que la notificaci\u00f3n azul no es v\u00e1lida y de que no est\u00e1 desaparecida. Cuando se encuentre a la persona extraviada, podr\u00e1 solicitarse que se corrijan las notificaciones realizadas por error.  <\/li>\n\n<li><strong>Situaci\u00f3n de desaparici\u00f3n forzada :<\/strong><br>Si la persona ha desaparecido por la fuerza y se ha establecido el lugar de la desaparici\u00f3n, se puede presentar una defensa. Estos casos pueden utilizarse para garantizar el regreso de la persona desaparecida y la retirada de la notificaci\u00f3n azul mediante la obtenci\u00f3n de informaci\u00f3n precisa. <\/li>\n\n<li><strong>Alegaci\u00f3n de<\/strong> estado mental:<br>Si la persona desaparecida es una persona con discapacidad mental y la desaparici\u00f3n se produjo debido a su estado mental, se puede presentar una defensa. Se puede alegar que la persona no desapareci\u00f3 por la fuerza, sino que puede haber desaparecido debido a su estado mental. Estas defensas se esgrimen para aclarar la situaci\u00f3n de la persona desaparecida.  <\/li>\n<\/ul>\n<p><\/p>\n<p>La difusi\u00f3n azul es una importante herramienta publicada por Interpol para localizar a personas desaparecidas. Esta notificaci\u00f3n ayuda a localizar a personas desaparecidas en todo el mundo. La notificaci\u00f3n azul suele utilizarse en casos de desaparici\u00f3n que no est\u00e1n relacionados con un delito penal y es simplemente una herramienta para encontrar a la persona. Sin embargo, a veces pueden presentarse denuncias falsas o iniciarse procedimientos judiciales cuando se encuentra a la persona desaparecida. En este caso, las defensas ante una notificaci\u00f3n azul son fundamentales para aclarar la situaci\u00f3n y garantizar la validez de la notificaci\u00f3n. Defenderse de la recuperaci\u00f3n de una persona desaparecida puede ser posible y los derechos legales pueden protegerse tomando las medidas adecuadas.     <\/p>\n<p><\/p>\t\t\t\t\t\t\t\t<\/div>\n\t\t\t\t<\/div>\n\t\t\t\t\t<\/div>\n\t\t<\/div>\n\t\t        <div class=\"elementor-column elementor-col-50 elementor-top-column elementor-element elementor-element-d92cb1b kng-column-element-default\" data-id=\"d92cb1b\" data-element_type=\"column\">\n                        <div class=\"elementor-widget-wrap elementor-element-populated\">\n                     \n            \n         \n        \t\t<div class=\"elementor-element elementor-element-8a4b004 elementor-nav-menu--dropdown-none elementor-widget elementor-widget-nav-menu\" data-id=\"8a4b004\" data-element_type=\"widget\" data-settings=\"{&quot;layout&quot;:&quot;vertical&quot;,&quot;sticky&quot;:&quot;top&quot;,&quot;sticky_on&quot;:[&quot;widescreen&quot;,&quot;desktop&quot;,&quot;laptop&quot;],&quot;sticky_offset&quot;:80,&quot;sticky_parent&quot;:&quot;yes&quot;,&quot;submenu_icon&quot;:{&quot;value&quot;:&quot;&lt;svg class=\\&quot;e-font-icon-svg e-fas-caret-down\\&quot; viewBox=\\&quot;0 0 320 512\\&quot; xmlns=\\&quot;http:\\\/\\\/www.w3.org\\\/2000\\\/svg\\&quot;&gt;&lt;path d=\\&quot;M31.3 192h257.3c17.8 0 26.7 21.5 14.1 34.1L174.1 354.8c-7.8 7.8-20.5 7.8-28.3 0L17.2 226.1C4.6 213.5 13.5 192 31.3 192z\\&quot;&gt;&lt;\\\/path&gt;&lt;\\\/svg&gt;&quot;,&quot;library&quot;:&quot;fa-solid&quot;},&quot;sticky_effects_offset&quot;:0,&quot;sticky_anchor_link_offset&quot;:0}\" data-widget_type=\"nav-menu.default\">\n\t\t\t\t<div class=\"elementor-widget-container\">\n\t\t\t\t\t\t\t\t<nav aria-label=\"Menu\" class=\"elementor-nav-menu--main elementor-nav-menu__container elementor-nav-menu--layout-vertical e--pointer-underline e--animation-fade\">\n\t\t\t\t<ul id=\"menu-1-8a4b004\" class=\"elementor-nav-menu sm-vertical\"><li class=\"menu-item menu-item-type-post_type menu-item-object-page menu-item-9920\"><a href=\"https:\/\/interpolavukati.com\/es\/abogado-especializado-en-la-eliminacion-de-notificaciones-rojas-de-interpol\/\" class=\"elementor-item\">Abogado especializado en la eliminaci\u00f3n de notificaciones rojas de Interpol<\/a><\/li>\n<li class=\"menu-item menu-item-type-post_type menu-item-object-page menu-item-9921\"><a href=\"https:\/\/interpolavukati.com\/es\/europol-defensa\/\" class=\"elementor-item\">Europol Defensa<\/a><\/li>\n<li class=\"menu-item menu-item-type-post_type menu-item-object-page menu-item-9922\"><a href=\"https:\/\/interpolavukati.com\/es\/notificaciones-de-interpol\/\" class=\"elementor-item\">Notificaciones de Interpol<\/a><\/li>\n<li class=\"menu-item menu-item-type-post_type menu-item-object-page menu-item-9959\"><a href=\"https:\/\/interpolavukati.com\/es\/notificacion-de-plata\/\" class=\"elementor-item\">Notificaci\u00f3n de plata<\/a><\/li>\n<li class=\"menu-item menu-item-type-post_type menu-item-object-page menu-item-9960\"><a href=\"https:\/\/interpolavukati.com\/es\/notificacion-especial-de-interpol-a-la-onu\/\" class=\"elementor-item\">Notificaci\u00f3n especial de Interpol a la ONU<\/a><\/li>\n<li class=\"menu-item menu-item-type-post_type menu-item-object-page menu-item-9961\"><a href=\"https:\/\/interpolavukati.com\/es\/aviso-rojo\/\" class=\"elementor-item\">Aviso rojo<\/a><\/li>\n<li class=\"menu-item menu-item-type-post_type menu-item-object-page menu-item-9962\"><a href=\"https:\/\/interpolavukati.com\/es\/notificacionazul\/\" class=\"elementor-item\">Notificaci\u00f3nazul<\/a><\/li>\n<li class=\"menu-item menu-item-type-post_type menu-item-object-page menu-item-9963\"><a href=\"https:\/\/interpolavukati.com\/es\/notificacion-morada\/\" class=\"elementor-item\">Notificaci\u00f3n morada<\/a><\/li>\n<li class=\"menu-item menu-item-type-post_type menu-item-object-page menu-item-9964\"><a href=\"https:\/\/interpolavukati.com\/es\/aviso-amarillo\/\" class=\"elementor-item\">Aviso amarillo<\/a><\/li>\n<li class=\"menu-item menu-item-type-post_type menu-item-object-page menu-item-9965\"><a href=\"https:\/\/interpolavukati.com\/es\/notificacion-negra\/\" class=\"elementor-item\">Notificaci\u00f3n negra<\/a><\/li>\n<li class=\"menu-item menu-item-type-post_type menu-item-object-page menu-item-9966\"><a href=\"https:\/\/interpolavukati.com\/es\/notificacion-naranja\/\" class=\"elementor-item\">Notificaci\u00f3n naranja<\/a><\/li>\n<li class=\"menu-item menu-item-type-post_type menu-item-object-page menu-item-9967\"><a href=\"https:\/\/interpolavukati.com\/es\/notificacion-verde\/\" class=\"elementor-item\">Notificaci\u00f3n verde<\/a><\/li>\n<\/ul>\t\t\t<\/nav>\n\t\t\t\t\t\t<nav class=\"elementor-nav-menu--dropdown elementor-nav-menu__container\" aria-hidden=\"true\">\n\t\t\t\t<ul id=\"menu-2-8a4b004\" class=\"elementor-nav-menu sm-vertical\"><li class=\"menu-item menu-item-type-post_type menu-item-object-page menu-item-9920\"><a href=\"https:\/\/interpolavukati.com\/es\/abogado-especializado-en-la-eliminacion-de-notificaciones-rojas-de-interpol\/\" class=\"elementor-item\" tabindex=\"-1\">Abogado especializado en la eliminaci\u00f3n de notificaciones rojas de Interpol<\/a><\/li>\n<li class=\"menu-item menu-item-type-post_type menu-item-object-page menu-item-9921\"><a href=\"https:\/\/interpolavukati.com\/es\/europol-defensa\/\" class=\"elementor-item\" tabindex=\"-1\">Europol Defensa<\/a><\/li>\n<li class=\"menu-item menu-item-type-post_type menu-item-object-page menu-item-9922\"><a href=\"https:\/\/interpolavukati.com\/es\/notificaciones-de-interpol\/\" class=\"elementor-item\" tabindex=\"-1\">Notificaciones de Interpol<\/a><\/li>\n<li class=\"menu-item menu-item-type-post_type menu-item-object-page menu-item-9959\"><a href=\"https:\/\/interpolavukati.com\/es\/notificacion-de-plata\/\" class=\"elementor-item\" tabindex=\"-1\">Notificaci\u00f3n de plata<\/a><\/li>\n<li class=\"menu-item menu-item-type-post_type menu-item-object-page menu-item-9960\"><a href=\"https:\/\/interpolavukati.com\/es\/notificacion-especial-de-interpol-a-la-onu\/\" class=\"elementor-item\" tabindex=\"-1\">Notificaci\u00f3n especial de Interpol a la ONU<\/a><\/li>\n<li class=\"menu-item menu-item-type-post_type menu-item-object-page menu-item-9961\"><a href=\"https:\/\/interpolavukati.com\/es\/aviso-rojo\/\" class=\"elementor-item\" tabindex=\"-1\">Aviso rojo<\/a><\/li>\n<li class=\"menu-item menu-item-type-post_type menu-item-object-page menu-item-9962\"><a href=\"https:\/\/interpolavukati.com\/es\/notificacionazul\/\" class=\"elementor-item\" tabindex=\"-1\">Notificaci\u00f3nazul<\/a><\/li>\n<li class=\"menu-item menu-item-type-post_type menu-item-object-page menu-item-9963\"><a href=\"https:\/\/interpolavukati.com\/es\/notificacion-morada\/\" class=\"elementor-item\" tabindex=\"-1\">Notificaci\u00f3n morada<\/a><\/li>\n<li class=\"menu-item menu-item-type-post_type menu-item-object-page menu-item-9964\"><a href=\"https:\/\/interpolavukati.com\/es\/aviso-amarillo\/\" class=\"elementor-item\" tabindex=\"-1\">Aviso amarillo<\/a><\/li>\n<li class=\"menu-item menu-item-type-post_type menu-item-object-page menu-item-9965\"><a href=\"https:\/\/interpolavukati.com\/es\/notificacion-negra\/\" class=\"elementor-item\" tabindex=\"-1\">Notificaci\u00f3n negra<\/a><\/li>\n<li class=\"menu-item menu-item-type-post_type menu-item-object-page menu-item-9966\"><a href=\"https:\/\/interpolavukati.com\/es\/notificacion-naranja\/\" class=\"elementor-item\" tabindex=\"-1\">Notificaci\u00f3n naranja<\/a><\/li>\n<li class=\"menu-item menu-item-type-post_type menu-item-object-page menu-item-9967\"><a href=\"https:\/\/interpolavukati.com\/es\/notificacion-verde\/\" class=\"elementor-item\" tabindex=\"-1\">Notificaci\u00f3n verde<\/a><\/li>\n<\/ul>\t\t\t<\/nav>\n\t\t\t\t\t\t<\/div>\n\t\t\t\t<\/div>\n\t\t\t\t\t<\/div>\n\t\t<\/div>\n\t\t            <\/div>\n        <\/section>\n        \t\t<\/div>\n\t\t","protected":false},"excerpt":{"rendered":"<p>Una difusi\u00f3nazul es un tipo especial de notificaci\u00f3n publicada por Interpol y utilizada para ayudar a localizar a personas desaparecidas. Esta notificaci\u00f3n, que suele utilizarse para localizar a personas desaparecidas o desaparecidas por la fuerza, significa que Interpol, en cooperaci\u00f3n con organizaciones policiales internacionales, est\u00e1 buscando a la persona desaparecida en todo el mundo. La [&hellip;]<\/p>\n","protected":false},"author":1,"featured_media":0,"parent":0,"menu_order":0,"comment_status":"closed","ping_status":"closed","template":"","meta":{"footnotes":""},"class_list":["post-9484","page","type-page","status-publish","hentry","kng-no-post-thumbnail"],"yoast_head":"<!-- This site is optimized with the Yoast SEO plugin v25.1 - https:\/\/yoast.com\/wordpress\/plugins\/seo\/ -->\n<title>Notificaci\u00f3nazul - \u0130nterpol Avukat\u0131<\/title>\n<meta name=\"robots\" content=\"index, follow, max-snippet:-1, max-image-preview:large, max-video-preview:-1\" \/>\n<link rel=\"canonical\" href=\"https:\/\/interpolavukati.com\/es\/notificacionazul\/\" \/>\n<meta property=\"og:locale\" content=\"es_ES\" \/>\n<meta property=\"og:type\" content=\"article\" \/>\n<meta property=\"og:title\" content=\"Notificaci\u00f3nazul - \u0130nterpol Avukat\u0131\" \/>\n<meta property=\"og:description\" content=\"Una difusi\u00f3nazul es un tipo especial de notificaci\u00f3n publicada por Interpol y utilizada para ayudar a localizar a personas desaparecidas. Esta notificaci\u00f3n, que suele utilizarse para localizar a personas desaparecidas o desaparecidas por la fuerza, significa que Interpol, en cooperaci\u00f3n con organizaciones policiales internacionales, est\u00e1 buscando a la persona desaparecida en todo el mundo. La [&hellip;]\" \/>\n<meta property=\"og:url\" content=\"https:\/\/interpolavukati.com\/es\/notificacionazul\/\" \/>\n<meta property=\"og:site_name\" content=\"\u0130nterpol Avukat\u0131\" \/>\n<meta property=\"article:modified_time\" content=\"2025-06-24T13:15:47+00:00\" \/>\n<meta name=\"twitter:card\" content=\"summary_large_image\" \/>\n<meta name=\"twitter:label1\" content=\"Tiempo de lectura\" \/>\n\t<meta name=\"twitter:data1\" content=\"6 minutos\" \/>\n<script type=\"application\/ld+json\" class=\"yoast-schema-graph\">{\"@context\":\"https:\/\/schema.org\",\"@graph\":[{\"@type\":\"WebPage\",\"@id\":\"https:\/\/interpolavukati.com\/es\/notificacionazul\/\",\"url\":\"https:\/\/interpolavukati.com\/es\/notificacionazul\/\",\"name\":\"Notificaci\u00f3nazul - \u0130nterpol Avukat\u0131\",\"isPartOf\":{\"@id\":\"https:\/\/interpolavukati.com\/#website\"},\"datePublished\":\"2025-05-16T11:05:15+00:00\",\"dateModified\":\"2025-06-24T13:15:47+00:00\",\"breadcrumb\":{\"@id\":\"https:\/\/interpolavukati.com\/es\/notificacionazul\/#breadcrumb\"},\"inLanguage\":\"es\",\"potentialAction\":[{\"@type\":\"ReadAction\",\"target\":[\"https:\/\/interpolavukati.com\/es\/notificacionazul\/\"]}]},{\"@type\":\"BreadcrumbList\",\"@id\":\"https:\/\/interpolavukati.com\/es\/notificacionazul\/#breadcrumb\",\"itemListElement\":[{\"@type\":\"ListItem\",\"position\":1,\"name\":\"Anasayfa\",\"item\":\"https:\/\/interpolavukati.com\/es\/\"},{\"@type\":\"ListItem\",\"position\":2,\"name\":\"Notificaci\u00f3nazul\"}]},{\"@type\":\"WebSite\",\"@id\":\"https:\/\/interpolavukati.com\/#website\",\"url\":\"https:\/\/interpolavukati.com\/\",\"name\":\"\u0130nterpol Avukat\u0131\",\"description\":\"\",\"publisher\":{\"@id\":\"https:\/\/interpolavukati.com\/#organization\"},\"potentialAction\":[{\"@type\":\"SearchAction\",\"target\":{\"@type\":\"EntryPoint\",\"urlTemplate\":\"https:\/\/interpolavukati.com\/?s={search_term_string}\"},\"query-input\":{\"@type\":\"PropertyValueSpecification\",\"valueRequired\":true,\"valueName\":\"search_term_string\"}}],\"inLanguage\":\"es\"},{\"@type\":\"Organization\",\"@id\":\"https:\/\/interpolavukati.com\/#organization\",\"name\":\"\u0130nterpol Avukat\u0131\",\"url\":\"https:\/\/interpolavukati.com\/\",\"logo\":{\"@type\":\"ImageObject\",\"inLanguage\":\"es\",\"@id\":\"https:\/\/interpolavukati.com\/#\/schema\/logo\/image\/\",\"url\":\"https:\/\/interpolavukati.com\/wp-content\/uploads\/2021\/11\/interpol-avukati-logo-renkli-scaled.png\",\"contentUrl\":\"https:\/\/interpolavukati.com\/wp-content\/uploads\/2021\/11\/interpol-avukati-logo-renkli-scaled.png\",\"width\":2560,\"height\":852,\"caption\":\"\u0130nterpol Avukat\u0131\"},\"image\":{\"@id\":\"https:\/\/interpolavukati.com\/#\/schema\/logo\/image\/\"}}]}<\/script>\n<!-- \/ Yoast SEO plugin. -->","yoast_head_json":{"title":"Notificaci\u00f3nazul - \u0130nterpol Avukat\u0131","robots":{"index":"index","follow":"follow","max-snippet":"max-snippet:-1","max-image-preview":"max-image-preview:large","max-video-preview":"max-video-preview:-1"},"canonical":"https:\/\/interpolavukati.com\/es\/notificacionazul\/","og_locale":"es_ES","og_type":"article","og_title":"Notificaci\u00f3nazul - \u0130nterpol Avukat\u0131","og_description":"Una difusi\u00f3nazul es un tipo especial de notificaci\u00f3n publicada por Interpol y utilizada para ayudar a localizar a personas desaparecidas. Esta notificaci\u00f3n, que suele utilizarse para localizar a personas desaparecidas o desaparecidas por la fuerza, significa que Interpol, en cooperaci\u00f3n con organizaciones policiales internacionales, est\u00e1 buscando a la persona desaparecida en todo el mundo. La [&hellip;]","og_url":"https:\/\/interpolavukati.com\/es\/notificacionazul\/","og_site_name":"\u0130nterpol Avukat\u0131","article_modified_time":"2025-06-24T13:15:47+00:00","twitter_card":"summary_large_image","twitter_misc":{"Tiempo de lectura":"6 minutos"},"schema":{"@context":"https:\/\/schema.org","@graph":[{"@type":"WebPage","@id":"https:\/\/interpolavukati.com\/es\/notificacionazul\/","url":"https:\/\/interpolavukati.com\/es\/notificacionazul\/","name":"Notificaci\u00f3nazul - \u0130nterpol Avukat\u0131","isPartOf":{"@id":"https:\/\/interpolavukati.com\/#website"},"datePublished":"2025-05-16T11:05:15+00:00","dateModified":"2025-06-24T13:15:47+00:00","breadcrumb":{"@id":"https:\/\/interpolavukati.com\/es\/notificacionazul\/#breadcrumb"},"inLanguage":"es","potentialAction":[{"@type":"ReadAction","target":["https:\/\/interpolavukati.com\/es\/notificacionazul\/"]}]},{"@type":"BreadcrumbList","@id":"https:\/\/interpolavukati.com\/es\/notificacionazul\/#breadcrumb","itemListElement":[{"@type":"ListItem","position":1,"name":"Anasayfa","item":"https:\/\/interpolavukati.com\/es\/"},{"@type":"ListItem","position":2,"name":"Notificaci\u00f3nazul"}]},{"@type":"WebSite","@id":"https:\/\/interpolavukati.com\/#website","url":"https:\/\/interpolavukati.com\/","name":"\u0130nterpol Avukat\u0131","description":"","publisher":{"@id":"https:\/\/interpolavukati.com\/#organization"},"potentialAction":[{"@type":"SearchAction","target":{"@type":"EntryPoint","urlTemplate":"https:\/\/interpolavukati.com\/?s={search_term_string}"},"query-input":{"@type":"PropertyValueSpecification","valueRequired":true,"valueName":"search_term_string"}}],"inLanguage":"es"},{"@type":"Organization","@id":"https:\/\/interpolavukati.com\/#organization","name":"\u0130nterpol Avukat\u0131","url":"https:\/\/interpolavukati.com\/","logo":{"@type":"ImageObject","inLanguage":"es","@id":"https:\/\/interpolavukati.com\/#\/schema\/logo\/image\/","url":"https:\/\/interpolavukati.com\/wp-content\/uploads\/2021\/11\/interpol-avukati-logo-renkli-scaled.png","contentUrl":"https:\/\/interpolavukati.com\/wp-content\/uploads\/2021\/11\/interpol-avukati-logo-renkli-scaled.png","width":2560,"height":852,"caption":"\u0130nterpol Avukat\u0131"},"image":{"@id":"https:\/\/interpolavukati.com\/#\/schema\/logo\/image\/"}}]}},"_links":{"self":[{"href":"https:\/\/interpolavukati.com\/es\/wp-json\/wp\/v2\/pages\/9484","targetHints":{"allow":["GET"]}}],"collection":[{"href":"https:\/\/interpolavukati.com\/es\/wp-json\/wp\/v2\/pages"}],"about":[{"href":"https:\/\/interpolavukati.com\/es\/wp-json\/wp\/v2\/types\/page"}],"author":[{"embeddable":true,"href":"https:\/\/interpolavukati.com\/es\/wp-json\/wp\/v2\/users\/1"}],"replies":[{"embeddable":true,"href":"https:\/\/interpolavukati.com\/es\/wp-json\/wp\/v2\/comments?post=9484"}],"version-history":[{"count":8,"href":"https:\/\/interpolavukati.com\/es\/wp-json\/wp\/v2\/pages\/9484\/revisions"}],"predecessor-version":[{"id":10503,"href":"https:\/\/interpolavukati.com\/es\/wp-json\/wp\/v2\/pages\/9484\/revisions\/10503"}],"wp:attachment":[{"href":"https:\/\/interpolavukati.com\/es\/wp-json\/wp\/v2\/media?parent=9484"}],"curies":[{"name":"wp","href":"https:\/\/api.w.org\/{rel}","templated":true}]}}