{"id":9504,"date":"2025-05-16T11:11:59","date_gmt":"2025-05-16T11:11:59","guid":{"rendered":"https:\/\/interpolavukati.com\/notificacion-morada\/"},"modified":"2025-06-24T13:19:51","modified_gmt":"2025-06-24T13:19:51","slug":"notificacion-morada","status":"publish","type":"page","link":"https:\/\/interpolavukati.com\/es\/notificacion-morada\/","title":{"rendered":"Notificaci\u00f3n morada"},"content":{"rendered":"\t\t<div data-elementor-type=\"wp-page\" data-elementor-id=\"9504\" class=\"elementor elementor-9504 elementor-7799\" data-elementor-post-type=\"page\">\n\t\t\t\t        <section class=\"elementor-section elementor-top-section elementor-element elementor-element-5455c7f elementor-section-boxed elementor-section-height-default elementor-section-height-default kng-section-overflow-hidden-no kng-boxed-bg-false kng-section-boxed-divider-false\" data-id=\"5455c7f\" data-element_type=\"section\">\n                                             \n            <div class=\"elementor-container elementor-column-gap-default \">\n                    <div class=\"elementor-column elementor-col-50 elementor-top-column elementor-element elementor-element-187e5e9 kng-column-element-default\" data-id=\"187e5e9\" data-element_type=\"column\">\n                        <div class=\"elementor-widget-wrap elementor-element-populated\">\n                     \n            \n         \n        \t\t<div class=\"elementor-element elementor-element-6c9e08a elementor-widget elementor-widget-text-editor\" data-id=\"6c9e08a\" data-element_type=\"widget\" data-widget_type=\"text-editor.default\">\n\t\t\t\t<div class=\"elementor-widget-container\">\n\t\t\t\t\t\t\t\t\t<p><\/p>\n<p>Una notificaci\u00f3n morada es una notificaci\u00f3n especial publicada por INTERPOL y se utiliza para vigilar las actividades de las organizaciones delictivas, identificar los m\u00e9todos utilizados por los delincuentes y desentra\u00f1ar las redes delictivas. La notificaci\u00f3n morada permite recopilar informaci\u00f3n sobre los m\u00e9todos utilizados por personas relacionadas con la delincuencia o con organizaciones delictivas. Es una herramienta importante para descubrir la delincuencia organizada y seguir la pista a los delincuentes, especialmente a escala internacional. Sin embargo, es importante conocer algunos puntos importantes sobre c\u00f3mo funciona la &#8221; notificaci\u00f3n morada&#8221;, en qu\u00e9 situaciones se utiliza y qu\u00e9 objeciones legales pueden plantearse contra estas notificaciones.   <\/p>\n<p><\/p>\n<h2 class=\"wp-block-heading\"><strong>\u00bfQu\u00e9 es la notificaci\u00f3n morada?<\/strong><\/h2>\n<p><\/p>\n<p>Una difusi\u00f3n morada es un tipo de difusi\u00f3n publicada por Interpol para investigar los m\u00e9todos utilizados por los delincuentes y las actividades de las organizaciones delictivas. Una notificaci\u00f3n morada se utiliza para comprender los delitos cometidos por delincuentes y organizaciones delictivas y para recopilar informaci\u00f3n que pueda utilizarse para resolver dichos delitos. La notificaci\u00f3n ayuda a recopilar informaci\u00f3n a escala internacional para comprender mejor los delitos cometidos por delincuentes y organizaciones delictivas y descubrir las formas en que se cometen dichos delitos.  <\/p>\n<p><\/p>\n<p>La notificaci\u00f3n morada es una herramienta importante para identificar las t\u00e9cnicas, m\u00e9todos y medios utilizados por los delincuentes. Recoge informaci\u00f3n sobre el modo de operar de las organizaciones delictivas, los m\u00e9todos con los que cometen delitos y c\u00f3mo se llevan a cabo estos delitos. Estos informes desempe\u00f1an un papel eficaz en la lucha contra la delincuencia transnacional y ayudan a desmantelar las redes delictivas.  <\/p>\n<p><\/p>\n<h2 class=\"wp-block-heading\"><strong>Situaciones en las que se utiliza la notificaci\u00f3n morada<\/strong><\/h2>\n<p><\/p>\n<p>Un aviso morado suele emitirse para vigilar las actividades de organizaciones delictivas y conocer los m\u00e9todos y t\u00e9cnicas utilizados por los delincuentes. Este aviso suele utilizarse en los siguientes casos: <\/p>\n<p><\/p>\n<ul class=\"wp-block-list\">\n<li><strong>Seguimiento y desmantelamiento de organizaciones delictivas<\/strong><br>La notificaci\u00f3n morada se utiliza para rastrear y desarticular las actividades de organizaciones delictivas. Las organizaciones delictivas suelen cometer delitos a gran escala y averiguar c\u00f3mo se cometen es un paso importante para desmantelar la organizaci\u00f3n. La notificaci\u00f3n morada se publica para recabar informaci\u00f3n que permita resolver tales delitos.  <\/li>\n\n<li><strong>Identificaci\u00f3n de las t\u00e9cnicas utilizadas por los delincuentes:<\/strong><br>Una notificaci\u00f3nmorada puede utilizarse para identificar las t\u00e9cnicas utilizadas por los delincuentes para cometer sus delitos. Por ejemplo, si un delincuente utiliza una t\u00e9cnica concreta para robar o una organizaci\u00f3n terrorista utiliza una t\u00e9cnica concreta para cometer atentados terroristas , se emitir\u00e1 una notificaci\u00f3n morada para identificar estas t\u00e9cnicas. <\/li>\n\n<li><strong>Lucha contra la delincuencia internacional:<\/strong><br>La notificaci\u00f3n morada es una herramienta importante en la lucha contra la delincuencia internacional. Los delincuentes pueden cometer delitos transfronterizos, y para resolverlos puede ser necesario reunir informaci\u00f3n a escala internacional. La notificaci\u00f3n morada proporciona a las fuerzas de seguridad de todo el mundo informaci\u00f3n sobre c\u00f3mo se cometen los delitos y los m\u00e9todos utilizados por los delincuentes.  <\/li>\n\n<li><strong>Identificaci\u00f3n de nuevos m\u00e9todos delictivos :<\/strong><br>Los delincuentes desarrollan constantemente nuevos m\u00e9todos delictivos. La notificaci\u00f3n morada sirve para identificar estos nuevos m\u00e9todos y desentra\u00f1ar los nuevos m\u00e9todos de las organizaciones delic tivas. Fomenta la cooperaci\u00f3n internacional para comprender c\u00f3mo se cometen los delitos y desbaratar estos m\u00e9todos.  <\/li>\n<\/ul>\n<p><\/p>\n<h2 class=\"wp-block-heading\"><strong>El papel de la notificaci\u00f3n morada en el proceso judicial<\/strong><\/h2>\n<p><\/p>\n<p>Una notificaci\u00f3n morada suele emitirse con el fin de supervisar las actividades de las organizaciones delictivas e identificar los m\u00e9todos utilizados por los delincuentes. Sin embargo, es importante se\u00f1alar que una notificaci\u00f3n morada no es una solicitud directa de detenci\u00f3n o procesamiento. Se utiliza \u00fanicamente para recabar informaci\u00f3n sobre la delincuencia y contribuir a la detenci\u00f3n de los delincuentes. La Purple Notice se publica para conocer la identidad de los delincuentes , comprender el funcionamiento de las organizaciones delictivas y contribuir a la detecci\u00f3n de delitos.   <\/p>\n<p><\/p>\n<p>Las fuerzas y cuerpos de seguridad internacionales recogen informaci\u00f3n sobre un delito a trav\u00e9s de una notificaci\u00f3n morada. Sin embargo, esta notificaci\u00f3n no conduce directamente a la emisi\u00f3n de \u00f3rdenes de detenci\u00f3n. Los Estados miembros eval\u00faan esta informaci\u00f3n de conformidad con sus propios ordenamientos jur\u00eddicos y procedimientos legales. La notificaci\u00f3n morada es importante para el intercambio de informaci\u00f3n entre los Estados miembros de INTERPOL y puede ser un instrumento eficaz para desbaratar las actividades de las organizaciones delic tivas.   <\/p>\n<p><\/p>\n<h2 class=\"wp-block-heading\"><strong>M\u00e9todos de defensa contra la notificaci\u00f3n morada<\/strong><\/h2>\n<p><\/p>\n<p>Una notificaci\u00f3n morada suele emitirse para controlar las actividades de las organizaciones delictivas e identificar los m\u00e9todos utilizados por los delincuentes. Sin embargo, a veces una notificaci\u00f3n morada puede emitirse sobre la base de informaci\u00f3n err\u00f3nea o alegaciones falsas. En tal caso, puede ser necesaria una defensa contra la notificaci\u00f3n morada. Los m\u00e9todos de protecci\u00f3n de la notificaci\u00f3n morada son los siguientes:   <\/p>\n<p><\/p>\n<ul class=\"wp-block-list\">\n<li><strong>Defensa porfalsedad y error:<\/strong><br>Una persona puede evitar la notificaci\u00f3n demostrando que no est\u00e1 relacionada con el delito objeto de la notificaci\u00f3n morada o que las alegaciones son falsas. La inexactitud de la informaci\u00f3n o la falta de pruebas pueden constituir una base s\u00f3lida para la defensa. Tambi\u00e9n puede argumentarse que las acusaciones est\u00e1n mal dirigidas.  <\/li>\n\n<li><strong>Defensa de inocencia:<\/strong><br>La notificaci\u00f3n morada se publica con el fin de recabar informaci\u00f3n en relaci\u00f3n con un delito. Sin embargo, si la persona es inocente, es posible demostrarlo. La notificaci\u00f3n puede invalidarse presentando pruebas de que la persona no tiene relaci\u00f3n con el delito.  <\/li>\n\n<li><strong>Violaci\u00f3n del derecho a un juicio justo<\/strong>:<br>La notificaci\u00f3n morada se publica con el \u00fanico fin de recabar informaci\u00f3n, aunque sugiera que una persona est\u00e1 relacionada con un delito, pero sin acusarla de ning\u00fan delito. Si se viola el derecho de una persona a un juicio justo o la acusaci\u00f3n no es v\u00e1lida, la defensa puede alegarlo. <\/li>\n<\/ul>\n<p><\/p>\n<p>La difusi\u00f3n morada es una importante herramienta publicada por Interpol para supervisar las actividades de las organizaciones delictivas e identificar los m\u00e9todos utilizados por los delincuentes. Ayuda a desarticular redes delictivas en todo el mundo y desempe\u00f1a un papel eficaz en la lucha contra la delincuencia internacional. Sin embargo, en ocasiones la notificaci\u00f3n morada puede publicarse bas\u00e1ndose en informaci\u00f3n err\u00f3nea. En este caso, pueden darse los pasos legales adecuados para presentar una defensa. La notificaci\u00f3n p\u00farpura puede retirarse por motivos tales como error, alegaciones de inocencia y violaci\u00f3n del derecho a un juicio justo. Si a una persona se le ha expedido una Purple Notice y se ha hecho por error, puede ponerse en contacto con un abogado con experiencia para defender sus derechos legales.     <\/p>\n<p><\/p>\n<p><\/p>\n<p><\/p>\n<p><\/p>\t\t\t\t\t\t\t\t<\/div>\n\t\t\t\t<\/div>\n\t\t\t\t\t<\/div>\n\t\t<\/div>\n\t\t        <div class=\"elementor-column elementor-col-50 elementor-top-column elementor-element elementor-element-d92cb1b kng-column-element-default\" data-id=\"d92cb1b\" data-element_type=\"column\">\n                        <div class=\"elementor-widget-wrap elementor-element-populated\">\n                     \n            \n         \n        \t\t<div class=\"elementor-element elementor-element-beaa05d elementor-nav-menu--dropdown-none elementor-widget elementor-widget-nav-menu\" data-id=\"beaa05d\" data-element_type=\"widget\" data-settings=\"{&quot;layout&quot;:&quot;vertical&quot;,&quot;sticky&quot;:&quot;top&quot;,&quot;sticky_on&quot;:[&quot;widescreen&quot;,&quot;desktop&quot;,&quot;laptop&quot;],&quot;sticky_offset&quot;:80,&quot;sticky_parent&quot;:&quot;yes&quot;,&quot;submenu_icon&quot;:{&quot;value&quot;:&quot;&lt;svg class=\\&quot;e-font-icon-svg e-fas-caret-down\\&quot; viewBox=\\&quot;0 0 320 512\\&quot; xmlns=\\&quot;http:\\\/\\\/www.w3.org\\\/2000\\\/svg\\&quot;&gt;&lt;path d=\\&quot;M31.3 192h257.3c17.8 0 26.7 21.5 14.1 34.1L174.1 354.8c-7.8 7.8-20.5 7.8-28.3 0L17.2 226.1C4.6 213.5 13.5 192 31.3 192z\\&quot;&gt;&lt;\\\/path&gt;&lt;\\\/svg&gt;&quot;,&quot;library&quot;:&quot;fa-solid&quot;},&quot;sticky_effects_offset&quot;:0,&quot;sticky_anchor_link_offset&quot;:0}\" data-widget_type=\"nav-menu.default\">\n\t\t\t\t<div class=\"elementor-widget-container\">\n\t\t\t\t\t\t\t\t<nav aria-label=\"Menu\" class=\"elementor-nav-menu--main elementor-nav-menu__container elementor-nav-menu--layout-vertical e--pointer-underline e--animation-fade\">\n\t\t\t\t<ul id=\"menu-1-beaa05d\" class=\"elementor-nav-menu sm-vertical\"><li class=\"menu-item menu-item-type-post_type menu-item-object-page menu-item-9920\"><a href=\"https:\/\/interpolavukati.com\/es\/abogado-especializado-en-la-eliminacion-de-notificaciones-rojas-de-interpol\/\" class=\"elementor-item\">Abogado especializado en la eliminaci\u00f3n de notificaciones rojas de Interpol<\/a><\/li>\n<li class=\"menu-item menu-item-type-post_type menu-item-object-page menu-item-9921\"><a href=\"https:\/\/interpolavukati.com\/es\/europol-defensa\/\" class=\"elementor-item\">Europol Defensa<\/a><\/li>\n<li class=\"menu-item menu-item-type-post_type menu-item-object-page menu-item-9922\"><a href=\"https:\/\/interpolavukati.com\/es\/notificaciones-de-interpol\/\" class=\"elementor-item\">Notificaciones de Interpol<\/a><\/li>\n<li class=\"menu-item menu-item-type-post_type menu-item-object-page menu-item-9959\"><a href=\"https:\/\/interpolavukati.com\/es\/notificacion-de-plata\/\" class=\"elementor-item\">Notificaci\u00f3n de plata<\/a><\/li>\n<li class=\"menu-item menu-item-type-post_type menu-item-object-page menu-item-9960\"><a href=\"https:\/\/interpolavukati.com\/es\/notificacion-especial-de-interpol-a-la-onu\/\" class=\"elementor-item\">Notificaci\u00f3n especial de Interpol a la ONU<\/a><\/li>\n<li class=\"menu-item menu-item-type-post_type menu-item-object-page menu-item-9961\"><a href=\"https:\/\/interpolavukati.com\/es\/aviso-rojo\/\" class=\"elementor-item\">Aviso rojo<\/a><\/li>\n<li class=\"menu-item menu-item-type-post_type menu-item-object-page menu-item-9962\"><a href=\"https:\/\/interpolavukati.com\/es\/notificacionazul\/\" class=\"elementor-item\">Notificaci\u00f3nazul<\/a><\/li>\n<li class=\"menu-item menu-item-type-post_type menu-item-object-page menu-item-9963\"><a href=\"https:\/\/interpolavukati.com\/es\/notificacion-morada\/\" class=\"elementor-item\">Notificaci\u00f3n morada<\/a><\/li>\n<li class=\"menu-item menu-item-type-post_type menu-item-object-page menu-item-9964\"><a href=\"https:\/\/interpolavukati.com\/es\/aviso-amarillo\/\" class=\"elementor-item\">Aviso amarillo<\/a><\/li>\n<li class=\"menu-item menu-item-type-post_type menu-item-object-page menu-item-9965\"><a href=\"https:\/\/interpolavukati.com\/es\/notificacion-negra\/\" class=\"elementor-item\">Notificaci\u00f3n negra<\/a><\/li>\n<li class=\"menu-item menu-item-type-post_type menu-item-object-page menu-item-9966\"><a href=\"https:\/\/interpolavukati.com\/es\/notificacion-naranja\/\" class=\"elementor-item\">Notificaci\u00f3n naranja<\/a><\/li>\n<li class=\"menu-item menu-item-type-post_type menu-item-object-page menu-item-9967\"><a href=\"https:\/\/interpolavukati.com\/es\/notificacion-verde\/\" class=\"elementor-item\">Notificaci\u00f3n verde<\/a><\/li>\n<\/ul>\t\t\t<\/nav>\n\t\t\t\t\t\t<nav class=\"elementor-nav-menu--dropdown elementor-nav-menu__container\" aria-hidden=\"true\">\n\t\t\t\t<ul id=\"menu-2-beaa05d\" class=\"elementor-nav-menu sm-vertical\"><li class=\"menu-item menu-item-type-post_type menu-item-object-page menu-item-9920\"><a href=\"https:\/\/interpolavukati.com\/es\/abogado-especializado-en-la-eliminacion-de-notificaciones-rojas-de-interpol\/\" class=\"elementor-item\" tabindex=\"-1\">Abogado especializado en la eliminaci\u00f3n de notificaciones rojas de Interpol<\/a><\/li>\n<li class=\"menu-item menu-item-type-post_type menu-item-object-page menu-item-9921\"><a href=\"https:\/\/interpolavukati.com\/es\/europol-defensa\/\" class=\"elementor-item\" tabindex=\"-1\">Europol Defensa<\/a><\/li>\n<li class=\"menu-item menu-item-type-post_type menu-item-object-page menu-item-9922\"><a href=\"https:\/\/interpolavukati.com\/es\/notificaciones-de-interpol\/\" class=\"elementor-item\" tabindex=\"-1\">Notificaciones de Interpol<\/a><\/li>\n<li class=\"menu-item menu-item-type-post_type menu-item-object-page menu-item-9959\"><a href=\"https:\/\/interpolavukati.com\/es\/notificacion-de-plata\/\" class=\"elementor-item\" tabindex=\"-1\">Notificaci\u00f3n de plata<\/a><\/li>\n<li class=\"menu-item menu-item-type-post_type menu-item-object-page menu-item-9960\"><a href=\"https:\/\/interpolavukati.com\/es\/notificacion-especial-de-interpol-a-la-onu\/\" class=\"elementor-item\" tabindex=\"-1\">Notificaci\u00f3n especial de Interpol a la ONU<\/a><\/li>\n<li class=\"menu-item menu-item-type-post_type menu-item-object-page menu-item-9961\"><a href=\"https:\/\/interpolavukati.com\/es\/aviso-rojo\/\" class=\"elementor-item\" tabindex=\"-1\">Aviso rojo<\/a><\/li>\n<li class=\"menu-item menu-item-type-post_type menu-item-object-page menu-item-9962\"><a href=\"https:\/\/interpolavukati.com\/es\/notificacionazul\/\" class=\"elementor-item\" tabindex=\"-1\">Notificaci\u00f3nazul<\/a><\/li>\n<li class=\"menu-item menu-item-type-post_type menu-item-object-page menu-item-9963\"><a href=\"https:\/\/interpolavukati.com\/es\/notificacion-morada\/\" class=\"elementor-item\" tabindex=\"-1\">Notificaci\u00f3n morada<\/a><\/li>\n<li class=\"menu-item menu-item-type-post_type menu-item-object-page menu-item-9964\"><a href=\"https:\/\/interpolavukati.com\/es\/aviso-amarillo\/\" class=\"elementor-item\" tabindex=\"-1\">Aviso amarillo<\/a><\/li>\n<li class=\"menu-item menu-item-type-post_type menu-item-object-page menu-item-9965\"><a href=\"https:\/\/interpolavukati.com\/es\/notificacion-negra\/\" class=\"elementor-item\" tabindex=\"-1\">Notificaci\u00f3n negra<\/a><\/li>\n<li class=\"menu-item menu-item-type-post_type menu-item-object-page menu-item-9966\"><a href=\"https:\/\/interpolavukati.com\/es\/notificacion-naranja\/\" class=\"elementor-item\" tabindex=\"-1\">Notificaci\u00f3n naranja<\/a><\/li>\n<li class=\"menu-item menu-item-type-post_type menu-item-object-page menu-item-9967\"><a href=\"https:\/\/interpolavukati.com\/es\/notificacion-verde\/\" class=\"elementor-item\" tabindex=\"-1\">Notificaci\u00f3n verde<\/a><\/li>\n<\/ul>\t\t\t<\/nav>\n\t\t\t\t\t\t<\/div>\n\t\t\t\t<\/div>\n\t\t\t\t\t<\/div>\n\t\t<\/div>\n\t\t            <\/div>\n        <\/section>\n        \t\t<\/div>\n\t\t","protected":false},"excerpt":{"rendered":"<p>Una notificaci\u00f3n morada es una notificaci\u00f3n especial publicada por INTERPOL y se utiliza para vigilar las actividades de las organizaciones delictivas, identificar los m\u00e9todos utilizados por los delincuentes y desentra\u00f1ar las redes delictivas. La notificaci\u00f3n morada permite recopilar informaci\u00f3n sobre los m\u00e9todos utilizados por personas relacionadas con la delincuencia o con organizaciones delictivas. Es una [&hellip;]<\/p>\n","protected":false},"author":1,"featured_media":0,"parent":0,"menu_order":0,"comment_status":"closed","ping_status":"closed","template":"","meta":{"footnotes":""},"class_list":["post-9504","page","type-page","status-publish","hentry","kng-no-post-thumbnail"],"yoast_head":"<!-- This site is optimized with the Yoast SEO plugin v25.1 - https:\/\/yoast.com\/wordpress\/plugins\/seo\/ -->\n<title>Notificaci\u00f3n morada - \u0130nterpol Avukat\u0131<\/title>\n<meta name=\"robots\" content=\"index, follow, max-snippet:-1, max-image-preview:large, max-video-preview:-1\" \/>\n<link rel=\"canonical\" href=\"https:\/\/interpolavukati.com\/es\/notificacion-morada\/\" \/>\n<meta property=\"og:locale\" content=\"es_ES\" \/>\n<meta property=\"og:type\" content=\"article\" \/>\n<meta property=\"og:title\" content=\"Notificaci\u00f3n morada - \u0130nterpol Avukat\u0131\" \/>\n<meta property=\"og:description\" content=\"Una notificaci\u00f3n morada es una notificaci\u00f3n especial publicada por INTERPOL y se utiliza para vigilar las actividades de las organizaciones delictivas, identificar los m\u00e9todos utilizados por los delincuentes y desentra\u00f1ar las redes delictivas. La notificaci\u00f3n morada permite recopilar informaci\u00f3n sobre los m\u00e9todos utilizados por personas relacionadas con la delincuencia o con organizaciones delictivas. Es una [&hellip;]\" \/>\n<meta property=\"og:url\" content=\"https:\/\/interpolavukati.com\/es\/notificacion-morada\/\" \/>\n<meta property=\"og:site_name\" content=\"\u0130nterpol Avukat\u0131\" \/>\n<meta property=\"article:modified_time\" content=\"2025-06-24T13:19:51+00:00\" \/>\n<meta name=\"twitter:card\" content=\"summary_large_image\" \/>\n<meta name=\"twitter:label1\" content=\"Tiempo de lectura\" \/>\n\t<meta name=\"twitter:data1\" content=\"7 minutos\" \/>\n<script type=\"application\/ld+json\" class=\"yoast-schema-graph\">{\"@context\":\"https:\/\/schema.org\",\"@graph\":[{\"@type\":\"WebPage\",\"@id\":\"https:\/\/interpolavukati.com\/es\/notificacion-morada\/\",\"url\":\"https:\/\/interpolavukati.com\/es\/notificacion-morada\/\",\"name\":\"Notificaci\u00f3n morada - \u0130nterpol Avukat\u0131\",\"isPartOf\":{\"@id\":\"https:\/\/interpolavukati.com\/#website\"},\"datePublished\":\"2025-05-16T11:11:59+00:00\",\"dateModified\":\"2025-06-24T13:19:51+00:00\",\"breadcrumb\":{\"@id\":\"https:\/\/interpolavukati.com\/es\/notificacion-morada\/#breadcrumb\"},\"inLanguage\":\"es\",\"potentialAction\":[{\"@type\":\"ReadAction\",\"target\":[\"https:\/\/interpolavukati.com\/es\/notificacion-morada\/\"]}]},{\"@type\":\"BreadcrumbList\",\"@id\":\"https:\/\/interpolavukati.com\/es\/notificacion-morada\/#breadcrumb\",\"itemListElement\":[{\"@type\":\"ListItem\",\"position\":1,\"name\":\"Anasayfa\",\"item\":\"https:\/\/interpolavukati.com\/es\/\"},{\"@type\":\"ListItem\",\"position\":2,\"name\":\"Notificaci\u00f3n morada\"}]},{\"@type\":\"WebSite\",\"@id\":\"https:\/\/interpolavukati.com\/#website\",\"url\":\"https:\/\/interpolavukati.com\/\",\"name\":\"\u0130nterpol Avukat\u0131\",\"description\":\"\",\"publisher\":{\"@id\":\"https:\/\/interpolavukati.com\/#organization\"},\"potentialAction\":[{\"@type\":\"SearchAction\",\"target\":{\"@type\":\"EntryPoint\",\"urlTemplate\":\"https:\/\/interpolavukati.com\/?s={search_term_string}\"},\"query-input\":{\"@type\":\"PropertyValueSpecification\",\"valueRequired\":true,\"valueName\":\"search_term_string\"}}],\"inLanguage\":\"es\"},{\"@type\":\"Organization\",\"@id\":\"https:\/\/interpolavukati.com\/#organization\",\"name\":\"\u0130nterpol Avukat\u0131\",\"url\":\"https:\/\/interpolavukati.com\/\",\"logo\":{\"@type\":\"ImageObject\",\"inLanguage\":\"es\",\"@id\":\"https:\/\/interpolavukati.com\/#\/schema\/logo\/image\/\",\"url\":\"https:\/\/interpolavukati.com\/wp-content\/uploads\/2021\/11\/interpol-avukati-logo-renkli-scaled.png\",\"contentUrl\":\"https:\/\/interpolavukati.com\/wp-content\/uploads\/2021\/11\/interpol-avukati-logo-renkli-scaled.png\",\"width\":2560,\"height\":852,\"caption\":\"\u0130nterpol Avukat\u0131\"},\"image\":{\"@id\":\"https:\/\/interpolavukati.com\/#\/schema\/logo\/image\/\"}}]}<\/script>\n<!-- \/ Yoast SEO plugin. -->","yoast_head_json":{"title":"Notificaci\u00f3n morada - \u0130nterpol Avukat\u0131","robots":{"index":"index","follow":"follow","max-snippet":"max-snippet:-1","max-image-preview":"max-image-preview:large","max-video-preview":"max-video-preview:-1"},"canonical":"https:\/\/interpolavukati.com\/es\/notificacion-morada\/","og_locale":"es_ES","og_type":"article","og_title":"Notificaci\u00f3n morada - \u0130nterpol Avukat\u0131","og_description":"Una notificaci\u00f3n morada es una notificaci\u00f3n especial publicada por INTERPOL y se utiliza para vigilar las actividades de las organizaciones delictivas, identificar los m\u00e9todos utilizados por los delincuentes y desentra\u00f1ar las redes delictivas. La notificaci\u00f3n morada permite recopilar informaci\u00f3n sobre los m\u00e9todos utilizados por personas relacionadas con la delincuencia o con organizaciones delictivas. Es una [&hellip;]","og_url":"https:\/\/interpolavukati.com\/es\/notificacion-morada\/","og_site_name":"\u0130nterpol Avukat\u0131","article_modified_time":"2025-06-24T13:19:51+00:00","twitter_card":"summary_large_image","twitter_misc":{"Tiempo de lectura":"7 minutos"},"schema":{"@context":"https:\/\/schema.org","@graph":[{"@type":"WebPage","@id":"https:\/\/interpolavukati.com\/es\/notificacion-morada\/","url":"https:\/\/interpolavukati.com\/es\/notificacion-morada\/","name":"Notificaci\u00f3n morada - \u0130nterpol Avukat\u0131","isPartOf":{"@id":"https:\/\/interpolavukati.com\/#website"},"datePublished":"2025-05-16T11:11:59+00:00","dateModified":"2025-06-24T13:19:51+00:00","breadcrumb":{"@id":"https:\/\/interpolavukati.com\/es\/notificacion-morada\/#breadcrumb"},"inLanguage":"es","potentialAction":[{"@type":"ReadAction","target":["https:\/\/interpolavukati.com\/es\/notificacion-morada\/"]}]},{"@type":"BreadcrumbList","@id":"https:\/\/interpolavukati.com\/es\/notificacion-morada\/#breadcrumb","itemListElement":[{"@type":"ListItem","position":1,"name":"Anasayfa","item":"https:\/\/interpolavukati.com\/es\/"},{"@type":"ListItem","position":2,"name":"Notificaci\u00f3n morada"}]},{"@type":"WebSite","@id":"https:\/\/interpolavukati.com\/#website","url":"https:\/\/interpolavukati.com\/","name":"\u0130nterpol Avukat\u0131","description":"","publisher":{"@id":"https:\/\/interpolavukati.com\/#organization"},"potentialAction":[{"@type":"SearchAction","target":{"@type":"EntryPoint","urlTemplate":"https:\/\/interpolavukati.com\/?s={search_term_string}"},"query-input":{"@type":"PropertyValueSpecification","valueRequired":true,"valueName":"search_term_string"}}],"inLanguage":"es"},{"@type":"Organization","@id":"https:\/\/interpolavukati.com\/#organization","name":"\u0130nterpol Avukat\u0131","url":"https:\/\/interpolavukati.com\/","logo":{"@type":"ImageObject","inLanguage":"es","@id":"https:\/\/interpolavukati.com\/#\/schema\/logo\/image\/","url":"https:\/\/interpolavukati.com\/wp-content\/uploads\/2021\/11\/interpol-avukati-logo-renkli-scaled.png","contentUrl":"https:\/\/interpolavukati.com\/wp-content\/uploads\/2021\/11\/interpol-avukati-logo-renkli-scaled.png","width":2560,"height":852,"caption":"\u0130nterpol Avukat\u0131"},"image":{"@id":"https:\/\/interpolavukati.com\/#\/schema\/logo\/image\/"}}]}},"_links":{"self":[{"href":"https:\/\/interpolavukati.com\/es\/wp-json\/wp\/v2\/pages\/9504","targetHints":{"allow":["GET"]}}],"collection":[{"href":"https:\/\/interpolavukati.com\/es\/wp-json\/wp\/v2\/pages"}],"about":[{"href":"https:\/\/interpolavukati.com\/es\/wp-json\/wp\/v2\/types\/page"}],"author":[{"embeddable":true,"href":"https:\/\/interpolavukati.com\/es\/wp-json\/wp\/v2\/users\/1"}],"replies":[{"embeddable":true,"href":"https:\/\/interpolavukati.com\/es\/wp-json\/wp\/v2\/comments?post=9504"}],"version-history":[{"count":12,"href":"https:\/\/interpolavukati.com\/es\/wp-json\/wp\/v2\/pages\/9504\/revisions"}],"predecessor-version":[{"id":10508,"href":"https:\/\/interpolavukati.com\/es\/wp-json\/wp\/v2\/pages\/9504\/revisions\/10508"}],"wp:attachment":[{"href":"https:\/\/interpolavukati.com\/es\/wp-json\/wp\/v2\/media?parent=9504"}],"curies":[{"name":"wp","href":"https:\/\/api.w.org\/{rel}","templated":true}]}}