{"id":9544,"date":"2025-05-16T11:15:31","date_gmt":"2025-05-16T11:15:31","guid":{"rendered":"https:\/\/interpolavukati.com\/aviso-amarillo\/"},"modified":"2025-06-24T13:17:54","modified_gmt":"2025-06-24T13:17:54","slug":"aviso-amarillo","status":"publish","type":"page","link":"https:\/\/interpolavukati.com\/es\/aviso-amarillo\/","title":{"rendered":"Aviso amarillo"},"content":{"rendered":"\t\t<div data-elementor-type=\"wp-page\" data-elementor-id=\"9544\" class=\"elementor elementor-9544 elementor-7813\" data-elementor-post-type=\"page\">\n\t\t\t\t        <section class=\"elementor-section elementor-top-section elementor-element elementor-element-5455c7f elementor-section-boxed elementor-section-height-default elementor-section-height-default kng-section-overflow-hidden-no kng-boxed-bg-false kng-section-boxed-divider-false\" data-id=\"5455c7f\" data-element_type=\"section\">\n                                             \n            <div class=\"elementor-container elementor-column-gap-default \">\n                    <div class=\"elementor-column elementor-col-50 elementor-top-column elementor-element elementor-element-187e5e9 kng-column-element-default\" data-id=\"187e5e9\" data-element_type=\"column\">\n                        <div class=\"elementor-widget-wrap elementor-element-populated\">\n                     \n            \n         \n        \t\t<div class=\"elementor-element elementor-element-6c9e08a elementor-widget elementor-widget-text-editor\" data-id=\"6c9e08a\" data-element_type=\"widget\" data-widget_type=\"text-editor.default\">\n\t\t\t\t<div class=\"elementor-widget-container\">\n\t\t\t\t\t\t\t\t\t<p><\/p>\n<p>La difusi\u00f3n amarilla es un tipo de difusi\u00f3n publicada por Interpol y utilizada para ayudar a localizar a personas desaparecidas. Se publica espec\u00edficamente para menores desaparecidos, personas con discapacidad mental o personas desaparecidas por la fuerza, y en ella se hace un llamamiento a las fuerzas de seguridad de todo el mundo para que localicen a la persona desaparecida. Al localizar a personas desaparecidas mediante la difusi\u00f3n amarilla, Interpol facilita el intercambio de informaci\u00f3n a escala internacional y refuerza la coordinaci\u00f3n entre las organizaciones policiales de todo el mundo.  <\/p>\n<p><\/p>\n<h2 class=\"wp-block-heading\"><strong>\u00bfQu\u00e9 es la notificaci\u00f3n amarilla?<\/strong><\/h2>\n<p><\/p>\n<p>La difusi\u00f3n amarilla es una notificaci\u00f3n publicada por Interpol con el fin de localizar a personas desaparecidas o desaparecidas por la fuerza. Se utiliza, en particular, para ayudar a localizar a ni\u00f1os desaparecidos, personas con discapacidad mental o personas que han desaparecido. La difusi\u00f3n amarilla proporciona informaci\u00f3n a las organizaciones policiales de todo el mundo para localizar y seguir el rastro de personas desaparecidas. Con la publicaci\u00f3n de la difusi\u00f3n amarilla, Interpol inicia una b\u00fasqueda mundial de personas desaparecidas.   <\/p>\n<p><\/p>\n<p><br>La notificaci\u00f3n amarilla no es una llamada directa a la detenci\u00f3n, sino una herramienta para compartir informaci\u00f3n con el fin de localizar a la persona desaparecida. Se informa a las fuerzas de seguridad de todo el mundo y se hacen averiguaciones sobre la persona desaparecida para localizarla. Esta notificaci\u00f3n es especialmente importante en los casos de desaparici\u00f3n de ni\u00f1os y personas con discapacidad.  <\/p>\n<p><\/p>\n<h2 class=\"wp-block-heading\"><strong>Situaciones en las que se utiliza la notificaci\u00f3n amarilla<\/strong><\/h2>\n<p><\/p>\n<p>La notificaci\u00f3n amarilla se utiliza a menudo para encontrar a personas desaparecidas. En particular, esta notificaci\u00f3n se emite en los siguientes casos <\/p>\n<p><\/p>\n<ul class=\"wp-block-list\">\n<li><strong>Menores desaparecidos<\/strong><br>La Notificaci\u00f3n Amarilla se utiliza a menudo para localizar a ni\u00f1os desaparecidos. La desaparici\u00f3n de ni\u00f1os es una de las situaciones m\u00e1s vulnerables y la notificaci\u00f3n amarilla permite compartir informaci\u00f3n en todo el mundo para localizar a los ni\u00f1os desaparecidos. La desaparici\u00f3n de ni\u00f1os suele ser denunciada por sus familias y se inicia una b\u00fasqueda a trav\u00e9s de Interpol para localizar al ni\u00f1o desaparecido.  <\/li>\n\n<li><strong>Personas con discapacidad intelectual:<\/strong><br>Las personas con discapacidad intelectual pueden a veces desaparecer o haber desaparecido solas. La notificaci\u00f3n amarilla tambi\u00e9n se emite en el caso de personas con discapacidad intelectual desaparecidas. Esta notificaci\u00f3n permite llevar a cabo una b\u00fasqueda m\u00e1s sensible, teniendo en cuenta la discapacidad de la persona desaparecida.  <\/li>\n\n<li><strong>Personas desaparecidas por la fuerza:<\/strong><br>En algunas circunstancias, las personas pueden ser desaparecidas forzosamente. Tales situaciones pueden estar a menudo relacionadas con secuestros, actividades terroristas o delitos. La notificaci\u00f3n amarilla se utiliza para ayudar a localizar a personas que han desaparecido por la fuerza y se inician investigaciones para localizar a la persona desaparecida.  <\/li>\n\n<li><strong>Adultos desaparecidos<\/strong><br>La notificaci\u00f3n amarilla tambi\u00e9n puede utilizarse para encontrar a adultos desaparecidos. Los adultos pueden estar desaparecidos por diversas razones. Esta notificaci\u00f3n proporciona informaci\u00f3n a las fuerzas del orden de todo el mundo para localizar a la persona desaparecida. En el caso de adultos desaparecidos, la notificaci\u00f3n amarilla se emite r\u00e1pidamente y se inicia una b\u00fasqueda.   <\/li>\n<\/ul>\n<p><\/p>\n<h2 class=\"wp-block-heading\"><strong>El papel de la notificaci\u00f3n amarilla en el proceso judicial<\/strong><\/h2>\n<p><\/p>\n<p>La notificaci\u00f3n amarilla no conduce directamente a la detenci\u00f3n o el procesamiento. Sin embargo, se emite con el fin de localizar a personas desaparecidas y proporciona coordinaci\u00f3n entre las fuerzas de seguridad a nivel internacional. La funci\u00f3n legal de la notificaci\u00f3n amarilla es localizar a personas desaparecidas y compartir informaci\u00f3n para su recuperaci\u00f3n segura.  <\/p>\n<p><\/p>\n<p>Esta notificaci\u00f3n permite a las organizaciones policiales de todo el mundo actuar de forma coordinada en la b\u00fasqueda de la persona desaparecida. La notificaci\u00f3n amarilla tambi\u00e9n puede utilizarse en casos de desapariciones no relacionadas con la delincuencia y a menudo ayuda a encontrar a personas desaparecidas. Tras la publicaci\u00f3n de la notificaci\u00f3n amarilla, los Estados miembros llevan a cabo b\u00fasquedas de acuerdo con sus ordenamientos jur\u00eddicos para encontrar a la persona desaparecida. Sin embargo, es importante se\u00f1alar que la notificaci\u00f3n amarilla no conduce a una orden de detenci\u00f3n de una persona; s\u00f3lo permite compartir informaci\u00f3n para ayudar a encontrar a la persona desaparecida.   <\/p>\n<p><\/p>\n<h2 class=\"wp-block-heading\"><strong>M\u00e9todos de defensa contra la notificaci\u00f3n amarilla<\/strong><\/h2>\n<p><\/p>\n<p>La notificaci\u00f3n amarilla se emite para ayudar a encontrar a personas desaparecidas, pero a veces puede emitirse por error o puede haber informaci\u00f3n falsa sobre el regreso de la persona desaparecida. En tal caso, la notificaci\u00f3n amarilla puede ser objeto de defensa. Las defensas contra una notificaci\u00f3n amarilla son las siguientes:  <\/p>\n<p><\/p>\n<ul class=\"wp-block-list\">\n<li><strong>Defensa contra la notificaci\u00f3n falsa:<\/strong><br>En ocasiones, la notificaci\u00f3n amarilla puede contener informaci\u00f3n falsa. Una persona puede ser dada por desaparecida, pero en realidad puede estar viva o no estar desaparecida. En este caso, la notificaci\u00f3n amarilla puede anularse presentando informaci\u00f3n de que la persona ha sido encontrada. Con los documentos adecuados, una persona que no ha desaparecido puede librarse de la notificaci\u00f3n.   <\/li>\n\n<li><strong>Estado de devoluci\u00f3n de la persona:<\/strong><br>Si la persona desaparecida ha sido encontrada y devuelta, se puede cancelar la notificaci\u00f3n amarilla. Una vez determinada la localizaci\u00f3n de la persona desde el lugar en el que se ha denunciado su desaparici\u00f3n, se informa a las fuerzas de seguridad locales pertinentes y se da por concluida la notificaci\u00f3n. <\/li>\n\n<li><strong>Reivindicaci\u00f3n del estado mental:<\/strong><br>Las personas con discapacidad mental pueden estar desaparecidas y esto puede ser objeto de una Notificaci\u00f3n Amarilla. Si se demuestra que el estado mental de la persona tuvo un efecto en el lugar donde desapareci\u00f3, la persona desaparecida puede ser devuelta y la notificaci\u00f3n puede ser cancelada. <\/li>\n<\/ul>\n<p><\/p>\n<p>La difusi\u00f3n amarilla es un instrumento fundamental publicado por Interpol para ayudar a localizar a personas desaparecidas. Se utiliza en particular para localizar a ni\u00f1os, personas con discapacidad mental y personas desaparecidas por la fuerza. La difusi\u00f3n amarilla ayuda a localizar a la persona desaparecida y permite compartir informaci\u00f3n en todo el mundo. Sin embargo, a veces las notificaciones amarillas se emiten por error o las personas desaparecidas son devueltas. En este caso, se puede presentar una defensa con la documentaci\u00f3n correcta y la notificaci\u00f3n puede ser retirada. Si se le ha expedido una Notificaci\u00f3n Amarilla y se ha hecho por error, puede tener una defensa legal.     <\/p>\n<p><\/p>\n<p><\/p>\n<p><\/p>\n<p><\/p>\n<p><\/p>\n<p><\/p>\t\t\t\t\t\t\t\t<\/div>\n\t\t\t\t<\/div>\n\t\t\t\t\t<\/div>\n\t\t<\/div>\n\t\t        <div class=\"elementor-column elementor-col-50 elementor-top-column elementor-element elementor-element-d92cb1b kng-column-element-default\" data-id=\"d92cb1b\" data-element_type=\"column\">\n                        <div class=\"elementor-widget-wrap elementor-element-populated\">\n                     \n            \n         \n        \t\t<div class=\"elementor-element elementor-element-abb8bba elementor-nav-menu--dropdown-none elementor-widget elementor-widget-nav-menu\" data-id=\"abb8bba\" data-element_type=\"widget\" data-settings=\"{&quot;layout&quot;:&quot;vertical&quot;,&quot;sticky&quot;:&quot;top&quot;,&quot;sticky_on&quot;:[&quot;widescreen&quot;,&quot;desktop&quot;,&quot;laptop&quot;],&quot;sticky_offset&quot;:80,&quot;sticky_parent&quot;:&quot;yes&quot;,&quot;submenu_icon&quot;:{&quot;value&quot;:&quot;&lt;svg class=\\&quot;e-font-icon-svg e-fas-caret-down\\&quot; viewBox=\\&quot;0 0 320 512\\&quot; xmlns=\\&quot;http:\\\/\\\/www.w3.org\\\/2000\\\/svg\\&quot;&gt;&lt;path d=\\&quot;M31.3 192h257.3c17.8 0 26.7 21.5 14.1 34.1L174.1 354.8c-7.8 7.8-20.5 7.8-28.3 0L17.2 226.1C4.6 213.5 13.5 192 31.3 192z\\&quot;&gt;&lt;\\\/path&gt;&lt;\\\/svg&gt;&quot;,&quot;library&quot;:&quot;fa-solid&quot;},&quot;sticky_effects_offset&quot;:0,&quot;sticky_anchor_link_offset&quot;:0}\" data-widget_type=\"nav-menu.default\">\n\t\t\t\t<div class=\"elementor-widget-container\">\n\t\t\t\t\t\t\t\t<nav aria-label=\"Menu\" class=\"elementor-nav-menu--main elementor-nav-menu__container elementor-nav-menu--layout-vertical e--pointer-underline e--animation-fade\">\n\t\t\t\t<ul id=\"menu-1-abb8bba\" class=\"elementor-nav-menu sm-vertical\"><li class=\"menu-item menu-item-type-post_type menu-item-object-page menu-item-9920\"><a href=\"https:\/\/interpolavukati.com\/es\/abogado-especializado-en-la-eliminacion-de-notificaciones-rojas-de-interpol\/\" class=\"elementor-item\">Abogado especializado en la eliminaci\u00f3n de notificaciones rojas de Interpol<\/a><\/li>\n<li class=\"menu-item menu-item-type-post_type menu-item-object-page menu-item-9921\"><a href=\"https:\/\/interpolavukati.com\/es\/europol-defensa\/\" class=\"elementor-item\">Europol Defensa<\/a><\/li>\n<li class=\"menu-item menu-item-type-post_type menu-item-object-page menu-item-9922\"><a href=\"https:\/\/interpolavukati.com\/es\/notificaciones-de-interpol\/\" class=\"elementor-item\">Notificaciones de Interpol<\/a><\/li>\n<li class=\"menu-item menu-item-type-post_type menu-item-object-page menu-item-9959\"><a href=\"https:\/\/interpolavukati.com\/es\/notificacion-de-plata\/\" class=\"elementor-item\">Notificaci\u00f3n de plata<\/a><\/li>\n<li class=\"menu-item menu-item-type-post_type menu-item-object-page menu-item-9960\"><a href=\"https:\/\/interpolavukati.com\/es\/notificacion-especial-de-interpol-a-la-onu\/\" class=\"elementor-item\">Notificaci\u00f3n especial de Interpol a la ONU<\/a><\/li>\n<li class=\"menu-item menu-item-type-post_type menu-item-object-page menu-item-9961\"><a href=\"https:\/\/interpolavukati.com\/es\/aviso-rojo\/\" class=\"elementor-item\">Aviso rojo<\/a><\/li>\n<li class=\"menu-item menu-item-type-post_type menu-item-object-page menu-item-9962\"><a href=\"https:\/\/interpolavukati.com\/es\/notificacionazul\/\" class=\"elementor-item\">Notificaci\u00f3nazul<\/a><\/li>\n<li class=\"menu-item menu-item-type-post_type menu-item-object-page menu-item-9963\"><a href=\"https:\/\/interpolavukati.com\/es\/notificacion-morada\/\" class=\"elementor-item\">Notificaci\u00f3n morada<\/a><\/li>\n<li class=\"menu-item menu-item-type-post_type menu-item-object-page menu-item-9964\"><a href=\"https:\/\/interpolavukati.com\/es\/aviso-amarillo\/\" class=\"elementor-item\">Aviso amarillo<\/a><\/li>\n<li class=\"menu-item menu-item-type-post_type menu-item-object-page menu-item-9965\"><a href=\"https:\/\/interpolavukati.com\/es\/notificacion-negra\/\" class=\"elementor-item\">Notificaci\u00f3n negra<\/a><\/li>\n<li class=\"menu-item menu-item-type-post_type menu-item-object-page menu-item-9966\"><a href=\"https:\/\/interpolavukati.com\/es\/notificacion-naranja\/\" class=\"elementor-item\">Notificaci\u00f3n naranja<\/a><\/li>\n<li class=\"menu-item menu-item-type-post_type menu-item-object-page menu-item-9967\"><a href=\"https:\/\/interpolavukati.com\/es\/notificacion-verde\/\" class=\"elementor-item\">Notificaci\u00f3n verde<\/a><\/li>\n<\/ul>\t\t\t<\/nav>\n\t\t\t\t\t\t<nav class=\"elementor-nav-menu--dropdown elementor-nav-menu__container\" aria-hidden=\"true\">\n\t\t\t\t<ul id=\"menu-2-abb8bba\" class=\"elementor-nav-menu sm-vertical\"><li class=\"menu-item menu-item-type-post_type menu-item-object-page menu-item-9920\"><a href=\"https:\/\/interpolavukati.com\/es\/abogado-especializado-en-la-eliminacion-de-notificaciones-rojas-de-interpol\/\" class=\"elementor-item\" tabindex=\"-1\">Abogado especializado en la eliminaci\u00f3n de notificaciones rojas de Interpol<\/a><\/li>\n<li class=\"menu-item menu-item-type-post_type menu-item-object-page menu-item-9921\"><a href=\"https:\/\/interpolavukati.com\/es\/europol-defensa\/\" class=\"elementor-item\" tabindex=\"-1\">Europol Defensa<\/a><\/li>\n<li class=\"menu-item menu-item-type-post_type menu-item-object-page menu-item-9922\"><a href=\"https:\/\/interpolavukati.com\/es\/notificaciones-de-interpol\/\" class=\"elementor-item\" tabindex=\"-1\">Notificaciones de Interpol<\/a><\/li>\n<li class=\"menu-item menu-item-type-post_type menu-item-object-page menu-item-9959\"><a href=\"https:\/\/interpolavukati.com\/es\/notificacion-de-plata\/\" class=\"elementor-item\" tabindex=\"-1\">Notificaci\u00f3n de plata<\/a><\/li>\n<li class=\"menu-item menu-item-type-post_type menu-item-object-page menu-item-9960\"><a href=\"https:\/\/interpolavukati.com\/es\/notificacion-especial-de-interpol-a-la-onu\/\" class=\"elementor-item\" tabindex=\"-1\">Notificaci\u00f3n especial de Interpol a la ONU<\/a><\/li>\n<li class=\"menu-item menu-item-type-post_type menu-item-object-page menu-item-9961\"><a href=\"https:\/\/interpolavukati.com\/es\/aviso-rojo\/\" class=\"elementor-item\" tabindex=\"-1\">Aviso rojo<\/a><\/li>\n<li class=\"menu-item menu-item-type-post_type menu-item-object-page menu-item-9962\"><a href=\"https:\/\/interpolavukati.com\/es\/notificacionazul\/\" class=\"elementor-item\" tabindex=\"-1\">Notificaci\u00f3nazul<\/a><\/li>\n<li class=\"menu-item menu-item-type-post_type menu-item-object-page menu-item-9963\"><a href=\"https:\/\/interpolavukati.com\/es\/notificacion-morada\/\" class=\"elementor-item\" tabindex=\"-1\">Notificaci\u00f3n morada<\/a><\/li>\n<li class=\"menu-item menu-item-type-post_type menu-item-object-page menu-item-9964\"><a href=\"https:\/\/interpolavukati.com\/es\/aviso-amarillo\/\" class=\"elementor-item\" tabindex=\"-1\">Aviso amarillo<\/a><\/li>\n<li class=\"menu-item menu-item-type-post_type menu-item-object-page menu-item-9965\"><a href=\"https:\/\/interpolavukati.com\/es\/notificacion-negra\/\" class=\"elementor-item\" tabindex=\"-1\">Notificaci\u00f3n negra<\/a><\/li>\n<li class=\"menu-item menu-item-type-post_type menu-item-object-page menu-item-9966\"><a href=\"https:\/\/interpolavukati.com\/es\/notificacion-naranja\/\" class=\"elementor-item\" tabindex=\"-1\">Notificaci\u00f3n naranja<\/a><\/li>\n<li class=\"menu-item menu-item-type-post_type menu-item-object-page menu-item-9967\"><a href=\"https:\/\/interpolavukati.com\/es\/notificacion-verde\/\" class=\"elementor-item\" tabindex=\"-1\">Notificaci\u00f3n verde<\/a><\/li>\n<\/ul>\t\t\t<\/nav>\n\t\t\t\t\t\t<\/div>\n\t\t\t\t<\/div>\n\t\t\t\t\t<\/div>\n\t\t<\/div>\n\t\t            <\/div>\n        <\/section>\n        \t\t<\/div>\n\t\t","protected":false},"excerpt":{"rendered":"<p>La difusi\u00f3n amarilla es un tipo de difusi\u00f3n publicada por Interpol y utilizada para ayudar a localizar a personas desaparecidas. Se publica espec\u00edficamente para menores desaparecidos, personas con discapacidad mental o personas desaparecidas por la fuerza, y en ella se hace un llamamiento a las fuerzas de seguridad de todo el mundo para que localicen [&hellip;]<\/p>\n","protected":false},"author":1,"featured_media":0,"parent":0,"menu_order":0,"comment_status":"closed","ping_status":"closed","template":"","meta":{"footnotes":""},"class_list":["post-9544","page","type-page","status-publish","hentry","kng-no-post-thumbnail"],"yoast_head":"<!-- This site is optimized with the Yoast SEO plugin v25.1 - https:\/\/yoast.com\/wordpress\/plugins\/seo\/ -->\n<title>Aviso amarillo - \u0130nterpol Avukat\u0131<\/title>\n<meta name=\"robots\" content=\"index, follow, max-snippet:-1, max-image-preview:large, max-video-preview:-1\" \/>\n<link rel=\"canonical\" href=\"https:\/\/interpolavukati.com\/es\/aviso-amarillo\/\" \/>\n<meta property=\"og:locale\" content=\"es_ES\" \/>\n<meta property=\"og:type\" content=\"article\" \/>\n<meta property=\"og:title\" content=\"Aviso amarillo - \u0130nterpol Avukat\u0131\" \/>\n<meta property=\"og:description\" content=\"La difusi\u00f3n amarilla es un tipo de difusi\u00f3n publicada por Interpol y utilizada para ayudar a localizar a personas desaparecidas. Se publica espec\u00edficamente para menores desaparecidos, personas con discapacidad mental o personas desaparecidas por la fuerza, y en ella se hace un llamamiento a las fuerzas de seguridad de todo el mundo para que localicen [&hellip;]\" \/>\n<meta property=\"og:url\" content=\"https:\/\/interpolavukati.com\/es\/aviso-amarillo\/\" \/>\n<meta property=\"og:site_name\" content=\"\u0130nterpol Avukat\u0131\" \/>\n<meta property=\"article:modified_time\" content=\"2025-06-24T13:17:54+00:00\" \/>\n<meta name=\"twitter:card\" content=\"summary_large_image\" \/>\n<meta name=\"twitter:label1\" content=\"Tiempo de lectura\" \/>\n\t<meta name=\"twitter:data1\" content=\"7 minutos\" \/>\n<script type=\"application\/ld+json\" class=\"yoast-schema-graph\">{\"@context\":\"https:\/\/schema.org\",\"@graph\":[{\"@type\":\"WebPage\",\"@id\":\"https:\/\/interpolavukati.com\/es\/aviso-amarillo\/\",\"url\":\"https:\/\/interpolavukati.com\/es\/aviso-amarillo\/\",\"name\":\"Aviso amarillo - \u0130nterpol Avukat\u0131\",\"isPartOf\":{\"@id\":\"https:\/\/interpolavukati.com\/#website\"},\"datePublished\":\"2025-05-16T11:15:31+00:00\",\"dateModified\":\"2025-06-24T13:17:54+00:00\",\"breadcrumb\":{\"@id\":\"https:\/\/interpolavukati.com\/es\/aviso-amarillo\/#breadcrumb\"},\"inLanguage\":\"es\",\"potentialAction\":[{\"@type\":\"ReadAction\",\"target\":[\"https:\/\/interpolavukati.com\/es\/aviso-amarillo\/\"]}]},{\"@type\":\"BreadcrumbList\",\"@id\":\"https:\/\/interpolavukati.com\/es\/aviso-amarillo\/#breadcrumb\",\"itemListElement\":[{\"@type\":\"ListItem\",\"position\":1,\"name\":\"Anasayfa\",\"item\":\"https:\/\/interpolavukati.com\/es\/\"},{\"@type\":\"ListItem\",\"position\":2,\"name\":\"Aviso amarillo\"}]},{\"@type\":\"WebSite\",\"@id\":\"https:\/\/interpolavukati.com\/#website\",\"url\":\"https:\/\/interpolavukati.com\/\",\"name\":\"\u0130nterpol Avukat\u0131\",\"description\":\"\",\"publisher\":{\"@id\":\"https:\/\/interpolavukati.com\/#organization\"},\"potentialAction\":[{\"@type\":\"SearchAction\",\"target\":{\"@type\":\"EntryPoint\",\"urlTemplate\":\"https:\/\/interpolavukati.com\/?s={search_term_string}\"},\"query-input\":{\"@type\":\"PropertyValueSpecification\",\"valueRequired\":true,\"valueName\":\"search_term_string\"}}],\"inLanguage\":\"es\"},{\"@type\":\"Organization\",\"@id\":\"https:\/\/interpolavukati.com\/#organization\",\"name\":\"\u0130nterpol Avukat\u0131\",\"url\":\"https:\/\/interpolavukati.com\/\",\"logo\":{\"@type\":\"ImageObject\",\"inLanguage\":\"es\",\"@id\":\"https:\/\/interpolavukati.com\/#\/schema\/logo\/image\/\",\"url\":\"https:\/\/interpolavukati.com\/wp-content\/uploads\/2021\/11\/interpol-avukati-logo-renkli-scaled.png\",\"contentUrl\":\"https:\/\/interpolavukati.com\/wp-content\/uploads\/2021\/11\/interpol-avukati-logo-renkli-scaled.png\",\"width\":2560,\"height\":852,\"caption\":\"\u0130nterpol Avukat\u0131\"},\"image\":{\"@id\":\"https:\/\/interpolavukati.com\/#\/schema\/logo\/image\/\"}}]}<\/script>\n<!-- \/ Yoast SEO plugin. -->","yoast_head_json":{"title":"Aviso amarillo - \u0130nterpol Avukat\u0131","robots":{"index":"index","follow":"follow","max-snippet":"max-snippet:-1","max-image-preview":"max-image-preview:large","max-video-preview":"max-video-preview:-1"},"canonical":"https:\/\/interpolavukati.com\/es\/aviso-amarillo\/","og_locale":"es_ES","og_type":"article","og_title":"Aviso amarillo - \u0130nterpol Avukat\u0131","og_description":"La difusi\u00f3n amarilla es un tipo de difusi\u00f3n publicada por Interpol y utilizada para ayudar a localizar a personas desaparecidas. Se publica espec\u00edficamente para menores desaparecidos, personas con discapacidad mental o personas desaparecidas por la fuerza, y en ella se hace un llamamiento a las fuerzas de seguridad de todo el mundo para que localicen [&hellip;]","og_url":"https:\/\/interpolavukati.com\/es\/aviso-amarillo\/","og_site_name":"\u0130nterpol Avukat\u0131","article_modified_time":"2025-06-24T13:17:54+00:00","twitter_card":"summary_large_image","twitter_misc":{"Tiempo de lectura":"7 minutos"},"schema":{"@context":"https:\/\/schema.org","@graph":[{"@type":"WebPage","@id":"https:\/\/interpolavukati.com\/es\/aviso-amarillo\/","url":"https:\/\/interpolavukati.com\/es\/aviso-amarillo\/","name":"Aviso amarillo - \u0130nterpol Avukat\u0131","isPartOf":{"@id":"https:\/\/interpolavukati.com\/#website"},"datePublished":"2025-05-16T11:15:31+00:00","dateModified":"2025-06-24T13:17:54+00:00","breadcrumb":{"@id":"https:\/\/interpolavukati.com\/es\/aviso-amarillo\/#breadcrumb"},"inLanguage":"es","potentialAction":[{"@type":"ReadAction","target":["https:\/\/interpolavukati.com\/es\/aviso-amarillo\/"]}]},{"@type":"BreadcrumbList","@id":"https:\/\/interpolavukati.com\/es\/aviso-amarillo\/#breadcrumb","itemListElement":[{"@type":"ListItem","position":1,"name":"Anasayfa","item":"https:\/\/interpolavukati.com\/es\/"},{"@type":"ListItem","position":2,"name":"Aviso amarillo"}]},{"@type":"WebSite","@id":"https:\/\/interpolavukati.com\/#website","url":"https:\/\/interpolavukati.com\/","name":"\u0130nterpol Avukat\u0131","description":"","publisher":{"@id":"https:\/\/interpolavukati.com\/#organization"},"potentialAction":[{"@type":"SearchAction","target":{"@type":"EntryPoint","urlTemplate":"https:\/\/interpolavukati.com\/?s={search_term_string}"},"query-input":{"@type":"PropertyValueSpecification","valueRequired":true,"valueName":"search_term_string"}}],"inLanguage":"es"},{"@type":"Organization","@id":"https:\/\/interpolavukati.com\/#organization","name":"\u0130nterpol Avukat\u0131","url":"https:\/\/interpolavukati.com\/","logo":{"@type":"ImageObject","inLanguage":"es","@id":"https:\/\/interpolavukati.com\/#\/schema\/logo\/image\/","url":"https:\/\/interpolavukati.com\/wp-content\/uploads\/2021\/11\/interpol-avukati-logo-renkli-scaled.png","contentUrl":"https:\/\/interpolavukati.com\/wp-content\/uploads\/2021\/11\/interpol-avukati-logo-renkli-scaled.png","width":2560,"height":852,"caption":"\u0130nterpol Avukat\u0131"},"image":{"@id":"https:\/\/interpolavukati.com\/#\/schema\/logo\/image\/"}}]}},"_links":{"self":[{"href":"https:\/\/interpolavukati.com\/es\/wp-json\/wp\/v2\/pages\/9544","targetHints":{"allow":["GET"]}}],"collection":[{"href":"https:\/\/interpolavukati.com\/es\/wp-json\/wp\/v2\/pages"}],"about":[{"href":"https:\/\/interpolavukati.com\/es\/wp-json\/wp\/v2\/types\/page"}],"author":[{"embeddable":true,"href":"https:\/\/interpolavukati.com\/es\/wp-json\/wp\/v2\/users\/1"}],"replies":[{"embeddable":true,"href":"https:\/\/interpolavukati.com\/es\/wp-json\/wp\/v2\/comments?post=9544"}],"version-history":[{"count":11,"href":"https:\/\/interpolavukati.com\/es\/wp-json\/wp\/v2\/pages\/9544\/revisions"}],"predecessor-version":[{"id":10505,"href":"https:\/\/interpolavukati.com\/es\/wp-json\/wp\/v2\/pages\/9544\/revisions\/10505"}],"wp:attachment":[{"href":"https:\/\/interpolavukati.com\/es\/wp-json\/wp\/v2\/media?parent=9544"}],"curies":[{"name":"wp","href":"https:\/\/api.w.org\/{rel}","templated":true}]}}