{"id":9564,"date":"2025-05-16T11:13:21","date_gmt":"2025-05-16T11:13:21","guid":{"rendered":"https:\/\/interpolavukati.com\/notificacion-negra\/"},"modified":"2025-06-24T13:21:03","modified_gmt":"2025-06-24T13:21:03","slug":"notificacion-negra","status":"publish","type":"page","link":"https:\/\/interpolavukati.com\/es\/notificacion-negra\/","title":{"rendered":"Notificaci\u00f3n negra"},"content":{"rendered":"\t\t<div data-elementor-type=\"wp-page\" data-elementor-id=\"9564\" class=\"elementor elementor-9564 elementor-7805\" data-elementor-post-type=\"page\">\n\t\t\t\t        <section class=\"elementor-section elementor-top-section elementor-element elementor-element-5455c7f elementor-section-boxed elementor-section-height-default elementor-section-height-default kng-section-overflow-hidden-no kng-boxed-bg-false kng-section-boxed-divider-false\" data-id=\"5455c7f\" data-element_type=\"section\">\n                                             \n            <div class=\"elementor-container elementor-column-gap-default \">\n                    <div class=\"elementor-column elementor-col-50 elementor-top-column elementor-element elementor-element-187e5e9 kng-column-element-default\" data-id=\"187e5e9\" data-element_type=\"column\">\n                        <div class=\"elementor-widget-wrap elementor-element-populated\">\n                     \n            \n         \n        \t\t<div class=\"elementor-element elementor-element-6c9e08a elementor-widget elementor-widget-text-editor\" data-id=\"6c9e08a\" data-element_type=\"widget\" data-widget_type=\"text-editor.default\">\n\t\t\t\t<div class=\"elementor-widget-container\">\n\t\t\t\t\t\t\t\t\t<p><\/p>\n<p>La difusi\u00f3n negra es un tipo especial de difusi\u00f3n expedida por Interpol y utilizada para la identificaci\u00f3n de personas desaparecidas. Se utiliza para establecer la identidad de personas desaparecidas y a menudo se publica para la identificaci\u00f3n de personas que no pueden ser identificadas tras su fallecimiento. La difusi\u00f3n negra proporciona informaci\u00f3n a las fuerzas de seguridad de Interpol en todo el mundo para identificar y verificar la identidad de las personas desaparecidas. Sin embargo, hay algunos puntos importantes que conviene conocer sobre el funcionamiento de la notificaci\u00f3n negra, las circunstancias en que se utiliza y las defensas legales disponibles contra dichas notificaciones.   <\/p>\n<p><\/p>\n<h2 class=\"wp-block-heading\"><strong>\u00bfQu\u00e9 es el Aviso Negro?<\/strong><\/h2>\n<p><\/p>\n<p>Una difusi\u00f3n negra es un tipo de difusi\u00f3n publicada por Interpol y utilizada para identificar a personas desaparecidas. Proporciona informaci\u00f3n a los organismos encargados de la aplicaci\u00f3n de la ley de todo el mundo para la identificaci\u00f3n de personas desaparecidas o fallecidas. La notificaci\u00f3n negra se utiliza especialmente en el caso de personas encontradas muertas y cuya identidad no puede establecerse. Esta notificaci\u00f3n fomenta el intercambio de informaci\u00f3n entre organizaciones policiales para verificar la identidad de personas desaparecidas o fallecidas.   <\/p>\n<p><\/p>\n<p>La notificaci\u00f3n negra suele emitirse para identificar a personas cuyos datos de identificaci\u00f3n faltan o cuya identidad es incierta. Esta notificaci\u00f3n es importante para garantizar que la informaci\u00f3n sobre la identidad de la persona desaparecida est\u00e9 disponible a escala internacional. La Notificaci\u00f3n Negra se utiliza especialmente para identificar a personas cuya identidad ha pasado a ser desconocida como consecuencia de atentados terroristas, desastres naturales o grandes cat\u00e1strofes.  <\/p>\n<p><\/p>\n<h2 class=\"wp-block-heading\"><strong>Situaciones en las que se utiliza la notificaci\u00f3n negra<\/strong><\/h2>\n<p><\/p>\n<p>La notificaci\u00f3n negra se utiliza a menudo para la identificaci\u00f3n de personas desaparecidas. En particular, esta notificaci\u00f3n se emite en los siguientes casos: <\/p>\n<p><\/p>\n<ul class=\"wp-block-list\">\n<li><strong>Personas no identificadas halladas muertas:<\/strong><br>La notificaci\u00f3n negra se utiliza para identificar a las personas encontradas muertas pero que no pueden ser identificadas. Estas situaciones suelen producirse tras cat\u00e1strofes naturales, atentados terroristas o accidentes e incidentes graves. Por ejemplo, si se pierden los datos de identidad de las personas que han perdido la vida como consecuencia de un atentado terrorista, se emite un Aviso Negro para tratar de identificar la identidad de las personas.  <\/li>\n\n<li><strong>Identificaci\u00f3n de personas desaparecidas:<\/strong><br>En algunos casos, la identidad de las personas desaparecidas puede no estar clara. Se emite una Notificaci\u00f3n Negra con el fin de identificar a las personas desaparecidas. Estas notificaciones se utilizan especialmente en casos de desapariciones transfronterizas y para localizar a personas no identificadas.  <\/li>\n\n<li><strong>Incertidumbre sobre la identidad en grandes cat\u00e1strofes:<\/strong><br>La notificaci\u00f3n negra se utiliza para identificar a las personas desaparecidas y no identificadas como consecuencia de grandes cat\u00e1strofes o desastres naturales. La identidad de las personas fallecidas en terremotos, inundaciones, accidentes a\u00e9reos u otras grandes cat\u00e1strofes a menudo puede no estar clara. La Notificaci\u00f3n Negra se utiliza para garantizar la identificaci\u00f3n tras este tipo de situaciones.  <\/li>\n\n<li><strong>Incertidumbre sobre la identidad en la guerra y las actividades terroristas:<\/strong><br>Las personas halladas muertas en zonas de guerra o durante atentados terroristas pueden no ser identificadas. Estas situaciones pueden ser especialmente frecuentes cuando se han producido cr\u00edmenes de guerra o asesinatos en masa. La notificaci\u00f3n negra ayuda a identificar a las personas halladas muertas.  <\/li>\n<\/ul>\n<p><\/p>\n<h2 class=\"wp-block-heading\"><strong>El papel de la notificaci\u00f3n negra en el proceso judicial<\/strong><\/h2>\n<p><\/p>\n<p>La notificaci\u00f3n negra se utiliza para la identificaci\u00f3n de personas desaparecidas o fallecidas y fomenta el intercambio de informaci\u00f3n entre las fuerzas de seguridad internacionales. No conduce directamente a una orden de detenci\u00f3n o acusaci\u00f3n. Sin embargo, la funci\u00f3n legal de la Notificaci\u00f3n Negra es coordinar entre las organizaciones policiales de todo el mundo para verificar y establecer la identidad de la persona desaparecida.  <\/p>\n<p><\/p>\n<p>El Informe Negro desempe\u00f1a un papel importante, especialmente tras grandes cat\u00e1strofes o en casos de identidad err\u00f3nea. Esta notificaci\u00f3n ayuda a recabar informaci\u00f3n para identificar correctamente a la persona desaparecida. Tambi\u00e9n se utiliza para identificar el cuerpo de una persona no identificada y verificar la identidad de esa persona.  <\/p>\n<p><\/p>\n<h2 class=\"wp-block-heading\"><strong>M\u00e9todos de defensa contra la notificaci\u00f3n negra<\/strong><\/h2>\n<p><\/p>\n<p>Una notificaci\u00f3n negra se emite normalmente con fines de identificaci\u00f3n, pero en algunos casos, la notificaci\u00f3n puede haberse emitido por error o se pueden haber facilitado datos de identificaci\u00f3n falsos. En tal caso, la notificaci\u00f3n negra puede ser objeto de defensa. Las defensas contra una notificaci\u00f3n negra pueden incluir:  <\/p>\n<p><\/p>\n<ul class=\"wp-block-list\">\n<li><strong>Defensa contra falsa identificaci\u00f3n:<\/strong><br>La notificaci\u00f3n negra se emite para determinar la identidad de personas desaparecidas o halladas muertas. Sin embargo, a veces se emite una notificaci\u00f3n negra con informaci\u00f3n de identificaci\u00f3n incorrecta. Si la identidad de la persona se identifica incorrectamente, la informaci\u00f3n de identidad correcta puede probarse presentando pruebas y la notificaci\u00f3n puede retirarse.  <\/li>\n\n<li><strong>Detecci\u00f3n correcta de errores de identidad:<\/strong><br>Cuando la identidad de una persona no est\u00e1 clara, puede ser necesario establecer la informaci\u00f3n de identificaci\u00f3n correcta. Dado que la Difusi\u00f3n Negra se utiliza para identificar a personas no identificadas, es posible que se haya publicado por error informaci\u00f3n que no pertenece a la persona. En este caso, se puede presentar una defensa con los documentos de identidad correctos.  <\/li>\n\n<li><strong>Hacer valer la salud y el estado de la persona:<\/strong><br>Si la persona ha desaparecido y se la encuentra con vida, puede alegarse como defensa y levantarse la notificaci\u00f3n negra. Pueden presentarse documentos o declaraciones que prueben que la persona est\u00e1 viva. Esto permite que se haga una correcci\u00f3n si se ha hecho una denuncia falsa.  <\/li>\n<\/ul>\n<p><\/p>\n<p>La difusi\u00f3n negra es una importante herramienta de Interpol para la identificaci\u00f3n de personas desaparecidas o fallecidas. Ayuda a las fuerzas de seguridad internacionales y a las organizaciones pertinentes a identificar a personas no identificadas. Sin embargo, en ocasiones una notificaci\u00f3n negra puede elaborarse por error. En este caso, puede defenderse con las pruebas y la documentaci\u00f3n correctas y la difusi\u00f3n puede levantarse. Si se ha emitido una Notificaci\u00f3n Negra contra una persona y es un error, puede ponerse en contacto con un abogado experimentado para defender sus derechos legales y conseguir que se retire la notificaci\u00f3n.    <\/p>\n<p><\/p>\n<p><\/p>\n<p><\/p>\n<p><\/p>\n<p><\/p>\t\t\t\t\t\t\t\t<\/div>\n\t\t\t\t<\/div>\n\t\t\t\t\t<\/div>\n\t\t<\/div>\n\t\t        <div class=\"elementor-column elementor-col-50 elementor-top-column elementor-element elementor-element-d92cb1b kng-column-element-default\" data-id=\"d92cb1b\" data-element_type=\"column\">\n                        <div class=\"elementor-widget-wrap elementor-element-populated\">\n                     \n            \n         \n        \t\t<div class=\"elementor-element elementor-element-10ab78c elementor-nav-menu--dropdown-none elementor-widget elementor-widget-nav-menu\" data-id=\"10ab78c\" data-element_type=\"widget\" data-settings=\"{&quot;layout&quot;:&quot;vertical&quot;,&quot;sticky&quot;:&quot;top&quot;,&quot;sticky_on&quot;:[&quot;widescreen&quot;,&quot;desktop&quot;,&quot;laptop&quot;],&quot;sticky_offset&quot;:80,&quot;sticky_parent&quot;:&quot;yes&quot;,&quot;submenu_icon&quot;:{&quot;value&quot;:&quot;&lt;svg class=\\&quot;e-font-icon-svg e-fas-caret-down\\&quot; viewBox=\\&quot;0 0 320 512\\&quot; xmlns=\\&quot;http:\\\/\\\/www.w3.org\\\/2000\\\/svg\\&quot;&gt;&lt;path d=\\&quot;M31.3 192h257.3c17.8 0 26.7 21.5 14.1 34.1L174.1 354.8c-7.8 7.8-20.5 7.8-28.3 0L17.2 226.1C4.6 213.5 13.5 192 31.3 192z\\&quot;&gt;&lt;\\\/path&gt;&lt;\\\/svg&gt;&quot;,&quot;library&quot;:&quot;fa-solid&quot;},&quot;sticky_effects_offset&quot;:0,&quot;sticky_anchor_link_offset&quot;:0}\" data-widget_type=\"nav-menu.default\">\n\t\t\t\t<div class=\"elementor-widget-container\">\n\t\t\t\t\t\t\t\t<nav aria-label=\"Menu\" class=\"elementor-nav-menu--main elementor-nav-menu__container elementor-nav-menu--layout-vertical e--pointer-underline e--animation-fade\">\n\t\t\t\t<ul id=\"menu-1-10ab78c\" class=\"elementor-nav-menu sm-vertical\"><li class=\"menu-item menu-item-type-post_type menu-item-object-page menu-item-9920\"><a href=\"https:\/\/interpolavukati.com\/es\/abogado-especializado-en-la-eliminacion-de-notificaciones-rojas-de-interpol\/\" class=\"elementor-item\">Abogado especializado en la eliminaci\u00f3n de notificaciones rojas de Interpol<\/a><\/li>\n<li class=\"menu-item menu-item-type-post_type menu-item-object-page menu-item-9921\"><a href=\"https:\/\/interpolavukati.com\/es\/europol-defensa\/\" class=\"elementor-item\">Europol Defensa<\/a><\/li>\n<li class=\"menu-item menu-item-type-post_type menu-item-object-page menu-item-9922\"><a href=\"https:\/\/interpolavukati.com\/es\/notificaciones-de-interpol\/\" class=\"elementor-item\">Notificaciones de Interpol<\/a><\/li>\n<li class=\"menu-item menu-item-type-post_type menu-item-object-page menu-item-9959\"><a href=\"https:\/\/interpolavukati.com\/es\/notificacion-de-plata\/\" class=\"elementor-item\">Notificaci\u00f3n de plata<\/a><\/li>\n<li class=\"menu-item menu-item-type-post_type menu-item-object-page menu-item-9960\"><a href=\"https:\/\/interpolavukati.com\/es\/notificacion-especial-de-interpol-a-la-onu\/\" class=\"elementor-item\">Notificaci\u00f3n especial de Interpol a la ONU<\/a><\/li>\n<li class=\"menu-item menu-item-type-post_type menu-item-object-page menu-item-9961\"><a href=\"https:\/\/interpolavukati.com\/es\/aviso-rojo\/\" class=\"elementor-item\">Aviso rojo<\/a><\/li>\n<li class=\"menu-item menu-item-type-post_type menu-item-object-page menu-item-9962\"><a href=\"https:\/\/interpolavukati.com\/es\/notificacionazul\/\" class=\"elementor-item\">Notificaci\u00f3nazul<\/a><\/li>\n<li class=\"menu-item menu-item-type-post_type menu-item-object-page menu-item-9963\"><a href=\"https:\/\/interpolavukati.com\/es\/notificacion-morada\/\" class=\"elementor-item\">Notificaci\u00f3n morada<\/a><\/li>\n<li class=\"menu-item menu-item-type-post_type menu-item-object-page menu-item-9964\"><a href=\"https:\/\/interpolavukati.com\/es\/aviso-amarillo\/\" class=\"elementor-item\">Aviso amarillo<\/a><\/li>\n<li class=\"menu-item menu-item-type-post_type menu-item-object-page menu-item-9965\"><a href=\"https:\/\/interpolavukati.com\/es\/notificacion-negra\/\" class=\"elementor-item\">Notificaci\u00f3n negra<\/a><\/li>\n<li class=\"menu-item menu-item-type-post_type menu-item-object-page menu-item-9966\"><a href=\"https:\/\/interpolavukati.com\/es\/notificacion-naranja\/\" class=\"elementor-item\">Notificaci\u00f3n naranja<\/a><\/li>\n<li class=\"menu-item menu-item-type-post_type menu-item-object-page menu-item-9967\"><a href=\"https:\/\/interpolavukati.com\/es\/notificacion-verde\/\" class=\"elementor-item\">Notificaci\u00f3n verde<\/a><\/li>\n<\/ul>\t\t\t<\/nav>\n\t\t\t\t\t\t<nav class=\"elementor-nav-menu--dropdown elementor-nav-menu__container\" aria-hidden=\"true\">\n\t\t\t\t<ul id=\"menu-2-10ab78c\" class=\"elementor-nav-menu sm-vertical\"><li class=\"menu-item menu-item-type-post_type menu-item-object-page menu-item-9920\"><a href=\"https:\/\/interpolavukati.com\/es\/abogado-especializado-en-la-eliminacion-de-notificaciones-rojas-de-interpol\/\" class=\"elementor-item\" tabindex=\"-1\">Abogado especializado en la eliminaci\u00f3n de notificaciones rojas de Interpol<\/a><\/li>\n<li class=\"menu-item menu-item-type-post_type menu-item-object-page menu-item-9921\"><a href=\"https:\/\/interpolavukati.com\/es\/europol-defensa\/\" class=\"elementor-item\" tabindex=\"-1\">Europol Defensa<\/a><\/li>\n<li class=\"menu-item menu-item-type-post_type menu-item-object-page menu-item-9922\"><a href=\"https:\/\/interpolavukati.com\/es\/notificaciones-de-interpol\/\" class=\"elementor-item\" tabindex=\"-1\">Notificaciones de Interpol<\/a><\/li>\n<li class=\"menu-item menu-item-type-post_type menu-item-object-page menu-item-9959\"><a href=\"https:\/\/interpolavukati.com\/es\/notificacion-de-plata\/\" class=\"elementor-item\" tabindex=\"-1\">Notificaci\u00f3n de plata<\/a><\/li>\n<li class=\"menu-item menu-item-type-post_type menu-item-object-page menu-item-9960\"><a href=\"https:\/\/interpolavukati.com\/es\/notificacion-especial-de-interpol-a-la-onu\/\" class=\"elementor-item\" tabindex=\"-1\">Notificaci\u00f3n especial de Interpol a la ONU<\/a><\/li>\n<li class=\"menu-item menu-item-type-post_type menu-item-object-page menu-item-9961\"><a href=\"https:\/\/interpolavukati.com\/es\/aviso-rojo\/\" class=\"elementor-item\" tabindex=\"-1\">Aviso rojo<\/a><\/li>\n<li class=\"menu-item menu-item-type-post_type menu-item-object-page menu-item-9962\"><a href=\"https:\/\/interpolavukati.com\/es\/notificacionazul\/\" class=\"elementor-item\" tabindex=\"-1\">Notificaci\u00f3nazul<\/a><\/li>\n<li class=\"menu-item menu-item-type-post_type menu-item-object-page menu-item-9963\"><a href=\"https:\/\/interpolavukati.com\/es\/notificacion-morada\/\" class=\"elementor-item\" tabindex=\"-1\">Notificaci\u00f3n morada<\/a><\/li>\n<li class=\"menu-item menu-item-type-post_type menu-item-object-page menu-item-9964\"><a href=\"https:\/\/interpolavukati.com\/es\/aviso-amarillo\/\" class=\"elementor-item\" tabindex=\"-1\">Aviso amarillo<\/a><\/li>\n<li class=\"menu-item menu-item-type-post_type menu-item-object-page menu-item-9965\"><a href=\"https:\/\/interpolavukati.com\/es\/notificacion-negra\/\" class=\"elementor-item\" tabindex=\"-1\">Notificaci\u00f3n negra<\/a><\/li>\n<li class=\"menu-item menu-item-type-post_type menu-item-object-page menu-item-9966\"><a href=\"https:\/\/interpolavukati.com\/es\/notificacion-naranja\/\" class=\"elementor-item\" tabindex=\"-1\">Notificaci\u00f3n naranja<\/a><\/li>\n<li class=\"menu-item menu-item-type-post_type menu-item-object-page menu-item-9967\"><a href=\"https:\/\/interpolavukati.com\/es\/notificacion-verde\/\" class=\"elementor-item\" tabindex=\"-1\">Notificaci\u00f3n verde<\/a><\/li>\n<\/ul>\t\t\t<\/nav>\n\t\t\t\t\t\t<\/div>\n\t\t\t\t<\/div>\n\t\t\t\t\t<\/div>\n\t\t<\/div>\n\t\t            <\/div>\n        <\/section>\n        \t\t<\/div>\n\t\t","protected":false},"excerpt":{"rendered":"<p>La difusi\u00f3n negra es un tipo especial de difusi\u00f3n expedida por Interpol y utilizada para la identificaci\u00f3n de personas desaparecidas. Se utiliza para establecer la identidad de personas desaparecidas y a menudo se publica para la identificaci\u00f3n de personas que no pueden ser identificadas tras su fallecimiento. La difusi\u00f3n negra proporciona informaci\u00f3n a las fuerzas [&hellip;]<\/p>\n","protected":false},"author":1,"featured_media":0,"parent":0,"menu_order":0,"comment_status":"closed","ping_status":"closed","template":"","meta":{"footnotes":""},"class_list":["post-9564","page","type-page","status-publish","hentry","kng-no-post-thumbnail"],"yoast_head":"<!-- This site is optimized with the Yoast SEO plugin v25.1 - https:\/\/yoast.com\/wordpress\/plugins\/seo\/ -->\n<title>Notificaci\u00f3n negra - \u0130nterpol Avukat\u0131<\/title>\n<meta name=\"robots\" content=\"index, follow, max-snippet:-1, max-image-preview:large, max-video-preview:-1\" \/>\n<link rel=\"canonical\" href=\"https:\/\/interpolavukati.com\/es\/notificacion-negra\/\" \/>\n<meta property=\"og:locale\" content=\"es_ES\" \/>\n<meta property=\"og:type\" content=\"article\" \/>\n<meta property=\"og:title\" content=\"Notificaci\u00f3n negra - \u0130nterpol Avukat\u0131\" \/>\n<meta property=\"og:description\" content=\"La difusi\u00f3n negra es un tipo especial de difusi\u00f3n expedida por Interpol y utilizada para la identificaci\u00f3n de personas desaparecidas. Se utiliza para establecer la identidad de personas desaparecidas y a menudo se publica para la identificaci\u00f3n de personas que no pueden ser identificadas tras su fallecimiento. La difusi\u00f3n negra proporciona informaci\u00f3n a las fuerzas [&hellip;]\" \/>\n<meta property=\"og:url\" content=\"https:\/\/interpolavukati.com\/es\/notificacion-negra\/\" \/>\n<meta property=\"og:site_name\" content=\"\u0130nterpol Avukat\u0131\" \/>\n<meta property=\"article:modified_time\" content=\"2025-06-24T13:21:03+00:00\" \/>\n<meta name=\"twitter:card\" content=\"summary_large_image\" \/>\n<meta name=\"twitter:label1\" content=\"Tiempo de lectura\" \/>\n\t<meta name=\"twitter:data1\" content=\"6 minutos\" \/>\n<script type=\"application\/ld+json\" class=\"yoast-schema-graph\">{\"@context\":\"https:\/\/schema.org\",\"@graph\":[{\"@type\":\"WebPage\",\"@id\":\"https:\/\/interpolavukati.com\/es\/notificacion-negra\/\",\"url\":\"https:\/\/interpolavukati.com\/es\/notificacion-negra\/\",\"name\":\"Notificaci\u00f3n negra - \u0130nterpol Avukat\u0131\",\"isPartOf\":{\"@id\":\"https:\/\/interpolavukati.com\/#website\"},\"datePublished\":\"2025-05-16T11:13:21+00:00\",\"dateModified\":\"2025-06-24T13:21:03+00:00\",\"breadcrumb\":{\"@id\":\"https:\/\/interpolavukati.com\/es\/notificacion-negra\/#breadcrumb\"},\"inLanguage\":\"es\",\"potentialAction\":[{\"@type\":\"ReadAction\",\"target\":[\"https:\/\/interpolavukati.com\/es\/notificacion-negra\/\"]}]},{\"@type\":\"BreadcrumbList\",\"@id\":\"https:\/\/interpolavukati.com\/es\/notificacion-negra\/#breadcrumb\",\"itemListElement\":[{\"@type\":\"ListItem\",\"position\":1,\"name\":\"Anasayfa\",\"item\":\"https:\/\/interpolavukati.com\/es\/\"},{\"@type\":\"ListItem\",\"position\":2,\"name\":\"Notificaci\u00f3n negra\"}]},{\"@type\":\"WebSite\",\"@id\":\"https:\/\/interpolavukati.com\/#website\",\"url\":\"https:\/\/interpolavukati.com\/\",\"name\":\"\u0130nterpol Avukat\u0131\",\"description\":\"\",\"publisher\":{\"@id\":\"https:\/\/interpolavukati.com\/#organization\"},\"potentialAction\":[{\"@type\":\"SearchAction\",\"target\":{\"@type\":\"EntryPoint\",\"urlTemplate\":\"https:\/\/interpolavukati.com\/?s={search_term_string}\"},\"query-input\":{\"@type\":\"PropertyValueSpecification\",\"valueRequired\":true,\"valueName\":\"search_term_string\"}}],\"inLanguage\":\"es\"},{\"@type\":\"Organization\",\"@id\":\"https:\/\/interpolavukati.com\/#organization\",\"name\":\"\u0130nterpol Avukat\u0131\",\"url\":\"https:\/\/interpolavukati.com\/\",\"logo\":{\"@type\":\"ImageObject\",\"inLanguage\":\"es\",\"@id\":\"https:\/\/interpolavukati.com\/#\/schema\/logo\/image\/\",\"url\":\"https:\/\/interpolavukati.com\/wp-content\/uploads\/2021\/11\/interpol-avukati-logo-renkli-scaled.png\",\"contentUrl\":\"https:\/\/interpolavukati.com\/wp-content\/uploads\/2021\/11\/interpol-avukati-logo-renkli-scaled.png\",\"width\":2560,\"height\":852,\"caption\":\"\u0130nterpol Avukat\u0131\"},\"image\":{\"@id\":\"https:\/\/interpolavukati.com\/#\/schema\/logo\/image\/\"}}]}<\/script>\n<!-- \/ Yoast SEO plugin. -->","yoast_head_json":{"title":"Notificaci\u00f3n negra - \u0130nterpol Avukat\u0131","robots":{"index":"index","follow":"follow","max-snippet":"max-snippet:-1","max-image-preview":"max-image-preview:large","max-video-preview":"max-video-preview:-1"},"canonical":"https:\/\/interpolavukati.com\/es\/notificacion-negra\/","og_locale":"es_ES","og_type":"article","og_title":"Notificaci\u00f3n negra - \u0130nterpol Avukat\u0131","og_description":"La difusi\u00f3n negra es un tipo especial de difusi\u00f3n expedida por Interpol y utilizada para la identificaci\u00f3n de personas desaparecidas. Se utiliza para establecer la identidad de personas desaparecidas y a menudo se publica para la identificaci\u00f3n de personas que no pueden ser identificadas tras su fallecimiento. La difusi\u00f3n negra proporciona informaci\u00f3n a las fuerzas [&hellip;]","og_url":"https:\/\/interpolavukati.com\/es\/notificacion-negra\/","og_site_name":"\u0130nterpol Avukat\u0131","article_modified_time":"2025-06-24T13:21:03+00:00","twitter_card":"summary_large_image","twitter_misc":{"Tiempo de lectura":"6 minutos"},"schema":{"@context":"https:\/\/schema.org","@graph":[{"@type":"WebPage","@id":"https:\/\/interpolavukati.com\/es\/notificacion-negra\/","url":"https:\/\/interpolavukati.com\/es\/notificacion-negra\/","name":"Notificaci\u00f3n negra - \u0130nterpol Avukat\u0131","isPartOf":{"@id":"https:\/\/interpolavukati.com\/#website"},"datePublished":"2025-05-16T11:13:21+00:00","dateModified":"2025-06-24T13:21:03+00:00","breadcrumb":{"@id":"https:\/\/interpolavukati.com\/es\/notificacion-negra\/#breadcrumb"},"inLanguage":"es","potentialAction":[{"@type":"ReadAction","target":["https:\/\/interpolavukati.com\/es\/notificacion-negra\/"]}]},{"@type":"BreadcrumbList","@id":"https:\/\/interpolavukati.com\/es\/notificacion-negra\/#breadcrumb","itemListElement":[{"@type":"ListItem","position":1,"name":"Anasayfa","item":"https:\/\/interpolavukati.com\/es\/"},{"@type":"ListItem","position":2,"name":"Notificaci\u00f3n negra"}]},{"@type":"WebSite","@id":"https:\/\/interpolavukati.com\/#website","url":"https:\/\/interpolavukati.com\/","name":"\u0130nterpol Avukat\u0131","description":"","publisher":{"@id":"https:\/\/interpolavukati.com\/#organization"},"potentialAction":[{"@type":"SearchAction","target":{"@type":"EntryPoint","urlTemplate":"https:\/\/interpolavukati.com\/?s={search_term_string}"},"query-input":{"@type":"PropertyValueSpecification","valueRequired":true,"valueName":"search_term_string"}}],"inLanguage":"es"},{"@type":"Organization","@id":"https:\/\/interpolavukati.com\/#organization","name":"\u0130nterpol Avukat\u0131","url":"https:\/\/interpolavukati.com\/","logo":{"@type":"ImageObject","inLanguage":"es","@id":"https:\/\/interpolavukati.com\/#\/schema\/logo\/image\/","url":"https:\/\/interpolavukati.com\/wp-content\/uploads\/2021\/11\/interpol-avukati-logo-renkli-scaled.png","contentUrl":"https:\/\/interpolavukati.com\/wp-content\/uploads\/2021\/11\/interpol-avukati-logo-renkli-scaled.png","width":2560,"height":852,"caption":"\u0130nterpol Avukat\u0131"},"image":{"@id":"https:\/\/interpolavukati.com\/#\/schema\/logo\/image\/"}}]}},"_links":{"self":[{"href":"https:\/\/interpolavukati.com\/es\/wp-json\/wp\/v2\/pages\/9564","targetHints":{"allow":["GET"]}}],"collection":[{"href":"https:\/\/interpolavukati.com\/es\/wp-json\/wp\/v2\/pages"}],"about":[{"href":"https:\/\/interpolavukati.com\/es\/wp-json\/wp\/v2\/types\/page"}],"author":[{"embeddable":true,"href":"https:\/\/interpolavukati.com\/es\/wp-json\/wp\/v2\/users\/1"}],"replies":[{"embeddable":true,"href":"https:\/\/interpolavukati.com\/es\/wp-json\/wp\/v2\/comments?post=9564"}],"version-history":[{"count":6,"href":"https:\/\/interpolavukati.com\/es\/wp-json\/wp\/v2\/pages\/9564\/revisions"}],"predecessor-version":[{"id":10510,"href":"https:\/\/interpolavukati.com\/es\/wp-json\/wp\/v2\/pages\/9564\/revisions\/10510"}],"wp:attachment":[{"href":"https:\/\/interpolavukati.com\/es\/wp-json\/wp\/v2\/media?parent=9564"}],"curies":[{"name":"wp","href":"https:\/\/api.w.org\/{rel}","templated":true}]}}