{"id":9584,"date":"2025-05-16T11:10:50","date_gmt":"2025-05-16T11:10:50","guid":{"rendered":"https:\/\/interpolavukati.com\/notificacion-naranja\/"},"modified":"2025-06-24T13:20:44","modified_gmt":"2025-06-24T13:20:44","slug":"notificacion-naranja","status":"publish","type":"page","link":"https:\/\/interpolavukati.com\/es\/notificacion-naranja\/","title":{"rendered":"Notificaci\u00f3n naranja"},"content":{"rendered":"\t\t<div data-elementor-type=\"wp-page\" data-elementor-id=\"9584\" class=\"elementor elementor-9584 elementor-7793\" data-elementor-post-type=\"page\">\n\t\t\t\t        <section class=\"elementor-section elementor-top-section elementor-element elementor-element-5455c7f elementor-section-boxed elementor-section-height-default elementor-section-height-default kng-section-overflow-hidden-no kng-boxed-bg-false kng-section-boxed-divider-false\" data-id=\"5455c7f\" data-element_type=\"section\">\n                                             \n            <div class=\"elementor-container elementor-column-gap-default \">\n                    <div class=\"elementor-column elementor-col-50 elementor-top-column elementor-element elementor-element-187e5e9 kng-column-element-default\" data-id=\"187e5e9\" data-element_type=\"column\">\n                        <div class=\"elementor-widget-wrap elementor-element-populated\">\n                     \n            \n         \n        \t\t<div class=\"elementor-element elementor-element-6c9e08a elementor-widget elementor-widget-text-editor\" data-id=\"6c9e08a\" data-element_type=\"widget\" data-widget_type=\"text-editor.default\">\n\t\t\t\t<div class=\"elementor-widget-container\">\n\t\t\t\t\t\t\t\t\t<p><\/p>\n<p>La notificaci\u00f3nnaranja es un instrumento de alerta especial emitido por Interpol para advertir de situaciones de peligro inmediato. Se utiliza para prevenir grandes peligros, disuadir la delincuencia o proporcionar informaci\u00f3n mundial sobre emergencias. Suele emitirse en situaciones importantes como atentados terroristas, delitos a gran escala o cat\u00e1strofes que amenazan la salud p\u00fablica. Mediante esta notificaci\u00f3n, Interpol proporciona avisos cr\u00edticos a las organizaciones policiales y fuerzas de seguridad internacionales. Sin embargo, hay puntos importantes que conviene conocer sobre el proceso legal de la notificaci\u00f3n naranja, c\u00f3mo funciona y c\u00f3mo se utiliza en situaciones peligrosas.    <\/p>\n<p><\/p>\n<h2 class=\"wp-block-heading\"><strong>\u00bfQu\u00e9 es la notificaci\u00f3n naranja?<br><br><\/strong><\/h2>\n<p><\/p>\n<p>La notificaci\u00f3n naranja es un tipo de notificaci\u00f3n emitida por Interpol que informa a las fuerzas de seguridad de todo el mundo sobre acontecimientos de gran peligro. Se utiliza, en particular, para informar sobre atentados terroristas, delitos graves, amenazas para la salud p\u00fablica y otros sucesos de peligro inmediato. La notificaci\u00f3n naranja es importante para permitir la adopci\u00f3n de medidas urgentes a escala internacional y fomenta el intercambio r\u00e1pido de informaci\u00f3n entre las organizaciones policiales y las fuerzas de seguridad de todo el mundo.  <\/p>\n<p><\/p>\n<p>La Notificaci\u00f3n Naranja advierte de acontecimientos que pueden suponer amenazas especialmente graves para la seguridad. Por ejemplo, situaciones peligrosas como un plan de atentado terrorista de gran envergadura, un ataque biol\u00f3gico o las actividades de una organizaci\u00f3n delictiva importante se notifican mediante la notificaci\u00f3n naranja. Esta notificaci\u00f3n exige la intervenci\u00f3n urgente de las organizaciones policiales a escala internacional, lo que permite localizar a los delincuentes y prevenir los peligros.  <\/p>\n<p><\/p>\n<h2 class=\"wp-block-heading\"><strong>Situaciones en las que se utiliza la notificaci\u00f3n naranja<\/strong><\/h2>\n<p><\/p>\n<p>El Aviso Naranja es una advertencia emitida para amenazas graves y emergencias. Este aviso suele utilizarse en las siguientes situaciones: <\/p>\n<p><\/p>\n<ul class=\"wp-block-list\">\n<li><strong>Atentados terroristas:<\/strong><br>La difusi\u00f3n naranja se utiliza en los casos en que se planea un atentado terrorista a gran escala. Si una organizaci\u00f3n terrorista va a llevar a cabo un atentado a gran escala o si se recibe informaci\u00f3n sobre un atentado, esta situaci\u00f3n se notifica a Interpol y se avisa a las fuerzas de seguridad internacionales mediante la notificaci\u00f3n naranja. Esta notificaci\u00f3n garantiza la adopci\u00f3n de medidas de seguridad internacionales antes o despu\u00e9s del atentado.  <\/li>\n\n<li><strong> Medios de comunicaci\u00f3n y amenazas para la seguridad p\u00fablica<\/strong>:<br>La Notificaci\u00f3n Naranja tambi\u00e9n puede utilizarse para informar sobre grandes cat\u00e1strofes, desastres naturales o situaciones peligrosas que amenacen alas sociedades. Por ejemplo, en caso de un ataque con armas biol\u00f3gicas, una fuga de material radiactivo o un peligro qu\u00edmico importante, la Notificaci\u00f3n Naranja puede utilizarse para transmitir informaci\u00f3n urgente a las fuerzas de seguridad de todo el mundo. <\/li>\n\n<li><strong>Actividades de organizaciones delictivas:<\/strong><br>Las actividades delictivas llevadas a cabo por grandes organizaciones delictivas pueden suponer una amenaza a escala mundial. En particular, cuando se recibe informaci\u00f3n de que grupos de delincuencia organizada que operan a escala internacional est\u00e1n planeando delitos importantes, estas situaciones se comunican a trav\u00e9s de la notificaci\u00f3n naranja. Esta notificaci\u00f3n permite localizar y prevenir a los delincuentes.  <\/li>\n\n<li><strong>Amenazas a las infraestructuras cr\u00edticas:<\/strong><br>En algunos casos, puede haber amenazas a las infraestructuras cr\u00edticas. Centrales el\u00e9ctricas, sistemas de abastecimiento de agua u otras infraestructuras vitales pueden ser blanco de ataques. La notificaci\u00f3n naranja exige una respuesta r\u00e1pida de las fuerzas de seguridad ante tales amenazas.  <\/li>\n<\/ul>\n<p><\/p>\n<h2 class=\"wp-block-heading\"><strong>El papel de la notificaci\u00f3n naranja en el proceso judicial<\/strong><\/h2>\n<p><\/p>\n<p>La notificaci\u00f3n naranja se emite cuando existe un peligro inmediato o un delito y alerta a las organizaciones policiales de todo el mundo. Sin embargo, la notificaci\u00f3n naranja no es directamente vinculante desde el punto de vista jur\u00eddico. Es decir, no conduce directamente a la detenci\u00f3n o procesamiento de una persona. Sin embargo, las fuerzas de seguridad de todo el mundo son alertadas mediante esta notificaci\u00f3n y pueden estar preparadas ante una posible amenaza.   <\/p>\n<p><\/p>\n<p>La Difusi\u00f3nNaranja ayuda a las fuerzas de seguridad a actuar de forma coordinada a escala internacional , a menudo permitiendo compartir r\u00e1pidamente informaci\u00f3n sobre delitos y amenazas importantes. La publicaci\u00f3n dela notificaci\u00f3n permite adoptar medidas de seguridad y ayuda a prevenir la delincuencia internacional. Por ejemplo, cuando se publica una Difusi\u00f3n Naranja sobre planes de atentado terrorista, todos los Estados miembros aumentan las medidas de seguridad para impedirlo.  <\/p>\n<p><\/p>\n<h2 class=\"wp-block-heading\"><strong>M\u00e9todos de defensa contra la notificaci\u00f3n naranja<\/strong><\/h2>\n<p><\/p>\n<p>Dado que la notificaci\u00f3n naranja suele emitirse para amenazas y emergencias graves, es dif\u00edcil defenderse de este tipo de notificaciones. Sin embargo, en algunos casos, pueden formularse acusaciones falsas contra personas o puede haberse difundido informaci\u00f3n falsa sobre la amenaza. En tales casos, la notificaci\u00f3n naranja puede defenderse. Los m\u00e9todos de defensa pueden ser:   <\/p>\n<p><\/p>\n<ul class=\"wp-block-list\">\n<li><strong>Defensa de falsedad:<\/strong><br>Si la notificaci\u00f3n naranja se emiti\u00f3 bas\u00e1ndose en informaci\u00f3n err\u00f3nea o acusaciones falsas, puede existir una defensa. Por ejemplo, si se presenta falsamente a una persona como culpable, pueden presentarse pruebas pertinentes para demostrar su inocencia. Estas inexactitudes pueden constituir un argumento de peso para la defensa.  <\/li>\n\n<li><strong>Alegaci\u00f3n de que la amenaza no es v\u00e1lida<\/strong>:<br>Si una persona no es responsable de la amenaza objeto de la notificaci\u00f3n naranja o si la amenaza no es v\u00e1lida, esto puede alegarse como defensa. Se puede demostrar que la persona no est\u00e1 relacionada con el delito o la amenaza, y esto puede demostrar la invalidez de la notificaci\u00f3n. <\/li>\n\n<li><strong>Violaci\u00f3n del derecho<\/strong> a un juicio justo:<br>Si la Difusi\u00f3n Naranja se ha utilizado de forma que impide un juicio justo, esto tambi\u00e9n puede constituir motivo de defensa. Si se ha violado el derecho de una persona a un juicio justo, puede existir una defensa en virtud del derecho internacional y las normas de derechos humanos. <\/li>\n<\/ul>\n<p><\/p>\n<p>La Notificaci\u00f3n Naranja es una herramienta de alerta emitida para emergencias y amenazas importantes, que proporciona informaci\u00f3n r\u00e1pida a las fuerzas de seguridad de todo el mundo. Se utiliza para garantizar la seguridad internacional informando de incidentes como atentados terroristas, delitos graves y amenazas biol\u00f3gicas y qu\u00edmicas. Sin embargo, en caso de que una notificaci\u00f3n naranja se base en informaci\u00f3n falsa, existen varias defensas a disposici\u00f3n de los particulares para hacer valer sus derechos legales. Es posible invalidar una Notificaci\u00f3n Naranja por motivos tales como falsedad, invalidez de la amenaza o violaci\u00f3n del derecho a un juicio justo. Si una persona ha sido objeto de una Notificaci\u00f3n Naranja y esta se realiz\u00f3 por error, la notificaci\u00f3n puede eliminarse siguiendo los pasos legales correctos.    <\/p>\n<p><\/p>\n<p> <\/p>\n<p><\/p>\n<p><\/p>\n<p><\/p>\t\t\t\t\t\t\t\t<\/div>\n\t\t\t\t<\/div>\n\t\t\t\t\t<\/div>\n\t\t<\/div>\n\t\t        <div class=\"elementor-column elementor-col-50 elementor-top-column elementor-element elementor-element-d92cb1b kng-column-element-default\" data-id=\"d92cb1b\" data-element_type=\"column\">\n                        <div class=\"elementor-widget-wrap elementor-element-populated\">\n                     \n            \n         \n        \t\t<div class=\"elementor-element elementor-element-1c02604 elementor-nav-menu--dropdown-none elementor-widget elementor-widget-nav-menu\" data-id=\"1c02604\" data-element_type=\"widget\" data-settings=\"{&quot;layout&quot;:&quot;vertical&quot;,&quot;sticky&quot;:&quot;top&quot;,&quot;sticky_on&quot;:[&quot;widescreen&quot;,&quot;desktop&quot;,&quot;laptop&quot;],&quot;sticky_offset&quot;:80,&quot;sticky_parent&quot;:&quot;yes&quot;,&quot;submenu_icon&quot;:{&quot;value&quot;:&quot;&lt;svg class=\\&quot;e-font-icon-svg e-fas-caret-down\\&quot; viewBox=\\&quot;0 0 320 512\\&quot; xmlns=\\&quot;http:\\\/\\\/www.w3.org\\\/2000\\\/svg\\&quot;&gt;&lt;path d=\\&quot;M31.3 192h257.3c17.8 0 26.7 21.5 14.1 34.1L174.1 354.8c-7.8 7.8-20.5 7.8-28.3 0L17.2 226.1C4.6 213.5 13.5 192 31.3 192z\\&quot;&gt;&lt;\\\/path&gt;&lt;\\\/svg&gt;&quot;,&quot;library&quot;:&quot;fa-solid&quot;},&quot;sticky_effects_offset&quot;:0,&quot;sticky_anchor_link_offset&quot;:0}\" data-widget_type=\"nav-menu.default\">\n\t\t\t\t<div class=\"elementor-widget-container\">\n\t\t\t\t\t\t\t\t<nav aria-label=\"Menu\" class=\"elementor-nav-menu--main elementor-nav-menu__container elementor-nav-menu--layout-vertical e--pointer-underline e--animation-fade\">\n\t\t\t\t<ul id=\"menu-1-1c02604\" class=\"elementor-nav-menu sm-vertical\"><li class=\"menu-item menu-item-type-post_type menu-item-object-page menu-item-9920\"><a href=\"https:\/\/interpolavukati.com\/es\/abogado-especializado-en-la-eliminacion-de-notificaciones-rojas-de-interpol\/\" class=\"elementor-item\">Abogado especializado en la eliminaci\u00f3n de notificaciones rojas de Interpol<\/a><\/li>\n<li class=\"menu-item menu-item-type-post_type menu-item-object-page menu-item-9921\"><a href=\"https:\/\/interpolavukati.com\/es\/europol-defensa\/\" class=\"elementor-item\">Europol Defensa<\/a><\/li>\n<li class=\"menu-item menu-item-type-post_type menu-item-object-page menu-item-9922\"><a href=\"https:\/\/interpolavukati.com\/es\/notificaciones-de-interpol\/\" class=\"elementor-item\">Notificaciones de Interpol<\/a><\/li>\n<li class=\"menu-item menu-item-type-post_type menu-item-object-page menu-item-9959\"><a href=\"https:\/\/interpolavukati.com\/es\/notificacion-de-plata\/\" class=\"elementor-item\">Notificaci\u00f3n de plata<\/a><\/li>\n<li class=\"menu-item menu-item-type-post_type menu-item-object-page menu-item-9960\"><a href=\"https:\/\/interpolavukati.com\/es\/notificacion-especial-de-interpol-a-la-onu\/\" class=\"elementor-item\">Notificaci\u00f3n especial de Interpol a la ONU<\/a><\/li>\n<li class=\"menu-item menu-item-type-post_type menu-item-object-page menu-item-9961\"><a href=\"https:\/\/interpolavukati.com\/es\/aviso-rojo\/\" class=\"elementor-item\">Aviso rojo<\/a><\/li>\n<li class=\"menu-item menu-item-type-post_type menu-item-object-page menu-item-9962\"><a href=\"https:\/\/interpolavukati.com\/es\/notificacionazul\/\" class=\"elementor-item\">Notificaci\u00f3nazul<\/a><\/li>\n<li class=\"menu-item menu-item-type-post_type menu-item-object-page menu-item-9963\"><a href=\"https:\/\/interpolavukati.com\/es\/notificacion-morada\/\" class=\"elementor-item\">Notificaci\u00f3n morada<\/a><\/li>\n<li class=\"menu-item menu-item-type-post_type menu-item-object-page menu-item-9964\"><a href=\"https:\/\/interpolavukati.com\/es\/aviso-amarillo\/\" class=\"elementor-item\">Aviso amarillo<\/a><\/li>\n<li class=\"menu-item menu-item-type-post_type menu-item-object-page menu-item-9965\"><a href=\"https:\/\/interpolavukati.com\/es\/notificacion-negra\/\" class=\"elementor-item\">Notificaci\u00f3n negra<\/a><\/li>\n<li class=\"menu-item menu-item-type-post_type menu-item-object-page menu-item-9966\"><a href=\"https:\/\/interpolavukati.com\/es\/notificacion-naranja\/\" class=\"elementor-item\">Notificaci\u00f3n naranja<\/a><\/li>\n<li class=\"menu-item menu-item-type-post_type menu-item-object-page menu-item-9967\"><a href=\"https:\/\/interpolavukati.com\/es\/notificacion-verde\/\" class=\"elementor-item\">Notificaci\u00f3n verde<\/a><\/li>\n<\/ul>\t\t\t<\/nav>\n\t\t\t\t\t\t<nav class=\"elementor-nav-menu--dropdown elementor-nav-menu__container\" aria-hidden=\"true\">\n\t\t\t\t<ul id=\"menu-2-1c02604\" class=\"elementor-nav-menu sm-vertical\"><li class=\"menu-item menu-item-type-post_type menu-item-object-page menu-item-9920\"><a href=\"https:\/\/interpolavukati.com\/es\/abogado-especializado-en-la-eliminacion-de-notificaciones-rojas-de-interpol\/\" class=\"elementor-item\" tabindex=\"-1\">Abogado especializado en la eliminaci\u00f3n de notificaciones rojas de Interpol<\/a><\/li>\n<li class=\"menu-item menu-item-type-post_type menu-item-object-page menu-item-9921\"><a href=\"https:\/\/interpolavukati.com\/es\/europol-defensa\/\" class=\"elementor-item\" tabindex=\"-1\">Europol Defensa<\/a><\/li>\n<li class=\"menu-item menu-item-type-post_type menu-item-object-page menu-item-9922\"><a href=\"https:\/\/interpolavukati.com\/es\/notificaciones-de-interpol\/\" class=\"elementor-item\" tabindex=\"-1\">Notificaciones de Interpol<\/a><\/li>\n<li class=\"menu-item menu-item-type-post_type menu-item-object-page menu-item-9959\"><a href=\"https:\/\/interpolavukati.com\/es\/notificacion-de-plata\/\" class=\"elementor-item\" tabindex=\"-1\">Notificaci\u00f3n de plata<\/a><\/li>\n<li class=\"menu-item menu-item-type-post_type menu-item-object-page menu-item-9960\"><a href=\"https:\/\/interpolavukati.com\/es\/notificacion-especial-de-interpol-a-la-onu\/\" class=\"elementor-item\" tabindex=\"-1\">Notificaci\u00f3n especial de Interpol a la ONU<\/a><\/li>\n<li class=\"menu-item menu-item-type-post_type menu-item-object-page menu-item-9961\"><a href=\"https:\/\/interpolavukati.com\/es\/aviso-rojo\/\" class=\"elementor-item\" tabindex=\"-1\">Aviso rojo<\/a><\/li>\n<li class=\"menu-item menu-item-type-post_type menu-item-object-page menu-item-9962\"><a href=\"https:\/\/interpolavukati.com\/es\/notificacionazul\/\" class=\"elementor-item\" tabindex=\"-1\">Notificaci\u00f3nazul<\/a><\/li>\n<li class=\"menu-item menu-item-type-post_type menu-item-object-page menu-item-9963\"><a href=\"https:\/\/interpolavukati.com\/es\/notificacion-morada\/\" class=\"elementor-item\" tabindex=\"-1\">Notificaci\u00f3n morada<\/a><\/li>\n<li class=\"menu-item menu-item-type-post_type menu-item-object-page menu-item-9964\"><a href=\"https:\/\/interpolavukati.com\/es\/aviso-amarillo\/\" class=\"elementor-item\" tabindex=\"-1\">Aviso amarillo<\/a><\/li>\n<li class=\"menu-item menu-item-type-post_type menu-item-object-page menu-item-9965\"><a href=\"https:\/\/interpolavukati.com\/es\/notificacion-negra\/\" class=\"elementor-item\" tabindex=\"-1\">Notificaci\u00f3n negra<\/a><\/li>\n<li class=\"menu-item menu-item-type-post_type menu-item-object-page menu-item-9966\"><a href=\"https:\/\/interpolavukati.com\/es\/notificacion-naranja\/\" class=\"elementor-item\" tabindex=\"-1\">Notificaci\u00f3n naranja<\/a><\/li>\n<li class=\"menu-item menu-item-type-post_type menu-item-object-page menu-item-9967\"><a href=\"https:\/\/interpolavukati.com\/es\/notificacion-verde\/\" class=\"elementor-item\" tabindex=\"-1\">Notificaci\u00f3n verde<\/a><\/li>\n<\/ul>\t\t\t<\/nav>\n\t\t\t\t\t\t<\/div>\n\t\t\t\t<\/div>\n\t\t\t\t\t<\/div>\n\t\t<\/div>\n\t\t            <\/div>\n        <\/section>\n        \t\t<\/div>\n\t\t","protected":false},"excerpt":{"rendered":"<p>La notificaci\u00f3nnaranja es un instrumento de alerta especial emitido por Interpol para advertir de situaciones de peligro inmediato. Se utiliza para prevenir grandes peligros, disuadir la delincuencia o proporcionar informaci\u00f3n mundial sobre emergencias. Suele emitirse en situaciones importantes como atentados terroristas, delitos a gran escala o cat\u00e1strofes que amenazan la salud p\u00fablica. Mediante esta notificaci\u00f3n, [&hellip;]<\/p>\n","protected":false},"author":1,"featured_media":0,"parent":0,"menu_order":0,"comment_status":"closed","ping_status":"closed","template":"","meta":{"footnotes":""},"class_list":["post-9584","page","type-page","status-publish","hentry","kng-no-post-thumbnail"],"yoast_head":"<!-- This site is optimized with the Yoast SEO plugin v25.1 - https:\/\/yoast.com\/wordpress\/plugins\/seo\/ -->\n<title>Notificaci\u00f3n naranja - \u0130nterpol Avukat\u0131<\/title>\n<meta name=\"robots\" content=\"index, follow, max-snippet:-1, max-image-preview:large, max-video-preview:-1\" \/>\n<link rel=\"canonical\" href=\"https:\/\/interpolavukati.com\/es\/notificacion-naranja\/\" \/>\n<meta property=\"og:locale\" content=\"es_ES\" \/>\n<meta property=\"og:type\" content=\"article\" \/>\n<meta property=\"og:title\" content=\"Notificaci\u00f3n naranja - \u0130nterpol Avukat\u0131\" \/>\n<meta property=\"og:description\" content=\"La notificaci\u00f3nnaranja es un instrumento de alerta especial emitido por Interpol para advertir de situaciones de peligro inmediato. Se utiliza para prevenir grandes peligros, disuadir la delincuencia o proporcionar informaci\u00f3n mundial sobre emergencias. Suele emitirse en situaciones importantes como atentados terroristas, delitos a gran escala o cat\u00e1strofes que amenazan la salud p\u00fablica. Mediante esta notificaci\u00f3n, [&hellip;]\" \/>\n<meta property=\"og:url\" content=\"https:\/\/interpolavukati.com\/es\/notificacion-naranja\/\" \/>\n<meta property=\"og:site_name\" content=\"\u0130nterpol Avukat\u0131\" \/>\n<meta property=\"article:modified_time\" content=\"2025-06-24T13:20:44+00:00\" \/>\n<meta name=\"twitter:card\" content=\"summary_large_image\" \/>\n<meta name=\"twitter:label1\" content=\"Tiempo de lectura\" \/>\n\t<meta name=\"twitter:data1\" content=\"7 minutos\" \/>\n<script type=\"application\/ld+json\" class=\"yoast-schema-graph\">{\"@context\":\"https:\/\/schema.org\",\"@graph\":[{\"@type\":\"WebPage\",\"@id\":\"https:\/\/interpolavukati.com\/es\/notificacion-naranja\/\",\"url\":\"https:\/\/interpolavukati.com\/es\/notificacion-naranja\/\",\"name\":\"Notificaci\u00f3n naranja - \u0130nterpol Avukat\u0131\",\"isPartOf\":{\"@id\":\"https:\/\/interpolavukati.com\/#website\"},\"datePublished\":\"2025-05-16T11:10:50+00:00\",\"dateModified\":\"2025-06-24T13:20:44+00:00\",\"breadcrumb\":{\"@id\":\"https:\/\/interpolavukati.com\/es\/notificacion-naranja\/#breadcrumb\"},\"inLanguage\":\"es\",\"potentialAction\":[{\"@type\":\"ReadAction\",\"target\":[\"https:\/\/interpolavukati.com\/es\/notificacion-naranja\/\"]}]},{\"@type\":\"BreadcrumbList\",\"@id\":\"https:\/\/interpolavukati.com\/es\/notificacion-naranja\/#breadcrumb\",\"itemListElement\":[{\"@type\":\"ListItem\",\"position\":1,\"name\":\"Anasayfa\",\"item\":\"https:\/\/interpolavukati.com\/es\/\"},{\"@type\":\"ListItem\",\"position\":2,\"name\":\"Notificaci\u00f3n naranja\"}]},{\"@type\":\"WebSite\",\"@id\":\"https:\/\/interpolavukati.com\/#website\",\"url\":\"https:\/\/interpolavukati.com\/\",\"name\":\"\u0130nterpol Avukat\u0131\",\"description\":\"\",\"publisher\":{\"@id\":\"https:\/\/interpolavukati.com\/#organization\"},\"potentialAction\":[{\"@type\":\"SearchAction\",\"target\":{\"@type\":\"EntryPoint\",\"urlTemplate\":\"https:\/\/interpolavukati.com\/?s={search_term_string}\"},\"query-input\":{\"@type\":\"PropertyValueSpecification\",\"valueRequired\":true,\"valueName\":\"search_term_string\"}}],\"inLanguage\":\"es\"},{\"@type\":\"Organization\",\"@id\":\"https:\/\/interpolavukati.com\/#organization\",\"name\":\"\u0130nterpol Avukat\u0131\",\"url\":\"https:\/\/interpolavukati.com\/\",\"logo\":{\"@type\":\"ImageObject\",\"inLanguage\":\"es\",\"@id\":\"https:\/\/interpolavukati.com\/#\/schema\/logo\/image\/\",\"url\":\"https:\/\/interpolavukati.com\/wp-content\/uploads\/2021\/11\/interpol-avukati-logo-renkli-scaled.png\",\"contentUrl\":\"https:\/\/interpolavukati.com\/wp-content\/uploads\/2021\/11\/interpol-avukati-logo-renkli-scaled.png\",\"width\":2560,\"height\":852,\"caption\":\"\u0130nterpol Avukat\u0131\"},\"image\":{\"@id\":\"https:\/\/interpolavukati.com\/#\/schema\/logo\/image\/\"}}]}<\/script>\n<!-- \/ Yoast SEO plugin. -->","yoast_head_json":{"title":"Notificaci\u00f3n naranja - \u0130nterpol Avukat\u0131","robots":{"index":"index","follow":"follow","max-snippet":"max-snippet:-1","max-image-preview":"max-image-preview:large","max-video-preview":"max-video-preview:-1"},"canonical":"https:\/\/interpolavukati.com\/es\/notificacion-naranja\/","og_locale":"es_ES","og_type":"article","og_title":"Notificaci\u00f3n naranja - \u0130nterpol Avukat\u0131","og_description":"La notificaci\u00f3nnaranja es un instrumento de alerta especial emitido por Interpol para advertir de situaciones de peligro inmediato. Se utiliza para prevenir grandes peligros, disuadir la delincuencia o proporcionar informaci\u00f3n mundial sobre emergencias. Suele emitirse en situaciones importantes como atentados terroristas, delitos a gran escala o cat\u00e1strofes que amenazan la salud p\u00fablica. Mediante esta notificaci\u00f3n, [&hellip;]","og_url":"https:\/\/interpolavukati.com\/es\/notificacion-naranja\/","og_site_name":"\u0130nterpol Avukat\u0131","article_modified_time":"2025-06-24T13:20:44+00:00","twitter_card":"summary_large_image","twitter_misc":{"Tiempo de lectura":"7 minutos"},"schema":{"@context":"https:\/\/schema.org","@graph":[{"@type":"WebPage","@id":"https:\/\/interpolavukati.com\/es\/notificacion-naranja\/","url":"https:\/\/interpolavukati.com\/es\/notificacion-naranja\/","name":"Notificaci\u00f3n naranja - \u0130nterpol Avukat\u0131","isPartOf":{"@id":"https:\/\/interpolavukati.com\/#website"},"datePublished":"2025-05-16T11:10:50+00:00","dateModified":"2025-06-24T13:20:44+00:00","breadcrumb":{"@id":"https:\/\/interpolavukati.com\/es\/notificacion-naranja\/#breadcrumb"},"inLanguage":"es","potentialAction":[{"@type":"ReadAction","target":["https:\/\/interpolavukati.com\/es\/notificacion-naranja\/"]}]},{"@type":"BreadcrumbList","@id":"https:\/\/interpolavukati.com\/es\/notificacion-naranja\/#breadcrumb","itemListElement":[{"@type":"ListItem","position":1,"name":"Anasayfa","item":"https:\/\/interpolavukati.com\/es\/"},{"@type":"ListItem","position":2,"name":"Notificaci\u00f3n naranja"}]},{"@type":"WebSite","@id":"https:\/\/interpolavukati.com\/#website","url":"https:\/\/interpolavukati.com\/","name":"\u0130nterpol Avukat\u0131","description":"","publisher":{"@id":"https:\/\/interpolavukati.com\/#organization"},"potentialAction":[{"@type":"SearchAction","target":{"@type":"EntryPoint","urlTemplate":"https:\/\/interpolavukati.com\/?s={search_term_string}"},"query-input":{"@type":"PropertyValueSpecification","valueRequired":true,"valueName":"search_term_string"}}],"inLanguage":"es"},{"@type":"Organization","@id":"https:\/\/interpolavukati.com\/#organization","name":"\u0130nterpol Avukat\u0131","url":"https:\/\/interpolavukati.com\/","logo":{"@type":"ImageObject","inLanguage":"es","@id":"https:\/\/interpolavukati.com\/#\/schema\/logo\/image\/","url":"https:\/\/interpolavukati.com\/wp-content\/uploads\/2021\/11\/interpol-avukati-logo-renkli-scaled.png","contentUrl":"https:\/\/interpolavukati.com\/wp-content\/uploads\/2021\/11\/interpol-avukati-logo-renkli-scaled.png","width":2560,"height":852,"caption":"\u0130nterpol Avukat\u0131"},"image":{"@id":"https:\/\/interpolavukati.com\/#\/schema\/logo\/image\/"}}]}},"_links":{"self":[{"href":"https:\/\/interpolavukati.com\/es\/wp-json\/wp\/v2\/pages\/9584","targetHints":{"allow":["GET"]}}],"collection":[{"href":"https:\/\/interpolavukati.com\/es\/wp-json\/wp\/v2\/pages"}],"about":[{"href":"https:\/\/interpolavukati.com\/es\/wp-json\/wp\/v2\/types\/page"}],"author":[{"embeddable":true,"href":"https:\/\/interpolavukati.com\/es\/wp-json\/wp\/v2\/users\/1"}],"replies":[{"embeddable":true,"href":"https:\/\/interpolavukati.com\/es\/wp-json\/wp\/v2\/comments?post=9584"}],"version-history":[{"count":12,"href":"https:\/\/interpolavukati.com\/es\/wp-json\/wp\/v2\/pages\/9584\/revisions"}],"predecessor-version":[{"id":10509,"href":"https:\/\/interpolavukati.com\/es\/wp-json\/wp\/v2\/pages\/9584\/revisions\/10509"}],"wp:attachment":[{"href":"https:\/\/interpolavukati.com\/es\/wp-json\/wp\/v2\/media?parent=9584"}],"curies":[{"name":"wp","href":"https:\/\/api.w.org\/{rel}","templated":true}]}}