{"id":9604,"date":"2025-05-16T11:09:05","date_gmt":"2025-05-16T11:09:05","guid":{"rendered":"https:\/\/interpolavukati.com\/notificacion-verde\/"},"modified":"2025-06-24T13:21:25","modified_gmt":"2025-06-24T13:21:25","slug":"notificacion-verde","status":"publish","type":"page","link":"https:\/\/interpolavukati.com\/es\/notificacion-verde\/","title":{"rendered":"Notificaci\u00f3n verde"},"content":{"rendered":"\t\t<div data-elementor-type=\"wp-page\" data-elementor-id=\"9604\" class=\"elementor elementor-9604 elementor-7783\" data-elementor-post-type=\"page\">\n\t\t\t\t        <section class=\"elementor-section elementor-top-section elementor-element elementor-element-5455c7f elementor-section-boxed elementor-section-height-default elementor-section-height-default kng-section-overflow-hidden-no kng-boxed-bg-false kng-section-boxed-divider-false\" data-id=\"5455c7f\" data-element_type=\"section\">\n                                             \n            <div class=\"elementor-container elementor-column-gap-default \">\n                    <div class=\"elementor-column elementor-col-50 elementor-top-column elementor-element elementor-element-187e5e9 kng-column-element-default\" data-id=\"187e5e9\" data-element_type=\"column\">\n                        <div class=\"elementor-widget-wrap elementor-element-populated\">\n                     \n            \n         \n        \t\t<div class=\"elementor-element elementor-element-6c9e08a elementor-widget elementor-widget-text-editor\" data-id=\"6c9e08a\" data-element_type=\"widget\" data-widget_type=\"text-editor.default\">\n\t\t\t\t<div class=\"elementor-widget-container\">\n\t\t\t\t\t\t\t\t\t<p><\/p>\n<p>Una difusi\u00f3n verde es un tipo especial de notificaci\u00f3n publicada por Interpol y utilizada para recabar informaci\u00f3n sobre la delincuencia. Interpol, en cooperaci\u00f3n con organismos policiales de todo el mundo, tiene como objetivo vigilar y recopilar informaci\u00f3n sobre las actividades de delincuentes o personas relacionadas con la delincuencia. A menudo se utiliza una notificaci\u00f3n verde para localizar a personas relacionadas con delitos. Sin embargo, estas notificaciones no constituyen una solicitud directa de detenci\u00f3n, sino que fomentan el intercambio de informaci\u00f3n entre las polic\u00edas con el fin de recabar informaci\u00f3n sobre la delincuencia y garantizar la detenci\u00f3n de los delincuentes.   <\/p>\n<p><\/p>\n<h2 class=\"wp-block-heading\"><strong>\u00bfQu\u00e9 es la notificaci\u00f3n verde?<\/strong><\/h2>\n<p><\/p>\n<p>Una difusi\u00f3n verde es una llamada emitida por Interpol para recabar informaci\u00f3n sobre un delito. Se utiliza para iniciar una investigaci\u00f3n sobre si una persona est\u00e1 relacionada con un delito. La difusi\u00f3n verde se suele utilizar cuando no hay certeza sobre la identidad del delincuente, pero existen sospechas sobre la persona. Esta notificaci\u00f3n pide a los organismos encargados de la aplicaci\u00f3n de la ley de todo el mundo que recaben m\u00e1s informaci\u00f3n sobre los delincuentes o sospechosos.   <\/p>\n<p><\/p>\n<p>La notificaci\u00f3n verde se expide a personas que no han sido condenadas por un delito o que no est\u00e1n directamente implicadas en el delito, pero se considera que est\u00e1n relacionadas con \u00e9l. Suele utilizarse para perseguir a sospechosos o delincuentes y recabar informaci\u00f3n sobre el delito. El principal objetivo de la notificaci\u00f3n verde es permitir el intercambio de informaci\u00f3n entre pa\u00edses para detener a delincuentes y personas vinculadas a delitos y obtener m\u00e1s informaci\u00f3n sobre la delincuencia.  <\/p>\n<p><\/p>\n<h2 class=\"wp-block-heading\"><strong>Situaciones en las que se utiliza la Declaraci\u00f3n Verde<\/strong><\/h2>\n<p><\/p>\n<p>La notificaci\u00f3n verde se utiliza en determinadas circunstancias. Esta notificaci\u00f3n suele expedirse con el fin de recabar informaci\u00f3n en relaci\u00f3n con un delito. Las principales situaciones en las que se utiliza la notificaci\u00f3n verde son:  <\/p>\n<p><\/p>\n<ul class=\"wp-block-list\">\n<li><strong>Recogida de informaci\u00f3n sobre identidad criminal:<\/strong><br>La notificaci\u00f3n verde se utiliza cuando no hay certeza sobre la identidad de una persona, pero existen sospechas de que est\u00e1 vinculada a un delito. Esta notificaci\u00f3n se emite para establecer la identidad del delincuente e investigar si est\u00e1 vinculado al delito. Por ejemplo, si una persona est\u00e1 vinculada a un grupo u organizaci\u00f3n que se cree que est\u00e1 relacionada con la delincuencia, la notificaci\u00f3n verde puede utilizarse para recabar m\u00e1s informaci\u00f3n.  <\/li>\n\n<li><strong>Seguimiento de infractores<\/strong><br>La notificaci\u00f3n verde puede utilizarse para permitir el seguimiento de delincuentes. Se puede emitir una notificaci\u00f3n verde para el seguimiento internacional de delincuentes, con el fin de localizar a personas sospechosas de estar relacionadas con un delito concreto. Esta notificaci\u00f3n tiene por objeto determinar si el delincuente se encuentra en el extranjero.  <\/li>\n\n<li><strong>Investigaci\u00f3n de sospechosos<\/strong><br>La notificaci\u00f3n verde tambi\u00e9n puede utilizarse para investigar los v\u00ednculos de los sospechosos con la delincuencia. Una persona puede no ser acusada de un delito, pero si hay sospechas y la persona est\u00e1 vinculada al delito, esta notificaci\u00f3n puede iniciar un proceso de recopilaci\u00f3n de m\u00e1s informaci\u00f3n. Esta puede ser una forma eficaz de contribuir a resolver delitos.  <\/li>\n\n<li><strong>Recogida de informaci\u00f3n sobre delitos internacionales<\/strong><br>La notificaci\u00f3n verde es una herramienta importante, especialmente para los delitos transnacionales. En el caso de delitos internacionales como la trata de seres humanos, el tr\u00e1fico de drogas, el terrorismo y la delincuencia organizada, esta notificaci\u00f3n puede emitirse para recabar m\u00e1s informaci\u00f3n sobre sospechosos vinculados al delito.<br>S\u00f6zl\u00fck\u00e7e <\/li>\n<\/ul>\n<p><\/p>\n<h2 class=\"wp-block-heading\"><strong>El papel de la Declaraci\u00f3n Verde en el proceso judicial<\/strong><\/h2>\n<p><\/p>\n<p>La notificaci\u00f3n verde no exige directamente una detenci\u00f3n. Se utiliza \u00fanicamente para recabar informaci\u00f3n sobre el delito. El objetivo de la difusi\u00f3n verde es permitir el intercambio de informaci\u00f3n entre los Estados miembros de Interpol de todo el mundo. El principal objetivo de esta notificaci\u00f3n es investigar si una persona est\u00e1 relacionada con un delito y recabar m\u00e1s informaci\u00f3n. La detenci\u00f3n o privaci\u00f3n de libertad de una persona depende del ordenamiento jur\u00eddico nacional y de los procedimientos legales del pa\u00eds.    <\/p>\n<p><\/p>\n<p>La publicaci\u00f3n de la notificaci\u00f3n verde puede facilitar el seguimiento de los delincuentes a escala nacional. Sin embargo, esta notificaci\u00f3n s\u00f3lo sirve para recabar informaci\u00f3n y no conduce directamente a \u00f3rdenes de detenci\u00f3n. Las fuerzas de seguridad nacionales utilizar\u00e1n la informaci\u00f3n obtenida mediante esta notificaci\u00f3n de conformidad con sus propios ordenamientos jur\u00eddicos. La difusi\u00f3n verde es importante para garantizar la cooperaci\u00f3n entre los Estados miembros de Interpol. No obstante, cada pa\u00eds eval\u00faa la difusi\u00f3n verde en el marco de su propio ordenamiento jur\u00eddico y act\u00faa en consecuencia.    <\/p>\n<p><\/p>\n<h2 class=\"wp-block-heading\"><strong>M\u00e9todos de defensa contra la notificaci\u00f3n verde<\/strong><\/h2>\n<p><\/p>\n<p>Una notificaci\u00f3n verde se expide con el fin de recabar informaci\u00f3n sobre un delito, pero a veces puede ser err\u00f3neamente expedida contra una persona. Para defenderse de una notificaci\u00f3n verde, una persona puede recurrir a varios recursos legales. Las defensas contra una Notificaci\u00f3n Verde pueden incluir:  <\/p>\n<p><\/p>\n<ul class=\"wp-block-list\">\n<li><strong>Defensa de inexactitud y error:<\/strong><br>En ocasiones, la Notificaci\u00f3n Verde puede haberse publicado bas\u00e1ndose en informaci\u00f3n err\u00f3nea. Una persona puede solicitar que se invalide la notificaci\u00f3n verde demostrando que no est\u00e1 relacionada con el delito o que las sospechas no son v\u00e1lidas. La falta de pruebas o la informaci\u00f3n err\u00f3nea pueden constituir una base s\u00f3lida para la defensa.  <\/li>\n\n<li><strong>Declaraci\u00f3n de inocencia<\/strong><br>La notificaci\u00f3n verde se emite para sospechosos que han sido vinculados a un delito, pero si la persona es inocente, es posible demostrarlo. Se pueden presentar pruebas que demuestren que la persona no tuvo nada que ver con el delito y que s\u00f3lo se la relacion\u00f3 falsamente con \u00e9l. <\/li>\n\n<li><strong>Defensa de violaci\u00f3n del derecho a un juicio justo:<\/strong><br>Una persona puede alegar que se ha violado su derecho a un juicio justo en los casos en que se cree que est\u00e1 relacionada con el delito pero los cargos no son v\u00e1lidos. Si una persona se encuentra con una situaci\u00f3n injusta durante el proceso del juicio, esto puede plantearse como defensa. <\/li>\n<\/ul>\n<p><\/p>\n<p>La notificaci\u00f3n verde es un instrumento publicado por Interpol para el seguimiento de personas vinculadas a la delincuencia y para la recopilaci\u00f3n de informaci\u00f3n. Esta notificaci\u00f3n es de gran importancia para garantizar la detenci\u00f3n de delincuentes y obtener m\u00e1s informaci\u00f3n sobre el delito. Sin embargo, las notificaciones verdes realizadas por error pueden vulnerar los derechos de las personas. En este caso, es posible presentar una defensa y demostrar la nulidad. Defensas como la inocencia de la persona, el derecho a un juicio justo y la violaci\u00f3n de los derechos humanos pueden ayudar a que se levante una Notificaci\u00f3n Verde. Si se ha dictado una Notificaci\u00f3n Verde contra una persona y \u00e9sta es inocente, pueden defenderse sus derechos legales adoptando las medidas jur\u00eddicas adecuadas.     <\/p>\n<p><\/p>\n<p><\/p>\t\t\t\t\t\t\t\t<\/div>\n\t\t\t\t<\/div>\n\t\t\t\t\t<\/div>\n\t\t<\/div>\n\t\t        <div class=\"elementor-column elementor-col-50 elementor-top-column elementor-element elementor-element-d92cb1b kng-column-element-default\" data-id=\"d92cb1b\" data-element_type=\"column\">\n                        <div class=\"elementor-widget-wrap elementor-element-populated\">\n                     \n            \n         \n        \t\t<div class=\"elementor-element elementor-element-9cb176a elementor-nav-menu--dropdown-none elementor-widget elementor-widget-nav-menu\" data-id=\"9cb176a\" data-element_type=\"widget\" data-settings=\"{&quot;layout&quot;:&quot;vertical&quot;,&quot;sticky&quot;:&quot;top&quot;,&quot;sticky_on&quot;:[&quot;widescreen&quot;,&quot;desktop&quot;,&quot;laptop&quot;],&quot;sticky_offset&quot;:80,&quot;sticky_parent&quot;:&quot;yes&quot;,&quot;submenu_icon&quot;:{&quot;value&quot;:&quot;&lt;svg class=\\&quot;e-font-icon-svg e-fas-caret-down\\&quot; viewBox=\\&quot;0 0 320 512\\&quot; xmlns=\\&quot;http:\\\/\\\/www.w3.org\\\/2000\\\/svg\\&quot;&gt;&lt;path d=\\&quot;M31.3 192h257.3c17.8 0 26.7 21.5 14.1 34.1L174.1 354.8c-7.8 7.8-20.5 7.8-28.3 0L17.2 226.1C4.6 213.5 13.5 192 31.3 192z\\&quot;&gt;&lt;\\\/path&gt;&lt;\\\/svg&gt;&quot;,&quot;library&quot;:&quot;fa-solid&quot;},&quot;sticky_effects_offset&quot;:0,&quot;sticky_anchor_link_offset&quot;:0}\" data-widget_type=\"nav-menu.default\">\n\t\t\t\t<div class=\"elementor-widget-container\">\n\t\t\t\t\t\t\t\t<nav aria-label=\"Menu\" class=\"elementor-nav-menu--main elementor-nav-menu__container elementor-nav-menu--layout-vertical e--pointer-underline e--animation-fade\">\n\t\t\t\t<ul id=\"menu-1-9cb176a\" class=\"elementor-nav-menu sm-vertical\"><li class=\"menu-item menu-item-type-post_type menu-item-object-page menu-item-9920\"><a href=\"https:\/\/interpolavukati.com\/es\/abogado-especializado-en-la-eliminacion-de-notificaciones-rojas-de-interpol\/\" class=\"elementor-item\">Abogado especializado en la eliminaci\u00f3n de notificaciones rojas de Interpol<\/a><\/li>\n<li class=\"menu-item menu-item-type-post_type menu-item-object-page menu-item-9921\"><a href=\"https:\/\/interpolavukati.com\/es\/europol-defensa\/\" class=\"elementor-item\">Europol Defensa<\/a><\/li>\n<li class=\"menu-item menu-item-type-post_type menu-item-object-page menu-item-9922\"><a href=\"https:\/\/interpolavukati.com\/es\/notificaciones-de-interpol\/\" class=\"elementor-item\">Notificaciones de Interpol<\/a><\/li>\n<li class=\"menu-item menu-item-type-post_type menu-item-object-page menu-item-9959\"><a href=\"https:\/\/interpolavukati.com\/es\/notificacion-de-plata\/\" class=\"elementor-item\">Notificaci\u00f3n de plata<\/a><\/li>\n<li class=\"menu-item menu-item-type-post_type menu-item-object-page menu-item-9960\"><a href=\"https:\/\/interpolavukati.com\/es\/notificacion-especial-de-interpol-a-la-onu\/\" class=\"elementor-item\">Notificaci\u00f3n especial de Interpol a la ONU<\/a><\/li>\n<li class=\"menu-item menu-item-type-post_type menu-item-object-page menu-item-9961\"><a href=\"https:\/\/interpolavukati.com\/es\/aviso-rojo\/\" class=\"elementor-item\">Aviso rojo<\/a><\/li>\n<li class=\"menu-item menu-item-type-post_type menu-item-object-page menu-item-9962\"><a href=\"https:\/\/interpolavukati.com\/es\/notificacionazul\/\" class=\"elementor-item\">Notificaci\u00f3nazul<\/a><\/li>\n<li class=\"menu-item menu-item-type-post_type menu-item-object-page menu-item-9963\"><a href=\"https:\/\/interpolavukati.com\/es\/notificacion-morada\/\" class=\"elementor-item\">Notificaci\u00f3n morada<\/a><\/li>\n<li class=\"menu-item menu-item-type-post_type menu-item-object-page menu-item-9964\"><a href=\"https:\/\/interpolavukati.com\/es\/aviso-amarillo\/\" class=\"elementor-item\">Aviso amarillo<\/a><\/li>\n<li class=\"menu-item menu-item-type-post_type menu-item-object-page menu-item-9965\"><a href=\"https:\/\/interpolavukati.com\/es\/notificacion-negra\/\" class=\"elementor-item\">Notificaci\u00f3n negra<\/a><\/li>\n<li class=\"menu-item menu-item-type-post_type menu-item-object-page menu-item-9966\"><a href=\"https:\/\/interpolavukati.com\/es\/notificacion-naranja\/\" class=\"elementor-item\">Notificaci\u00f3n naranja<\/a><\/li>\n<li class=\"menu-item menu-item-type-post_type menu-item-object-page menu-item-9967\"><a href=\"https:\/\/interpolavukati.com\/es\/notificacion-verde\/\" class=\"elementor-item\">Notificaci\u00f3n verde<\/a><\/li>\n<\/ul>\t\t\t<\/nav>\n\t\t\t\t\t\t<nav class=\"elementor-nav-menu--dropdown elementor-nav-menu__container\" aria-hidden=\"true\">\n\t\t\t\t<ul id=\"menu-2-9cb176a\" class=\"elementor-nav-menu sm-vertical\"><li class=\"menu-item menu-item-type-post_type menu-item-object-page menu-item-9920\"><a href=\"https:\/\/interpolavukati.com\/es\/abogado-especializado-en-la-eliminacion-de-notificaciones-rojas-de-interpol\/\" class=\"elementor-item\" tabindex=\"-1\">Abogado especializado en la eliminaci\u00f3n de notificaciones rojas de Interpol<\/a><\/li>\n<li class=\"menu-item menu-item-type-post_type menu-item-object-page menu-item-9921\"><a href=\"https:\/\/interpolavukati.com\/es\/europol-defensa\/\" class=\"elementor-item\" tabindex=\"-1\">Europol Defensa<\/a><\/li>\n<li class=\"menu-item menu-item-type-post_type menu-item-object-page menu-item-9922\"><a href=\"https:\/\/interpolavukati.com\/es\/notificaciones-de-interpol\/\" class=\"elementor-item\" tabindex=\"-1\">Notificaciones de Interpol<\/a><\/li>\n<li class=\"menu-item menu-item-type-post_type menu-item-object-page menu-item-9959\"><a href=\"https:\/\/interpolavukati.com\/es\/notificacion-de-plata\/\" class=\"elementor-item\" tabindex=\"-1\">Notificaci\u00f3n de plata<\/a><\/li>\n<li class=\"menu-item menu-item-type-post_type menu-item-object-page menu-item-9960\"><a href=\"https:\/\/interpolavukati.com\/es\/notificacion-especial-de-interpol-a-la-onu\/\" class=\"elementor-item\" tabindex=\"-1\">Notificaci\u00f3n especial de Interpol a la ONU<\/a><\/li>\n<li class=\"menu-item menu-item-type-post_type menu-item-object-page menu-item-9961\"><a href=\"https:\/\/interpolavukati.com\/es\/aviso-rojo\/\" class=\"elementor-item\" tabindex=\"-1\">Aviso rojo<\/a><\/li>\n<li class=\"menu-item menu-item-type-post_type menu-item-object-page menu-item-9962\"><a href=\"https:\/\/interpolavukati.com\/es\/notificacionazul\/\" class=\"elementor-item\" tabindex=\"-1\">Notificaci\u00f3nazul<\/a><\/li>\n<li class=\"menu-item menu-item-type-post_type menu-item-object-page menu-item-9963\"><a href=\"https:\/\/interpolavukati.com\/es\/notificacion-morada\/\" class=\"elementor-item\" tabindex=\"-1\">Notificaci\u00f3n morada<\/a><\/li>\n<li class=\"menu-item menu-item-type-post_type menu-item-object-page menu-item-9964\"><a href=\"https:\/\/interpolavukati.com\/es\/aviso-amarillo\/\" class=\"elementor-item\" tabindex=\"-1\">Aviso amarillo<\/a><\/li>\n<li class=\"menu-item menu-item-type-post_type menu-item-object-page menu-item-9965\"><a href=\"https:\/\/interpolavukati.com\/es\/notificacion-negra\/\" class=\"elementor-item\" tabindex=\"-1\">Notificaci\u00f3n negra<\/a><\/li>\n<li class=\"menu-item menu-item-type-post_type menu-item-object-page menu-item-9966\"><a href=\"https:\/\/interpolavukati.com\/es\/notificacion-naranja\/\" class=\"elementor-item\" tabindex=\"-1\">Notificaci\u00f3n naranja<\/a><\/li>\n<li class=\"menu-item menu-item-type-post_type menu-item-object-page menu-item-9967\"><a href=\"https:\/\/interpolavukati.com\/es\/notificacion-verde\/\" class=\"elementor-item\" tabindex=\"-1\">Notificaci\u00f3n verde<\/a><\/li>\n<\/ul>\t\t\t<\/nav>\n\t\t\t\t\t\t<\/div>\n\t\t\t\t<\/div>\n\t\t\t\t\t<\/div>\n\t\t<\/div>\n\t\t            <\/div>\n        <\/section>\n        \t\t<\/div>\n\t\t","protected":false},"excerpt":{"rendered":"<p>Una difusi\u00f3n verde es un tipo especial de notificaci\u00f3n publicada por Interpol y utilizada para recabar informaci\u00f3n sobre la delincuencia. Interpol, en cooperaci\u00f3n con organismos policiales de todo el mundo, tiene como objetivo vigilar y recopilar informaci\u00f3n sobre las actividades de delincuentes o personas relacionadas con la delincuencia. A menudo se utiliza una notificaci\u00f3n verde [&hellip;]<\/p>\n","protected":false},"author":1,"featured_media":0,"parent":0,"menu_order":0,"comment_status":"closed","ping_status":"closed","template":"","meta":{"footnotes":""},"class_list":["post-9604","page","type-page","status-publish","hentry","kng-no-post-thumbnail"],"yoast_head":"<!-- This site is optimized with the Yoast SEO plugin v25.1 - https:\/\/yoast.com\/wordpress\/plugins\/seo\/ -->\n<title>Notificaci\u00f3n verde - \u0130nterpol Avukat\u0131<\/title>\n<meta name=\"robots\" content=\"index, follow, max-snippet:-1, max-image-preview:large, max-video-preview:-1\" \/>\n<link rel=\"canonical\" href=\"https:\/\/interpolavukati.com\/es\/notificacion-verde\/\" \/>\n<meta property=\"og:locale\" content=\"es_ES\" \/>\n<meta property=\"og:type\" content=\"article\" \/>\n<meta property=\"og:title\" content=\"Notificaci\u00f3n verde - \u0130nterpol Avukat\u0131\" \/>\n<meta property=\"og:description\" content=\"Una difusi\u00f3n verde es un tipo especial de notificaci\u00f3n publicada por Interpol y utilizada para recabar informaci\u00f3n sobre la delincuencia. Interpol, en cooperaci\u00f3n con organismos policiales de todo el mundo, tiene como objetivo vigilar y recopilar informaci\u00f3n sobre las actividades de delincuentes o personas relacionadas con la delincuencia. A menudo se utiliza una notificaci\u00f3n verde [&hellip;]\" \/>\n<meta property=\"og:url\" content=\"https:\/\/interpolavukati.com\/es\/notificacion-verde\/\" \/>\n<meta property=\"og:site_name\" content=\"\u0130nterpol Avukat\u0131\" \/>\n<meta property=\"article:modified_time\" content=\"2025-06-24T13:21:25+00:00\" \/>\n<meta name=\"twitter:card\" content=\"summary_large_image\" \/>\n<meta name=\"twitter:label1\" content=\"Tiempo de lectura\" \/>\n\t<meta name=\"twitter:data1\" content=\"7 minutos\" \/>\n<script type=\"application\/ld+json\" class=\"yoast-schema-graph\">{\"@context\":\"https:\/\/schema.org\",\"@graph\":[{\"@type\":\"WebPage\",\"@id\":\"https:\/\/interpolavukati.com\/es\/notificacion-verde\/\",\"url\":\"https:\/\/interpolavukati.com\/es\/notificacion-verde\/\",\"name\":\"Notificaci\u00f3n verde - \u0130nterpol Avukat\u0131\",\"isPartOf\":{\"@id\":\"https:\/\/interpolavukati.com\/#website\"},\"datePublished\":\"2025-05-16T11:09:05+00:00\",\"dateModified\":\"2025-06-24T13:21:25+00:00\",\"breadcrumb\":{\"@id\":\"https:\/\/interpolavukati.com\/es\/notificacion-verde\/#breadcrumb\"},\"inLanguage\":\"es\",\"potentialAction\":[{\"@type\":\"ReadAction\",\"target\":[\"https:\/\/interpolavukati.com\/es\/notificacion-verde\/\"]}]},{\"@type\":\"BreadcrumbList\",\"@id\":\"https:\/\/interpolavukati.com\/es\/notificacion-verde\/#breadcrumb\",\"itemListElement\":[{\"@type\":\"ListItem\",\"position\":1,\"name\":\"Anasayfa\",\"item\":\"https:\/\/interpolavukati.com\/es\/\"},{\"@type\":\"ListItem\",\"position\":2,\"name\":\"Notificaci\u00f3n verde\"}]},{\"@type\":\"WebSite\",\"@id\":\"https:\/\/interpolavukati.com\/#website\",\"url\":\"https:\/\/interpolavukati.com\/\",\"name\":\"\u0130nterpol Avukat\u0131\",\"description\":\"\",\"publisher\":{\"@id\":\"https:\/\/interpolavukati.com\/#organization\"},\"potentialAction\":[{\"@type\":\"SearchAction\",\"target\":{\"@type\":\"EntryPoint\",\"urlTemplate\":\"https:\/\/interpolavukati.com\/?s={search_term_string}\"},\"query-input\":{\"@type\":\"PropertyValueSpecification\",\"valueRequired\":true,\"valueName\":\"search_term_string\"}}],\"inLanguage\":\"es\"},{\"@type\":\"Organization\",\"@id\":\"https:\/\/interpolavukati.com\/#organization\",\"name\":\"\u0130nterpol Avukat\u0131\",\"url\":\"https:\/\/interpolavukati.com\/\",\"logo\":{\"@type\":\"ImageObject\",\"inLanguage\":\"es\",\"@id\":\"https:\/\/interpolavukati.com\/#\/schema\/logo\/image\/\",\"url\":\"https:\/\/interpolavukati.com\/wp-content\/uploads\/2021\/11\/interpol-avukati-logo-renkli-scaled.png\",\"contentUrl\":\"https:\/\/interpolavukati.com\/wp-content\/uploads\/2021\/11\/interpol-avukati-logo-renkli-scaled.png\",\"width\":2560,\"height\":852,\"caption\":\"\u0130nterpol Avukat\u0131\"},\"image\":{\"@id\":\"https:\/\/interpolavukati.com\/#\/schema\/logo\/image\/\"}}]}<\/script>\n<!-- \/ Yoast SEO plugin. -->","yoast_head_json":{"title":"Notificaci\u00f3n verde - \u0130nterpol Avukat\u0131","robots":{"index":"index","follow":"follow","max-snippet":"max-snippet:-1","max-image-preview":"max-image-preview:large","max-video-preview":"max-video-preview:-1"},"canonical":"https:\/\/interpolavukati.com\/es\/notificacion-verde\/","og_locale":"es_ES","og_type":"article","og_title":"Notificaci\u00f3n verde - \u0130nterpol Avukat\u0131","og_description":"Una difusi\u00f3n verde es un tipo especial de notificaci\u00f3n publicada por Interpol y utilizada para recabar informaci\u00f3n sobre la delincuencia. Interpol, en cooperaci\u00f3n con organismos policiales de todo el mundo, tiene como objetivo vigilar y recopilar informaci\u00f3n sobre las actividades de delincuentes o personas relacionadas con la delincuencia. A menudo se utiliza una notificaci\u00f3n verde [&hellip;]","og_url":"https:\/\/interpolavukati.com\/es\/notificacion-verde\/","og_site_name":"\u0130nterpol Avukat\u0131","article_modified_time":"2025-06-24T13:21:25+00:00","twitter_card":"summary_large_image","twitter_misc":{"Tiempo de lectura":"7 minutos"},"schema":{"@context":"https:\/\/schema.org","@graph":[{"@type":"WebPage","@id":"https:\/\/interpolavukati.com\/es\/notificacion-verde\/","url":"https:\/\/interpolavukati.com\/es\/notificacion-verde\/","name":"Notificaci\u00f3n verde - \u0130nterpol Avukat\u0131","isPartOf":{"@id":"https:\/\/interpolavukati.com\/#website"},"datePublished":"2025-05-16T11:09:05+00:00","dateModified":"2025-06-24T13:21:25+00:00","breadcrumb":{"@id":"https:\/\/interpolavukati.com\/es\/notificacion-verde\/#breadcrumb"},"inLanguage":"es","potentialAction":[{"@type":"ReadAction","target":["https:\/\/interpolavukati.com\/es\/notificacion-verde\/"]}]},{"@type":"BreadcrumbList","@id":"https:\/\/interpolavukati.com\/es\/notificacion-verde\/#breadcrumb","itemListElement":[{"@type":"ListItem","position":1,"name":"Anasayfa","item":"https:\/\/interpolavukati.com\/es\/"},{"@type":"ListItem","position":2,"name":"Notificaci\u00f3n verde"}]},{"@type":"WebSite","@id":"https:\/\/interpolavukati.com\/#website","url":"https:\/\/interpolavukati.com\/","name":"\u0130nterpol Avukat\u0131","description":"","publisher":{"@id":"https:\/\/interpolavukati.com\/#organization"},"potentialAction":[{"@type":"SearchAction","target":{"@type":"EntryPoint","urlTemplate":"https:\/\/interpolavukati.com\/?s={search_term_string}"},"query-input":{"@type":"PropertyValueSpecification","valueRequired":true,"valueName":"search_term_string"}}],"inLanguage":"es"},{"@type":"Organization","@id":"https:\/\/interpolavukati.com\/#organization","name":"\u0130nterpol Avukat\u0131","url":"https:\/\/interpolavukati.com\/","logo":{"@type":"ImageObject","inLanguage":"es","@id":"https:\/\/interpolavukati.com\/#\/schema\/logo\/image\/","url":"https:\/\/interpolavukati.com\/wp-content\/uploads\/2021\/11\/interpol-avukati-logo-renkli-scaled.png","contentUrl":"https:\/\/interpolavukati.com\/wp-content\/uploads\/2021\/11\/interpol-avukati-logo-renkli-scaled.png","width":2560,"height":852,"caption":"\u0130nterpol Avukat\u0131"},"image":{"@id":"https:\/\/interpolavukati.com\/#\/schema\/logo\/image\/"}}]}},"_links":{"self":[{"href":"https:\/\/interpolavukati.com\/es\/wp-json\/wp\/v2\/pages\/9604","targetHints":{"allow":["GET"]}}],"collection":[{"href":"https:\/\/interpolavukati.com\/es\/wp-json\/wp\/v2\/pages"}],"about":[{"href":"https:\/\/interpolavukati.com\/es\/wp-json\/wp\/v2\/types\/page"}],"author":[{"embeddable":true,"href":"https:\/\/interpolavukati.com\/es\/wp-json\/wp\/v2\/users\/1"}],"replies":[{"embeddable":true,"href":"https:\/\/interpolavukati.com\/es\/wp-json\/wp\/v2\/comments?post=9604"}],"version-history":[{"count":10,"href":"https:\/\/interpolavukati.com\/es\/wp-json\/wp\/v2\/pages\/9604\/revisions"}],"predecessor-version":[{"id":10511,"href":"https:\/\/interpolavukati.com\/es\/wp-json\/wp\/v2\/pages\/9604\/revisions\/10511"}],"wp:attachment":[{"href":"https:\/\/interpolavukati.com\/es\/wp-json\/wp\/v2\/media?parent=9604"}],"curies":[{"name":"wp","href":"https:\/\/api.w.org\/{rel}","templated":true}]}}